{"id":12933,"date":"2019-06-17T13:39:37","date_gmt":"2019-06-17T11:39:37","guid":{"rendered":"https:\/\/www.coloriages-pour-enfants.net\/?page_id=12933"},"modified":"2019-06-25T15:25:31","modified_gmt":"2019-06-25T13:25:31","slug":"anime-und-mangas","status":"publish","type":"page","link":"https:\/\/www.justcolor.net\/kinder\/anime-und-mangas\/","title":{"rendered":"Anime- und Manga-Charaktere"},"content":{"rendered":"<div class=\"gallery-grid\">\n    <div class=\"gallery-grid-item\">\n        <div class=\"ngg-album-link\">\n            <a class=\"gallery_link\" href=\"https:\/\/www.justcolor.net\/kinder\/anime-und-mangas\/angriff-der-titanen\/\" title=\"Ausmalbilder von Angriff der Titanen zum Ausdrucken und Ausmalen f\u00fcr Kinder\">\n                <img class=\"Thumb\"\n                     alt=\"Ausmalbilder von Angriff der Titanen zum Ausdrucken und Ausmalen f\u00fcr Kinder\"\n                     src=\"https:\/\/www.justcolor.net\/kinder\/wp-content\/uploads\/sites\/61\/nggallery\/angriff-der-titanen\/cache\/ausmalbilder-fur-kinder-von-angriff-der-titanen-20625.png-nggid047490-ngg0dyn-182x136-00f0w010c011r110f110r010t010.png\"\n                     loading=\"lazy\"\n                     width=\"250\"\n                     height=\"150\" \/>\n            <\/a>\n        <\/div>\n        <h2 class=\"gallery-grid-album-lig1\">\n            <a class=\"ngg-album-desc\"\n               title=\"Ausmalbilder von Angriff der Titanen zum Ausmalen\"\n               href=\"https:\/\/www.justcolor.net\/kinder\/anime-und-mangas\/angriff-der-titanen\/\">\n                Angriff der Titanen            <\/a>\n        <\/h2>\n    <\/div>\n    <div class=\"gallery-grid-item\">\n        <div class=\"ngg-album-link\">\n            <a class=\"gallery_link\" href=\"https:\/\/www.justcolor.net\/kinder\/anime-und-mangas\/bakugan\/\" title=\"Ausmalbilder von Bakugan zum Ausdrucken und Ausmalen f\u00fcr Kinder\">\n                <img class=\"Thumb\"\n                     alt=\"Ausmalbilder von Bakugan zum Ausdrucken und Ausmalen f\u00fcr Kinder\"\n                     src=\"https:\/\/www.justcolor.net\/kinder\/wp-content\/uploads\/sites\/61\/nggallery\/bakugan\/cache\/ausmalbilder-fur-kinder-von-bakugan-85436.gif-nggid041999-ngg0dyn-182x136-00f0w010c011r110f110r010t010.gif\"\n                     loading=\"lazy\"\n                     width=\"250\"\n                     height=\"150\" \/>\n            <\/a>\n        <\/div>\n        <h2 class=\"gallery-grid-album-lig1\">\n            <a class=\"ngg-album-desc\"\n               title=\"Ausmalbilder von Bakugan zum Ausmalen\"\n               href=\"https:\/\/www.justcolor.net\/kinder\/anime-und-mangas\/bakugan\/\">\n                Bakugan            <\/a>\n        <\/h2>\n    <\/div>\n    <div class=\"gallery-grid-item\">\n        <div class=\"ngg-album-link\">\n            <a class=\"gallery_link\" href=\"https:\/\/www.justcolor.net\/kinder\/anime-und-mangas\/die-ritter-des-tierkreises\/\" title=\"Ausmalbilder von Die Ritter des Tierkreises zum Ausdrucken und Ausmalen f\u00fcr Kinder\">\n                <img class=\"Thumb\"\n                     alt=\"Ausmalbilder von Die Ritter des Tierkreises zum Ausdrucken und Ausmalen f\u00fcr Kinder\"\n                     src=\"https:\/\/www.justcolor.net\/kinder\/wp-content\/uploads\/sites\/61\/nggallery\/die-ritter-des-tierkreises\/cache\/ausmalbilder-fur-kinder-von-die-ritter-des-tierkreises-28924.jpg-nggid048806-ngg0dyn-182x136-00f0w010c011r110f110r010t010.jpg\"\n                     loading=\"lazy\"\n                     width=\"250\"\n                     height=\"150\" \/>\n            <\/a>\n        <\/div>\n        <h2 class=\"gallery-grid-album-lig1\">\n            <a class=\"ngg-album-desc\"\n               title=\"Ausmalbilder von Die Ritter des Tierkreises zum Ausmalen\"\n               href=\"https:\/\/www.justcolor.net\/kinder\/anime-und-mangas\/die-ritter-des-tierkreises\/\">\n                Die Ritter des Tierkreises            <\/a>\n        <\/h2>\n    <\/div>\n    <div class=\"gallery-grid-item\">\n        <div class=\"ngg-album-link\">\n            <a class=\"gallery_link\" href=\"https:\/\/www.justcolor.net\/kinder\/anime-und-mangas\/fairy-tail\/\" title=\"Ausmalbilder von Fairy Tail zum Ausdrucken und Ausmalen f\u00fcr Kinder\">\n                <img class=\"Thumb\"\n                     alt=\"Ausmalbilder von Fairy Tail zum Ausdrucken und Ausmalen f\u00fcr Kinder\"\n                     src=\"https:\/\/www.justcolor.net\/kinder\/wp-content\/uploads\/sites\/61\/nggallery\/fairy-tail\/cache\/ausmalbilder-fur-kinder-von-fairy-tail-74016.jpg-nggid047496-ngg0dyn-182x136-00f0w010c011r110f110r010t010.jpg\"\n                     loading=\"lazy\"\n                     width=\"250\"\n                     height=\"150\" \/>\n            <\/a>\n        <\/div>\n        <h2 class=\"gallery-grid-album-lig1\">\n            <a class=\"ngg-album-desc\"\n               title=\"Ausmalbilder von Fairy Tail zum Ausmalen\"\n               href=\"https:\/\/www.justcolor.net\/kinder\/anime-und-mangas\/fairy-tail\/\">\n                Fairy Tail            <\/a>\n        <\/h2>\n    <\/div>\n    <div class=\"gallery-grid-item\">\n        <div class=\"ngg-album-link\">\n            <a class=\"gallery_link\" href=\"https:\/\/www.justcolor.net\/kinder\/anime-und-mangas\/full-metal-alchemist\/\" title=\"Ausmalbilder von Full Metal Alchemist zum Ausdrucken und Ausmalen f\u00fcr Kinder\">\n                <img class=\"Thumb\"\n                     alt=\"Ausmalbilder von Full Metal Alchemist zum Ausdrucken und Ausmalen f\u00fcr Kinder\"\n                     src=\"https:\/\/www.justcolor.net\/kinder\/wp-content\/uploads\/sites\/61\/nggallery\/full-metal-alchemist\/cache\/ausmalbilder-fur-kinder-von-full-metal-alchemist-33779.jpg-nggid047484-ngg0dyn-182x136-00f0w010c011r110f110r010t010.jpg\"\n                     loading=\"lazy\"\n                     width=\"250\"\n                     height=\"150\" \/>\n            <\/a>\n        <\/div>\n        <h2 class=\"gallery-grid-album-lig1\">\n            <a class=\"ngg-album-desc\"\n               title=\"Ausmalbilder von Full Metal Alchemist zum Ausmalen\"\n               href=\"https:\/\/www.justcolor.net\/kinder\/anime-und-mangas\/full-metal-alchemist\/\">\n                Full Metal Alchemist            <\/a>\n        <\/h2>\n    <\/div>\n    <div class=\"gallery-grid-item\">\n        <div class=\"ngg-album-link\">\n            <a class=\"gallery_link\" href=\"https:\/\/www.justcolor.net\/kinder\/anime-und-mangas\/manga\/\" title=\"Ausmalbilder von Manga zum Ausdrucken und Ausmalen f\u00fcr Kinder\">\n                <img class=\"Thumb\"\n                     alt=\"Ausmalbilder von Manga zum Ausdrucken und Ausmalen f\u00fcr Kinder\"\n                     src=\"https:\/\/www.justcolor.net\/kinder\/wp-content\/uploads\/sites\/61\/nggallery\/manga\/cache\/ausmalbilder-fur-kinder-von-manga-82528.jpg-nggid045711-ngg0dyn-182x136-00f0w010c011r110f110r010t010.jpg\"\n                     loading=\"lazy\"\n                     width=\"250\"\n                     height=\"150\" \/>\n            <\/a>\n        <\/div>\n        <h2 class=\"gallery-grid-album-lig1\">\n            <a class=\"ngg-album-desc\"\n               title=\"Ausmalbilder von Manga zum Ausmalen\"\n               href=\"https:\/\/www.justcolor.net\/kinder\/anime-und-mangas\/manga\/\">\n                Manga            <\/a>\n        <\/h2>\n    <\/div>\n    <div class=\"gallery-grid-item\">\n        <div class=\"ngg-album-link\">\n            <a class=\"gallery_link\" href=\"https:\/\/www.justcolor.net\/kinder\/anime-und-mangas\/my-hero-academy\/\" title=\"Ausmalbilder von My Hero Academy zum Ausdrucken und Ausmalen f\u00fcr Kinder\">\n                <img class=\"Thumb\"\n                     alt=\"Ausmalbilder von My Hero Academy zum Ausdrucken und Ausmalen f\u00fcr Kinder\"\n                     src=\"https:\/\/www.justcolor.net\/kinder\/wp-content\/uploads\/sites\/61\/nggallery\/my-hero-academy\/cache\/kinder--ausmalbilder-fur-kinder-my-hero-academy-66949.jpeg-nggid0510893-ngg0dyn-182x136-00f0w010c011r110f110r010t010.jpeg\"\n                     loading=\"lazy\"\n                     width=\"250\"\n                     height=\"150\" \/>\n            <\/a>\n        <\/div>\n        <h2 class=\"gallery-grid-album-lig1\">\n            <a class=\"ngg-album-desc\"\n               title=\"Ausmalbilder von My Hero Academy zum Ausmalen\"\n               href=\"https:\/\/www.justcolor.net\/kinder\/anime-und-mangas\/my-hero-academy\/\">\n                My Hero Academy            <\/a>\n        <\/h2>\n    <\/div>\n    <div class=\"gallery-grid-item\">\n        <div class=\"ngg-album-link\">\n            <a class=\"gallery_link\" href=\"https:\/\/www.justcolor.net\/kinder\/anime-und-mangas\/pokemon\/\" title=\"Ausmalbilder von Pok\u00e9mon zum Ausdrucken und Ausmalen f\u00fcr Kinder\">\n                <img class=\"Thumb\"\n                     alt=\"Ausmalbilder von Pok\u00e9mon zum Ausdrucken und Ausmalen f\u00fcr Kinder\"\n                     src=\"https:\/\/www.justcolor.net\/kinder\/wp-content\/uploads\/sites\/61\/nggallery\/pokemon\/cache\/coloriage-pokemon-traits-epais.jpg-nggid045796-ngg0dyn-182x136-00f0w010c011r110f110r010t010.jpg\"\n                     loading=\"lazy\"\n                     width=\"250\"\n                     height=\"150\" \/>\n            <\/a>\n        <\/div>\n        <h2 class=\"gallery-grid-album-lig1\">\n            <a class=\"ngg-album-desc\"\n               title=\"Ausmalbilder von Pok\u00e9mon zum Ausmalen\"\n               href=\"https:\/\/www.justcolor.net\/kinder\/anime-und-mangas\/pokemon\/\">\n                Pok\u00e9mon            <\/a>\n        <\/h2>\n    <\/div>\n    <div class=\"gallery-grid-item\">\n        <div class=\"ngg-album-link\">\n            <a class=\"gallery_link\" href=\"https:\/\/www.justcolor.net\/kinder\/anime-und-mangas\/studio-ghibli\/\" title=\"Ausmalbilder von Studio Ghibli zum Ausdrucken und Ausmalen f\u00fcr Kinder\">\n                <img class=\"Thumb\"\n                     alt=\"Ausmalbilder von Studio Ghibli zum Ausdrucken und Ausmalen f\u00fcr Kinder\"\n                     src=\"https:\/\/www.justcolor.net\/kinder\/wp-content\/uploads\/sites\/61\/nggallery\/studio-ghibli\/cache\/ausmalbilder-fur-kinder-von-studio-ghibli-55318.jpg-nggid048819-ngg0dyn-182x136-00f0w010c011r110f110r010t010.jpg\"\n                     loading=\"lazy\"\n                     width=\"250\"\n                     height=\"150\" \/>\n            <\/a>\n        <\/div>\n        <h2 class=\"gallery-grid-album-lig1\">\n            <a class=\"ngg-album-desc\"\n               title=\"Ausmalbilder von Studio Ghibli zum Ausmalen\"\n               href=\"https:\/\/www.justcolor.net\/kinder\/anime-und-mangas\/studio-ghibli\/\">\n                Studio Ghibli            <\/a>\n        <\/h2>\n    <\/div>\n<br class=\"ngg-clear\"\/>\n<div class='ngg-clear'><\/div><\/div>\n\n","protected":false},"excerpt":{"rendered":"<p>Entdecken Sie unsere Sammlung <b>ausdruckbarer Anime- und Manga-Malvorlagen<\/b>! Von ikonischen Serien wie <b>Dragon Ball<\/b>, <b>Naruto<\/b> und <b>One Piece<\/b> bis hin zur d\u00fcsteren Intrige von <b>Death Note<\/b> und dem Epos In den Schlachten von <b>Demon Slayer<\/b> finden Sie alle Ihre Lieblingscharaktere, die Sie mit Ihrer Kreativit\u00e4t zum Leben erwecken k\u00f6nnen.<\/p>\n<p>Manga, die einzigartige japanische Comic-Kunstform, hat eine faszinierende Geschichte, die Jahrhunderte zur\u00fcckreicht, aber ihre moderne Form nahm nach dem Zweiten Weltkrieg Gestalt an. Mangas sind f\u00fcr ihren unverwechselbaren k\u00fcnstlerischen Stil bekannt und zeichnen sich oft durch \u00fcbertriebene Ausdr\u00fccke, detaillierte Hintergr\u00fcnde und einen starken Schwerpunkt auf dem Geschichtenerz\u00e4hlen aus. Jede Seite ist sorgf\u00e4ltig gestaltet, um den Leser durch ein dynamisches visuelles Erlebnis zu f\u00fchren, das intensive Emotionen und Action vermittelt.<\/p>\n<p>Auch Anime, der sich auf japanische Zeichentrickwerke bezieht, ist weltweit zu einem kulturellen Ph\u00e4nomen geworden. Kultserien wie <b>Pok\u00e9mon<\/b> haben die Herzen von Kindern und Erwachsenen erobert, w\u00e4hrend die wundersch\u00f6n gestalteten Filme von <b>Studio Ghibli<\/b> internationale Anerkennung f\u00fcr ihr Geschichtenerz\u00e4hlen und ihre atemberaubenden Animationen erhalten haben. Diese Werke adaptieren oft Manga-Geschichten oder f\u00fchren v\u00f6llig neue Erz\u00e4hlungen ein und verleihen den beliebten Charakteren Tiefe und Bewegung.<\/p>\n<p>Egal, ob Sie die \u00fcbernat\u00fcrlichen Abenteuer von <b>Fairy Tail<\/b>, die alchemistischen Quests von <b>Full Metal Alchemist<\/b> oder die spannenden Duelle von <b>Yu-Gi-Oh!<\/b> lieben In unserer Sammlung <b>ausdruckbarer Malbl\u00e4tter<\/b> ist f\u00fcr jeden Manga- und Anime-Fan etwas dabei.<br \/>\nEntdecken Sie die heldenhaften Schlachten von <b>One Punch Man<\/b>, die Fu\u00dfballspannung von <b>Inazuma Eleven<\/b> oder die legend\u00e4ren Quests der <b>Knights of the Zodiac<\/b><\/p>\n","protected":false},"author":1,"featured_media":0,"parent":0,"menu_order":0,"comment_status":"closed","ping_status":"closed","template":"","meta":{"ngg_post_thumbnail":0,"footnotes":""},"tags":[3423],"class_list":{"0":"post-12933","1":"page","2":"type-page","3":"status-publish","5":"tag-supergallery"},"_links":{"self":[{"href":"https:\/\/www.justcolor.net\/kinder\/wp-json\/wp\/v2\/pages\/12933","targetHints":{"allow":["GET"]}}],"collection":[{"href":"https:\/\/www.justcolor.net\/kinder\/wp-json\/wp\/v2\/pages"}],"about":[{"href":"https:\/\/www.justcolor.net\/kinder\/wp-json\/wp\/v2\/types\/page"}],"author":[{"embeddable":true,"href":"https:\/\/www.justcolor.net\/kinder\/wp-json\/wp\/v2\/users\/1"}],"replies":[{"embeddable":true,"href":"https:\/\/www.justcolor.net\/kinder\/wp-json\/wp\/v2\/comments?post=12933"}],"version-history":[{"count":0,"href":"https:\/\/www.justcolor.net\/kinder\/wp-json\/wp\/v2\/pages\/12933\/revisions"}],"wp:attachment":[{"href":"https:\/\/www.justcolor.net\/kinder\/wp-json\/wp\/v2\/media?parent=12933"}],"wp:term":[{"taxonomy":"post_tag","embeddable":true,"href":"https:\/\/www.justcolor.net\/kinder\/wp-json\/wp\/v2\/tags?post=12933"}],"curies":[{"name":"wp","href":"https:\/\/api.w.org\/{rel}","templated":true}]}}