{"id":2442,"date":"2014-03-05T10:20:56","date_gmt":"2014-03-05T09:20:56","guid":{"rendered":"https:\/\/www.coloriages-pour-enfants.net\/?page_id=2442"},"modified":"2017-11-06T16:09:16","modified_gmt":"2017-11-06T15:09:16","slug":"kunstwerke","status":"publish","type":"page","link":"https:\/\/www.justcolor.net\/kinder\/kunstwerke\/","title":{"rendered":"Kunstinspiriert"},"content":{"rendered":"<div class=\"gallery-grid\">\n    <div class=\"gallery-grid-item\">\n        <div class=\"ngg-album-link\">\n            <a class=\"gallery_link\" href=\"https:\/\/www.justcolor.net\/kinder\/kunstwerke\/andy-warhol\/\" title=\"Ausmalbilder von Andy Warhol zum Ausdrucken und Ausmalen f\u00fcr Kinder\">\n                <img class=\"Thumb\"\n                     alt=\"Ausmalbilder von Andy Warhol zum Ausdrucken und Ausmalen f\u00fcr Kinder\"\n                     src=\"https:\/\/www.justcolor.net\/kinder\/wp-content\/uploads\/sites\/61\/nggallery\/andy-warhol\/cache\/ausmalbilder-fur-kinder-von-andy-warhol-39828.jpg-nggid046852-ngg0dyn-182x136-00f0w010c011r110f110r010t010.jpg\"\n                     loading=\"lazy\"\n                     width=\"250\"\n                     height=\"150\" \/>\n            <\/a>\n        <\/div>\n        <h2 class=\"gallery-grid-album-lig1\">\n            <a class=\"ngg-album-desc\"\n               title=\"Ausmalbilder von Andy Warhol zum Ausmalen\"\n               href=\"https:\/\/www.justcolor.net\/kinder\/kunstwerke\/andy-warhol\/\">\n                Andy Warhol            <\/a>\n        <\/h2>\n    <\/div>\n    <div class=\"gallery-grid-item\">\n        <div class=\"ngg-album-link\">\n            <a class=\"gallery_link\" href=\"https:\/\/www.justcolor.net\/kinder\/lernmalbilder\/art-deco\/\" title=\"Ausmalbilder von Art D\u00e9co zum Ausdrucken und Ausmalen f\u00fcr Kinder\">\n                <img class=\"Thumb\"\n                     alt=\"Ausmalbilder von Art D\u00e9co zum Ausdrucken und Ausmalen f\u00fcr Kinder\"\n                     src=\"https:\/\/www.justcolor.net\/kinder\/wp-content\/uploads\/sites\/61\/nggallery\/art-deco\/cache\/kinder--ausmalbilder-fur-kinder-art-deco-34341.jpeg-nggid0511404-ngg0dyn-182x136-00f0w010c011r110f110r010t010.jpeg\"\n                     loading=\"lazy\"\n                     width=\"250\"\n                     height=\"150\" \/>\n            <\/a>\n        <\/div>\n        <h2 class=\"gallery-grid-album-lig1\">\n            <a class=\"ngg-album-desc\"\n               title=\"Ausmalbilder von Art D\u00e9co zum Ausmalen\"\n               href=\"https:\/\/www.justcolor.net\/kinder\/lernmalbilder\/art-deco\/\">\n                Art D\u00e9co            <\/a>\n        <\/h2>\n    <\/div>\n    <div class=\"gallery-grid-item\">\n        <div class=\"ngg-album-link\">\n            <a class=\"gallery_link\" href=\"https:\/\/www.justcolor.net\/kinder\/kunstwerke\/cezanne\/\" title=\"Ausmalbilder von C\u00e9zanne zum Ausdrucken und Ausmalen f\u00fcr Kinder\">\n                <img class=\"Thumb\"\n                     alt=\"Ausmalbilder von C\u00e9zanne zum Ausdrucken und Ausmalen f\u00fcr Kinder\"\n                     src=\"https:\/\/www.justcolor.net\/kinder\/wp-content\/uploads\/sites\/61\/nggallery\/cezanne\/cache\/ausmalbilder-fur-kinder-von-cezanne-59349.gif-nggid044369-ngg0dyn-182x136-00f0w010c011r110f110r010t010.gif\"\n                     loading=\"lazy\"\n                     width=\"250\"\n                     height=\"150\" \/>\n            <\/a>\n        <\/div>\n        <h2 class=\"gallery-grid-album-lig1\">\n            <a class=\"ngg-album-desc\"\n               title=\"Ausmalbilder von C\u00e9zanne zum Ausmalen\"\n               href=\"https:\/\/www.justcolor.net\/kinder\/kunstwerke\/cezanne\/\">\n                C\u00e9zanne            <\/a>\n        <\/h2>\n    <\/div>\n    <div class=\"gallery-grid-item\">\n        <div class=\"ngg-album-link\">\n            <a class=\"gallery_link\" href=\"https:\/\/www.justcolor.net\/kinder\/kunstwerke\/dali\/\" title=\"Ausmalbilder von Dali zum Ausdrucken und Ausmalen f\u00fcr Kinder\">\n                <img class=\"Thumb\"\n                     alt=\"Ausmalbilder von Dali zum Ausdrucken und Ausmalen f\u00fcr Kinder\"\n                     src=\"https:\/\/www.justcolor.net\/kinder\/wp-content\/uploads\/sites\/61\/nggallery\/dali\/cache\/ausmalbilder-fur-kinder-von-dali-96038.jpg-nggid046840-ngg0dyn-182x136-00f0w010c011r110f110r010t010.jpg\"\n                     loading=\"lazy\"\n                     width=\"250\"\n                     height=\"150\" \/>\n            <\/a>\n        <\/div>\n        <h2 class=\"gallery-grid-album-lig1\">\n            <a class=\"ngg-album-desc\"\n               title=\"Ausmalbilder von Dali zum Ausmalen\"\n               href=\"https:\/\/www.justcolor.net\/kinder\/kunstwerke\/dali\/\">\n                Dali            <\/a>\n        <\/h2>\n    <\/div>\n    <div class=\"gallery-grid-item\">\n        <div class=\"ngg-album-link\">\n            <a class=\"gallery_link\" href=\"https:\/\/www.justcolor.net\/kinder\/kunstwerke\/fernand-leger\/\" title=\"Ausmalbilder von Fernand L\u00e9ger zum Ausdrucken und Ausmalen f\u00fcr Kinder\">\n                <img class=\"Thumb\"\n                     alt=\"Ausmalbilder von Fernand L\u00e9ger zum Ausdrucken und Ausmalen f\u00fcr Kinder\"\n                     src=\"https:\/\/www.justcolor.net\/kinder\/wp-content\/uploads\/sites\/61\/nggallery\/fernand-leger\/cache\/ausmalbilder-fur-kinder-von-fernand-leger-19362.jpg-nggid047975-ngg0dyn-182x136-00f0w010c011r110f110r010t010.jpg\"\n                     loading=\"lazy\"\n                     width=\"250\"\n                     height=\"150\" \/>\n            <\/a>\n        <\/div>\n        <h2 class=\"gallery-grid-album-lig1\">\n            <a class=\"ngg-album-desc\"\n               title=\"Ausmalbilder von Fernand L\u00e9ger zum Ausmalen\"\n               href=\"https:\/\/www.justcolor.net\/kinder\/kunstwerke\/fernand-leger\/\">\n                Fernand L\u00e9ger            <\/a>\n        <\/h2>\n    <\/div>\n    <div class=\"gallery-grid-item\">\n        <div class=\"ngg-album-link\">\n            <a class=\"gallery_link\" href=\"https:\/\/www.justcolor.net\/kinder\/kunstwerke\/frida-kahlo\/\" title=\"Ausmalbilder von Frida Kahlo zum Ausdrucken und Ausmalen f\u00fcr Kinder\">\n                <img class=\"Thumb\"\n                     alt=\"Ausmalbilder von Frida Kahlo zum Ausdrucken und Ausmalen f\u00fcr Kinder\"\n                     src=\"https:\/\/www.justcolor.net\/kinder\/wp-content\/uploads\/sites\/61\/nggallery\/frida-kahlo\/cache\/ausmalbilder-fur-kinder-von-frida-kahlo-5543.jpg-nggid047986-ngg0dyn-182x136-00f0w010c011r110f110r010t010.jpg\"\n                     loading=\"lazy\"\n                     width=\"250\"\n                     height=\"150\" \/>\n            <\/a>\n        <\/div>\n        <h2 class=\"gallery-grid-album-lig1\">\n            <a class=\"ngg-album-desc\"\n               title=\"Ausmalbilder von Frida Kahlo zum Ausmalen\"\n               href=\"https:\/\/www.justcolor.net\/kinder\/kunstwerke\/frida-kahlo\/\">\n                Frida Kahlo            <\/a>\n        <\/h2>\n    <\/div>\n    <div class=\"gallery-grid-item\">\n        <div class=\"ngg-album-link\">\n            <a class=\"gallery_link\" href=\"https:\/\/www.justcolor.net\/kinder\/kunstwerke\/gauguin\/\" title=\"Ausmalbilder von Gauguin zum Ausdrucken und Ausmalen f\u00fcr Kinder\">\n                <img class=\"Thumb\"\n                     alt=\"Ausmalbilder von Gauguin zum Ausdrucken und Ausmalen f\u00fcr Kinder\"\n                     src=\"https:\/\/www.justcolor.net\/kinder\/wp-content\/uploads\/sites\/61\/nggallery\/gauguin\/cache\/ausmalbilder-fur-kinder-von-gauguin-82489.jpg-nggid044360-ngg0dyn-182x136-00f0w010c011r110f110r010t010.jpg\"\n                     loading=\"lazy\"\n                     width=\"250\"\n                     height=\"150\" \/>\n            <\/a>\n        <\/div>\n        <h2 class=\"gallery-grid-album-lig1\">\n            <a class=\"ngg-album-desc\"\n               title=\"Ausmalbilder von Gauguin zum Ausmalen\"\n               href=\"https:\/\/www.justcolor.net\/kinder\/kunstwerke\/gauguin\/\">\n                Gauguin            <\/a>\n        <\/h2>\n    <\/div>\n    <div class=\"gallery-grid-item\">\n        <div class=\"ngg-album-link\">\n            <a class=\"gallery_link\" href=\"https:\/\/www.justcolor.net\/kinder\/kunstwerke\/henri-matisse\/\" title=\"Ausmalbilder von Henri Matisse zum Ausdrucken und Ausmalen f\u00fcr Kinder\">\n                <img class=\"Thumb\"\n                     alt=\"Ausmalbilder von Henri Matisse zum Ausdrucken und Ausmalen f\u00fcr Kinder\"\n                     src=\"https:\/\/www.justcolor.net\/kinder\/wp-content\/uploads\/sites\/61\/nggallery\/henri-matisse\/cache\/ausmalbilder-fur-kinder-von-henri-matisse-80983.jpg-nggid047982-ngg0dyn-182x136-00f0w010c011r110f110r010t010.jpg\"\n                     loading=\"lazy\"\n                     width=\"250\"\n                     height=\"150\" \/>\n            <\/a>\n        <\/div>\n        <h2 class=\"gallery-grid-album-lig1\">\n            <a class=\"ngg-album-desc\"\n               title=\"Ausmalbilder von Henri Matisse zum Ausmalen\"\n               href=\"https:\/\/www.justcolor.net\/kinder\/kunstwerke\/henri-matisse\/\">\n                Henri Matisse            <\/a>\n        <\/h2>\n    <\/div>\n    <div class=\"gallery-grid-item\">\n        <div class=\"ngg-album-link\">\n            <a class=\"gallery_link\" href=\"https:\/\/www.justcolor.net\/kinder\/kunstwerke\/joan-miro\/\" title=\"Ausmalbilder von Joan Mir\u00f3 zum Ausdrucken und Ausmalen f\u00fcr Kinder\">\n                <img class=\"Thumb\"\n                     alt=\"Ausmalbilder von Joan Mir\u00f3 zum Ausdrucken und Ausmalen f\u00fcr Kinder\"\n                     src=\"https:\/\/www.justcolor.net\/kinder\/wp-content\/uploads\/sites\/61\/nggallery\/joan-miro\/cache\/ausmalbilder-fur-kinder-von-joan-miro-23121.jpg-nggid047983-ngg0dyn-182x136-00f0w010c011r110f110r010t010.jpg\"\n                     loading=\"lazy\"\n                     width=\"250\"\n                     height=\"150\" \/>\n            <\/a>\n        <\/div>\n        <h2 class=\"gallery-grid-album-lig1\">\n            <a class=\"ngg-album-desc\"\n               title=\"Ausmalbilder von Joan Mir\u00f3 zum Ausmalen\"\n               href=\"https:\/\/www.justcolor.net\/kinder\/kunstwerke\/joan-miro\/\">\n                Joan Mir\u00f3            <\/a>\n        <\/h2>\n    <\/div>\n    <div class=\"gallery-grid-item\">\n        <div class=\"ngg-album-link\">\n            <a class=\"gallery_link\" href=\"https:\/\/www.justcolor.net\/kinder\/lernmalbilder\/jugendstil\/\" title=\"Ausmalbilder von Jugendstil zum Ausdrucken und Ausmalen f\u00fcr Kinder\">\n                <img class=\"Thumb\"\n                     alt=\"Ausmalbilder von Jugendstil zum Ausdrucken und Ausmalen f\u00fcr Kinder\"\n                     src=\"https:\/\/www.justcolor.net\/kinder\/wp-content\/uploads\/sites\/61\/nggallery\/jugendstil\/cache\/ausmalbilder-fur-kinder-von-jugendstil-24708.jpg-nggid047970-ngg0dyn-182x136-00f0w010c011r110f110r010t010.jpg\"\n                     loading=\"lazy\"\n                     width=\"250\"\n                     height=\"150\" \/>\n            <\/a>\n        <\/div>\n        <h2 class=\"gallery-grid-album-lig1\">\n            <a class=\"ngg-album-desc\"\n               title=\"Ausmalbilder von Jugendstil zum Ausmalen\"\n               href=\"https:\/\/www.justcolor.net\/kinder\/lernmalbilder\/jugendstil\/\">\n                Jugendstil            <\/a>\n        <\/h2>\n    <\/div>\n    <div class=\"gallery-grid-item\">\n        <div class=\"ngg-album-link\">\n            <a class=\"gallery_link\" href=\"https:\/\/www.justcolor.net\/kinder\/kunstwerke\/klimt\/\" title=\"Ausmalbilder von Klimt zum Ausdrucken und Ausmalen f\u00fcr Kinder\">\n                <img class=\"Thumb\"\n                     alt=\"Ausmalbilder von Klimt zum Ausdrucken und Ausmalen f\u00fcr Kinder\"\n                     src=\"https:\/\/www.justcolor.net\/kinder\/wp-content\/uploads\/sites\/61\/nggallery\/klimt\/cache\/ausmalbilder-fur-kinder-von-klimt-99817.jpg-nggid046842-ngg0dyn-182x136-00f0w010c011r110f110r010t010.jpg\"\n                     loading=\"lazy\"\n                     width=\"250\"\n                     height=\"150\" \/>\n            <\/a>\n        <\/div>\n        <h2 class=\"gallery-grid-album-lig1\">\n            <a class=\"ngg-album-desc\"\n               title=\"Ausmalbilder von Klimt zum Ausmalen\"\n               href=\"https:\/\/www.justcolor.net\/kinder\/kunstwerke\/klimt\/\">\n                Klimt            <\/a>\n        <\/h2>\n    <\/div>\n    <div class=\"gallery-grid-item\">\n        <div class=\"ngg-album-link\">\n            <a class=\"gallery_link\" href=\"https:\/\/www.justcolor.net\/kinder\/kunstwerke\/leonardo-da-vinci\/\" title=\"Ausmalbilder von Leonardo da Vinci zum Ausdrucken und Ausmalen f\u00fcr Kinder\">\n                <img class=\"Thumb\"\n                     alt=\"Ausmalbilder von Leonardo da Vinci zum Ausdrucken und Ausmalen f\u00fcr Kinder\"\n                     src=\"https:\/\/www.justcolor.net\/kinder\/wp-content\/uploads\/sites\/61\/nggallery\/leonardo-da-vinci\/cache\/ausmalbilder-fur-kinder-von-leonardo-da-vinci-20555.jpg-nggid044377-ngg0dyn-182x136-00f0w010c011r110f110r010t010.jpg\"\n                     loading=\"lazy\"\n                     width=\"250\"\n                     height=\"150\" \/>\n            <\/a>\n        <\/div>\n        <h2 class=\"gallery-grid-album-lig1\">\n            <a class=\"ngg-album-desc\"\n               title=\"Ausmalbilder von Leonardo da Vinci zum Ausmalen\"\n               href=\"https:\/\/www.justcolor.net\/kinder\/kunstwerke\/leonardo-da-vinci\/\">\n                Leonardo da Vinci            <\/a>\n        <\/h2>\n    <\/div>\n    <div class=\"gallery-grid-item\">\n        <div class=\"ngg-album-link\">\n            <a class=\"gallery_link\" href=\"https:\/\/www.justcolor.net\/kinder\/kunstwerke\/manet\/\" title=\"Ausmalbilder von Manet zum Ausdrucken und Ausmalen f\u00fcr Kinder\">\n                <img class=\"Thumb\"\n                     alt=\"Ausmalbilder von Manet zum Ausdrucken und Ausmalen f\u00fcr Kinder\"\n                     src=\"https:\/\/www.justcolor.net\/kinder\/wp-content\/uploads\/sites\/61\/nggallery\/manet\/cache\/ausmalbilder-fur-kinder-von-manet-23418.gif-nggid044358-ngg0dyn-182x136-00f0w010c011r110f110r010t010.gif\"\n                     loading=\"lazy\"\n                     width=\"250\"\n                     height=\"150\" \/>\n            <\/a>\n        <\/div>\n        <h2 class=\"gallery-grid-album-lig1\">\n            <a class=\"ngg-album-desc\"\n               title=\"Ausmalbilder von Manet zum Ausmalen\"\n               href=\"https:\/\/www.justcolor.net\/kinder\/kunstwerke\/manet\/\">\n                Manet            <\/a>\n        <\/h2>\n    <\/div>\n    <div class=\"gallery-grid-item\">\n        <div class=\"ngg-album-link\">\n            <a class=\"gallery_link\" href=\"https:\/\/www.justcolor.net\/kinder\/kunstwerke\/monet\/\" title=\"Ausmalbilder von Monet zum Ausdrucken und Ausmalen f\u00fcr Kinder\">\n                <img class=\"Thumb\"\n                     alt=\"Ausmalbilder von Monet zum Ausdrucken und Ausmalen f\u00fcr Kinder\"\n                     src=\"https:\/\/www.justcolor.net\/kinder\/wp-content\/uploads\/sites\/61\/nggallery\/monet\/cache\/ausmalbilder-fur-kinder-von-monet-64217.jpg-nggid044356-ngg0dyn-182x136-00f0w010c011r110f110r010t010.jpg\"\n                     loading=\"lazy\"\n                     width=\"250\"\n                     height=\"150\" \/>\n            <\/a>\n        <\/div>\n        <h2 class=\"gallery-grid-album-lig1\">\n            <a class=\"ngg-album-desc\"\n               title=\"Ausmalbilder von Monet zum Ausmalen\"\n               href=\"https:\/\/www.justcolor.net\/kinder\/kunstwerke\/monet\/\">\n                Monet            <\/a>\n        <\/h2>\n    <\/div>\n    <div class=\"gallery-grid-item\">\n        <div class=\"ngg-album-link\">\n            <a class=\"gallery_link\" href=\"https:\/\/www.justcolor.net\/kinder\/kunstwerke\/picasso\/\" title=\"Ausmalbilder von Picasso zum Ausdrucken und Ausmalen f\u00fcr Kinder\">\n                <img class=\"Thumb\"\n                     alt=\"Ausmalbilder von Picasso zum Ausdrucken und Ausmalen f\u00fcr Kinder\"\n                     src=\"https:\/\/www.justcolor.net\/kinder\/wp-content\/uploads\/sites\/61\/nggallery\/picasso\/cache\/ausmalbilder-fur-kinder-von-picasso-42233.jpg-nggid044368-ngg0dyn-182x136-00f0w010c011r110f110r010t010.jpg\"\n                     loading=\"lazy\"\n                     width=\"250\"\n                     height=\"150\" \/>\n            <\/a>\n        <\/div>\n        <h2 class=\"gallery-grid-album-lig1\">\n            <a class=\"ngg-album-desc\"\n               title=\"Ausmalbilder von Picasso zum Ausmalen\"\n               href=\"https:\/\/www.justcolor.net\/kinder\/kunstwerke\/picasso\/\">\n                Picasso            <\/a>\n        <\/h2>\n    <\/div>\n    <div class=\"gallery-grid-item\">\n        <div class=\"ngg-album-link\">\n            <a class=\"gallery_link\" href=\"https:\/\/www.justcolor.net\/kinder\/kunstwerke\/renoir\/\" title=\"Ausmalbilder von Renoir zum Ausdrucken und Ausmalen f\u00fcr Kinder\">\n                <img class=\"Thumb\"\n                     alt=\"Ausmalbilder von Renoir zum Ausdrucken und Ausmalen f\u00fcr Kinder\"\n                     src=\"https:\/\/www.justcolor.net\/kinder\/wp-content\/uploads\/sites\/61\/nggallery\/renoir\/cache\/ausmalbilder-fur-kinder-von-renoir-66484.jpg-nggid044352-ngg0dyn-182x136-00f0w010c011r110f110r010t010.jpg\"\n                     loading=\"lazy\"\n                     width=\"250\"\n                     height=\"150\" \/>\n            <\/a>\n        <\/div>\n        <h2 class=\"gallery-grid-album-lig1\">\n            <a class=\"ngg-album-desc\"\n               title=\"Ausmalbilder von Renoir zum Ausmalen\"\n               href=\"https:\/\/www.justcolor.net\/kinder\/kunstwerke\/renoir\/\">\n                Renoir            <\/a>\n        <\/h2>\n    <\/div>\n    <div class=\"gallery-grid-item\">\n        <div class=\"ngg-album-link\">\n            <a class=\"gallery_link\" href=\"https:\/\/www.justcolor.net\/kinder\/kunstwerke\/roy-lichtenstein\/\" title=\"Ausmalbilder von Roy Lichtenstein zum Ausdrucken und Ausmalen f\u00fcr Kinder\">\n                <img class=\"Thumb\"\n                     alt=\"Ausmalbilder von Roy Lichtenstein zum Ausdrucken und Ausmalen f\u00fcr Kinder\"\n                     src=\"https:\/\/www.justcolor.net\/kinder\/wp-content\/uploads\/sites\/61\/nggallery\/roy-lichtenstein\/cache\/ausmalbilder-fur-kinder-von-roy-lichtenstein-50026.jpg-nggid046846-ngg0dyn-182x136-00f0w010c011r110f110r010t010.jpg\"\n                     loading=\"lazy\"\n                     width=\"250\"\n                     height=\"150\" \/>\n            <\/a>\n        <\/div>\n        <h2 class=\"gallery-grid-album-lig1\">\n            <a class=\"ngg-album-desc\"\n               title=\"Ausmalbilder von Roy Lichtenstein zum Ausmalen\"\n               href=\"https:\/\/www.justcolor.net\/kinder\/kunstwerke\/roy-lichtenstein\/\">\n                Roy Lichtenstein            <\/a>\n        <\/h2>\n    <\/div>\n    <div class=\"gallery-grid-item\">\n        <div class=\"ngg-album-link\">\n            <a class=\"gallery_link\" href=\"https:\/\/www.justcolor.net\/kinder\/kunstwerke\/shy-guy\/\" title=\"Ausmalbilder von Shy Guy zum Ausdrucken und Ausmalen f\u00fcr Kinder\">\n                <img class=\"Thumb\"\n                     alt=\"Ausmalbilder von Shy Guy zum Ausdrucken und Ausmalen f\u00fcr Kinder\"\n                     src=\"https:\/\/www.justcolor.net\/kinder\/wp-content\/uploads\/sites\/61\/nggallery\/shy-guy\/cache\/kinder--ausmalbilder-fur-kinder-shy-guy-67163.jpeg-nggid0512247-ngg0dyn-182x136-00f0w010c011r110f110r010t010.jpeg\"\n                     loading=\"lazy\"\n                     width=\"250\"\n                     height=\"150\" \/>\n            <\/a>\n        <\/div>\n        <h2 class=\"gallery-grid-album-lig1\">\n            <a class=\"ngg-album-desc\"\n               title=\"Ausmalbilder von Shy Guy zum Ausmalen\"\n               href=\"https:\/\/www.justcolor.net\/kinder\/kunstwerke\/shy-guy\/\">\n                Shy Guy            <\/a>\n        <\/h2>\n    <\/div>\n    <div class=\"gallery-grid-item\">\n        <div class=\"ngg-album-link\">\n            <a class=\"gallery_link\" href=\"https:\/\/www.justcolor.net\/kinder\/kunstwerke\/van-gogh\/\" title=\"Ausmalbilder von Van Gogh zum Ausdrucken und Ausmalen f\u00fcr Kinder\">\n                <img class=\"Thumb\"\n                     alt=\"Ausmalbilder von Van Gogh zum Ausdrucken und Ausmalen f\u00fcr Kinder\"\n                     src=\"https:\/\/www.justcolor.net\/kinder\/wp-content\/uploads\/sites\/61\/nggallery\/van-gogh\/cache\/ausmalbilder-fur-kinder-von-van-gogh-30764.gif-nggid044372-ngg0dyn-182x136-00f0w010c011r110f110r010t010.gif\"\n                     loading=\"lazy\"\n                     width=\"250\"\n                     height=\"150\" \/>\n            <\/a>\n        <\/div>\n        <h2 class=\"gallery-grid-album-lig1\">\n            <a class=\"ngg-album-desc\"\n               title=\"Ausmalbilder von Van Gogh zum Ausmalen\"\n               href=\"https:\/\/www.justcolor.net\/kinder\/kunstwerke\/van-gogh\/\">\n                Van Gogh            <\/a>\n        <\/h2>\n    <\/div>\n    <div class=\"gallery-grid-item\">\n        <div class=\"ngg-album-link\">\n            <a class=\"gallery_link\" href=\"https:\/\/www.justcolor.net\/kinder\/kunstwerke\/velazquez\/\" title=\"Ausmalbilder von Vel\u00e1zquez zum Ausdrucken und Ausmalen f\u00fcr Kinder\">\n                <img class=\"Thumb\"\n                     alt=\"Ausmalbilder von Vel\u00e1zquez zum Ausdrucken und Ausmalen f\u00fcr Kinder\"\n                     src=\"https:\/\/www.justcolor.net\/kinder\/wp-content\/uploads\/sites\/61\/nggallery\/velazquez\/cache\/ausmalbilder-fur-kinder-von-velazquez-90365.jpg-nggid044347-ngg0dyn-182x136-00f0w010c011r110f110r010t010.jpg\"\n                     loading=\"lazy\"\n                     width=\"250\"\n                     height=\"150\" \/>\n            <\/a>\n        <\/div>\n        <h2 class=\"gallery-grid-album-lig1\">\n            <a class=\"ngg-album-desc\"\n               title=\"Ausmalbilder von Vel\u00e1zquez zum Ausmalen\"\n               href=\"https:\/\/www.justcolor.net\/kinder\/kunstwerke\/velazquez\/\">\n                Vel\u00e1zquez            <\/a>\n        <\/h2>\n    <\/div>\n    <div class=\"gallery-grid-item\">\n        <div class=\"ngg-album-link\">\n            <a class=\"gallery_link\" href=\"https:\/\/www.justcolor.net\/kinder\/kunstwerke\/vermeer\/\" title=\"Ausmalbilder von Vermeer zum Ausdrucken und Ausmalen f\u00fcr Kinder\">\n                <img class=\"Thumb\"\n                     alt=\"Ausmalbilder von Vermeer zum Ausdrucken und Ausmalen f\u00fcr Kinder\"\n                     src=\"https:\/\/www.justcolor.net\/kinder\/wp-content\/uploads\/sites\/61\/nggallery\/vermeer\/cache\/ausmalbilder-fur-kinder-von-vermeer-35525.gif-nggid044376-ngg0dyn-182x136-00f0w010c011r110f110r010t010.gif\"\n                     loading=\"lazy\"\n                     width=\"250\"\n                     height=\"150\" \/>\n            <\/a>\n        <\/div>\n        <h2 class=\"gallery-grid-album-lig1\">\n            <a class=\"ngg-album-desc\"\n               title=\"Ausmalbilder von Vermeer zum Ausmalen\"\n               href=\"https:\/\/www.justcolor.net\/kinder\/kunstwerke\/vermeer\/\">\n                Vermeer            <\/a>\n        <\/h2>\n    <\/div>\n<br class=\"ngg-clear\"\/>\n<div class='ngg-clear'><\/div><\/div>\n\n","protected":false},"excerpt":{"rendered":"<p>Lassen Sie Ihre Kinder mit unseren <b>ausdruckbaren Malvorlagen<\/b> die gro\u00dfen Meister der Kunst entdecken! Vom eleganten <b>Impressionismus<\/b> von <b>Monet und Renoir<\/b> bis zur lebendigen <b>Pop-Art<\/b> von <b>Warhol und Lichtenstein<\/b> umfasst unsere Sammlung a Vielfalt an Stilen und Epochen. Sie finden auch Malvorlagen weniger bekannter Werke und K\u00fcnstler, die gleicherma\u00dfen faszinierend und bereichernd sind.<\/p>\n<p>Entdecken Sie komplizierte <b>Jugendstil- und Art-Deco-Zeichnungen<\/b> oder lassen Sie sie mit den surrealen Welten von <b>Dal\u00ed<\/b> und den k\u00fchnen Ausdrucksformen von <b>Frida Kahlo<\/b> experimentieren.<\/p>\n<p>Jede Galerie bietet einzigartige <b>druckbare Bilder<\/b>, die Kinder und sogar Erwachsene dazu einladen, die Welt der Kunst auf unterhaltsame und kreative Weise zu erkunden. Ziel ist es, die k\u00fcnstlerische Kultur aller auf unterhaltsame und ansprechende Weise zu f\u00f6rdern. Alles, was Sie tun m\u00fcssen, ist das Meisterwerk auszuw\u00e4hlen, das als n\u00e4chstes ausgemalt werden soll!<\/p>\n","protected":false},"author":1,"featured_media":0,"parent":0,"menu_order":0,"comment_status":"closed","ping_status":"closed","template":"","meta":{"ngg_post_thumbnail":0,"footnotes":""},"tags":[3423],"class_list":{"0":"post-2442","1":"page","2":"type-page","3":"status-publish","5":"tag-supergallery"},"_links":{"self":[{"href":"https:\/\/www.justcolor.net\/kinder\/wp-json\/wp\/v2\/pages\/2442","targetHints":{"allow":["GET"]}}],"collection":[{"href":"https:\/\/www.justcolor.net\/kinder\/wp-json\/wp\/v2\/pages"}],"about":[{"href":"https:\/\/www.justcolor.net\/kinder\/wp-json\/wp\/v2\/types\/page"}],"author":[{"embeddable":true,"href":"https:\/\/www.justcolor.net\/kinder\/wp-json\/wp\/v2\/users\/1"}],"replies":[{"embeddable":true,"href":"https:\/\/www.justcolor.net\/kinder\/wp-json\/wp\/v2\/comments?post=2442"}],"version-history":[{"count":0,"href":"https:\/\/www.justcolor.net\/kinder\/wp-json\/wp\/v2\/pages\/2442\/revisions"}],"wp:attachment":[{"href":"https:\/\/www.justcolor.net\/kinder\/wp-json\/wp\/v2\/media?parent=2442"}],"wp:term":[{"taxonomy":"post_tag","embeddable":true,"href":"https:\/\/www.justcolor.net\/kinder\/wp-json\/wp\/v2\/tags?post=2442"}],"curies":[{"name":"wp","href":"https:\/\/api.w.org\/{rel}","templated":true}]}}