{"id":26298,"date":"2023-08-30T07:57:26","date_gmt":"2023-08-30T05:57:26","guid":{"rendered":"https:\/\/www.coloriages-pour-enfants.net\/?page_id=26298"},"modified":"2024-09-24T11:45:22","modified_gmt":"2024-09-24T09:45:22","slug":"ereignisse","status":"publish","type":"page","link":"https:\/\/www.justcolor.net\/kinder\/ereignisse\/","title":{"rendered":"Feiertage und Feste"},"content":{"rendered":"\n<div class=\"gallery-grid\">\n    <div class=\"gallery-grid-item\">\n        <div class=\"ngg-album-link\">\n            <a class=\"gallery_link\" href=\"https:\/\/www.justcolor.net\/kinder\/ereignisse\/4-juli\/\" title=\"Ausmalbilder von 4. Juli zum Ausdrucken und Ausmalen f\u00fcr Kinder\">\n                <img class=\"Thumb\"\n                     alt=\"Ausmalbilder von 4. Juli zum Ausdrucken und Ausmalen f\u00fcr Kinder\"\n                     src=\"https:\/\/www.justcolor.net\/kinder\/wp-content\/uploads\/sites\/61\/nggallery\/4-juli\/cache\/kinder--ausmalbilder-fur-kinder-4.-juli-80597.jpg-nggid0511718-ngg0dyn-182x136-00f0w010c011r110f110r010t010.jpg\"\n                     loading=\"lazy\"\n                     width=\"250\"\n                     height=\"150\" \/>\n            <\/a>\n        <\/div>\n        <h2 class=\"gallery-grid-album-lig1\">\n            <a class=\"ngg-album-desc\"\n               title=\"Ausmalbilder von 4. Juli zum Ausmalen\"\n               href=\"https:\/\/www.justcolor.net\/kinder\/ereignisse\/4-juli\/\">\n                4. Juli            <\/a>\n        <\/h2>\n    <\/div>\n    <div class=\"gallery-grid-item\">\n        <div class=\"ngg-album-link\">\n            <a class=\"gallery_link\" href=\"https:\/\/www.justcolor.net\/kinder\/ereignisse\/chinesisches-neujahr\/\" title=\"Ausmalbilder von Chinesisches Neujahr zum Ausdrucken und Ausmalen f\u00fcr Kinder\">\n                <img class=\"Thumb\"\n                     alt=\"Ausmalbilder von Chinesisches Neujahr zum Ausdrucken und Ausmalen f\u00fcr Kinder\"\n                     src=\"https:\/\/www.justcolor.net\/kinder\/wp-content\/uploads\/sites\/61\/nggallery\/chinesisches-neujahr\/cache\/ausmalbilder-fur-kinder-von-chinesisches-neujahr-43588.jpg-nggid042546-ngg0dyn-182x136-00f0w010c011r110f110r010t010.jpg\"\n                     loading=\"lazy\"\n                     width=\"250\"\n                     height=\"150\" \/>\n            <\/a>\n        <\/div>\n        <h2 class=\"gallery-grid-album-lig1\">\n            <a class=\"ngg-album-desc\"\n               title=\"Ausmalbilder von Chinesisches Neujahr zum Ausmalen\"\n               href=\"https:\/\/www.justcolor.net\/kinder\/ereignisse\/chinesisches-neujahr\/\">\n                Chinesisches Neujahr            <\/a>\n        <\/h2>\n    <\/div>\n    <div class=\"gallery-grid-item\">\n        <div class=\"ngg-album-link\">\n            <a class=\"gallery_link\" href=\"https:\/\/www.justcolor.net\/kinder\/ereignisse\/cinco-de-mayo\/\" title=\"Ausmalbilder von Cinco De Mayo zum Ausdrucken und Ausmalen f\u00fcr Kinder\">\n                <img class=\"Thumb\"\n                     alt=\"Ausmalbilder von Cinco De Mayo zum Ausdrucken und Ausmalen f\u00fcr Kinder\"\n                     src=\"https:\/\/www.justcolor.net\/kinder\/wp-content\/uploads\/sites\/61\/nggallery\/cinco-de-mayo\/cache\/kinder--ausmalbilder-fur-kinder-cinco-de-mayo-18343.jpg-nggid0511935-ngg0dyn-182x136-00f0w010c011r110f110r010t010.jpg\"\n                     loading=\"lazy\"\n                     width=\"250\"\n                     height=\"150\" \/>\n            <\/a>\n        <\/div>\n        <h2 class=\"gallery-grid-album-lig1\">\n            <a class=\"ngg-album-desc\"\n               title=\"Ausmalbilder von Cinco De Mayo zum Ausmalen\"\n               href=\"https:\/\/www.justcolor.net\/kinder\/ereignisse\/cinco-de-mayo\/\">\n                Cinco De Mayo            <\/a>\n        <\/h2>\n    <\/div>\n    <div class=\"gallery-grid-item\">\n        <div class=\"ngg-album-link\">\n            <a class=\"gallery_link\" href=\"https:\/\/www.justcolor.net\/kinder\/themenmalbilder\/dia-de-los-muertos-der-tag-der-toten\/\" title=\"Ausmalbilder von Dia De Los Muertos (Der Tag der Toten) zum Ausdrucken und Ausmalen f\u00fcr Kinder\">\n                <img class=\"Thumb\"\n                     alt=\"Ausmalbilder von Dia De Los Muertos (Der Tag der Toten) zum Ausdrucken und Ausmalen f\u00fcr Kinder\"\n                     src=\"https:\/\/www.justcolor.net\/kinder\/wp-content\/uploads\/sites\/61\/nggallery\/dia-de-los-muertos-der-tag-der-toten\/cache\/ausmalbilder-fur-kinder-von-dia-de-los-muertos-der-tag-der-toten-65296.jpg-nggid046022-ngg0dyn-182x136-00f0w010c011r110f110r010t010.jpg\"\n                     loading=\"lazy\"\n                     width=\"250\"\n                     height=\"150\" \/>\n            <\/a>\n        <\/div>\n        <h2 class=\"gallery-grid-album-lig1\">\n            <a class=\"ngg-album-desc\"\n               title=\"Ausmalbilder von Dia De Los Muertos (Der Tag der Toten) zum Ausmalen\"\n               href=\"https:\/\/www.justcolor.net\/kinder\/themenmalbilder\/dia-de-los-muertos-der-tag-der-toten\/\">\n                Dia De Los Muertos (Der Tag der Toten)            <\/a>\n        <\/h2>\n    <\/div>\n    <div class=\"gallery-grid-item\">\n        <div class=\"ngg-album-link\">\n            <a class=\"gallery_link\" href=\"https:\/\/www.justcolor.net\/kinder\/ereignisse\/erntedankfest\/\" title=\"Ausmalbilder von Erntedankfest (Thanksgiving) zum Ausdrucken und Ausmalen f\u00fcr Kinder\">\n                <img class=\"Thumb\"\n                     alt=\"Ausmalbilder von Erntedankfest (Thanksgiving) zum Ausdrucken und Ausmalen f\u00fcr Kinder\"\n                     src=\"https:\/\/www.justcolor.net\/kinder\/wp-content\/uploads\/sites\/61\/nggallery\/erntedankfest\/cache\/ausmalbilder-fur-kinder-von-erntedankfest-66559.jpg-nggid046774-ngg0dyn-182x136-00f0w010c011r110f110r010t010.jpg\"\n                     loading=\"lazy\"\n                     width=\"250\"\n                     height=\"150\" \/>\n            <\/a>\n        <\/div>\n        <h2 class=\"gallery-grid-album-lig1\">\n            <a class=\"ngg-album-desc\"\n               title=\"Ausmalbilder von Erntedankfest (Thanksgiving) zum Ausmalen\"\n               href=\"https:\/\/www.justcolor.net\/kinder\/ereignisse\/erntedankfest\/\">\n                Erntedankfest (Thanksgiving)            <\/a>\n        <\/h2>\n    <\/div>\n    <div class=\"gallery-grid-item\">\n        <div class=\"ngg-album-link\">\n            <a class=\"gallery_link\" href=\"https:\/\/www.justcolor.net\/kinder\/ereignisse\/geburtstage\/\" title=\"Ausmalbilder von Geburtstage zum Ausdrucken und Ausmalen f\u00fcr Kinder\">\n                <img class=\"Thumb\"\n                     alt=\"Ausmalbilder von Geburtstage zum Ausdrucken und Ausmalen f\u00fcr Kinder\"\n                     src=\"https:\/\/www.justcolor.net\/kinder\/wp-content\/uploads\/sites\/61\/nggallery\/geburtstage\/cache\/ausmalbilder-fur-kinder-von-geburtstage-35525.gif-nggid03379-ngg0dyn-182x136-00f0w010c011r110f110r010t010.gif\"\n                     loading=\"lazy\"\n                     width=\"250\"\n                     height=\"150\" \/>\n            <\/a>\n        <\/div>\n        <h2 class=\"gallery-grid-album-lig1\">\n            <a class=\"ngg-album-desc\"\n               title=\"Ausmalbilder von Geburtstage zum Ausmalen\"\n               href=\"https:\/\/www.justcolor.net\/kinder\/ereignisse\/geburtstage\/\">\n                Geburtstage            <\/a>\n        <\/h2>\n    <\/div>\n    <div class=\"gallery-grid-item\">\n        <div class=\"ngg-album-link\">\n            <a class=\"gallery_link\" href=\"https:\/\/www.justcolor.net\/kinder\/ereignisse\/halloween\/\" title=\"Ausmalbilder von Halloween zum Ausdrucken und Ausmalen f\u00fcr Kinder\">\n                <img class=\"Thumb\"\n                     alt=\"Ausmalbilder von Halloween zum Ausdrucken und Ausmalen f\u00fcr Kinder\"\n                     src=\"https:\/\/www.justcolor.net\/kinder\/wp-content\/uploads\/sites\/61\/nggallery\/halloween\/cache\/ausmalbilder-fur-kinder-von-halloween-53153.jpg-nggid0230-ngg0dyn-182x136-00f0w010c011r110f110r010t010.jpg\"\n                     loading=\"lazy\"\n                     width=\"250\"\n                     height=\"150\" \/>\n            <\/a>\n        <\/div>\n        <h2 class=\"gallery-grid-album-lig1\">\n            <a class=\"ngg-album-desc\"\n               title=\"Ausmalbilder von Halloween zum Ausmalen\"\n               href=\"https:\/\/www.justcolor.net\/kinder\/ereignisse\/halloween\/\">\n                Halloween            <\/a>\n        <\/h2>\n    <\/div>\n    <div class=\"gallery-grid-item\">\n        <div class=\"ngg-album-link\">\n            <a class=\"gallery_link\" href=\"https:\/\/www.justcolor.net\/kinder\/ereignisse\/karneval\/\" title=\"Ausmalbilder von Karneval zum Ausdrucken und Ausmalen f\u00fcr Kinder\">\n                <img class=\"Thumb\"\n                     alt=\"Ausmalbilder von Karneval zum Ausdrucken und Ausmalen f\u00fcr Kinder\"\n                     src=\"https:\/\/www.justcolor.net\/kinder\/wp-content\/uploads\/sites\/61\/nggallery\/karneval\/cache\/ausmalbilder-fur-kinder-von-karneval-7221.jpg-nggid041461-ngg0dyn-182x136-00f0w010c011r110f110r010t010.jpg\"\n                     loading=\"lazy\"\n                     width=\"250\"\n                     height=\"150\" \/>\n            <\/a>\n        <\/div>\n        <h2 class=\"gallery-grid-album-lig1\">\n            <a class=\"ngg-album-desc\"\n               title=\"Ausmalbilder von Karneval zum Ausmalen\"\n               href=\"https:\/\/www.justcolor.net\/kinder\/ereignisse\/karneval\/\">\n                Karneval            <\/a>\n        <\/h2>\n    <\/div>\n    <div class=\"gallery-grid-item\">\n        <div class=\"ngg-album-link\">\n            <a class=\"gallery_link\" href=\"https:\/\/www.justcolor.net\/kinder\/ereignisse\/laternenfest\/\" title=\"Ausmalbilder von Laternenfest zum Ausdrucken und Ausmalen f\u00fcr Kinder\">\n                <img class=\"Thumb\"\n                     alt=\"Ausmalbilder von Laternenfest zum Ausdrucken und Ausmalen f\u00fcr Kinder\"\n                     src=\"https:\/\/www.justcolor.net\/kinder\/wp-content\/uploads\/sites\/61\/nggallery\/laternenfest\/cache\/kinder--ausmalbilder-fur-kinder-laternenfest-84967.jpg-nggid0511801-ngg0dyn-182x136-00f0w010c011r110f110r010t010.jpg\"\n                     loading=\"lazy\"\n                     width=\"250\"\n                     height=\"150\" \/>\n            <\/a>\n        <\/div>\n        <h2 class=\"gallery-grid-album-lig1\">\n            <a class=\"ngg-album-desc\"\n               title=\"Ausmalbilder von Laternenfest zum Ausmalen\"\n               href=\"https:\/\/www.justcolor.net\/kinder\/ereignisse\/laternenfest\/\">\n                Laternenfest            <\/a>\n        <\/h2>\n    <\/div>\n    <div class=\"gallery-grid-item\">\n        <div class=\"ngg-album-link\">\n            <a class=\"gallery_link\" href=\"https:\/\/www.justcolor.net\/kinder\/ereignisse\/memorial-day\/\" title=\"Ausmalbilder von Memorial Day zum Ausdrucken und Ausmalen f\u00fcr Kinder\">\n                <img class=\"Thumb\"\n                     alt=\"Ausmalbilder von Memorial Day zum Ausdrucken und Ausmalen f\u00fcr Kinder\"\n                     src=\"https:\/\/www.justcolor.net\/kinder\/wp-content\/uploads\/sites\/61\/nggallery\/memorial-day\/cache\/kinder--ausmalbilder-fur-kinder-memorial-day-45906.jpg-nggid0512029-ngg0dyn-182x136-00f0w010c011r110f110r010t010.jpg\"\n                     loading=\"lazy\"\n                     width=\"250\"\n                     height=\"150\" \/>\n            <\/a>\n        <\/div>\n        <h2 class=\"gallery-grid-album-lig1\">\n            <a class=\"ngg-album-desc\"\n               title=\"Ausmalbilder von Memorial Day zum Ausmalen\"\n               href=\"https:\/\/www.justcolor.net\/kinder\/ereignisse\/memorial-day\/\">\n                Memorial Day            <\/a>\n        <\/h2>\n    <\/div>\n    <div class=\"gallery-grid-item\">\n        <div class=\"ngg-album-link\">\n            <a class=\"gallery_link\" href=\"https:\/\/www.justcolor.net\/kinder\/ereignisse\/muttertag\/\" title=\"Ausmalbilder von Muttertag zum Ausdrucken und Ausmalen f\u00fcr Kinder\">\n                <img class=\"Thumb\"\n                     alt=\"Ausmalbilder von Muttertag zum Ausdrucken und Ausmalen f\u00fcr Kinder\"\n                     src=\"https:\/\/www.justcolor.net\/kinder\/wp-content\/uploads\/sites\/61\/nggallery\/muttertag\/cache\/ausmalbilder-fur-kinder-von-muttertag-71376.jpg-nggid047268-ngg0dyn-182x136-00f0w010c011r110f110r010t010.jpg\"\n                     loading=\"lazy\"\n                     width=\"250\"\n                     height=\"150\" \/>\n            <\/a>\n        <\/div>\n        <h2 class=\"gallery-grid-album-lig1\">\n            <a class=\"ngg-album-desc\"\n               title=\"Ausmalbilder von Muttertag zum Ausmalen\"\n               href=\"https:\/\/www.justcolor.net\/kinder\/ereignisse\/muttertag\/\">\n                Muttertag            <\/a>\n        <\/h2>\n    <\/div>\n    <div class=\"gallery-grid-item\">\n        <div class=\"ngg-album-link\">\n            <a class=\"gallery_link\" href=\"https:\/\/www.justcolor.net\/kinder\/ereignisse\/neujahr-frohes-neues-jahr\/\" title=\"Ausmalbilder von Neujahr - Frohes Neues Jahr zum Ausdrucken und Ausmalen f\u00fcr Kinder\">\n                <img class=\"Thumb\"\n                     alt=\"Ausmalbilder von Neujahr - Frohes Neues Jahr zum Ausdrucken und Ausmalen f\u00fcr Kinder\"\n                     src=\"https:\/\/www.justcolor.net\/kinder\/wp-content\/uploads\/sites\/61\/nggallery\/neujahr-frohes-neues-jahr\/thumbs\/thumbs_ausmalbilder-fur-kinder-von-neujahr-frohes-neues-jahr-44620.jpg\"\n                     loading=\"lazy\"\n                     width=\"250\"\n                     height=\"150\" \/>\n            <\/a>\n        <\/div>\n        <h2 class=\"gallery-grid-album-lig1\">\n            <a class=\"ngg-album-desc\"\n               title=\"Ausmalbilder von Neujahr - Frohes Neues Jahr zum Ausmalen\"\n               href=\"https:\/\/www.justcolor.net\/kinder\/ereignisse\/neujahr-frohes-neues-jahr\/\">\n                Neujahr - Frohes Neues Jahr            <\/a>\n        <\/h2>\n    <\/div>\n    <div class=\"gallery-grid-item\">\n        <div class=\"ngg-album-link\">\n            <a class=\"gallery_link\" href=\"https:\/\/www.justcolor.net\/kinder\/ereignisse\/olympische-spiele\/\" title=\"Ausmalbilder von Olympische Spiele zum Ausdrucken und Ausmalen f\u00fcr Kinder\">\n                <img class=\"Thumb\"\n                     alt=\"Ausmalbilder von Olympische Spiele zum Ausdrucken und Ausmalen f\u00fcr Kinder\"\n                     src=\"https:\/\/www.justcolor.net\/kinder\/wp-content\/uploads\/sites\/61\/nggallery\/olympische-spiele\/cache\/ausmalbilder-fur-kinder-von-olympische-spiele-49558.jpg-nggid045480-ngg0dyn-182x136-00f0w010c011r110f110r010t010.jpg\"\n                     loading=\"lazy\"\n                     width=\"250\"\n                     height=\"150\" \/>\n            <\/a>\n        <\/div>\n        <h2 class=\"gallery-grid-album-lig1\">\n            <a class=\"ngg-album-desc\"\n               title=\"Ausmalbilder von Olympische Spiele zum Ausmalen\"\n               href=\"https:\/\/www.justcolor.net\/kinder\/ereignisse\/olympische-spiele\/\">\n                Olympische Spiele            <\/a>\n        <\/h2>\n    <\/div>\n    <div class=\"gallery-grid-item\">\n        <div class=\"ngg-album-link\">\n            <a class=\"gallery_link\" href=\"https:\/\/www.justcolor.net\/kinder\/ereignisse\/oma-und-opatag\/\" title=\"Ausmalbilder von Oma- und Opatag zum Ausdrucken und Ausmalen f\u00fcr Kinder\">\n                <img class=\"Thumb\"\n                     alt=\"Ausmalbilder von Oma- und Opatag zum Ausdrucken und Ausmalen f\u00fcr Kinder\"\n                     src=\"https:\/\/www.justcolor.net\/kinder\/wp-content\/uploads\/sites\/61\/nggallery\/oma-und-opatag\/cache\/ausmalbilder-fur-kinder-von-oma-und-opatag-20733.jpg-nggid047269-ngg0dyn-182x136-00f0w010c011r110f110r010t010.jpg\"\n                     loading=\"lazy\"\n                     width=\"250\"\n                     height=\"150\" \/>\n            <\/a>\n        <\/div>\n        <h2 class=\"gallery-grid-album-lig1\">\n            <a class=\"ngg-album-desc\"\n               title=\"Ausmalbilder von Oma- und Opatag zum Ausmalen\"\n               href=\"https:\/\/www.justcolor.net\/kinder\/ereignisse\/oma-und-opatag\/\">\n                Oma- und Opatag            <\/a>\n        <\/h2>\n    <\/div>\n    <div class=\"gallery-grid-item\">\n        <div class=\"ngg-album-link\">\n            <a class=\"gallery_link\" href=\"https:\/\/www.justcolor.net\/kinder\/ereignisse\/ostern\/\" title=\"Ausmalbilder von Ostern zum Ausdrucken und Ausmalen f\u00fcr Kinder\">\n                <img class=\"Thumb\"\n                     alt=\"Ausmalbilder von Ostern zum Ausdrucken und Ausmalen f\u00fcr Kinder\"\n                     src=\"https:\/\/www.justcolor.net\/kinder\/wp-content\/uploads\/sites\/61\/nggallery\/ostern\/cache\/ausmalbilder-fur-kinder-von-ostern-8541.png-nggid03545-ngg0dyn-182x136-00f0w010c011r110f110r010t010.png\"\n                     loading=\"lazy\"\n                     width=\"250\"\n                     height=\"150\" \/>\n            <\/a>\n        <\/div>\n        <h2 class=\"gallery-grid-album-lig1\">\n            <a class=\"ngg-album-desc\"\n               title=\"Ausmalbilder von Ostern zum Ausmalen\"\n               href=\"https:\/\/www.justcolor.net\/kinder\/ereignisse\/ostern\/\">\n                Ostern            <\/a>\n        <\/h2>\n    <\/div>\n    <div class=\"gallery-grid-item\">\n        <div class=\"ngg-album-link\">\n            <a class=\"gallery_link\" href=\"https:\/\/www.justcolor.net\/kinder\/ereignisse\/rainy-day\/\" title=\"Ausmalbilder von Rainy day zum Ausdrucken und Ausmalen f\u00fcr Kinder\">\n                <img class=\"Thumb\"\n                     alt=\"Ausmalbilder von Rainy day zum Ausdrucken und Ausmalen f\u00fcr Kinder\"\n                     src=\"https:\/\/www.justcolor.net\/kinder\/wp-content\/uploads\/sites\/61\/nggallery\/rainy-day\/cache\/kinder--ausmalbilder-fur-kinder-rainy-day-41538.jpg-nggid0512046-ngg0dyn-182x136-00f0w010c011r110f110r010t010.jpg\"\n                     loading=\"lazy\"\n                     width=\"250\"\n                     height=\"150\" \/>\n            <\/a>\n        <\/div>\n        <h2 class=\"gallery-grid-album-lig1\">\n            <a class=\"ngg-album-desc\"\n               title=\"Ausmalbilder von Rainy day zum Ausmalen\"\n               href=\"https:\/\/www.justcolor.net\/kinder\/ereignisse\/rainy-day\/\">\n                Rainy day            <\/a>\n        <\/h2>\n    <\/div>\n    <div class=\"gallery-grid-item\">\n        <div class=\"ngg-album-link\">\n            <a class=\"gallery_link\" href=\"https:\/\/www.justcolor.net\/kinder\/ereignisse\/schulanfang\/\" title=\"Ausmalbilder von Schulanfang zum Ausdrucken und Ausmalen f\u00fcr Kinder\">\n                <img class=\"Thumb\"\n                     alt=\"Ausmalbilder von Schulanfang zum Ausdrucken und Ausmalen f\u00fcr Kinder\"\n                     src=\"https:\/\/www.justcolor.net\/kinder\/wp-content\/uploads\/sites\/61\/nggallery\/schulanfang\/cache\/ausmalbilder-fur-kinder-von-schulanfang-88158.jpg-nggid041678-ngg0dyn-182x136-00f0w010c011r110f110r010t010.jpg\"\n                     loading=\"lazy\"\n                     width=\"250\"\n                     height=\"150\" \/>\n            <\/a>\n        <\/div>\n        <h2 class=\"gallery-grid-album-lig1\">\n            <a class=\"ngg-album-desc\"\n               title=\"Ausmalbilder von Schulanfang zum Ausmalen\"\n               href=\"https:\/\/www.justcolor.net\/kinder\/ereignisse\/schulanfang\/\">\n                Schulanfang            <\/a>\n        <\/h2>\n    <\/div>\n    <div class=\"gallery-grid-item\">\n        <div class=\"ngg-album-link\">\n            <a class=\"gallery_link\" href=\"https:\/\/www.justcolor.net\/kinder\/ereignisse\/valentinstag\/\" title=\"Ausmalbilder von Valentinstag zum Ausdrucken und Ausmalen f\u00fcr Kinder\">\n                <img class=\"Thumb\"\n                     alt=\"Ausmalbilder von Valentinstag zum Ausdrucken und Ausmalen f\u00fcr Kinder\"\n                     src=\"https:\/\/www.justcolor.net\/kinder\/wp-content\/uploads\/sites\/61\/nggallery\/valentinstag\/cache\/ausmalbilder-fur-kinder-von-valentinstag-3472.jpg-nggid042415-ngg0dyn-182x136-00f0w010c011r110f110r010t010.jpg\"\n                     loading=\"lazy\"\n                     width=\"250\"\n                     height=\"150\" \/>\n            <\/a>\n        <\/div>\n        <h2 class=\"gallery-grid-album-lig1\">\n            <a class=\"ngg-album-desc\"\n               title=\"Ausmalbilder von Valentinstag zum Ausmalen\"\n               href=\"https:\/\/www.justcolor.net\/kinder\/ereignisse\/valentinstag\/\">\n                Valentinstag            <\/a>\n        <\/h2>\n    <\/div>\n    <div class=\"gallery-grid-item\">\n        <div class=\"ngg-album-link\">\n            <a class=\"gallery_link\" href=\"https:\/\/www.justcolor.net\/kinder\/ereignisse\/vatertag\/\" title=\"Ausmalbilder von Vatertag zum Ausdrucken und Ausmalen f\u00fcr Kinder\">\n                <img class=\"Thumb\"\n                     alt=\"Ausmalbilder von Vatertag zum Ausdrucken und Ausmalen f\u00fcr Kinder\"\n                     src=\"https:\/\/www.justcolor.net\/kinder\/wp-content\/uploads\/sites\/61\/nggallery\/vatertag\/cache\/ausmalbilder-fur-kinder-von-vatertag-68609.jpg-nggid047267-ngg0dyn-182x136-00f0w010c011r110f110r010t010.jpg\"\n                     loading=\"lazy\"\n                     width=\"250\"\n                     height=\"150\" \/>\n            <\/a>\n        <\/div>\n        <h2 class=\"gallery-grid-album-lig1\">\n            <a class=\"ngg-album-desc\"\n               title=\"Ausmalbilder von Vatertag zum Ausmalen\"\n               href=\"https:\/\/www.justcolor.net\/kinder\/ereignisse\/vatertag\/\">\n                Vatertag            <\/a>\n        <\/h2>\n    <\/div>\n    <div class=\"gallery-grid-item\">\n        <div class=\"ngg-album-link\">\n            <a class=\"gallery_link\" href=\"https:\/\/www.justcolor.net\/kinder\/ereignisse\/weihnachten\/\" title=\"Ausmalbilder von Weihnachten zum Ausdrucken und Ausmalen f\u00fcr Kinder\">\n                <img class=\"Thumb\"\n                     alt=\"Ausmalbilder von Weihnachten zum Ausdrucken und Ausmalen f\u00fcr Kinder\"\n                     src=\"https:\/\/www.justcolor.net\/kinder\/wp-content\/uploads\/sites\/61\/nggallery\/weihnachten\/cache\/ausmalbilder-fur-kinder-von-weihnachten-26036.jpg-nggid048319-ngg0dyn-182x136-00f0w010c011r110f110r010t010.jpg\"\n                     loading=\"lazy\"\n                     width=\"250\"\n                     height=\"150\" \/>\n            <\/a>\n        <\/div>\n        <h2 class=\"gallery-grid-album-lig1\">\n            <a class=\"ngg-album-desc\"\n               title=\"Ausmalbilder von Weihnachten zum Ausmalen\"\n               href=\"https:\/\/www.justcolor.net\/kinder\/ereignisse\/weihnachten\/\">\n                Weihnachten            <\/a>\n        <\/h2>\n    <\/div>\n<br class=\"ngg-clear\"\/>\n<div class='ngg-clear'><\/div><\/div>\n\n","protected":false},"excerpt":{"rendered":"<p>Hier finden Sie <b>ausdruckbare Malvorlagen<\/b> f\u00fcr die wichtigsten Ereignisse des Jahres, darunter <b>Weihnachten, Halloween und Thanksgiving<\/b> sowie f\u00fcr besondere Anl\u00e4sse wie <b>Muttertag, Vatertag, und Gro\u00dfelterntag<\/b>. Diese Momente sind perfekt, um Familien zum Feiern und Spa\u00df zusammenzubringen.<\/p>\n<p>Entdecken Sie zu <b>Weihnachten<\/b> eine Vielzahl von <b>ausdruckbaren Malbl\u00e4ttern<\/b> mit Weihnachtsmann, Weihnachtsb\u00e4umen und festlicher Dekoration. Kinder k\u00f6nnen sich an Malaktivit\u00e4ten erfreuen, die den Zauber und die Freude der Weihnachtszeit einfangen. F\u00fcr <b>Thanksgiving<\/b> finden Sie Seiten mit Truth\u00e4hnen, K\u00fcrbissen und Familienfesten, die den Geist der Feier widerspiegeln.<\/p>\n<p>Am <b>Muttertag<\/b> und <b>Vatertag<\/b> k\u00f6nnen Kinder ihre Liebe und Wertsch\u00e4tzung zum Ausdruck bringen, indem sie farbenfrohe, personalisierte Kunstwerke schaffen. W\u00e4hlen Sie aus Malvorlagen mit Blumen, Herzen und durchdachten Designs, die perfekt f\u00fcr diese besonderen Tage sind.<\/p>\n<p>Unsere Sammlung umfasst auch <b>ausdruckbare Malvorlagen<\/b> f\u00fcr Veranstaltungen wie <b>Schulanfang, Geburtstage, Karneval, Chinesisches Neujahr, Ostern und Valentinstag<\/b>. Jedes Thema bietet eine Vielzahl lustiger Designs, die zur Atmosph\u00e4re der Feier passen.<\/p>\n<p>Von der festlichen Weihnachtsstimmung \u00fcber den gruseligen Spa\u00df an Halloween bis hin zur W\u00e4rme von Thanksgiving-Treffen \u2013 hier finden Sie die perfekten <b>ausdruckbaren Malvorlagen<\/b>, um jeder Feier Freude zu bereiten. Egal zu welchem \u200b\u200bAnlass, unsere Kollektion ist darauf ausgelegt, jeden besonderen Tag mit kreativen und spannenden Aktivit\u00e4ten f\u00fcr Kinder noch unvergesslicher zu machen.<\/p>\n","protected":false},"author":1,"featured_media":0,"parent":0,"menu_order":0,"comment_status":"closed","ping_status":"closed","template":"","meta":{"ngg_post_thumbnail":0,"footnotes":""},"tags":[3423],"class_list":{"0":"post-26298","1":"page","2":"type-page","3":"status-publish","5":"tag-supergallery"},"_links":{"self":[{"href":"https:\/\/www.justcolor.net\/kinder\/wp-json\/wp\/v2\/pages\/26298","targetHints":{"allow":["GET"]}}],"collection":[{"href":"https:\/\/www.justcolor.net\/kinder\/wp-json\/wp\/v2\/pages"}],"about":[{"href":"https:\/\/www.justcolor.net\/kinder\/wp-json\/wp\/v2\/types\/page"}],"author":[{"embeddable":true,"href":"https:\/\/www.justcolor.net\/kinder\/wp-json\/wp\/v2\/users\/1"}],"replies":[{"embeddable":true,"href":"https:\/\/www.justcolor.net\/kinder\/wp-json\/wp\/v2\/comments?post=26298"}],"version-history":[{"count":0,"href":"https:\/\/www.justcolor.net\/kinder\/wp-json\/wp\/v2\/pages\/26298\/revisions"}],"wp:attachment":[{"href":"https:\/\/www.justcolor.net\/kinder\/wp-json\/wp\/v2\/media?parent=26298"}],"wp:term":[{"taxonomy":"post_tag","embeddable":true,"href":"https:\/\/www.justcolor.net\/kinder\/wp-json\/wp\/v2\/tags?post=26298"}],"curies":[{"name":"wp","href":"https:\/\/api.w.org\/{rel}","templated":true}]}}