{"id":27880,"date":"2024-01-02T14:36:03","date_gmt":"2024-01-02T13:36:03","guid":{"rendered":"https:\/\/www.coloriages-pour-enfants.net\/?page_id=27880"},"modified":"2024-09-24T11:06:09","modified_gmt":"2024-09-24T09:06:09","slug":"religionen","status":"publish","type":"page","link":"https:\/\/www.justcolor.net\/kinder\/religionen\/","title":{"rendered":"Religionen der Welt"},"content":{"rendered":"\n<div class=\"gallery-grid\">\n    <div class=\"gallery-grid-item\">\n        <div class=\"ngg-album-link\">\n            <a class=\"gallery_link\" href=\"https:\/\/www.justcolor.net\/kinder\/religionen\/judentum\/\" title=\"Ausmalbilder von Judentum zum Ausdrucken und Ausmalen f\u00fcr Kinder\">\n                <img class=\"Thumb\"\n                     alt=\"Ausmalbilder von Judentum zum Ausdrucken und Ausmalen f\u00fcr Kinder\"\n                     src=\"https:\/\/www.justcolor.net\/kinder\/wp-content\/uploads\/sites\/61\/nggallery\/judentum\/cache\/ausmalbilder-fur-kinder-von-judentum-60644.jpeg-nggid049071-ngg0dyn-182x136-00f0w010c011r110f110r010t010.jpeg\"\n                     loading=\"lazy\"\n                     width=\"250\"\n                     height=\"150\" \/>\n            <\/a>\n        <\/div>\n        <h2 class=\"gallery-grid-album-lig1\">\n            <a class=\"ngg-album-desc\"\n               title=\"Ausmalbilder von Judentum zum Ausmalen\"\n               href=\"https:\/\/www.justcolor.net\/kinder\/religionen\/judentum\/\">\n                Judentum            <\/a>\n        <\/h2>\n    <\/div>\n    <div class=\"gallery-grid-item\">\n        <div class=\"ngg-album-link\">\n            <a class=\"gallery_link\" href=\"https:\/\/www.justcolor.net\/kinder\/religionen\/islam\/\" title=\"Ausmalbilder von Islam zum Ausdrucken und Ausmalen f\u00fcr Kinder\">\n                <img class=\"Thumb\"\n                     alt=\"Ausmalbilder von Islam zum Ausdrucken und Ausmalen f\u00fcr Kinder\"\n                     src=\"https:\/\/www.justcolor.net\/kinder\/wp-content\/uploads\/sites\/61\/nggallery\/islam\/cache\/ausmalbilder-fur-kinder-von-islam-98426.jpeg-nggid049065-ngg0dyn-182x136-00f0w010c011r110f110r010t010.jpeg\"\n                     loading=\"lazy\"\n                     width=\"250\"\n                     height=\"150\" \/>\n            <\/a>\n        <\/div>\n        <h2 class=\"gallery-grid-album-lig1\">\n            <a class=\"ngg-album-desc\"\n               title=\"Ausmalbilder von Islam zum Ausmalen\"\n               href=\"https:\/\/www.justcolor.net\/kinder\/religionen\/islam\/\">\n                Islam            <\/a>\n        <\/h2>\n    <\/div>\n    <div class=\"gallery-grid-item\">\n        <div class=\"ngg-album-link\">\n            <a class=\"gallery_link\" href=\"https:\/\/www.justcolor.net\/kinder\/religionen\/hinduismus\/\" title=\"Ausmalbilder von Hinduismus zum Ausdrucken und Ausmalen f\u00fcr Kinder\">\n                <img class=\"Thumb\"\n                     alt=\"Ausmalbilder von Hinduismus zum Ausdrucken und Ausmalen f\u00fcr Kinder\"\n                     src=\"https:\/\/www.justcolor.net\/kinder\/wp-content\/uploads\/sites\/61\/nggallery\/hinduismus\/cache\/ausmalbilder-fur-kinder-von-hinduismus-29502.jpeg-nggid049079-ngg0dyn-182x136-00f0w010c011r110f110r010t010.jpeg\"\n                     loading=\"lazy\"\n                     width=\"250\"\n                     height=\"150\" \/>\n            <\/a>\n        <\/div>\n        <h2 class=\"gallery-grid-album-lig1\">\n            <a class=\"ngg-album-desc\"\n               title=\"Ausmalbilder von Hinduismus zum Ausmalen\"\n               href=\"https:\/\/www.justcolor.net\/kinder\/religionen\/hinduismus\/\">\n                Hinduismus            <\/a>\n        <\/h2>\n    <\/div>\n    <div class=\"gallery-grid-item\">\n        <div class=\"ngg-album-link\">\n            <a class=\"gallery_link\" href=\"https:\/\/www.justcolor.net\/kinder\/religionen\/buddhismus\/\" title=\"Ausmalbilder von Buddhismus zum Ausdrucken und Ausmalen f\u00fcr Kinder\">\n                <img class=\"Thumb\"\n                     alt=\"Ausmalbilder von Buddhismus zum Ausdrucken und Ausmalen f\u00fcr Kinder\"\n                     src=\"https:\/\/www.justcolor.net\/kinder\/wp-content\/uploads\/sites\/61\/nggallery\/buddhismus\/cache\/ausmalbilder-fur-kinder-von-buddhismus-20582.jpeg-nggid049081-ngg0dyn-182x136-00f0w010c011r110f110r010t010.jpeg\"\n                     loading=\"lazy\"\n                     width=\"250\"\n                     height=\"150\" \/>\n            <\/a>\n        <\/div>\n        <h2 class=\"gallery-grid-album-lig1\">\n            <a class=\"ngg-album-desc\"\n               title=\"Ausmalbilder von Buddhismus zum Ausmalen\"\n               href=\"https:\/\/www.justcolor.net\/kinder\/religionen\/buddhismus\/\">\n                Buddhismus            <\/a>\n        <\/h2>\n    <\/div>\n    <div class=\"gallery-grid-item\">\n        <div class=\"ngg-album-link\">\n            <a class=\"gallery_link\" href=\"https:\/\/www.justcolor.net\/kinder\/religionen\/christentum\/\" title=\"Ausmalbilder von Christentum zum Ausdrucken und Ausmalen f\u00fcr Kinder\">\n                <img class=\"Thumb\"\n                     alt=\"Ausmalbilder von Christentum zum Ausdrucken und Ausmalen f\u00fcr Kinder\"\n                     src=\"https:\/\/www.justcolor.net\/kinder\/wp-content\/uploads\/sites\/61\/nggallery\/christentum\/cache\/ausmalbilder-fur-kinder-von-christentum-83803.jpeg-nggid049058-ngg0dyn-182x136-00f0w010c011r110f110r010t010.jpeg\"\n                     loading=\"lazy\"\n                     width=\"250\"\n                     height=\"150\" \/>\n            <\/a>\n        <\/div>\n        <h2 class=\"gallery-grid-album-lig1\">\n            <a class=\"ngg-album-desc\"\n               title=\"Ausmalbilder von Christentum zum Ausmalen\"\n               href=\"https:\/\/www.justcolor.net\/kinder\/religionen\/christentum\/\">\n                Christentum            <\/a>\n        <\/h2>\n    <\/div>\n<br class=\"ngg-clear\"\/>\n<div class='ngg-clear'><\/div><\/div>\n\n","protected":false},"excerpt":{"rendered":"<p>Religionen stellen einen wesentlichen Aspekt der kulturellen und spirituellen Vielfalt der Menschheit dar und pr\u00e4gen im Laufe der Geschichte die \u00dcberzeugungen, Werte und Praktiken von Millionen von Menschen. Sie bieten Antworten auf die tiefsten Fragen des Lebens und bieten einen moralischen und ethischen Rahmen, der die Handlungen und Entscheidungen von Einzelpersonen und Gemeinschaften leitet.<\/p>\n<p>In unserer Sammlung von <b>Malvorlagen zu den wichtigsten Religionen der Welt<\/b> k\u00f6nnen Sie die reiche Symbolik und Traditionen von Glaubensrichtungen wie <b>Judentum, Islam, Hinduismus, Buddhismus<\/b> und <b>erforschen >Christentum<\/b>. Auf diesen Seiten geht es nicht nur ums Ausmalen; Sie sind eine M\u00f6glichkeit, etwas \u00fcber verschiedene religi\u00f6se Praktiken, heilige Symbole und spirituelle Lehren zu lernen.<\/p>\n<p>Entdecken Sie zum Beispiel den Davidstern und die Menoras, die das Erbe des <b>Judentums<\/b> repr\u00e4sentieren, oder die wundersch\u00f6nen Moscheen und Kalligraphien, die mit dem <b>Islam<\/b> verbunden sind. Erfahren Sie mehr \u00fcber die komplizierten Mandalas und Gottheiten des <b>Hinduismus<\/b>, die heiteren Bilder von Buddha und der Lotusblume im <b>Buddhismus<\/b> und die Kreuze und Kirchen, die das <b>Christentum<\/b> symbolisieren. b>.<\/p>\n<p>Diese <b>ausdruckbaren Malvorlagen<\/b> bieten eine wunderbare Gelegenheit, die Vielfalt der spirituellen Traditionen der Welt zu sch\u00e4tzen und jungen Geistern die Werte Toleranz, Respekt und Verst\u00e4ndnis n\u00e4her zu bringen. Ganz gleich, ob Sie daran interessiert sind, Ihren eigenen Glauben zu erforschen oder mehr \u00fcber andere zu erfahren, diese Seiten laden Sie ein, sich auf eine farbenfrohe Reise durch das reiche Glaubensgeflecht der Welt zu begeben.<\/p>\n","protected":false},"author":1,"featured_media":0,"parent":0,"menu_order":0,"comment_status":"closed","ping_status":"closed","template":"","meta":{"ngg_post_thumbnail":0,"footnotes":""},"tags":[3423],"class_list":{"0":"post-27880","1":"page","2":"type-page","3":"status-publish","5":"tag-supergallery"},"_links":{"self":[{"href":"https:\/\/www.justcolor.net\/kinder\/wp-json\/wp\/v2\/pages\/27880","targetHints":{"allow":["GET"]}}],"collection":[{"href":"https:\/\/www.justcolor.net\/kinder\/wp-json\/wp\/v2\/pages"}],"about":[{"href":"https:\/\/www.justcolor.net\/kinder\/wp-json\/wp\/v2\/types\/page"}],"author":[{"embeddable":true,"href":"https:\/\/www.justcolor.net\/kinder\/wp-json\/wp\/v2\/users\/1"}],"replies":[{"embeddable":true,"href":"https:\/\/www.justcolor.net\/kinder\/wp-json\/wp\/v2\/comments?post=27880"}],"version-history":[{"count":0,"href":"https:\/\/www.justcolor.net\/kinder\/wp-json\/wp\/v2\/pages\/27880\/revisions"}],"wp:attachment":[{"href":"https:\/\/www.justcolor.net\/kinder\/wp-json\/wp\/v2\/media?parent=27880"}],"wp:term":[{"taxonomy":"post_tag","embeddable":true,"href":"https:\/\/www.justcolor.net\/kinder\/wp-json\/wp\/v2\/tags?post=27880"}],"curies":[{"name":"wp","href":"https:\/\/api.w.org\/{rel}","templated":true}]}}