{"id":31307,"date":"2025-05-02T09:57:53","date_gmt":"2025-05-02T07:57:53","guid":{"rendered":"https:\/\/www.justcolor.net\/kinder\/lisa-frank\/"},"modified":"2025-05-02T09:57:53","modified_gmt":"2025-05-02T07:57:53","slug":"lisa-frank","status":"publish","type":"page","link":"https:\/\/www.justcolor.net\/kinder\/themenmalbilder\/lisa-frank\/","title":{"rendered":"Lisa Frank"},"content":{"rendered":"<p>no images were found<\/p>\n\n","protected":false},"excerpt":{"rendered":"<p>Seit den 1980er Jahren ist <STRONG>Lisa Frank<\/STRONG> ein Synonym f\u00fcr eine farbenfrohe und fantasievolle Welt, die die Kindheit vieler Schreibwarenliebhaber gepr\u00e4gt hat. Die lebendige und fr\u00f6hliche \u00c4sthetik von <STRONG>Lisa Frank<\/STRONG> findet sich in einer Produktpalette, die von Aufklebern bis zu Schulmaterial reicht.<br \/>\nAuch heute noch inspiriert der Einfluss von <STRONG>Lisa Frank<\/STRONG> ein Gef\u00fchl von Nostalgie und Kreativit\u00e4t.<\/p>\n","protected":false},"author":1,"featured_media":0,"parent":66,"menu_order":0,"comment_status":"closed","ping_status":"closed","template":"","meta":{"ngg_post_thumbnail":0,"footnotes":""},"tags":[993],"class_list":{"0":"post-31307","1":"page","2":"type-page","3":"status-publish","5":"tag-gallery"},"_links":{"self":[{"href":"https:\/\/www.justcolor.net\/kinder\/wp-json\/wp\/v2\/pages\/31307","targetHints":{"allow":["GET"]}}],"collection":[{"href":"https:\/\/www.justcolor.net\/kinder\/wp-json\/wp\/v2\/pages"}],"about":[{"href":"https:\/\/www.justcolor.net\/kinder\/wp-json\/wp\/v2\/types\/page"}],"author":[{"embeddable":true,"href":"https:\/\/www.justcolor.net\/kinder\/wp-json\/wp\/v2\/users\/1"}],"replies":[{"embeddable":true,"href":"https:\/\/www.justcolor.net\/kinder\/wp-json\/wp\/v2\/comments?post=31307"}],"version-history":[{"count":1,"href":"https:\/\/www.justcolor.net\/kinder\/wp-json\/wp\/v2\/pages\/31307\/revisions"}],"predecessor-version":[{"id":31310,"href":"https:\/\/www.justcolor.net\/kinder\/wp-json\/wp\/v2\/pages\/31307\/revisions\/31310"}],"up":[{"embeddable":true,"href":"https:\/\/www.justcolor.net\/kinder\/wp-json\/wp\/v2\/pages\/66"}],"wp:attachment":[{"href":"https:\/\/www.justcolor.net\/kinder\/wp-json\/wp\/v2\/media?parent=31307"}],"wp:term":[{"taxonomy":"post_tag","embeddable":true,"href":"https:\/\/www.justcolor.net\/kinder\/wp-json\/wp\/v2\/tags?post=31307"}],"curies":[{"name":"wp","href":"https:\/\/api.w.org\/{rel}","templated":true}]}}