{"id":58,"date":"2013-09-25T09:53:44","date_gmt":"2013-09-25T08:53:44","guid":{"rendered":"https:\/\/www.coloriages-pour-enfants.net\/?page_id=58"},"modified":"2017-11-06T16:09:32","modified_gmt":"2017-11-06T15:09:32","slug":"lernmalbilder","status":"publish","type":"page","link":"https:\/\/www.justcolor.net\/kinder\/lernmalbilder\/","title":{"rendered":"Bildung"},"content":{"rendered":"<div class=\"gallery-grid\">\n    <div class=\"gallery-grid-item\">\n        <div class=\"ngg-album-link\">\n            <a class=\"gallery_link\" href=\"https:\/\/www.justcolor.net\/kinder\/lernmalbilder\/alphabet\/\" title=\"Ausmalbilder von Alphabet zum Ausdrucken und Ausmalen f\u00fcr Kinder\">\n                <img class=\"Thumb\"\n                     alt=\"Ausmalbilder von Alphabet zum Ausdrucken und Ausmalen f\u00fcr Kinder\"\n                     src=\"https:\/\/www.justcolor.net\/kinder\/wp-content\/uploads\/sites\/61\/nggallery\/alphabet\/cache\/ausmalbilder-fur-kinder-von-alphabet-28224.jpg-nggid017-ngg0dyn-182x136-00f0w010c011r110f110r010t010.jpg\"\n                     loading=\"lazy\"\n                     width=\"250\"\n                     height=\"150\" \/>\n            <\/a>\n        <\/div>\n        <h2 class=\"gallery-grid-album-lig1\">\n            <a class=\"ngg-album-desc\"\n               title=\"Ausmalbilder von Alphabet zum Ausmalen\"\n               href=\"https:\/\/www.justcolor.net\/kinder\/lernmalbilder\/alphabet\/\">\n                Alphabet            <\/a>\n        <\/h2>\n    <\/div>\n    <div class=\"gallery-grid-item\">\n        <div class=\"ngg-album-link\">\n            <a class=\"gallery_link\" href=\"https:\/\/www.justcolor.net\/kinder\/lernmalbilder\/berufe\/\" title=\"Ausmalbilder von Berufe zum Ausdrucken und Ausmalen f\u00fcr Kinder\">\n                <img class=\"Thumb\"\n                     alt=\"Ausmalbilder von Berufe zum Ausdrucken und Ausmalen f\u00fcr Kinder\"\n                     src=\"https:\/\/www.justcolor.net\/kinder\/wp-content\/uploads\/sites\/61\/nggallery\/berufe\/cache\/kinder--ausmalbilder-fur-kinder-berufe-5724.jpg-nggid0511542-ngg0dyn-182x136-00f0w010c011r110f110r010t010.jpg\"\n                     loading=\"lazy\"\n                     width=\"250\"\n                     height=\"150\" \/>\n            <\/a>\n        <\/div>\n        <h2 class=\"gallery-grid-album-lig1\">\n            <a class=\"ngg-album-desc\"\n               title=\"Ausmalbilder von Berufe zum Ausmalen\"\n               href=\"https:\/\/www.justcolor.net\/kinder\/lernmalbilder\/berufe\/\">\n                Berufe            <\/a>\n        <\/h2>\n    <\/div>\n    <div class=\"gallery-grid-item\">\n        <div class=\"ngg-album-link\">\n            <a class=\"gallery_link\" href=\"https:\/\/www.justcolor.net\/kinder\/lernmalbilder\/cities\/\" title=\"Ausmalbilder von Cities zum Ausdrucken und Ausmalen f\u00fcr Kinder\">\n                <img class=\"Thumb\"\n                     alt=\"Ausmalbilder von Cities zum Ausdrucken und Ausmalen f\u00fcr Kinder\"\n                     src=\"https:\/\/www.justcolor.net\/kinder\/wp-content\/uploads\/sites\/61\/nggallery\/cities\/cache\/kinder--ausmalbilder-fur-kinder-stadte-7128.jpg-nggid0511857-ngg0dyn-182x136-00f0w010c011r110f110r010t010.jpg\"\n                     loading=\"lazy\"\n                     width=\"250\"\n                     height=\"150\" \/>\n            <\/a>\n        <\/div>\n        <h2 class=\"gallery-grid-album-lig1\">\n            <a class=\"ngg-album-desc\"\n               title=\"Ausmalbilder von Cities zum Ausmalen\"\n               href=\"https:\/\/www.justcolor.net\/kinder\/lernmalbilder\/cities\/\">\n                Cities            <\/a>\n        <\/h2>\n    <\/div>\n    <div class=\"gallery-grid-item\">\n        <div class=\"ngg-album-link\">\n            <a class=\"gallery_link\" href=\"https:\/\/www.justcolor.net\/kinder\/lernmalbilder\/doodle-art\/\" title=\"Ausmalbilder von Doodle Art zum Ausdrucken und Ausmalen f\u00fcr Kinder\">\n                <img class=\"Thumb\"\n                     alt=\"Ausmalbilder von Doodle Art zum Ausdrucken und Ausmalen f\u00fcr Kinder\"\n                     src=\"https:\/\/www.justcolor.net\/kinder\/wp-content\/uploads\/sites\/61\/nggallery\/doodle-art\/cache\/ausmalbilder-fur-kinder-von-doodle-art-61116.jpg-nggid045401-ngg0dyn-182x136-00f0w010c011r110f110r010t010.jpg\"\n                     loading=\"lazy\"\n                     width=\"250\"\n                     height=\"150\" \/>\n            <\/a>\n        <\/div>\n        <h2 class=\"gallery-grid-album-lig1\">\n            <a class=\"ngg-album-desc\"\n               title=\"Ausmalbilder von Doodle Art zum Ausmalen\"\n               href=\"https:\/\/www.justcolor.net\/kinder\/lernmalbilder\/doodle-art\/\">\n                Doodle Art            <\/a>\n        <\/h2>\n    <\/div>\n    <div class=\"gallery-grid-item\">\n        <div class=\"ngg-album-link\">\n            <a class=\"gallery_link\" href=\"https:\/\/www.justcolor.net\/kinder\/lernmalbilder\/formen\/\" title=\"Ausmalbilder von Formen zum Ausdrucken und Ausmalen f\u00fcr Kinder\">\n                <img class=\"Thumb\"\n                     alt=\"Ausmalbilder von Formen zum Ausdrucken und Ausmalen f\u00fcr Kinder\"\n                     src=\"https:\/\/www.justcolor.net\/kinder\/wp-content\/uploads\/sites\/61\/nggallery\/formen\/cache\/ausmalbilder-fur-kinder-von-formen-28335.gif-nggid0268-ngg0dyn-182x136-00f0w010c011r110f110r010t010.gif\"\n                     loading=\"lazy\"\n                     width=\"250\"\n                     height=\"150\" \/>\n            <\/a>\n        <\/div>\n        <h2 class=\"gallery-grid-album-lig1\">\n            <a class=\"ngg-album-desc\"\n               title=\"Ausmalbilder von Formen zum Ausmalen\"\n               href=\"https:\/\/www.justcolor.net\/kinder\/lernmalbilder\/formen\/\">\n                Formen            <\/a>\n        <\/h2>\n    <\/div>\n    <div class=\"gallery-grid-item\">\n        <div class=\"ngg-album-link\">\n            <a class=\"gallery_link\" href=\"https:\/\/www.justcolor.net\/kinder\/lernmalbilder\/fruechte-und-gemuese\/\" title=\"Ausmalbilder von Fr\u00fcchte und Gem\u00fcse zum Ausdrucken und Ausmalen f\u00fcr Kinder\">\n                <img class=\"Thumb\"\n                     alt=\"Ausmalbilder von Fr\u00fcchte und Gem\u00fcse zum Ausdrucken und Ausmalen f\u00fcr Kinder\"\n                     src=\"https:\/\/www.justcolor.net\/kinder\/wp-content\/uploads\/sites\/61\/nggallery\/fruechte-und-gemuese\/cache\/ausmalbilder-fur-kinder-von-fruchte-und-gemuse-33858.gif-nggid041132-ngg0dyn-182x136-00f0w010c011r110f110r010t010.gif\"\n                     loading=\"lazy\"\n                     width=\"250\"\n                     height=\"150\" \/>\n            <\/a>\n        <\/div>\n        <h2 class=\"gallery-grid-album-lig1\">\n            <a class=\"ngg-album-desc\"\n               title=\"Ausmalbilder von Fr\u00fcchte und Gem\u00fcse zum Ausmalen\"\n               href=\"https:\/\/www.justcolor.net\/kinder\/lernmalbilder\/fruechte-und-gemuese\/\">\n                Fr\u00fcchte und Gem\u00fcse            <\/a>\n        <\/h2>\n    <\/div>\n    <div class=\"gallery-grid-item\">\n        <div class=\"ngg-album-link\">\n            <a class=\"gallery_link\" href=\"https:\/\/www.justcolor.net\/kinder\/lernmalbilder\/herbst\/\" title=\"Ausmalbilder von Herbst zum Ausdrucken und Ausmalen f\u00fcr Kinder\">\n                <img class=\"Thumb\"\n                     alt=\"Ausmalbilder von Herbst zum Ausdrucken und Ausmalen f\u00fcr Kinder\"\n                     src=\"https:\/\/www.justcolor.net\/kinder\/wp-content\/uploads\/sites\/61\/nggallery\/automne\/cache\/kinder--ausmalbilder-fur-kinder-automne-15997.jpg-nggid0511756-ngg0dyn-182x136-00f0w010c011r110f110r010t010.jpg\"\n                     loading=\"lazy\"\n                     width=\"250\"\n                     height=\"150\" \/>\n            <\/a>\n        <\/div>\n        <h2 class=\"gallery-grid-album-lig1\">\n            <a class=\"ngg-album-desc\"\n               title=\"Ausmalbilder von Herbst zum Ausmalen\"\n               href=\"https:\/\/www.justcolor.net\/kinder\/lernmalbilder\/herbst\/\">\n                Herbst            <\/a>\n        <\/h2>\n    <\/div>\n    <div class=\"gallery-grid-item\">\n        <div class=\"ngg-album-link\">\n            <a class=\"gallery_link\" href=\"https:\/\/www.justcolor.net\/kinder\/lernmalbilder\/labyrinthe\/\" title=\"Ausmalbilder von Labyrinthe zum Ausdrucken und Ausmalen f\u00fcr Kinder\">\n                <img class=\"Thumb\"\n                     alt=\"Ausmalbilder von Labyrinthe zum Ausdrucken und Ausmalen f\u00fcr Kinder\"\n                     src=\"https:\/\/www.justcolor.net\/kinder\/wp-content\/uploads\/sites\/61\/nggallery\/labyrinthe\/cache\/ausmalbilder-fur-kinder-von-labyrinthe-61753.jpg-nggid0276-ngg0dyn-182x136-00f0w010c011r110f110r010t010.jpg\"\n                     loading=\"lazy\"\n                     width=\"250\"\n                     height=\"150\" \/>\n            <\/a>\n        <\/div>\n        <h2 class=\"gallery-grid-album-lig1\">\n            <a class=\"ngg-album-desc\"\n               title=\"Ausmalbilder von Labyrinthe zum Ausmalen\"\n               href=\"https:\/\/www.justcolor.net\/kinder\/lernmalbilder\/labyrinthe\/\">\n                Labyrinthe            <\/a>\n        <\/h2>\n    <\/div>\n    <div class=\"gallery-grid-item\">\n        <div class=\"ngg-album-link\">\n            <a class=\"gallery_link\" href=\"https:\/\/www.justcolor.net\/kinder\/lernmalbilder\/land\/\" title=\"Ausmalbilder von Land zum Ausdrucken und Ausmalen f\u00fcr Kinder\">\n                <img class=\"Thumb\"\n                     alt=\"Ausmalbilder von Land zum Ausdrucken und Ausmalen f\u00fcr Kinder\"\n                     src=\"https:\/\/www.justcolor.net\/kinder\/wp-content\/uploads\/sites\/61\/nggallery\/land\/cache\/kinder--ausmalbilder-fur-kinder-land-56968.jpg-nggid0511860-ngg0dyn-182x136-00f0w010c011r110f110r010t010.jpg\"\n                     loading=\"lazy\"\n                     width=\"250\"\n                     height=\"150\" \/>\n            <\/a>\n        <\/div>\n        <h2 class=\"gallery-grid-album-lig1\">\n            <a class=\"ngg-album-desc\"\n               title=\"Ausmalbilder von Land zum Ausmalen\"\n               href=\"https:\/\/www.justcolor.net\/kinder\/lernmalbilder\/land\/\">\n                Land            <\/a>\n        <\/h2>\n    <\/div>\n    <div class=\"gallery-grid-item\">\n        <div class=\"ngg-album-link\">\n            <a class=\"gallery_link\" href=\"https:\/\/www.justcolor.net\/kinder\/lernmalbilder\/magische-ausmalbilder\/\" title=\"Ausmalbilder von Magische Ausmalbilder zum Ausdrucken und Ausmalen f\u00fcr Kinder\">\n                <img class=\"Thumb\"\n                     alt=\"Ausmalbilder von Magische Ausmalbilder zum Ausdrucken und Ausmalen f\u00fcr Kinder\"\n                     src=\"https:\/\/www.justcolor.net\/kinder\/wp-content\/uploads\/sites\/61\/nggallery\/magische-ausmalbilder\/cache\/ausmalbilder-fur-kinder-von-magische-ausmalbilder-67210.jpg-nggid03180-ngg0dyn-182x136-00f0w010c011r110f110r010t010.jpg\"\n                     loading=\"lazy\"\n                     width=\"250\"\n                     height=\"150\" \/>\n            <\/a>\n        <\/div>\n        <h2 class=\"gallery-grid-album-lig1\">\n            <a class=\"ngg-album-desc\"\n               title=\"Ausmalbilder von Magische Ausmalbilder zum Ausmalen\"\n               href=\"https:\/\/www.justcolor.net\/kinder\/lernmalbilder\/magische-ausmalbilder\/\">\n                Magische Ausmalbilder            <\/a>\n        <\/h2>\n    <\/div>\n    <div class=\"gallery-grid-item\">\n        <div class=\"ngg-album-link\">\n            <a class=\"gallery_link\" href=\"https:\/\/www.justcolor.net\/kinder\/lernmalbilder\/mandala\/\" title=\"Ausmalbilder von Mandala zum Ausdrucken und Ausmalen f\u00fcr Kinder\">\n                <img class=\"Thumb\"\n                     alt=\"Ausmalbilder von Mandala zum Ausdrucken und Ausmalen f\u00fcr Kinder\"\n                     src=\"https:\/\/www.justcolor.net\/kinder\/wp-content\/uploads\/sites\/61\/nggallery\/mandala\/cache\/ausmalbilder-fur-kinder-von-mandala-21997.gif-nggid03246-ngg0dyn-182x136-00f0w010c011r110f110r010t010.gif\"\n                     loading=\"lazy\"\n                     width=\"250\"\n                     height=\"150\" \/>\n            <\/a>\n        <\/div>\n        <h2 class=\"gallery-grid-album-lig1\">\n            <a class=\"ngg-album-desc\"\n               title=\"Ausmalbilder von Mandala zum Ausmalen\"\n               href=\"https:\/\/www.justcolor.net\/kinder\/lernmalbilder\/mandala\/\">\n                Mandala            <\/a>\n        <\/h2>\n    <\/div>\n    <div class=\"gallery-grid-item\">\n        <div class=\"ngg-album-link\">\n            <a class=\"gallery_link\" href=\"https:\/\/www.justcolor.net\/kinder\/lernmalbilder\/menschlicher-korper\/\" title=\"Ausmalbilder von Menschlicher K\u00f6rper zum Ausdrucken und Ausmalen f\u00fcr Kinder\">\n                <img class=\"Thumb\"\n                     alt=\"Ausmalbilder von Menschlicher K\u00f6rper zum Ausdrucken und Ausmalen f\u00fcr Kinder\"\n                     src=\"https:\/\/www.justcolor.net\/kinder\/wp-content\/uploads\/sites\/61\/nggallery\/corps-humain\/cache\/kinder--ausmalbilder-fur-kinder-corps-humain-12873.jpg-nggid0511355-ngg0dyn-182x136-00f0w010c011r110f110r010t010.jpg\"\n                     loading=\"lazy\"\n                     width=\"250\"\n                     height=\"150\" \/>\n            <\/a>\n        <\/div>\n        <h2 class=\"gallery-grid-album-lig1\">\n            <a class=\"ngg-album-desc\"\n               title=\"Ausmalbilder von Menschlicher K\u00f6rper zum Ausmalen\"\n               href=\"https:\/\/www.justcolor.net\/kinder\/lernmalbilder\/menschlicher-korper\/\">\n                Menschlicher K\u00f6rper            <\/a>\n        <\/h2>\n    <\/div>\n    <div class=\"gallery-grid-item\">\n        <div class=\"ngg-album-link\">\n            <a class=\"gallery_link\" href=\"https:\/\/www.justcolor.net\/kinder\/lernmalbilder\/rosettenfenster\/\" title=\"Ausmalbilder von Rosettenfenster zum Ausdrucken und Ausmalen f\u00fcr Kinder\">\n                <img class=\"Thumb\"\n                     alt=\"Ausmalbilder von Rosettenfenster zum Ausdrucken und Ausmalen f\u00fcr Kinder\"\n                     src=\"https:\/\/www.justcolor.net\/kinder\/wp-content\/uploads\/sites\/61\/nggallery\/rosettenfenster\/cache\/ausmalbilder-fur-kinder-von-rosettenfenster-89083.png-nggid042644-ngg0dyn-182x136-00f0w010c011r110f110r010t010.png\"\n                     loading=\"lazy\"\n                     width=\"250\"\n                     height=\"150\" \/>\n            <\/a>\n        <\/div>\n        <h2 class=\"gallery-grid-album-lig1\">\n            <a class=\"ngg-album-desc\"\n               title=\"Ausmalbilder von Rosettenfenster zum Ausmalen\"\n               href=\"https:\/\/www.justcolor.net\/kinder\/lernmalbilder\/rosettenfenster\/\">\n                Rosettenfenster            <\/a>\n        <\/h2>\n    <\/div>\n    <div class=\"gallery-grid-item\">\n        <div class=\"ngg-album-link\">\n            <a class=\"gallery_link\" href=\"https:\/\/www.justcolor.net\/kinder\/lernmalbilder\/spring\/\" title=\"Ausmalbilder von Spring zum Ausdrucken und Ausmalen f\u00fcr Kinder\">\n                <img class=\"Thumb\"\n                     alt=\"Ausmalbilder von Spring zum Ausdrucken und Ausmalen f\u00fcr Kinder\"\n                     src=\"https:\/\/www.justcolor.net\/kinder\/wp-content\/uploads\/sites\/61\/nggallery\/spring\/cache\/kinder--ausmalbilder-fur-kinder-fruhling-57260.jpg-nggid0511901-ngg0dyn-182x136-00f0w010c011r110f110r010t010.jpg\"\n                     loading=\"lazy\"\n                     width=\"250\"\n                     height=\"150\" \/>\n            <\/a>\n        <\/div>\n        <h2 class=\"gallery-grid-album-lig1\">\n            <a class=\"ngg-album-desc\"\n               title=\"Ausmalbilder von Spring zum Ausmalen\"\n               href=\"https:\/\/www.justcolor.net\/kinder\/lernmalbilder\/spring\/\">\n                Spring            <\/a>\n        <\/h2>\n    <\/div>\n    <div class=\"gallery-grid-item\">\n        <div class=\"ngg-album-link\">\n            <a class=\"gallery_link\" href=\"https:\/\/www.justcolor.net\/kinder\/lernmalbilder\/summer\/\" title=\"Ausmalbilder von Summer zum Ausdrucken und Ausmalen f\u00fcr Kinder\">\n                <img class=\"Thumb\"\n                     alt=\"Ausmalbilder von Summer zum Ausdrucken und Ausmalen f\u00fcr Kinder\"\n                     src=\"https:\/\/www.justcolor.net\/kinder\/wp-content\/uploads\/sites\/61\/nggallery\/summer\/cache\/kinder--ausmalbilder-fur-kinder-sommer-38058.jpg-nggid0511919-ngg0dyn-182x136-00f0w010c011r110f110r010t010.jpg\"\n                     loading=\"lazy\"\n                     width=\"250\"\n                     height=\"150\" \/>\n            <\/a>\n        <\/div>\n        <h2 class=\"gallery-grid-album-lig1\">\n            <a class=\"ngg-album-desc\"\n               title=\"Ausmalbilder von Summer zum Ausmalen\"\n               href=\"https:\/\/www.justcolor.net\/kinder\/lernmalbilder\/summer\/\">\n                Summer            <\/a>\n        <\/h2>\n    <\/div>\n    <div class=\"gallery-grid-item\">\n        <div class=\"ngg-album-link\">\n            <a class=\"gallery_link\" href=\"https:\/\/www.justcolor.net\/kinder\/lernmalbilder\/winter\/\" title=\"Ausmalbilder von Winter zum Ausdrucken und Ausmalen f\u00fcr Kinder\">\n                <img class=\"Thumb\"\n                     alt=\"Ausmalbilder von Winter zum Ausdrucken und Ausmalen f\u00fcr Kinder\"\n                     src=\"https:\/\/www.justcolor.net\/kinder\/wp-content\/uploads\/sites\/61\/nggallery\/winter\/cache\/kinder--ausmalbilder-fur-kinder-winter-95892.jpg-nggid0511923-ngg0dyn-182x136-00f0w010c011r110f110r010t010.jpg\"\n                     loading=\"lazy\"\n                     width=\"250\"\n                     height=\"150\" \/>\n            <\/a>\n        <\/div>\n        <h2 class=\"gallery-grid-album-lig1\">\n            <a class=\"ngg-album-desc\"\n               title=\"Ausmalbilder von Winter zum Ausmalen\"\n               href=\"https:\/\/www.justcolor.net\/kinder\/lernmalbilder\/winter\/\">\n                Winter            <\/a>\n        <\/h2>\n    <\/div>\n    <div class=\"gallery-grid-item\">\n        <div class=\"ngg-album-link\">\n            <a class=\"gallery_link\" href=\"https:\/\/www.justcolor.net\/kinder\/lernmalbilder\/wochentage\/\" title=\"Ausmalbilder von Wochentage zum Ausdrucken und Ausmalen f\u00fcr Kinder\">\n                <img class=\"Thumb\"\n                     alt=\"Ausmalbilder von Wochentage zum Ausdrucken und Ausmalen f\u00fcr Kinder\"\n                     src=\"https:\/\/www.justcolor.net\/kinder\/wp-content\/uploads\/sites\/61\/nggallery\/wochentage\/cache\/ausmalbilder-fur-kinder-von-wochentage-13789.jpg-nggid041146-ngg0dyn-182x136-00f0w010c011r110f110r010t010.jpg\"\n                     loading=\"lazy\"\n                     width=\"250\"\n                     height=\"150\" \/>\n            <\/a>\n        <\/div>\n        <h2 class=\"gallery-grid-album-lig1\">\n            <a class=\"ngg-album-desc\"\n               title=\"Ausmalbilder von Wochentage zum Ausmalen\"\n               href=\"https:\/\/www.justcolor.net\/kinder\/lernmalbilder\/wochentage\/\">\n                Wochentage            <\/a>\n        <\/h2>\n    <\/div>\n    <div class=\"gallery-grid-item\">\n        <div class=\"ngg-album-link\">\n            <a class=\"gallery_link\" href=\"https:\/\/www.justcolor.net\/kinder\/lernmalbilder\/wortspiele\/\" title=\"Ausmalbilder von Wortspiele zum Ausdrucken und Ausmalen f\u00fcr Kinder\">\n                <img class=\"Thumb\"\n                     alt=\"Ausmalbilder von Wortspiele zum Ausdrucken und Ausmalen f\u00fcr Kinder\"\n                     src=\"https:\/\/www.justcolor.net\/kinder\/wp-content\/uploads\/sites\/61\/nggallery\/wortspiele\/cache\/ausmalbilder-fur-kinder-von-wortspiele-44194.jpg-nggid03186-ngg0dyn-182x136-00f0w010c011r110f110r010t010.jpg\"\n                     loading=\"lazy\"\n                     width=\"250\"\n                     height=\"150\" \/>\n            <\/a>\n        <\/div>\n        <h2 class=\"gallery-grid-album-lig1\">\n            <a class=\"ngg-album-desc\"\n               title=\"Ausmalbilder von Wortspiele zum Ausmalen\"\n               href=\"https:\/\/www.justcolor.net\/kinder\/lernmalbilder\/wortspiele\/\">\n                Wortspiele            <\/a>\n        <\/h2>\n    <\/div>\n    <div class=\"gallery-grid-item\">\n        <div class=\"ngg-album-link\">\n            <a class=\"gallery_link\" href=\"https:\/\/www.justcolor.net\/kinder\/lernmalbilder\/zahlen\/\" title=\"Ausmalbilder von Zahlen zum Ausdrucken und Ausmalen f\u00fcr Kinder\">\n                <img class=\"Thumb\"\n                     alt=\"Ausmalbilder von Zahlen zum Ausdrucken und Ausmalen f\u00fcr Kinder\"\n                     src=\"https:\/\/www.justcolor.net\/kinder\/wp-content\/uploads\/sites\/61\/nggallery\/zahlen\/cache\/ausmalbilder-fur-kinder-von-zahlen-30594.jpg-nggid0272-ngg0dyn-182x136-00f0w010c011r110f110r010t010.jpg\"\n                     loading=\"lazy\"\n                     width=\"250\"\n                     height=\"150\" \/>\n            <\/a>\n        <\/div>\n        <h2 class=\"gallery-grid-album-lig1\">\n            <a class=\"ngg-album-desc\"\n               title=\"Ausmalbilder von Zahlen zum Ausmalen\"\n               href=\"https:\/\/www.justcolor.net\/kinder\/lernmalbilder\/zahlen\/\">\n                Zahlen            <\/a>\n        <\/h2>\n    <\/div>\n    <div class=\"gallery-grid-item\">\n        <div class=\"ngg-album-link\">\n            <a class=\"gallery_link\" href=\"https:\/\/www.justcolor.net\/kinder\/lernmalbilder\/zentangle\/\" title=\"Ausmalbilder von Zentangle zum Ausdrucken und Ausmalen f\u00fcr Kinder\">\n                <img class=\"Thumb\"\n                     alt=\"Ausmalbilder von Zentangle zum Ausdrucken und Ausmalen f\u00fcr Kinder\"\n                     src=\"https:\/\/www.justcolor.net\/kinder\/wp-content\/uploads\/sites\/61\/nggallery\/zentangle\/cache\/ausmalbilder-fur-kinder-von-zentangle-77053.jpg-nggid045417-ngg0dyn-182x136-00f0w010c011r110f110r010t010.jpg\"\n                     loading=\"lazy\"\n                     width=\"250\"\n                     height=\"150\" \/>\n            <\/a>\n        <\/div>\n        <h2 class=\"gallery-grid-album-lig1\">\n            <a class=\"ngg-album-desc\"\n               title=\"Ausmalbilder von Zentangle zum Ausmalen\"\n               href=\"https:\/\/www.justcolor.net\/kinder\/lernmalbilder\/zentangle\/\">\n                Zentangle            <\/a>\n        <\/h2>\n    <\/div>\n<br class=\"ngg-clear\"\/>\n<div class='ngg-clear'><\/div><\/div>\n\n","protected":false},"excerpt":{"rendered":"<p>Entdecken Sie eine gro\u00dfe Auswahl an <b>ausdruckbaren Malbl\u00e4ttern<\/b>, die Ihren Kindern dabei helfen sollen, alle m\u00f6glichen Konzepte wie <b>Formen, Zahlen, Buchstaben und Wochentage<\/b> zu erlernen.<br \/>\nUnsere Sammlung umfasst auch <b>magische Malvorlagen<\/b>, auf denen Ihr Kind die Farben den Zahlen in den einzelnen Bereichen zuordnen kann, sodass das Lernen sowohl Spa\u00df macht als auch interaktiv ist.<\/p>\n<p>Entdecken Sie unsere Auswahl an komplizierten <b>Zentangle- und Doodle-Zeichnungen<\/b>: perfekt f\u00fcr \u00e4ltere Kinder und Erwachsene, die sich gerne durch kreativen Ausdruck entspannen.<br \/>\nEgal, ob Sie nach lehrreichen oder entspannenden <b>druckbaren Zeichnungen<\/b> suchen, Sie werden mit Sicherheit etwas finden, das Ihnen gef\u00e4llt!<\/p>\n","protected":false},"author":1,"featured_media":0,"parent":0,"menu_order":0,"comment_status":"closed","ping_status":"closed","template":"","meta":{"ngg_post_thumbnail":0,"footnotes":""},"tags":[26,54,136,212,215,255,319,338,348,360,375,3423],"class_list":{"0":"post-58","1":"page","2":"type-page","3":"status-publish","5":"tag-alphabet","6":"tag-artistique","7":"tag-chiffres","8":"tag-educatif","9":"tag-enfants","10":"tag-formes","11":"tag-jeux","12":"tag-lettres","13":"tag-ludique","14":"tag-mandalas","15":"tag-maternelle","16":"tag-supergallery"},"_links":{"self":[{"href":"https:\/\/www.justcolor.net\/kinder\/wp-json\/wp\/v2\/pages\/58","targetHints":{"allow":["GET"]}}],"collection":[{"href":"https:\/\/www.justcolor.net\/kinder\/wp-json\/wp\/v2\/pages"}],"about":[{"href":"https:\/\/www.justcolor.net\/kinder\/wp-json\/wp\/v2\/types\/page"}],"author":[{"embeddable":true,"href":"https:\/\/www.justcolor.net\/kinder\/wp-json\/wp\/v2\/users\/1"}],"replies":[{"embeddable":true,"href":"https:\/\/www.justcolor.net\/kinder\/wp-json\/wp\/v2\/comments?post=58"}],"version-history":[{"count":0,"href":"https:\/\/www.justcolor.net\/kinder\/wp-json\/wp\/v2\/pages\/58\/revisions"}],"wp:attachment":[{"href":"https:\/\/www.justcolor.net\/kinder\/wp-json\/wp\/v2\/media?parent=58"}],"wp:term":[{"taxonomy":"post_tag","embeddable":true,"href":"https:\/\/www.justcolor.net\/kinder\/wp-json\/wp\/v2\/tags?post=58"}],"curies":[{"name":"wp","href":"https:\/\/api.w.org\/{rel}","templated":true}]}}