{"id":1001,"date":"2013-10-25T13:15:50","date_gmt":"2013-10-25T12:15:50","guid":{"rendered":"https:\/\/www.justcolor.net\/ninos\/ninos\/?page_id=1001"},"modified":"2024-01-02T09:31:05","modified_gmt":"2024-01-02T08:31:05","slug":"animacion","status":"publish","type":"page","link":"https:\/\/www.justcolor.net\/ninos\/animacion\/","title":{"rendered":"Dibujos animados, animaci\u00f3n y pel\u00edculas para colorear"},"content":{"rendered":"\n<p>Elige tu categor\u00eda:<\/p>\n\n\n\n<h2 class=\"wp-block-heading\"><a href=\"https:\/\/www.justcolor.net\/ninos\/animacion\/paginas-para-colorear-de-la-animacion-de-disney\/\"><strong>Dibujos animados cl\u00e1sicos de Disney<\/strong><\/a><\/h2>\n\n\n\n<p><span style=\"color: #808080\">Los grandes cl\u00e1sicos del siglo XX: Cenicienta, Blancanieves, 101 D\u00e1lmatas, etc&#8230;<\/span><\/p>\n\n\n\n<p><br> <\/p>\n\n\n\n<h2 class=\"wp-block-heading\"><a href=\"https:\/\/www.justcolor.net\/ninos\/animacion\/paginas-para-colorear-de-la-animacion-de-disney\/\"><strong>Pel\u00edculas animadas de Disney\/Pixar<\/strong><\/a><\/h2>\n\n\n\n<p><span style=\"color: #808080\">(Toy Story, Monstruos y compa\u00f1\u00eda, Ratatouille, Wall-E, Rebelde, Rapunzel, etc&#8230;)<\/span><\/p>\n\n\n\n<p><br>  <\/p>\n\n\n\n<h2 class=\"wp-block-heading\"><a href=\"https:\/\/www.justcolor.net\/ninos\/animacion\/paginas-para-colorear-de-dreamworks\/\"><strong>Pel\u00edculas animadas de DreamWorks<\/strong><\/a><\/h2>\n\n\n\n<p><span style=\"color: #808080\">(Shrek, Madagascar, Mi villano favorito, etc&#8230;)<\/span><\/p>\n\n\n\n<p><br>  <\/p>\n\n\n\n<h2 class=\"wp-block-heading\"><a href=\"https:\/\/www.justcolor.net\/ninos\/animacion\/coloracion-de-peliculas\/\"><strong>Peliculas clasicas<\/strong><\/a><\/h2>\n\n\n\n<p><span style=\"color: #808080\">(Star Wars, Harry Potter &#8230;)<\/span><\/p>\n","protected":false},"excerpt":{"rendered":"<p>Elige tu categor\u00eda: Dibujos animados cl\u00e1sicos de Disney Los grandes cl\u00e1sicos del siglo XX: Cenicienta, Blancanieves, 101 D\u00e1lmatas, etc&#8230; Pel\u00edculas animadas de Disney\/Pixar (Toy Story, Monstruos y compa\u00f1\u00eda, Ratatouille, Wall-E, Rebelde, Rapunzel, etc&#8230;) Pel\u00edculas animadas de DreamWorks (Shrek, Madagascar, Mi villano favorito, etc&#8230;) Peliculas clasicas (Star Wars, Harry Potter &#8230;)<\/p>\n","protected":false},"author":1,"featured_media":0,"parent":0,"menu_order":0,"comment_status":"closed","ping_status":"closed","template":"","meta":{"ngg_post_thumbnail":0,"footnotes":""},"tags":[141,188,196,207,244,245],"class_list":{"0":"post-1001","1":"page","2":"type-page","3":"status-publish","5":"tag-cinema","6":"tag-dessins-animes","7":"tag-disney","8":"tag-dreamworks","9":"tag-films","10":"tag-films-danimation"},"_links":{"self":[{"href":"https:\/\/www.justcolor.net\/ninos\/wp-json\/wp\/v2\/pages\/1001","targetHints":{"allow":["GET"]}}],"collection":[{"href":"https:\/\/www.justcolor.net\/ninos\/wp-json\/wp\/v2\/pages"}],"about":[{"href":"https:\/\/www.justcolor.net\/ninos\/wp-json\/wp\/v2\/types\/page"}],"author":[{"embeddable":true,"href":"https:\/\/www.justcolor.net\/ninos\/wp-json\/wp\/v2\/users\/1"}],"replies":[{"embeddable":true,"href":"https:\/\/www.justcolor.net\/ninos\/wp-json\/wp\/v2\/comments?post=1001"}],"version-history":[{"count":0,"href":"https:\/\/www.justcolor.net\/ninos\/wp-json\/wp\/v2\/pages\/1001\/revisions"}],"wp:attachment":[{"href":"https:\/\/www.justcolor.net\/ninos\/wp-json\/wp\/v2\/media?parent=1001"}],"wp:term":[{"taxonomy":"post_tag","embeddable":true,"href":"https:\/\/www.justcolor.net\/ninos\/wp-json\/wp\/v2\/tags?post=1001"}],"curies":[{"name":"wp","href":"https:\/\/api.w.org\/{rel}","templated":true}]}}