{"id":11618,"date":"2018-07-08T14:22:55","date_gmt":"2018-07-08T12:22:55","guid":{"rendered":"https:\/\/www.justcolor.net\/ninos\/ninos\/?page_id=11618"},"modified":"2018-07-08T14:22:55","modified_gmt":"2018-07-08T12:22:55","slug":"mas-popular","status":"publish","type":"page","link":"https:\/\/www.justcolor.net\/ninos\/mas-popular\/","title":{"rendered":"Nuestros m\u00e1s populares <b>p\u00e1ginas para colorear para ni\u00f1os<\/b>"},"content":{"rendered":"","protected":false},"excerpt":{"rendered":"","protected":false},"author":1,"featured_media":0,"parent":0,"menu_order":0,"comment_status":"closed","ping_status":"closed","template":"page-mostpopular.php","meta":{"ngg_post_thumbnail":0,"footnotes":""},"tags":[],"class_list":["post-11618","page","type-page","status-publish"],"_links":{"self":[{"href":"https:\/\/www.justcolor.net\/ninos\/wp-json\/wp\/v2\/pages\/11618","targetHints":{"allow":["GET"]}}],"collection":[{"href":"https:\/\/www.justcolor.net\/ninos\/wp-json\/wp\/v2\/pages"}],"about":[{"href":"https:\/\/www.justcolor.net\/ninos\/wp-json\/wp\/v2\/types\/page"}],"author":[{"embeddable":true,"href":"https:\/\/www.justcolor.net\/ninos\/wp-json\/wp\/v2\/users\/1"}],"replies":[{"embeddable":true,"href":"https:\/\/www.justcolor.net\/ninos\/wp-json\/wp\/v2\/comments?post=11618"}],"version-history":[{"count":0,"href":"https:\/\/www.justcolor.net\/ninos\/wp-json\/wp\/v2\/pages\/11618\/revisions"}],"wp:attachment":[{"href":"https:\/\/www.justcolor.net\/ninos\/wp-json\/wp\/v2\/media?parent=11618"}],"wp:term":[{"taxonomy":"post_tag","embeddable":true,"href":"https:\/\/www.justcolor.net\/ninos\/wp-json\/wp\/v2\/tags?post=11618"}],"curies":[{"name":"wp","href":"https:\/\/api.w.org\/{rel}","templated":true}]}}