{"id":1415,"date":"2013-11-15T09:09:13","date_gmt":"2013-11-15T08:09:13","guid":{"rendered":"https:\/\/www.justcolor.net\/ninos\/ninos\/?page_id=1415"},"modified":"2018-03-22T09:46:34","modified_gmt":"2018-03-22T08:46:34","slug":"coloriages-princesses-disney","status":"publish","type":"page","link":"https:\/\/www.justcolor.net\/ninos\/coloriages-princesses-disney\/","title":{"rendered":"Princesses Disney"},"content":{"rendered":"<h2>Tous nos coloriages de Princesses Disney (films classiques et r\u00e9cents) :<\/h2>\n<p><p>Invalid Displayed Gallery<\/p><\/p>\n<p>Si vous cherchez d&#8217;autres coloriages pour filles, n&#8217;h\u00e9sitez pas \u00e0 explorer ce site, notamment la partie <a title=\"Coloriages Personnages TV\" href=\"https:\/\/www.justcolor.net\/ninos\/ninos\/coloriages-personnages-tv\/\">Personnages TV<\/a>, dans laquelle vous retrouverez de nombreuses images \u00e0 imprimer et colorier de <a title=\"Coloriages Barbie\" href=\"https:\/\/www.justcolor.net\/ninos\/ninos\/coloriages-personnages-tv\/coloriages-barbie\/\">Barbie<\/a>, <a title=\"Coloriages Dora l\u2019exploratrice\" href=\"https:\/\/www.justcolor.net\/ninos\/ninos\/coloriages-personnages-tv\/coloriages-dora-lexploratrice\/\">Dora<\/a>, <a title=\"Coloriages Hello kitty\" href=\"https:\/\/www.justcolor.net\/ninos\/ninos\/coloriages-personnages-tv\/coloriages-hello-kitty\/\">Hello Kitty<\/a>, etc &#8230;<\/p>\n<p>&nbsp;<\/p>\n","protected":false},"excerpt":{"rendered":"<p>Tous nos coloriages de Princesses Disney (films classiques et r\u00e9cents) : Invalid Displayed Gallery Si vous cherchez d&#8217;autres coloriages pour filles, n&#8217;h\u00e9sitez pas \u00e0 explorer ce site, notamment la partie Personnages TV, dans laquelle vous retrouverez de nombreuses images \u00e0 imprimer et colorier de Barbie, Dora, Hello Kitty, etc &#8230; &nbsp;<\/p>\n","protected":false},"author":1,"featured_media":0,"parent":0,"menu_order":0,"comment_status":"closed","ping_status":"closed","template":"","meta":{"ngg_post_thumbnail":0,"footnotes":""},"tags":[196,241,485],"class_list":{"0":"post-1415","1":"page","2":"type-page","3":"status-publish","5":"tag-disney","6":"tag-filles","7":"tag-princesses"},"_links":{"self":[{"href":"https:\/\/www.justcolor.net\/ninos\/wp-json\/wp\/v2\/pages\/1415","targetHints":{"allow":["GET"]}}],"collection":[{"href":"https:\/\/www.justcolor.net\/ninos\/wp-json\/wp\/v2\/pages"}],"about":[{"href":"https:\/\/www.justcolor.net\/ninos\/wp-json\/wp\/v2\/types\/page"}],"author":[{"embeddable":true,"href":"https:\/\/www.justcolor.net\/ninos\/wp-json\/wp\/v2\/users\/1"}],"replies":[{"embeddable":true,"href":"https:\/\/www.justcolor.net\/ninos\/wp-json\/wp\/v2\/comments?post=1415"}],"version-history":[{"count":0,"href":"https:\/\/www.justcolor.net\/ninos\/wp-json\/wp\/v2\/pages\/1415\/revisions"}],"wp:attachment":[{"href":"https:\/\/www.justcolor.net\/ninos\/wp-json\/wp\/v2\/media?parent=1415"}],"wp:term":[{"taxonomy":"post_tag","embeddable":true,"href":"https:\/\/www.justcolor.net\/ninos\/wp-json\/wp\/v2\/tags?post=1415"}],"curies":[{"name":"wp","href":"https:\/\/api.w.org\/{rel}","templated":true}]}}