{"id":1677,"date":"2013-11-20T10:29:39","date_gmt":"2013-11-20T09:29:39","guid":{"rendered":"https:\/\/www.justcolor.net\/ninos\/ninos\/?page_id=1677"},"modified":"2018-03-30T14:30:13","modified_gmt":"2018-03-30T12:30:13","slug":"coloracion-de-peliculas","status":"publish","type":"page","link":"https:\/\/www.justcolor.net\/ninos\/animacion\/coloracion-de-peliculas\/","title":{"rendered":"Personajes de pel\u00edculas"},"content":{"rendered":"<div class=\"gallery-grid\">\n    <div class=\"gallery-grid-item\">\n        <div class=\"ngg-album-link\">\n            <a class=\"gallery_link\" href=\"https:\/\/www.justcolor.net\/ninos\/animacion\/coloracion-de-peliculas\/hocus-pocus\/\" title=\"P\u00e1ginas de Abracadabra para imprimir para ni\u00f1os\">\n                <img class=\"Thumb\"\n                     alt=\"P\u00e1ginas de Abracadabra para imprimir para ni\u00f1os\"\n                     src=\"https:\/\/www.justcolor.net\/ninos\/wp-content\/uploads\/sites\/25\/nggallery\/hocus-pocus\/cache\/dibujos-para-colorear-para-ninos-hocus-pocus-23646.jpeg-nggid049741-ngg0dyn-182x136-00f0w010c011r110f110r010t010.jpeg\"\n                     loading=\"lazy\"\n                     width=\"250\"\n                     height=\"150\" \/>\n            <\/a>\n        <\/div>\n        <h2 class=\"gallery-grid-album-lig1\">\n            <a class=\"ngg-album-desc\"\n               title=\"P\u00e1ginas de Abracadabra  para imprimir\"\n               href=\"https:\/\/www.justcolor.net\/ninos\/animacion\/coloracion-de-peliculas\/hocus-pocus\/\">\n                Abracadabra            <\/a>\n        <\/h2>\n    <\/div>\n    <div class=\"gallery-grid-item\">\n        <div class=\"ngg-album-link\">\n            <a class=\"gallery_link\" href=\"https:\/\/www.justcolor.net\/ninos\/animacion\/coloracion-de-peliculas\/arturo\/\" title=\"P\u00e1ginas de Arturo para imprimir para ni\u00f1os\">\n                <img class=\"Thumb\"\n                     alt=\"P\u00e1ginas de Arturo para imprimir para ni\u00f1os\"\n                     src=\"https:\/\/www.justcolor.net\/ninos\/wp-content\/uploads\/sites\/25\/nggallery\/arturo\/cache\/dibujos-para-colorear-para-ninos-de-arturo-80279.gif-nggid041121-ngg0dyn-182x136-00f0w010c011r110f110r010t010.gif\"\n                     loading=\"lazy\"\n                     width=\"250\"\n                     height=\"150\" \/>\n            <\/a>\n        <\/div>\n        <h2 class=\"gallery-grid-album-lig1\">\n            <a class=\"ngg-album-desc\"\n               title=\"P\u00e1ginas de Arturo  para imprimir\"\n               href=\"https:\/\/www.justcolor.net\/ninos\/animacion\/coloracion-de-peliculas\/arturo\/\">\n                Arturo            <\/a>\n        <\/h2>\n    <\/div>\n    <div class=\"gallery-grid-item\">\n        <div class=\"ngg-album-link\">\n            <a class=\"gallery_link\" href=\"https:\/\/www.justcolor.net\/ninos\/animacion\/coloracion-de-peliculas\/avatar\/\" title=\"P\u00e1ginas de Avatar para imprimir para ni\u00f1os\">\n                <img class=\"Thumb\"\n                     alt=\"P\u00e1ginas de Avatar para imprimir para ni\u00f1os\"\n                     src=\"https:\/\/www.justcolor.net\/ninos\/wp-content\/uploads\/sites\/25\/nggallery\/avatar\/cache\/dibujos-para-colorear-para-ninos-avatar-71936.jpeg-nggid048837-ngg0dyn-182x136-00f0w010c011r110f110r010t010.jpeg\"\n                     loading=\"lazy\"\n                     width=\"250\"\n                     height=\"150\" \/>\n            <\/a>\n        <\/div>\n        <h2 class=\"gallery-grid-album-lig1\">\n            <a class=\"ngg-album-desc\"\n               title=\"P\u00e1ginas de Avatar  para imprimir\"\n               href=\"https:\/\/www.justcolor.net\/ninos\/animacion\/coloracion-de-peliculas\/avatar\/\">\n                Avatar            <\/a>\n        <\/h2>\n    <\/div>\n    <div class=\"gallery-grid-item\">\n        <div class=\"ngg-album-link\">\n            <a class=\"gallery_link\" href=\"https:\/\/www.justcolor.net\/ninos\/animacion\/coloracion-de-peliculas\/beetlejuice\/\" title=\"P\u00e1ginas de Beetlejuice para imprimir para ni\u00f1os\">\n                <img class=\"Thumb\"\n                     alt=\"P\u00e1ginas de Beetlejuice para imprimir para ni\u00f1os\"\n                     src=\"https:\/\/www.justcolor.net\/ninos\/wp-content\/uploads\/sites\/25\/nggallery\/beetlejuice\/cache\/dibujos-para-colorear-para-ninos-beetlejuice-91338.jpeg-nggid0510380-ngg0dyn-182x136-00f0w010c011r110f110r010t010.jpeg\"\n                     loading=\"lazy\"\n                     width=\"250\"\n                     height=\"150\" \/>\n            <\/a>\n        <\/div>\n        <h2 class=\"gallery-grid-album-lig1\">\n            <a class=\"ngg-album-desc\"\n               title=\"P\u00e1ginas de Beetlejuice  para imprimir\"\n               href=\"https:\/\/www.justcolor.net\/ninos\/animacion\/coloracion-de-peliculas\/beetlejuice\/\">\n                Beetlejuice            <\/a>\n        <\/h2>\n    <\/div>\n    <div class=\"gallery-grid-item\">\n        <div class=\"ngg-album-link\">\n            <a class=\"gallery_link\" href=\"https:\/\/www.justcolor.net\/ninos\/animacion\/coloracion-de-peliculas\/hobbit\/\" title=\"P\u00e1ginas de El Hobbit para imprimir para ni\u00f1os\">\n                <img class=\"Thumb\"\n                     alt=\"P\u00e1ginas de El Hobbit para imprimir para ni\u00f1os\"\n                     src=\"https:\/\/www.justcolor.net\/ninos\/wp-content\/uploads\/sites\/25\/nggallery\/hobbit\/cache\/dibujos-para-colorear-para-ninos-de-el-hobbit-1138.jpg-nggid044340-ngg0dyn-182x136-00f0w010c011r110f110r010t010.jpg\"\n                     loading=\"lazy\"\n                     width=\"250\"\n                     height=\"150\" \/>\n            <\/a>\n        <\/div>\n        <h2 class=\"gallery-grid-album-lig1\">\n            <a class=\"ngg-album-desc\"\n               title=\"P\u00e1ginas de El Hobbit  para imprimir\"\n               href=\"https:\/\/www.justcolor.net\/ninos\/animacion\/coloracion-de-peliculas\/hobbit\/\">\n                El Hobbit            <\/a>\n        <\/h2>\n    <\/div>\n    <div class=\"gallery-grid-item\">\n        <div class=\"ngg-album-link\">\n            <a class=\"gallery_link\" href=\"https:\/\/www.justcolor.net\/ninos\/animacion\/coloracion-de-peliculas\/el-senor-de-los-anillos\/\" title=\"P\u00e1ginas de El Se\u00f1or de los Anillos para imprimir para ni\u00f1os\">\n                <img class=\"Thumb\"\n                     alt=\"P\u00e1ginas de El Se\u00f1or de los Anillos para imprimir para ni\u00f1os\"\n                     src=\"https:\/\/www.justcolor.net\/ninos\/wp-content\/uploads\/sites\/25\/nggallery\/el-senor-de-los-anillos\/cache\/dibujos-para-colorear-para-ninos-de-el-senor-de-los-anillos-53188.gif-nggid044342-ngg0dyn-182x136-00f0w010c011r110f110r010t010.gif\"\n                     loading=\"lazy\"\n                     width=\"250\"\n                     height=\"150\" \/>\n            <\/a>\n        <\/div>\n        <h2 class=\"gallery-grid-album-lig1\">\n            <a class=\"ngg-album-desc\"\n               title=\"P\u00e1ginas de El Se\u00f1or de los Anillos  para imprimir\"\n               href=\"https:\/\/www.justcolor.net\/ninos\/animacion\/coloracion-de-peliculas\/el-senor-de-los-anillos\/\">\n                El Se\u00f1or de los Anillos            <\/a>\n        <\/h2>\n    <\/div>\n    <div class=\"gallery-grid-item\">\n        <div class=\"ngg-album-link\">\n            <a class=\"gallery_link\" href=\"https:\/\/www.justcolor.net\/ninos\/animacion\/coloracion-de-peliculas\/el-mago-de-oz\/\" title=\"P\u00e1ginas de El mago de Oz para imprimir para ni\u00f1os\">\n                <img class=\"Thumb\"\n                     alt=\"P\u00e1ginas de El mago de Oz para imprimir para ni\u00f1os\"\n                     src=\"https:\/\/www.justcolor.net\/ninos\/wp-content\/uploads\/sites\/25\/nggallery\/el-mago-de-oz\/cache\/dibujos-para-colorear-para-ninos-el-mago-de-oz-71142.jpg-nggid0511787-ngg0dyn-182x136-00f0w010c011r110f110r010t010.jpg\"\n                     loading=\"lazy\"\n                     width=\"250\"\n                     height=\"150\" \/>\n            <\/a>\n        <\/div>\n        <h2 class=\"gallery-grid-album-lig1\">\n            <a class=\"ngg-album-desc\"\n               title=\"P\u00e1ginas de El mago de Oz  para imprimir\"\n               href=\"https:\/\/www.justcolor.net\/ninos\/animacion\/coloracion-de-peliculas\/el-mago-de-oz\/\">\n                El mago de Oz            <\/a>\n        <\/h2>\n    <\/div>\n    <div class=\"gallery-grid-item\">\n        <div class=\"ngg-album-link\">\n            <a class=\"gallery_link\" href=\"https:\/\/www.justcolor.net\/ninos\/animacion\/coloracion-de-peliculas\/regreso-mary-poppins\/\" title=\"P\u00e1ginas de El regreso de Mary Poppins para imprimir para ni\u00f1os\">\n                <img class=\"Thumb\"\n                     alt=\"P\u00e1ginas de El regreso de Mary Poppins para imprimir para ni\u00f1os\"\n                     src=\"https:\/\/www.justcolor.net\/ninos\/wp-content\/uploads\/sites\/25\/nggallery\/regreso-mary-poppins\/cache\/dibujos-para-colorear-para-ninos-de-el-regreso-de-mary-poppins-17254.png-nggid047002-ngg0dyn-182x136-00f0w010c011r110f110r010t010.png\"\n                     loading=\"lazy\"\n                     width=\"250\"\n                     height=\"150\" \/>\n            <\/a>\n        <\/div>\n        <h2 class=\"gallery-grid-album-lig1\">\n            <a class=\"ngg-album-desc\"\n               title=\"P\u00e1ginas de El regreso de Mary Poppins  para imprimir\"\n               href=\"https:\/\/www.justcolor.net\/ninos\/animacion\/coloracion-de-peliculas\/regreso-mary-poppins\/\">\n                El regreso de Mary Poppins            <\/a>\n        <\/h2>\n    <\/div>\n    <div class=\"gallery-grid-item\">\n        <div class=\"ngg-album-link\">\n            <a class=\"gallery_link\" href=\"https:\/\/www.justcolor.net\/ninos\/animacion\/coloracion-de-peliculas\/hunger-games\/\" title=\"P\u00e1ginas de Hunger Games para imprimir para ni\u00f1os\">\n                <img class=\"Thumb\"\n                     alt=\"P\u00e1ginas de Hunger Games para imprimir para ni\u00f1os\"\n                     src=\"https:\/\/www.justcolor.net\/ninos\/wp-content\/uploads\/sites\/25\/nggallery\/hunger-games\/cache\/dibujos-para-colorear-para-ninos-de-hunger-games-8183.gif-nggid042157-ngg0dyn-182x136-00f0w010c011r110f110r010t010.gif\"\n                     loading=\"lazy\"\n                     width=\"250\"\n                     height=\"150\" \/>\n            <\/a>\n        <\/div>\n        <h2 class=\"gallery-grid-album-lig1\">\n            <a class=\"ngg-album-desc\"\n               title=\"P\u00e1ginas de Hunger Games  para imprimir\"\n               href=\"https:\/\/www.justcolor.net\/ninos\/animacion\/coloracion-de-peliculas\/hunger-games\/\">\n                Hunger Games            <\/a>\n        <\/h2>\n    <\/div>\n    <div class=\"gallery-grid-item\">\n        <div class=\"ngg-album-link\">\n            <a class=\"gallery_link\" href=\"https:\/\/www.justcolor.net\/ninos\/animacion\/coloracion-de-peliculas\/indiana-jones\/\" title=\"P\u00e1ginas de Indiana Jones para imprimir para ni\u00f1os\">\n                <img class=\"Thumb\"\n                     alt=\"P\u00e1ginas de Indiana Jones para imprimir para ni\u00f1os\"\n                     src=\"https:\/\/www.justcolor.net\/ninos\/wp-content\/uploads\/sites\/25\/nggallery\/indiana-jones\/cache\/coloring-child-indiana-jones-simple.jpg-nggid048756-ngg0dyn-182x136-00f0w010c011r110f110r010t010.jpg\"\n                     loading=\"lazy\"\n                     width=\"250\"\n                     height=\"150\" \/>\n            <\/a>\n        <\/div>\n        <h2 class=\"gallery-grid-album-lig1\">\n            <a class=\"ngg-album-desc\"\n               title=\"P\u00e1ginas de Indiana Jones  para imprimir\"\n               href=\"https:\/\/www.justcolor.net\/ninos\/animacion\/coloracion-de-peliculas\/indiana-jones\/\">\n                Indiana Jones            <\/a>\n        <\/h2>\n    <\/div>\n    <div class=\"gallery-grid-item\">\n        <div class=\"ngg-album-link\">\n            <a class=\"gallery_link\" href=\"https:\/\/www.justcolor.net\/ninos\/animacion\/coloracion-de-peliculas\/king-kong\/\" title=\"P\u00e1ginas de King Kong para imprimir para ni\u00f1os\">\n                <img class=\"Thumb\"\n                     alt=\"P\u00e1ginas de King Kong para imprimir para ni\u00f1os\"\n                     src=\"https:\/\/www.justcolor.net\/ninos\/wp-content\/uploads\/sites\/25\/nggallery\/king-kong\/cache\/dibujos-para-colorear-para-ninos-king-kong-4956.jpg-nggid0511692-ngg0dyn-182x136-00f0w010c011r110f110r010t010.jpg\"\n                     loading=\"lazy\"\n                     width=\"250\"\n                     height=\"150\" \/>\n            <\/a>\n        <\/div>\n        <h2 class=\"gallery-grid-album-lig1\">\n            <a class=\"ngg-album-desc\"\n               title=\"P\u00e1ginas de King Kong  para imprimir\"\n               href=\"https:\/\/www.justcolor.net\/ninos\/animacion\/coloracion-de-peliculas\/king-kong\/\">\n                King Kong            <\/a>\n        <\/h2>\n    <\/div>\n    <div class=\"gallery-grid-item\">\n        <div class=\"ngg-album-link\">\n            <a class=\"gallery_link\" href=\"https:\/\/www.justcolor.net\/ninos\/animacion\/coloracion-de-peliculas\/malefica\/\" title=\"P\u00e1ginas de Mal\u00e9fica para imprimir para ni\u00f1os\">\n                <img class=\"Thumb\"\n                     alt=\"P\u00e1ginas de Mal\u00e9fica para imprimir para ni\u00f1os\"\n                     src=\"https:\/\/www.justcolor.net\/ninos\/wp-content\/uploads\/sites\/25\/nggallery\/malefica\/cache\/dibujos-para-colorear-para-ninos-de-malefica-56732.jpg-nggid044652-ngg0dyn-182x136-00f0w010c011r110f110r010t010.jpg\"\n                     loading=\"lazy\"\n                     width=\"250\"\n                     height=\"150\" \/>\n            <\/a>\n        <\/div>\n        <h2 class=\"gallery-grid-album-lig1\">\n            <a class=\"ngg-album-desc\"\n               title=\"P\u00e1ginas de Mal\u00e9fica  para imprimir\"\n               href=\"https:\/\/www.justcolor.net\/ninos\/animacion\/coloracion-de-peliculas\/malefica\/\">\n                Mal\u00e9fica            <\/a>\n        <\/h2>\n    <\/div>\n    <div class=\"gallery-grid-item\">\n        <div class=\"ngg-album-link\">\n            <a class=\"gallery_link\" href=\"https:\/\/www.justcolor.net\/ninos\/animacion\/paginas-para-colorear-de-la-animacion-de-disney\/mary-popins\/\" title=\"P\u00e1ginas de Mary Poppins para imprimir para ni\u00f1os\">\n                <img class=\"Thumb\"\n                     alt=\"P\u00e1ginas de Mary Poppins para imprimir para ni\u00f1os\"\n                     src=\"https:\/\/www.justcolor.net\/ninos\/wp-content\/uploads\/sites\/25\/nggallery\/mary-popins\/cache\/dibujos-para-colorear-para-ninos-de-mary-poppins-98360.jpg-nggid046996-ngg0dyn-182x136-00f0w010c011r110f110r010t010.jpg\"\n                     loading=\"lazy\"\n                     width=\"250\"\n                     height=\"150\" \/>\n            <\/a>\n        <\/div>\n        <h2 class=\"gallery-grid-album-lig1\">\n            <a class=\"ngg-album-desc\"\n               title=\"P\u00e1ginas de Mary Poppins  para imprimir\"\n               href=\"https:\/\/www.justcolor.net\/ninos\/animacion\/paginas-para-colorear-de-la-animacion-de-disney\/mary-popins\/\">\n                Mary Poppins            <\/a>\n        <\/h2>\n    <\/div>\n    <div class=\"gallery-grid-item\">\n        <div class=\"ngg-album-link\">\n            <a class=\"gallery_link\" href=\"https:\/\/www.justcolor.net\/ninos\/animacion\/coloracion-de-peliculas\/piratas-del-caribe\/\" title=\"P\u00e1ginas de Piratas del Caribe para imprimir para ni\u00f1os\">\n                <img class=\"Thumb\"\n                     alt=\"P\u00e1ginas de Piratas del Caribe para imprimir para ni\u00f1os\"\n                     src=\"https:\/\/www.justcolor.net\/ninos\/wp-content\/uploads\/sites\/25\/nggallery\/piratas-del-caribe\/cache\/dibujos-para-colorear-para-ninos-de-piratas-del-caribe-7484.jpg-nggid047250-ngg0dyn-182x136-00f0w010c011r110f110r010t010.jpg\"\n                     loading=\"lazy\"\n                     width=\"250\"\n                     height=\"150\" \/>\n            <\/a>\n        <\/div>\n        <h2 class=\"gallery-grid-album-lig1\">\n            <a class=\"ngg-album-desc\"\n               title=\"P\u00e1ginas de Piratas del Caribe  para imprimir\"\n               href=\"https:\/\/www.justcolor.net\/ninos\/animacion\/coloracion-de-peliculas\/piratas-del-caribe\/\">\n                Piratas del Caribe            <\/a>\n        <\/h2>\n    <\/div>\n    <div class=\"gallery-grid-item\">\n        <div class=\"ngg-album-link\">\n            <a class=\"gallery_link\" href=\"https:\/\/www.justcolor.net\/ninos\/animacion\/coloracion-de-peliculas\/solo-en-casa\/\" title=\"P\u00e1ginas de Solo en casa para imprimir para ni\u00f1os\">\n                <img class=\"Thumb\"\n                     alt=\"P\u00e1ginas de Solo en casa para imprimir para ni\u00f1os\"\n                     src=\"https:\/\/www.justcolor.net\/ninos\/wp-content\/uploads\/sites\/25\/nggallery\/solo-en-casa\/cache\/dibujos-para-colorear-para-ninos-solo-en-casa-90679.jpeg-nggid0510700-ngg0dyn-182x136-00f0w010c011r110f110r010t010.jpeg\"\n                     loading=\"lazy\"\n                     width=\"250\"\n                     height=\"150\" \/>\n            <\/a>\n        <\/div>\n        <h2 class=\"gallery-grid-album-lig1\">\n            <a class=\"ngg-album-desc\"\n               title=\"P\u00e1ginas de Solo en casa  para imprimir\"\n               href=\"https:\/\/www.justcolor.net\/ninos\/animacion\/coloracion-de-peliculas\/solo-en-casa\/\">\n                Solo en casa            <\/a>\n        <\/h2>\n    <\/div>\n    <div class=\"gallery-grid-item\">\n        <div class=\"ngg-album-link\">\n            <a class=\"gallery_link\" href=\"https:\/\/www.justcolor.net\/ninos\/animacion\/coloracion-de-peliculas\/space-jam\/\" title=\"P\u00e1ginas de Space Jam para imprimir para ni\u00f1os\">\n                <img class=\"Thumb\"\n                     alt=\"P\u00e1ginas de Space Jam para imprimir para ni\u00f1os\"\n                     src=\"https:\/\/www.justcolor.net\/ninos\/wp-content\/uploads\/sites\/25\/nggallery\/space-jam\/cache\/dibujos-para-colorear-para-ninos-space-jam-6298.jpeg-nggid0510745-ngg0dyn-182x136-00f0w010c011r110f110r010t010.jpeg\"\n                     loading=\"lazy\"\n                     width=\"250\"\n                     height=\"150\" \/>\n            <\/a>\n        <\/div>\n        <h2 class=\"gallery-grid-album-lig1\">\n            <a class=\"ngg-album-desc\"\n               title=\"P\u00e1ginas de Space Jam  para imprimir\"\n               href=\"https:\/\/www.justcolor.net\/ninos\/animacion\/coloracion-de-peliculas\/space-jam\/\">\n                Space Jam            <\/a>\n        <\/h2>\n    <\/div>\n    <div class=\"gallery-grid-item\">\n        <div class=\"ngg-album-link\">\n            <a class=\"gallery_link\" href=\"https:\/\/www.justcolor.net\/ninos\/animacion\/coloracion-de-peliculas\/star-trek\/\" title=\"P\u00e1ginas de Star Trek para imprimir para ni\u00f1os\">\n                <img class=\"Thumb\"\n                     alt=\"P\u00e1ginas de Star Trek para imprimir para ni\u00f1os\"\n                     src=\"https:\/\/www.justcolor.net\/ninos\/wp-content\/uploads\/sites\/25\/nggallery\/star-trek\/cache\/dibujos-para-colorear-para-ninos-star-trek-9450.jpeg-nggid049894-ngg0dyn-182x136-00f0w010c011r110f110r010t010.jpeg\"\n                     loading=\"lazy\"\n                     width=\"250\"\n                     height=\"150\" \/>\n            <\/a>\n        <\/div>\n        <h2 class=\"gallery-grid-album-lig1\">\n            <a class=\"ngg-album-desc\"\n               title=\"P\u00e1ginas de Star Trek  para imprimir\"\n               href=\"https:\/\/www.justcolor.net\/ninos\/animacion\/coloracion-de-peliculas\/star-trek\/\">\n                Star Trek            <\/a>\n        <\/h2>\n    <\/div>\n    <div class=\"gallery-grid-item\">\n        <div class=\"ngg-album-link\">\n            <a class=\"gallery_link\" href=\"https:\/\/www.justcolor.net\/ninos\/animacion\/coloracion-de-peliculas\/star-wars\/\" title=\"P\u00e1ginas de Star Wars para imprimir para ni\u00f1os\">\n                <img class=\"Thumb\"\n                     alt=\"P\u00e1ginas de Star Wars para imprimir para ni\u00f1os\"\n                     src=\"https:\/\/www.justcolor.net\/ninos\/wp-content\/uploads\/sites\/25\/nggallery\/star-wars\/cache\/dibujos-para-colorear-para-ninos-de-star-wars-49432.jpg-nggid041798-ngg0dyn-182x136-00f0w010c011r110f110r010t010.jpg\"\n                     loading=\"lazy\"\n                     width=\"250\"\n                     height=\"150\" \/>\n            <\/a>\n        <\/div>\n        <h2 class=\"gallery-grid-album-lig1\">\n            <a class=\"ngg-album-desc\"\n               title=\"P\u00e1ginas de Star Wars  para imprimir\"\n               href=\"https:\/\/www.justcolor.net\/ninos\/animacion\/coloracion-de-peliculas\/star-wars\/\">\n                Star Wars            <\/a>\n        <\/h2>\n    <\/div>\n    <div class=\"gallery-grid-item\">\n        <div class=\"ngg-album-link\">\n            <a class=\"gallery_link\" href=\"https:\/\/www.justcolor.net\/ninos\/animacion\/coloracion-de-peliculas\/tron\/\" title=\"P\u00e1ginas de Tron para imprimir para ni\u00f1os\">\n                <img class=\"Thumb\"\n                     alt=\"P\u00e1ginas de Tron para imprimir para ni\u00f1os\"\n                     src=\"https:\/\/www.justcolor.net\/ninos\/wp-content\/uploads\/sites\/25\/nggallery\/tron\/cache\/dibujos-para-colorear-para-ninos-de-tron-27261.jpg-nggid042396-ngg0dyn-182x136-00f0w010c011r110f110r010t010.jpg\"\n                     loading=\"lazy\"\n                     width=\"250\"\n                     height=\"150\" \/>\n            <\/a>\n        <\/div>\n        <h2 class=\"gallery-grid-album-lig1\">\n            <a class=\"ngg-album-desc\"\n               title=\"P\u00e1ginas de Tron  para imprimir\"\n               href=\"https:\/\/www.justcolor.net\/ninos\/animacion\/coloracion-de-peliculas\/tron\/\">\n                Tron            <\/a>\n        <\/h2>\n    <\/div>\n    <div class=\"gallery-grid-item\">\n        <div class=\"ngg-album-link\">\n            <a class=\"gallery_link\" href=\"https:\/\/www.justcolor.net\/ninos\/animacion\/coloracion-de-peliculas\/wicked\/\" title=\"P\u00e1ginas de Wicked para imprimir para ni\u00f1os\">\n                <img class=\"Thumb\"\n                     alt=\"P\u00e1ginas de Wicked para imprimir para ni\u00f1os\"\n                     src=\"https:\/\/www.justcolor.net\/ninos\/wp-content\/uploads\/sites\/25\/nggallery\/wicked\/cache\/dibujos-para-colorear-para-ninos-wicked-99037.jpeg-nggid0510576-ngg0dyn-182x136-00f0w010c011r110f110r010t010.jpeg\"\n                     loading=\"lazy\"\n                     width=\"250\"\n                     height=\"150\" \/>\n            <\/a>\n        <\/div>\n        <h2 class=\"gallery-grid-album-lig1\">\n            <a class=\"ngg-album-desc\"\n               title=\"P\u00e1ginas de Wicked  para imprimir\"\n               href=\"https:\/\/www.justcolor.net\/ninos\/animacion\/coloracion-de-peliculas\/wicked\/\">\n                Wicked            <\/a>\n        <\/h2>\n    <\/div>\n    <div class=\"gallery-grid-item\">\n        <div class=\"ngg-album-link\">\n            <a class=\"gallery_link\" href=\"https:\/\/www.justcolor.net\/ninos\/animacion\/coloracion-de-peliculas\/willy-wonka\/\" title=\"P\u00e1ginas de Willy Wonka para imprimir para ni\u00f1os\">\n                <img class=\"Thumb\"\n                     alt=\"P\u00e1ginas de Willy Wonka para imprimir para ni\u00f1os\"\n                     src=\"https:\/\/www.justcolor.net\/ninos\/wp-content\/uploads\/sites\/25\/nggallery\/willy-wonka\/cache\/dibujos-para-colorear-para-ninos-willy-wonka-68592.jpg-nggid0511632-ngg0dyn-182x136-00f0w010c011r110f110r010t010.jpg\"\n                     loading=\"lazy\"\n                     width=\"250\"\n                     height=\"150\" \/>\n            <\/a>\n        <\/div>\n        <h2 class=\"gallery-grid-album-lig1\">\n            <a class=\"ngg-album-desc\"\n               title=\"P\u00e1ginas de Willy Wonka  para imprimir\"\n               href=\"https:\/\/www.justcolor.net\/ninos\/animacion\/coloracion-de-peliculas\/willy-wonka\/\">\n                Willy Wonka            <\/a>\n        <\/h2>\n    <\/div>\n<br class=\"ngg-clear\"\/>\n<div class='ngg-clear'><\/div><\/div>\n\n","protected":false},"excerpt":{"rendered":"<p>Aqu\u00ed hay algunas <b>p\u00e1ginas para colorear para ni\u00f1os inspiradas en pel\u00edculas famosas<\/b>, que presentan una variedad de personajes y escenas queridos.<br \/>\nYa sea que te gusten las batallas \u00e9picas de <b>Star Wars<\/b>, el mundo m\u00e1gico de <b>El Se\u00f1or de los Anillos<\/b> y <b>El Hobbit<\/b>, o las emocionantes aventuras de < b>Indiana Jones<\/b>, encontrar\u00e1n muchas <b>hojas para colorear imprimibles<\/b> que despertar\u00e1n su imaginaci\u00f3n.<\/p>\n<p>Nuestra colecci\u00f3n tambi\u00e9n incluye coloridos personajes de <b>Avatar<\/b>, las fascinantes brujas de <b>Hocus Pocus<\/b> y los encantadores cuentos de <b>Mary Poppins<\/b> y <b>Mal\u00e9fica<\/b>.<\/p>\n<p>Sum\u00e9rgete en la aventura en alta mar con <b>Piratas del Caribe<\/b> o explora reinos futuristas con <b>Tron<\/b> y <b>Star Trek<\/b>.<br \/>\nCon tantas <b>im\u00e1genes imprimibles<\/b> para elegir, \u00a1hay algo para que disfrute cada cin\u00e9filo!<\/p>\n","protected":false},"author":1,"featured_media":0,"parent":1001,"menu_order":0,"comment_status":"closed","ping_status":"closed","template":"","meta":{"ngg_post_thumbnail":0,"footnotes":""},"tags":[141,244,3423],"class_list":{"0":"post-1677","1":"page","2":"type-page","3":"status-publish","5":"tag-cinema","6":"tag-films","7":"tag-supergallery"},"_links":{"self":[{"href":"https:\/\/www.justcolor.net\/ninos\/wp-json\/wp\/v2\/pages\/1677","targetHints":{"allow":["GET"]}}],"collection":[{"href":"https:\/\/www.justcolor.net\/ninos\/wp-json\/wp\/v2\/pages"}],"about":[{"href":"https:\/\/www.justcolor.net\/ninos\/wp-json\/wp\/v2\/types\/page"}],"author":[{"embeddable":true,"href":"https:\/\/www.justcolor.net\/ninos\/wp-json\/wp\/v2\/users\/1"}],"replies":[{"embeddable":true,"href":"https:\/\/www.justcolor.net\/ninos\/wp-json\/wp\/v2\/comments?post=1677"}],"version-history":[{"count":0,"href":"https:\/\/www.justcolor.net\/ninos\/wp-json\/wp\/v2\/pages\/1677\/revisions"}],"up":[{"embeddable":true,"href":"https:\/\/www.justcolor.net\/ninos\/wp-json\/wp\/v2\/pages\/1001"}],"wp:attachment":[{"href":"https:\/\/www.justcolor.net\/ninos\/wp-json\/wp\/v2\/media?parent=1677"}],"wp:term":[{"taxonomy":"post_tag","embeddable":true,"href":"https:\/\/www.justcolor.net\/ninos\/wp-json\/wp\/v2\/tags?post=1677"}],"curies":[{"name":"wp","href":"https:\/\/api.w.org\/{rel}","templated":true}]}}