{"id":1793,"date":"2013-12-06T15:40:03","date_gmt":"2013-12-06T14:40:03","guid":{"rendered":"https:\/\/www.justcolor.net\/ninos\/ninos\/?page_id=1793"},"modified":"2017-02-06T11:49:54","modified_gmt":"2017-02-06T10:49:54","slug":"arbol-de-navidad","status":"publish","type":"page","link":"https:\/\/www.justcolor.net\/ninos\/eventos\/navidad\/arbol-de-navidad\/","title":{"rendered":"Arbol de navidad"},"content":{"rendered":"<p>no images were found<\/p>\n\n","protected":false},"excerpt":{"rendered":"<p>Para introducir esta galer\u00eda de colores de \u00e1rboles de Navidad, hemos encontrado esta bonita cita de 2004, de Juan Pablo II: <i>\u00abEn invierno, el \u00e1rbol siempre verde se convierte en la marca de la vida que no muere. A los pies del \u00e1rbol de Navidad decorado se suelen colocar los regalos. [&#8230;] El mensaje del \u00e1rbol de Navidad es, pues, que la vida permanece verde y que es don, no material sino de s\u00ed misma, en la amistad y en el afecto, en la ayuda mutua fraterna y en el perd\u00f3n, en el compartir y en la escucha del otro. \u00ab<\/i><\/p>\n","protected":false},"author":1,"featured_media":0,"parent":144,"menu_order":0,"comment_status":"closed","ping_status":"closed","template":"","meta":{"ngg_post_thumbnail":0,"footnotes":""},"tags":[238,993,413,446,588],"class_list":{"0":"post-1793","1":"page","2":"type-page","3":"status-publish","5":"tag-fetes","6":"tag-gallery","7":"tag-noel","8":"tag-pere-noel","9":"tag-traditions"},"_links":{"self":[{"href":"https:\/\/www.justcolor.net\/ninos\/wp-json\/wp\/v2\/pages\/1793","targetHints":{"allow":["GET"]}}],"collection":[{"href":"https:\/\/www.justcolor.net\/ninos\/wp-json\/wp\/v2\/pages"}],"about":[{"href":"https:\/\/www.justcolor.net\/ninos\/wp-json\/wp\/v2\/types\/page"}],"author":[{"embeddable":true,"href":"https:\/\/www.justcolor.net\/ninos\/wp-json\/wp\/v2\/users\/1"}],"replies":[{"embeddable":true,"href":"https:\/\/www.justcolor.net\/ninos\/wp-json\/wp\/v2\/comments?post=1793"}],"version-history":[{"count":0,"href":"https:\/\/www.justcolor.net\/ninos\/wp-json\/wp\/v2\/pages\/1793\/revisions"}],"up":[{"embeddable":true,"href":"https:\/\/www.justcolor.net\/ninos\/wp-json\/wp\/v2\/pages\/144"}],"wp:attachment":[{"href":"https:\/\/www.justcolor.net\/ninos\/wp-json\/wp\/v2\/media?parent=1793"}],"wp:term":[{"taxonomy":"post_tag","embeddable":true,"href":"https:\/\/www.justcolor.net\/ninos\/wp-json\/wp\/v2\/tags?post=1793"}],"curies":[{"name":"wp","href":"https:\/\/api.w.org\/{rel}","templated":true}]}}