{"id":2442,"date":"2014-03-05T10:20:56","date_gmt":"2014-03-05T09:20:56","guid":{"rendered":"https:\/\/www.justcolor.net\/ninos\/ninos\/?page_id=2442"},"modified":"2017-11-06T16:09:16","modified_gmt":"2017-11-06T15:09:16","slug":"obras-de-arte","status":"publish","type":"page","link":"https:\/\/www.justcolor.net\/ninos\/obras-de-arte\/","title":{"rendered":"Inspirado en el arte"},"content":{"rendered":"<div class=\"gallery-grid\">\n    <div class=\"gallery-grid-item\">\n        <div class=\"ngg-album-link\">\n            <a class=\"gallery_link\" href=\"https:\/\/www.justcolor.net\/ninos\/obras-de-arte\/warhol\/\" title=\"P\u00e1ginas de Andy Warhol para imprimir para ni\u00f1os\">\n                <img class=\"Thumb\"\n                     alt=\"P\u00e1ginas de Andy Warhol para imprimir para ni\u00f1os\"\n                     src=\"https:\/\/www.justcolor.net\/ninos\/wp-content\/uploads\/sites\/25\/nggallery\/warhol\/cache\/dibujos-para-colorear-para-ninos-de-andy-warhol-85899.jpg-nggid046852-ngg0dyn-182x136-00f0w010c011r110f110r010t010.jpg\"\n                     loading=\"lazy\"\n                     width=\"250\"\n                     height=\"150\" \/>\n            <\/a>\n        <\/div>\n        <h2 class=\"gallery-grid-album-lig1\">\n            <a class=\"ngg-album-desc\"\n               title=\"P\u00e1ginas de Andy Warhol  para imprimir\"\n               href=\"https:\/\/www.justcolor.net\/ninos\/obras-de-arte\/warhol\/\">\n                Andy Warhol            <\/a>\n        <\/h2>\n    <\/div>\n    <div class=\"gallery-grid-item\">\n        <div class=\"ngg-album-link\">\n            <a class=\"gallery_link\" href=\"https:\/\/www.justcolor.net\/ninos\/coloracion-educativa\/art-nouveau\/\" title=\"P\u00e1ginas de Art Nouveau para imprimir para ni\u00f1os\">\n                <img class=\"Thumb\"\n                     alt=\"P\u00e1ginas de Art Nouveau para imprimir para ni\u00f1os\"\n                     src=\"https:\/\/www.justcolor.net\/ninos\/wp-content\/uploads\/sites\/25\/nggallery\/art-nouveau\/cache\/dibujos-para-colorear-para-ninos-de-art-nouveau-50593.jpg-nggid047970-ngg0dyn-182x136-00f0w010c011r110f110r010t010.jpg\"\n                     loading=\"lazy\"\n                     width=\"250\"\n                     height=\"150\" \/>\n            <\/a>\n        <\/div>\n        <h2 class=\"gallery-grid-album-lig1\">\n            <a class=\"ngg-album-desc\"\n               title=\"P\u00e1ginas de Art Nouveau  para imprimir\"\n               href=\"https:\/\/www.justcolor.net\/ninos\/coloracion-educativa\/art-nouveau\/\">\n                Art Nouveau            <\/a>\n        <\/h2>\n    <\/div>\n    <div class=\"gallery-grid-item\">\n        <div class=\"ngg-album-link\">\n            <a class=\"gallery_link\" href=\"https:\/\/www.justcolor.net\/ninos\/coloracion-educativa\/art-deco\/\" title=\"P\u00e1ginas de Art deco para imprimir para ni\u00f1os\">\n                <img class=\"Thumb\"\n                     alt=\"P\u00e1ginas de Art deco para imprimir para ni\u00f1os\"\n                     src=\"https:\/\/www.justcolor.net\/ninos\/wp-content\/uploads\/sites\/25\/nggallery\/art-deco\/cache\/dibujos-para-colorear-para-ninos-art-deco-48580.jpeg-nggid0511404-ngg0dyn-182x136-00f0w010c011r110f110r010t010.jpeg\"\n                     loading=\"lazy\"\n                     width=\"250\"\n                     height=\"150\" \/>\n            <\/a>\n        <\/div>\n        <h2 class=\"gallery-grid-album-lig1\">\n            <a class=\"ngg-album-desc\"\n               title=\"P\u00e1ginas de Art deco  para imprimir\"\n               href=\"https:\/\/www.justcolor.net\/ninos\/coloracion-educativa\/art-deco\/\">\n                Art deco            <\/a>\n        <\/h2>\n    <\/div>\n    <div class=\"gallery-grid-item\">\n        <div class=\"ngg-album-link\">\n            <a class=\"gallery_link\" href=\"https:\/\/www.justcolor.net\/ninos\/obras-de-arte\/monet\/\" title=\"P\u00e1ginas de Claude Monet para imprimir para ni\u00f1os\">\n                <img class=\"Thumb\"\n                     alt=\"P\u00e1ginas de Claude Monet para imprimir para ni\u00f1os\"\n                     src=\"https:\/\/www.justcolor.net\/ninos\/wp-content\/uploads\/sites\/25\/nggallery\/monet\/cache\/dibujos-para-colorear-para-ninos-de-claude-monet-66570.jpg-nggid044356-ngg0dyn-182x136-00f0w010c011r110f110r010t010.jpg\"\n                     loading=\"lazy\"\n                     width=\"250\"\n                     height=\"150\" \/>\n            <\/a>\n        <\/div>\n        <h2 class=\"gallery-grid-album-lig1\">\n            <a class=\"ngg-album-desc\"\n               title=\"P\u00e1ginas de Claude Monet  para imprimir\"\n               href=\"https:\/\/www.justcolor.net\/ninos\/obras-de-arte\/monet\/\">\n                Claude Monet            <\/a>\n        <\/h2>\n    <\/div>\n    <div class=\"gallery-grid-item\">\n        <div class=\"ngg-album-link\">\n            <a class=\"gallery_link\" href=\"https:\/\/www.justcolor.net\/ninos\/obras-de-arte\/velasquez\/\" title=\"P\u00e1ginas de Diedo Velasquez para imprimir para ni\u00f1os\">\n                <img class=\"Thumb\"\n                     alt=\"P\u00e1ginas de Diedo Velasquez para imprimir para ni\u00f1os\"\n                     src=\"https:\/\/www.justcolor.net\/ninos\/wp-content\/uploads\/sites\/25\/nggallery\/velasquez\/cache\/dibujos-para-colorear-para-ninos-de-diedo-velasquez-81629.jpg-nggid044347-ngg0dyn-182x136-00f0w010c011r110f110r010t010.jpg\"\n                     loading=\"lazy\"\n                     width=\"250\"\n                     height=\"150\" \/>\n            <\/a>\n        <\/div>\n        <h2 class=\"gallery-grid-album-lig1\">\n            <a class=\"ngg-album-desc\"\n               title=\"P\u00e1ginas de Diedo Velasquez  para imprimir\"\n               href=\"https:\/\/www.justcolor.net\/ninos\/obras-de-arte\/velasquez\/\">\n                Diedo Velasquez            <\/a>\n        <\/h2>\n    <\/div>\n    <div class=\"gallery-grid-item\">\n        <div class=\"ngg-album-link\">\n            <a class=\"gallery_link\" href=\"https:\/\/www.justcolor.net\/ninos\/obras-de-arte\/fernand-leger\/\" title=\"P\u00e1ginas de Fernand L\u00e9ger para imprimir para ni\u00f1os\">\n                <img class=\"Thumb\"\n                     alt=\"P\u00e1ginas de Fernand L\u00e9ger para imprimir para ni\u00f1os\"\n                     src=\"https:\/\/www.justcolor.net\/ninos\/wp-content\/uploads\/sites\/25\/nggallery\/fernand-leger\/cache\/dibujos-para-colorear-para-ninos-de-fernand-leger-31510.jpg-nggid047975-ngg0dyn-182x136-00f0w010c011r110f110r010t010.jpg\"\n                     loading=\"lazy\"\n                     width=\"250\"\n                     height=\"150\" \/>\n            <\/a>\n        <\/div>\n        <h2 class=\"gallery-grid-album-lig1\">\n            <a class=\"ngg-album-desc\"\n               title=\"P\u00e1ginas de Fernand L\u00e9ger  para imprimir\"\n               href=\"https:\/\/www.justcolor.net\/ninos\/obras-de-arte\/fernand-leger\/\">\n                Fernand L\u00e9ger            <\/a>\n        <\/h2>\n    <\/div>\n    <div class=\"gallery-grid-item\">\n        <div class=\"ngg-album-link\">\n            <a class=\"gallery_link\" href=\"https:\/\/www.justcolor.net\/ninos\/obras-de-arte\/frida-kahlo\/\" title=\"P\u00e1ginas de Frida Kahlo para imprimir para ni\u00f1os\">\n                <img class=\"Thumb\"\n                     alt=\"P\u00e1ginas de Frida Kahlo para imprimir para ni\u00f1os\"\n                     src=\"https:\/\/www.justcolor.net\/ninos\/wp-content\/uploads\/sites\/25\/nggallery\/frida-kahlo\/cache\/dibujos-para-colorear-para-ninos-de-frida-kahlo-58969.jpg-nggid047986-ngg0dyn-182x136-00f0w010c011r110f110r010t010.jpg\"\n                     loading=\"lazy\"\n                     width=\"250\"\n                     height=\"150\" \/>\n            <\/a>\n        <\/div>\n        <h2 class=\"gallery-grid-album-lig1\">\n            <a class=\"ngg-album-desc\"\n               title=\"P\u00e1ginas de Frida Kahlo  para imprimir\"\n               href=\"https:\/\/www.justcolor.net\/ninos\/obras-de-arte\/frida-kahlo\/\">\n                Frida Kahlo            <\/a>\n        <\/h2>\n    <\/div>\n    <div class=\"gallery-grid-item\">\n        <div class=\"ngg-album-link\">\n            <a class=\"gallery_link\" href=\"https:\/\/www.justcolor.net\/ninos\/obras-de-arte\/henri-matisse\/\" title=\"P\u00e1ginas de Henri Matisse para imprimir para ni\u00f1os\">\n                <img class=\"Thumb\"\n                     alt=\"P\u00e1ginas de Henri Matisse para imprimir para ni\u00f1os\"\n                     src=\"https:\/\/www.justcolor.net\/ninos\/wp-content\/uploads\/sites\/25\/nggallery\/henri-matisse\/cache\/dibujos-para-colorear-para-ninos-de-henri-matisse-60091.jpg-nggid047982-ngg0dyn-182x136-00f0w010c011r110f110r010t010.jpg\"\n                     loading=\"lazy\"\n                     width=\"250\"\n                     height=\"150\" \/>\n            <\/a>\n        <\/div>\n        <h2 class=\"gallery-grid-album-lig1\">\n            <a class=\"ngg-album-desc\"\n               title=\"P\u00e1ginas de Henri Matisse  para imprimir\"\n               href=\"https:\/\/www.justcolor.net\/ninos\/obras-de-arte\/henri-matisse\/\">\n                Henri Matisse            <\/a>\n        <\/h2>\n    <\/div>\n    <div class=\"gallery-grid-item\">\n        <div class=\"ngg-album-link\">\n            <a class=\"gallery_link\" href=\"https:\/\/www.justcolor.net\/ninos\/obras-de-arte\/joan-miro\/\" title=\"P\u00e1ginas de Joan Mir\u00f3 para imprimir para ni\u00f1os\">\n                <img class=\"Thumb\"\n                     alt=\"P\u00e1ginas de Joan Mir\u00f3 para imprimir para ni\u00f1os\"\n                     src=\"https:\/\/www.justcolor.net\/ninos\/wp-content\/uploads\/sites\/25\/nggallery\/joan-miro\/cache\/dibujos-para-colorear-para-ninos-de-joan-miro-26115.jpg-nggid047983-ngg0dyn-182x136-00f0w010c011r110f110r010t010.jpg\"\n                     loading=\"lazy\"\n                     width=\"250\"\n                     height=\"150\" \/>\n            <\/a>\n        <\/div>\n        <h2 class=\"gallery-grid-album-lig1\">\n            <a class=\"ngg-album-desc\"\n               title=\"P\u00e1ginas de Joan Mir\u00f3  para imprimir\"\n               href=\"https:\/\/www.justcolor.net\/ninos\/obras-de-arte\/joan-miro\/\">\n                Joan Mir\u00f3            <\/a>\n        <\/h2>\n    <\/div>\n    <div class=\"gallery-grid-item\">\n        <div class=\"ngg-album-link\">\n            <a class=\"gallery_link\" href=\"https:\/\/www.justcolor.net\/ninos\/obras-de-arte\/klimt\/\" title=\"P\u00e1ginas de Klimt para imprimir para ni\u00f1os\">\n                <img class=\"Thumb\"\n                     alt=\"P\u00e1ginas de Klimt para imprimir para ni\u00f1os\"\n                     src=\"https:\/\/www.justcolor.net\/ninos\/wp-content\/uploads\/sites\/25\/nggallery\/klimt\/cache\/dibujos-para-colorear-para-ninos-de-klimt-71288.jpg-nggid046842-ngg0dyn-182x136-00f0w010c011r110f110r010t010.jpg\"\n                     loading=\"lazy\"\n                     width=\"250\"\n                     height=\"150\" \/>\n            <\/a>\n        <\/div>\n        <h2 class=\"gallery-grid-album-lig1\">\n            <a class=\"ngg-album-desc\"\n               title=\"P\u00e1ginas de Klimt  para imprimir\"\n               href=\"https:\/\/www.justcolor.net\/ninos\/obras-de-arte\/klimt\/\">\n                Klimt            <\/a>\n        <\/h2>\n    <\/div>\n    <div class=\"gallery-grid-item\">\n        <div class=\"ngg-album-link\">\n            <a class=\"gallery_link\" href=\"https:\/\/www.justcolor.net\/ninos\/obras-de-arte\/leonardo-da-vinci\/\" title=\"P\u00e1ginas de Leonardo Da Vinci para imprimir para ni\u00f1os\">\n                <img class=\"Thumb\"\n                     alt=\"P\u00e1ginas de Leonardo Da Vinci para imprimir para ni\u00f1os\"\n                     src=\"https:\/\/www.justcolor.net\/ninos\/wp-content\/uploads\/sites\/25\/nggallery\/leonardo-da-vinci\/cache\/dibujos-para-colorear-para-ninos-de-leonardo-da-vinci-91365.jpg-nggid044377-ngg0dyn-182x136-00f0w010c011r110f110r010t010.jpg\"\n                     loading=\"lazy\"\n                     width=\"250\"\n                     height=\"150\" \/>\n            <\/a>\n        <\/div>\n        <h2 class=\"gallery-grid-album-lig1\">\n            <a class=\"ngg-album-desc\"\n               title=\"P\u00e1ginas de Leonardo Da Vinci  para imprimir\"\n               href=\"https:\/\/www.justcolor.net\/ninos\/obras-de-arte\/leonardo-da-vinci\/\">\n                Leonardo Da Vinci            <\/a>\n        <\/h2>\n    <\/div>\n    <div class=\"gallery-grid-item\">\n        <div class=\"ngg-album-link\">\n            <a class=\"gallery_link\" href=\"https:\/\/www.justcolor.net\/ninos\/obras-de-arte\/pablo-picasso\/\" title=\"P\u00e1ginas de Pablo Picasso para imprimir para ni\u00f1os\">\n                <img class=\"Thumb\"\n                     alt=\"P\u00e1ginas de Pablo Picasso para imprimir para ni\u00f1os\"\n                     src=\"https:\/\/www.justcolor.net\/ninos\/wp-content\/uploads\/sites\/25\/nggallery\/pablo-picasso\/cache\/dibujos-para-colorear-para-ninos-de-pablo-picasso-15561.jpg-nggid044368-ngg0dyn-182x136-00f0w010c011r110f110r010t010.jpg\"\n                     loading=\"lazy\"\n                     width=\"250\"\n                     height=\"150\" \/>\n            <\/a>\n        <\/div>\n        <h2 class=\"gallery-grid-album-lig1\">\n            <a class=\"ngg-album-desc\"\n               title=\"P\u00e1ginas de Pablo Picasso  para imprimir\"\n               href=\"https:\/\/www.justcolor.net\/ninos\/obras-de-arte\/pablo-picasso\/\">\n                Pablo Picasso            <\/a>\n        <\/h2>\n    <\/div>\n    <div class=\"gallery-grid-item\">\n        <div class=\"ngg-album-link\">\n            <a class=\"gallery_link\" href=\"https:\/\/www.justcolor.net\/ninos\/obras-de-arte\/cezanne\/\" title=\"P\u00e1ginas de Paul Cezanne para imprimir para ni\u00f1os\">\n                <img class=\"Thumb\"\n                     alt=\"P\u00e1ginas de Paul Cezanne para imprimir para ni\u00f1os\"\n                     src=\"https:\/\/www.justcolor.net\/ninos\/wp-content\/uploads\/sites\/25\/nggallery\/cezanne\/cache\/dibujos-para-colorear-para-ninos-de-paul-cezanne-28795.gif-nggid044369-ngg0dyn-182x136-00f0w010c011r110f110r010t010.gif\"\n                     loading=\"lazy\"\n                     width=\"250\"\n                     height=\"150\" \/>\n            <\/a>\n        <\/div>\n        <h2 class=\"gallery-grid-album-lig1\">\n            <a class=\"ngg-album-desc\"\n               title=\"P\u00e1ginas de Paul Cezanne  para imprimir\"\n               href=\"https:\/\/www.justcolor.net\/ninos\/obras-de-arte\/cezanne\/\">\n                Paul Cezanne            <\/a>\n        <\/h2>\n    <\/div>\n    <div class=\"gallery-grid-item\">\n        <div class=\"ngg-album-link\">\n            <a class=\"gallery_link\" href=\"https:\/\/www.justcolor.net\/ninos\/obras-de-arte\/gaughin\/\" title=\"P\u00e1ginas de Paul Gauguin para imprimir para ni\u00f1os\">\n                <img class=\"Thumb\"\n                     alt=\"P\u00e1ginas de Paul Gauguin para imprimir para ni\u00f1os\"\n                     src=\"https:\/\/www.justcolor.net\/ninos\/wp-content\/uploads\/sites\/25\/nggallery\/gaughin\/cache\/dibujos-para-colorear-para-ninos-de-paul-gauguin-4928.jpg-nggid044360-ngg0dyn-182x136-00f0w010c011r110f110r010t010.jpg\"\n                     loading=\"lazy\"\n                     width=\"250\"\n                     height=\"150\" \/>\n            <\/a>\n        <\/div>\n        <h2 class=\"gallery-grid-album-lig1\">\n            <a class=\"ngg-album-desc\"\n               title=\"P\u00e1ginas de Paul Gauguin  para imprimir\"\n               href=\"https:\/\/www.justcolor.net\/ninos\/obras-de-arte\/gaughin\/\">\n                Paul Gauguin            <\/a>\n        <\/h2>\n    <\/div>\n    <div class=\"gallery-grid-item\">\n        <div class=\"ngg-album-link\">\n            <a class=\"gallery_link\" href=\"https:\/\/www.justcolor.net\/ninos\/obras-de-arte\/renoir\/\" title=\"P\u00e1ginas de Pierre-Auguste Renoir para imprimir para ni\u00f1os\">\n                <img class=\"Thumb\"\n                     alt=\"P\u00e1ginas de Pierre-Auguste Renoir para imprimir para ni\u00f1os\"\n                     src=\"https:\/\/www.justcolor.net\/ninos\/wp-content\/uploads\/sites\/25\/nggallery\/renoir\/cache\/dibujos-para-colorear-para-ninos-de-pierre-auguste-renoir-13752.jpg-nggid044352-ngg0dyn-182x136-00f0w010c011r110f110r010t010.jpg\"\n                     loading=\"lazy\"\n                     width=\"250\"\n                     height=\"150\" \/>\n            <\/a>\n        <\/div>\n        <h2 class=\"gallery-grid-album-lig1\">\n            <a class=\"ngg-album-desc\"\n               title=\"P\u00e1ginas de Pierre-Auguste Renoir  para imprimir\"\n               href=\"https:\/\/www.justcolor.net\/ninos\/obras-de-arte\/renoir\/\">\n                Pierre-Auguste Renoir            <\/a>\n        <\/h2>\n    <\/div>\n    <div class=\"gallery-grid-item\">\n        <div class=\"ngg-album-link\">\n            <a class=\"gallery_link\" href=\"https:\/\/www.justcolor.net\/ninos\/obras-de-arte\/roy-lichtenstein\/\" title=\"P\u00e1ginas de Roy Lichtenstein para imprimir para ni\u00f1os\">\n                <img class=\"Thumb\"\n                     alt=\"P\u00e1ginas de Roy Lichtenstein para imprimir para ni\u00f1os\"\n                     src=\"https:\/\/www.justcolor.net\/ninos\/wp-content\/uploads\/sites\/25\/nggallery\/roy-lichtenstein\/cache\/dibujos-para-colorear-para-ninos-de-roy-lichtenstein-48933.jpg-nggid046846-ngg0dyn-182x136-00f0w010c011r110f110r010t010.jpg\"\n                     loading=\"lazy\"\n                     width=\"250\"\n                     height=\"150\" \/>\n            <\/a>\n        <\/div>\n        <h2 class=\"gallery-grid-album-lig1\">\n            <a class=\"ngg-album-desc\"\n               title=\"P\u00e1ginas de Roy Lichtenstein  para imprimir\"\n               href=\"https:\/\/www.justcolor.net\/ninos\/obras-de-arte\/roy-lichtenstein\/\">\n                Roy Lichtenstein            <\/a>\n        <\/h2>\n    <\/div>\n    <div class=\"gallery-grid-item\">\n        <div class=\"ngg-album-link\">\n            <a class=\"gallery_link\" href=\"https:\/\/www.justcolor.net\/ninos\/obras-de-arte\/salvador-dali\/\" title=\"P\u00e1ginas de Salvador Dal\u00ed para imprimir para ni\u00f1os\">\n                <img class=\"Thumb\"\n                     alt=\"P\u00e1ginas de Salvador Dal\u00ed para imprimir para ni\u00f1os\"\n                     src=\"https:\/\/www.justcolor.net\/ninos\/wp-content\/uploads\/sites\/25\/nggallery\/salvador-dali\/cache\/dibujos-para-colorear-para-ninos-de-salvador-dali-62419.jpg-nggid046840-ngg0dyn-182x136-00f0w010c011r110f110r010t010.jpg\"\n                     loading=\"lazy\"\n                     width=\"250\"\n                     height=\"150\" \/>\n            <\/a>\n        <\/div>\n        <h2 class=\"gallery-grid-album-lig1\">\n            <a class=\"ngg-album-desc\"\n               title=\"P\u00e1ginas de Salvador Dal\u00ed  para imprimir\"\n               href=\"https:\/\/www.justcolor.net\/ninos\/obras-de-arte\/salvador-dali\/\">\n                Salvador Dal\u00ed            <\/a>\n        <\/h2>\n    <\/div>\n    <div class=\"gallery-grid-item\">\n        <div class=\"ngg-album-link\">\n            <a class=\"gallery_link\" href=\"https:\/\/www.justcolor.net\/ninos\/obras-de-arte\/shy-guy\/\" title=\"P\u00e1ginas de Shy Guy para imprimir para ni\u00f1os\">\n                <img class=\"Thumb\"\n                     alt=\"P\u00e1ginas de Shy Guy para imprimir para ni\u00f1os\"\n                     src=\"https:\/\/www.justcolor.net\/ninos\/wp-content\/uploads\/sites\/25\/nggallery\/shy-guy\/cache\/dibujos-para-colorear-para-ninos-shy-guy-30400.jpeg-nggid0512247-ngg0dyn-182x136-00f0w010c011r110f110r010t010.jpeg\"\n                     loading=\"lazy\"\n                     width=\"250\"\n                     height=\"150\" \/>\n            <\/a>\n        <\/div>\n        <h2 class=\"gallery-grid-album-lig1\">\n            <a class=\"ngg-album-desc\"\n               title=\"P\u00e1ginas de Shy Guy  para imprimir\"\n               href=\"https:\/\/www.justcolor.net\/ninos\/obras-de-arte\/shy-guy\/\">\n                Shy Guy            <\/a>\n        <\/h2>\n    <\/div>\n    <div class=\"gallery-grid-item\">\n        <div class=\"ngg-album-link\">\n            <a class=\"gallery_link\" href=\"https:\/\/www.justcolor.net\/ninos\/obras-de-arte\/vermeer\/\" title=\"P\u00e1ginas de Vermeer para imprimir para ni\u00f1os\">\n                <img class=\"Thumb\"\n                     alt=\"P\u00e1ginas de Vermeer para imprimir para ni\u00f1os\"\n                     src=\"https:\/\/www.justcolor.net\/ninos\/wp-content\/uploads\/sites\/25\/nggallery\/vermeer\/cache\/dibujos-para-colorear-para-ninos-de-vermeer-34894.gif-nggid044376-ngg0dyn-182x136-00f0w010c011r110f110r010t010.gif\"\n                     loading=\"lazy\"\n                     width=\"250\"\n                     height=\"150\" \/>\n            <\/a>\n        <\/div>\n        <h2 class=\"gallery-grid-album-lig1\">\n            <a class=\"ngg-album-desc\"\n               title=\"P\u00e1ginas de Vermeer  para imprimir\"\n               href=\"https:\/\/www.justcolor.net\/ninos\/obras-de-arte\/vermeer\/\">\n                Vermeer            <\/a>\n        <\/h2>\n    <\/div>\n    <div class=\"gallery-grid-item\">\n        <div class=\"ngg-album-link\">\n            <a class=\"gallery_link\" href=\"https:\/\/www.justcolor.net\/ninos\/obras-de-arte\/van-gogh\/\" title=\"P\u00e1ginas de Vincent Van Gogh para imprimir para ni\u00f1os\">\n                <img class=\"Thumb\"\n                     alt=\"P\u00e1ginas de Vincent Van Gogh para imprimir para ni\u00f1os\"\n                     src=\"https:\/\/www.justcolor.net\/ninos\/wp-content\/uploads\/sites\/25\/nggallery\/van-gogh\/cache\/dibujos-para-colorear-para-ninos-de-vincent-van-gogh-66535.gif-nggid044372-ngg0dyn-182x136-00f0w010c011r110f110r010t010.gif\"\n                     loading=\"lazy\"\n                     width=\"250\"\n                     height=\"150\" \/>\n            <\/a>\n        <\/div>\n        <h2 class=\"gallery-grid-album-lig1\">\n            <a class=\"ngg-album-desc\"\n               title=\"P\u00e1ginas de Vincent Van Gogh  para imprimir\"\n               href=\"https:\/\/www.justcolor.net\/ninos\/obras-de-arte\/van-gogh\/\">\n                Vincent Van Gogh            <\/a>\n        <\/h2>\n    <\/div>\n    <div class=\"gallery-grid-item\">\n        <div class=\"ngg-album-link\">\n            <a class=\"gallery_link\" href=\"https:\/\/www.justcolor.net\/ninos\/obras-de-arte\/manet\/\" title=\"P\u00e1ginas de \u00c9douard Manet para imprimir para ni\u00f1os\">\n                <img class=\"Thumb\"\n                     alt=\"P\u00e1ginas de \u00c9douard Manet para imprimir para ni\u00f1os\"\n                     src=\"https:\/\/www.justcolor.net\/ninos\/wp-content\/uploads\/sites\/25\/nggallery\/manet\/cache\/dibujos-para-colorear-para-ninos-de-edouard-manet-33106.gif-nggid044358-ngg0dyn-182x136-00f0w010c011r110f110r010t010.gif\"\n                     loading=\"lazy\"\n                     width=\"250\"\n                     height=\"150\" \/>\n            <\/a>\n        <\/div>\n        <h2 class=\"gallery-grid-album-lig1\">\n            <a class=\"ngg-album-desc\"\n               title=\"P\u00e1ginas de \u00c9douard Manet  para imprimir\"\n               href=\"https:\/\/www.justcolor.net\/ninos\/obras-de-arte\/manet\/\">\n                \u00c9douard Manet            <\/a>\n        <\/h2>\n    <\/div>\n<br class=\"ngg-clear\"\/>\n<div class='ngg-clear'><\/div><\/div>\n\n","protected":false},"excerpt":{"rendered":"<p>\u00a1Deja que tus hijos descubran a los grandes maestros del arte con nuestras <b>hojas para colorear imprimibles<\/b>! Desde el elegante <b>Impresionismo<\/b> de <b>Monet y Renoir<\/b> hasta el vibrante <b>Arte Pop<\/b> de <b>Warhol y Lichtenstein<\/b>, nuestra colecci\u00f3n abarca una variedad de estilos y \u00e9pocas. Tambi\u00e9n encontrar\u00e1s p\u00e1ginas para colorear de obras y artistas menos conocidos, igualmente fascinantes y enriquecedoras.<\/p>\n<p>Explore intrincados <b>dibujos Art Nouveau y Art D\u00e9co<\/b>, o d\u00e9jeles experimentar con los mundos surrealistas de <b>Dal\u00ed<\/b> y las audaces expresiones de <b>Frida Kahlo<\/b>.<\/p>\n<p>Cada galer\u00eda ofrece <b>im\u00e1genes imprimibles<\/b> \u00fanicas que invitan a ni\u00f1os e incluso adultos a explorar el mundo del arte de una manera divertida y creativa. El objetivo es nutrir la cultura art\u00edstica de todos de una manera agradable y atractiva. \u00a1Todo lo que tienes que hacer es elegir la obra maestra que colorear\u00e1n a continuaci\u00f3n!<\/p>\n","protected":false},"author":1,"featured_media":0,"parent":0,"menu_order":0,"comment_status":"closed","ping_status":"closed","template":"","meta":{"ngg_post_thumbnail":0,"footnotes":""},"tags":[3423],"class_list":{"0":"post-2442","1":"page","2":"type-page","3":"status-publish","5":"tag-supergallery"},"_links":{"self":[{"href":"https:\/\/www.justcolor.net\/ninos\/wp-json\/wp\/v2\/pages\/2442","targetHints":{"allow":["GET"]}}],"collection":[{"href":"https:\/\/www.justcolor.net\/ninos\/wp-json\/wp\/v2\/pages"}],"about":[{"href":"https:\/\/www.justcolor.net\/ninos\/wp-json\/wp\/v2\/types\/page"}],"author":[{"embeddable":true,"href":"https:\/\/www.justcolor.net\/ninos\/wp-json\/wp\/v2\/users\/1"}],"replies":[{"embeddable":true,"href":"https:\/\/www.justcolor.net\/ninos\/wp-json\/wp\/v2\/comments?post=2442"}],"version-history":[{"count":0,"href":"https:\/\/www.justcolor.net\/ninos\/wp-json\/wp\/v2\/pages\/2442\/revisions"}],"wp:attachment":[{"href":"https:\/\/www.justcolor.net\/ninos\/wp-json\/wp\/v2\/media?parent=2442"}],"wp:term":[{"taxonomy":"post_tag","embeddable":true,"href":"https:\/\/www.justcolor.net\/ninos\/wp-json\/wp\/v2\/tags?post=2442"}],"curies":[{"name":"wp","href":"https:\/\/api.w.org\/{rel}","templated":true}]}}