{"id":26298,"date":"2023-08-30T07:57:26","date_gmt":"2023-08-30T05:57:26","guid":{"rendered":"https:\/\/www.justcolor.net\/ninos\/?page_id=26298"},"modified":"2023-09-06T11:29:08","modified_gmt":"2023-09-06T09:29:08","slug":"eventos","status":"publish","type":"page","link":"https:\/\/www.justcolor.net\/ninos\/eventos\/","title":{"rendered":"Fiestas y celebraciones"},"content":{"rendered":"\n<div class=\"gallery-grid\">\n    <div class=\"gallery-grid-item\">\n        <div class=\"ngg-album-link\">\n            <a class=\"gallery_link\" href=\"https:\/\/www.justcolor.net\/ninos\/eventos\/4-de-julio\/\" title=\"P\u00e1ginas de 4 de julio para imprimir para ni\u00f1os\">\n                <img class=\"Thumb\"\n                     alt=\"P\u00e1ginas de 4 de julio para imprimir para ni\u00f1os\"\n                     src=\"https:\/\/www.justcolor.net\/ninos\/wp-content\/uploads\/sites\/25\/nggallery\/4-de-julio\/cache\/dibujos-para-colorear-para-ninos-4-de-julio-60504.jpg-nggid0511718-ngg0dyn-182x136-00f0w010c011r110f110r010t010.jpg\"\n                     loading=\"lazy\"\n                     width=\"250\"\n                     height=\"150\" \/>\n            <\/a>\n        <\/div>\n        <h2 class=\"gallery-grid-album-lig1\">\n            <a class=\"ngg-album-desc\"\n               title=\"P\u00e1ginas de 4 de julio  para imprimir\"\n               href=\"https:\/\/www.justcolor.net\/ninos\/eventos\/4-de-julio\/\">\n                4 de julio            <\/a>\n        <\/h2>\n    <\/div>\n    <div class=\"gallery-grid-item\">\n        <div class=\"ngg-album-link\">\n            <a class=\"gallery_link\" href=\"https:\/\/www.justcolor.net\/ninos\/eventos\/accion-de-gracias\/\" title=\"P\u00e1ginas de Acci\u00f3n de gracias (Thanksgiving) para imprimir para ni\u00f1os\">\n                <img class=\"Thumb\"\n                     alt=\"P\u00e1ginas de Acci\u00f3n de gracias (Thanksgiving) para imprimir para ni\u00f1os\"\n                     src=\"https:\/\/www.justcolor.net\/ninos\/wp-content\/uploads\/sites\/25\/nggallery\/accion-de-gracias\/cache\/dibujos-para-colorear-para-ninos-de-accion-de-gracias-52890.jpg-nggid046774-ngg0dyn-182x136-00f0w010c011r110f110r010t010.jpg\"\n                     loading=\"lazy\"\n                     width=\"250\"\n                     height=\"150\" \/>\n            <\/a>\n        <\/div>\n        <h2 class=\"gallery-grid-album-lig1\">\n            <a class=\"ngg-album-desc\"\n               title=\"P\u00e1ginas de Acci\u00f3n de gracias (Thanksgiving)  para imprimir\"\n               href=\"https:\/\/www.justcolor.net\/ninos\/eventos\/accion-de-gracias\/\">\n                Acci\u00f3n de gracias (Thanksgiving)            <\/a>\n        <\/h2>\n    <\/div>\n    <div class=\"gallery-grid-item\">\n        <div class=\"ngg-album-link\">\n            <a class=\"gallery_link\" href=\"https:\/\/www.justcolor.net\/ninos\/eventos\/feliz-ano-nuevo\/\" title=\"P\u00e1ginas de A\u00f1o Nuevo Feliz a\u00f1o nuevo para imprimir para ni\u00f1os\">\n                <img class=\"Thumb\"\n                     alt=\"P\u00e1ginas de A\u00f1o Nuevo Feliz a\u00f1o nuevo para imprimir para ni\u00f1os\"\n                     src=\"https:\/\/www.justcolor.net\/ninos\/wp-content\/uploads\/sites\/25\/nggallery\/feliz-ano-nuevo\/thumbs\/thumbs_dibujos-para-colorear-para-ninos-de-ano-nuevo-feliz-ano-nuevo-3929.jpg\"\n                     loading=\"lazy\"\n                     width=\"250\"\n                     height=\"150\" \/>\n            <\/a>\n        <\/div>\n        <h2 class=\"gallery-grid-album-lig1\">\n            <a class=\"ngg-album-desc\"\n               title=\"P\u00e1ginas de A\u00f1o Nuevo Feliz a\u00f1o nuevo  para imprimir\"\n               href=\"https:\/\/www.justcolor.net\/ninos\/eventos\/feliz-ano-nuevo\/\">\n                A\u00f1o Nuevo Feliz a\u00f1o nuevo            <\/a>\n        <\/h2>\n    <\/div>\n    <div class=\"gallery-grid-item\">\n        <div class=\"ngg-album-link\">\n            <a class=\"gallery_link\" href=\"https:\/\/www.justcolor.net\/ninos\/eventos\/ano-nuevo-chino\/\" title=\"P\u00e1ginas de A\u00f1o Nuevo chino para imprimir para ni\u00f1os\">\n                <img class=\"Thumb\"\n                     alt=\"P\u00e1ginas de A\u00f1o Nuevo chino para imprimir para ni\u00f1os\"\n                     src=\"https:\/\/www.justcolor.net\/ninos\/wp-content\/uploads\/sites\/25\/nggallery\/ano-nuevo-chino\/cache\/dibujos-para-colorear-para-ninos-de-ano-nuevo-chino-43516.jpg-nggid042546-ngg0dyn-182x136-00f0w010c011r110f110r010t010.jpg\"\n                     loading=\"lazy\"\n                     width=\"250\"\n                     height=\"150\" \/>\n            <\/a>\n        <\/div>\n        <h2 class=\"gallery-grid-album-lig1\">\n            <a class=\"ngg-album-desc\"\n               title=\"P\u00e1ginas de A\u00f1o Nuevo chino  para imprimir\"\n               href=\"https:\/\/www.justcolor.net\/ninos\/eventos\/ano-nuevo-chino\/\">\n                A\u00f1o Nuevo chino            <\/a>\n        <\/h2>\n    <\/div>\n    <div class=\"gallery-grid-item\">\n        <div class=\"ngg-album-link\">\n            <a class=\"gallery_link\" href=\"https:\/\/www.justcolor.net\/ninos\/eventos\/carnaval\/\" title=\"P\u00e1ginas de Carnaval para imprimir para ni\u00f1os\">\n                <img class=\"Thumb\"\n                     alt=\"P\u00e1ginas de Carnaval para imprimir para ni\u00f1os\"\n                     src=\"https:\/\/www.justcolor.net\/ninos\/wp-content\/uploads\/sites\/25\/nggallery\/carnaval\/cache\/dibujos-para-colorear-para-ninos-de-carnaval-81614.jpg-nggid041461-ngg0dyn-182x136-00f0w010c011r110f110r010t010.jpg\"\n                     loading=\"lazy\"\n                     width=\"250\"\n                     height=\"150\" \/>\n            <\/a>\n        <\/div>\n        <h2 class=\"gallery-grid-album-lig1\">\n            <a class=\"ngg-album-desc\"\n               title=\"P\u00e1ginas de Carnaval  para imprimir\"\n               href=\"https:\/\/www.justcolor.net\/ninos\/eventos\/carnaval\/\">\n                Carnaval            <\/a>\n        <\/h2>\n    <\/div>\n    <div class=\"gallery-grid-item\">\n        <div class=\"ngg-album-link\">\n            <a class=\"gallery_link\" href=\"https:\/\/www.justcolor.net\/ninos\/eventos\/cinco-de-mayo\/\" title=\"P\u00e1ginas de Cinco De Mayo para imprimir para ni\u00f1os\">\n                <img class=\"Thumb\"\n                     alt=\"P\u00e1ginas de Cinco De Mayo para imprimir para ni\u00f1os\"\n                     src=\"https:\/\/www.justcolor.net\/ninos\/wp-content\/uploads\/sites\/25\/nggallery\/cinco-de-mayo\/cache\/dibujos-para-colorear-para-ninos-cinco-de-mayo-90950.jpg-nggid0511935-ngg0dyn-182x136-00f0w010c011r110f110r010t010.jpg\"\n                     loading=\"lazy\"\n                     width=\"250\"\n                     height=\"150\" \/>\n            <\/a>\n        <\/div>\n        <h2 class=\"gallery-grid-album-lig1\">\n            <a class=\"ngg-album-desc\"\n               title=\"P\u00e1ginas de Cinco De Mayo  para imprimir\"\n               href=\"https:\/\/www.justcolor.net\/ninos\/eventos\/cinco-de-mayo\/\">\n                Cinco De Mayo            <\/a>\n        <\/h2>\n    <\/div>\n    <div class=\"gallery-grid-item\">\n        <div class=\"ngg-album-link\">\n            <a class=\"gallery_link\" href=\"https:\/\/www.justcolor.net\/ninos\/eventos\/cumpleanos\/\" title=\"P\u00e1ginas de Cumplea\u00f1os para imprimir para ni\u00f1os\">\n                <img class=\"Thumb\"\n                     alt=\"P\u00e1ginas de Cumplea\u00f1os para imprimir para ni\u00f1os\"\n                     src=\"https:\/\/www.justcolor.net\/ninos\/wp-content\/uploads\/sites\/25\/nggallery\/cumpleanos\/cache\/dibujos-para-colorear-para-ninos-de-cumpleanos-71780.gif-nggid03379-ngg0dyn-182x136-00f0w010c011r110f110r010t010.gif\"\n                     loading=\"lazy\"\n                     width=\"250\"\n                     height=\"150\" \/>\n            <\/a>\n        <\/div>\n        <h2 class=\"gallery-grid-album-lig1\">\n            <a class=\"ngg-album-desc\"\n               title=\"P\u00e1ginas de Cumplea\u00f1os  para imprimir\"\n               href=\"https:\/\/www.justcolor.net\/ninos\/eventos\/cumpleanos\/\">\n                Cumplea\u00f1os            <\/a>\n        <\/h2>\n    <\/div>\n    <div class=\"gallery-grid-item\">\n        <div class=\"ngg-album-link\">\n            <a class=\"gallery_link\" href=\"https:\/\/www.justcolor.net\/ninos\/eventos\/dia-del-padre\/\" title=\"P\u00e1ginas de Dia del padre para imprimir para ni\u00f1os\">\n                <img class=\"Thumb\"\n                     alt=\"P\u00e1ginas de Dia del padre para imprimir para ni\u00f1os\"\n                     src=\"https:\/\/www.justcolor.net\/ninos\/wp-content\/uploads\/sites\/25\/nggallery\/dia-del-padre\/cache\/dibujos-para-colorear-para-ninos-de-dia-del-padre-8573.jpg-nggid047267-ngg0dyn-182x136-00f0w010c011r110f110r010t010.jpg\"\n                     loading=\"lazy\"\n                     width=\"250\"\n                     height=\"150\" \/>\n            <\/a>\n        <\/div>\n        <h2 class=\"gallery-grid-album-lig1\">\n            <a class=\"ngg-album-desc\"\n               title=\"P\u00e1ginas de Dia del padre  para imprimir\"\n               href=\"https:\/\/www.justcolor.net\/ninos\/eventos\/dia-del-padre\/\">\n                Dia del padre            <\/a>\n        <\/h2>\n    <\/div>\n    <div class=\"gallery-grid-item\">\n        <div class=\"ngg-album-link\">\n            <a class=\"gallery_link\" href=\"https:\/\/www.justcolor.net\/ninos\/eventos\/dia-de-san-valentin\/\" title=\"P\u00e1ginas de D\u00eda de San Valent\u00edn para imprimir para ni\u00f1os\">\n                <img class=\"Thumb\"\n                     alt=\"P\u00e1ginas de D\u00eda de San Valent\u00edn para imprimir para ni\u00f1os\"\n                     src=\"https:\/\/www.justcolor.net\/ninos\/wp-content\/uploads\/sites\/25\/nggallery\/dia-de-san-valent\u00edn\/thumbs\/thumbs_dibujos-para-colorear-para-ninos-de-dia-de-san-valentin-40708.jpg\"\n                     loading=\"lazy\"\n                     width=\"250\"\n                     height=\"150\" \/>\n            <\/a>\n        <\/div>\n        <h2 class=\"gallery-grid-album-lig1\">\n            <a class=\"ngg-album-desc\"\n               title=\"P\u00e1ginas de D\u00eda de San Valent\u00edn  para imprimir\"\n               href=\"https:\/\/www.justcolor.net\/ninos\/eventos\/dia-de-san-valentin\/\">\n                D\u00eda de San Valent\u00edn            <\/a>\n        <\/h2>\n    <\/div>\n    <div class=\"gallery-grid-item\">\n        <div class=\"ngg-album-link\">\n            <a class=\"gallery_link\" href=\"https:\/\/www.justcolor.net\/ninos\/eventos\/dia-de-la-madre\/\" title=\"P\u00e1ginas de D\u00eda de la Madre para imprimir para ni\u00f1os\">\n                <img class=\"Thumb\"\n                     alt=\"P\u00e1ginas de D\u00eda de la Madre para imprimir para ni\u00f1os\"\n                     src=\"https:\/\/www.justcolor.net\/ninos\/wp-content\/uploads\/sites\/25\/nggallery\/dia-de-la-madre\/cache\/dibujos-para-colorear-para-ninos-de-dia-de-la-madre-88741.jpg-nggid047268-ngg0dyn-182x136-00f0w010c011r110f110r010t010.jpg\"\n                     loading=\"lazy\"\n                     width=\"250\"\n                     height=\"150\" \/>\n            <\/a>\n        <\/div>\n        <h2 class=\"gallery-grid-album-lig1\">\n            <a class=\"ngg-album-desc\"\n               title=\"P\u00e1ginas de D\u00eda de la Madre  para imprimir\"\n               href=\"https:\/\/www.justcolor.net\/ninos\/eventos\/dia-de-la-madre\/\">\n                D\u00eda de la Madre            <\/a>\n        <\/h2>\n    <\/div>\n    <div class=\"gallery-grid-item\">\n        <div class=\"ngg-album-link\">\n            <a class=\"gallery_link\" href=\"https:\/\/www.justcolor.net\/ninos\/eventos\/dia-de-los-abuelos\/\" title=\"P\u00e1ginas de D\u00eda de los Abuelos para imprimir para ni\u00f1os\">\n                <img class=\"Thumb\"\n                     alt=\"P\u00e1ginas de D\u00eda de los Abuelos para imprimir para ni\u00f1os\"\n                     src=\"https:\/\/www.justcolor.net\/ninos\/wp-content\/uploads\/sites\/25\/nggallery\/dia-de-los-abuelos\/cache\/dibujos-para-colorear-para-ninos-de-dia-de-los-abuelos-78359.jpg-nggid047269-ngg0dyn-182x136-00f0w010c011r110f110r010t010.jpg\"\n                     loading=\"lazy\"\n                     width=\"250\"\n                     height=\"150\" \/>\n            <\/a>\n        <\/div>\n        <h2 class=\"gallery-grid-album-lig1\">\n            <a class=\"ngg-album-desc\"\n               title=\"P\u00e1ginas de D\u00eda de los Abuelos  para imprimir\"\n               href=\"https:\/\/www.justcolor.net\/ninos\/eventos\/dia-de-los-abuelos\/\">\n                D\u00eda de los Abuelos            <\/a>\n        <\/h2>\n    <\/div>\n    <div class=\"gallery-grid-item\">\n        <div class=\"ngg-album-link\">\n            <a class=\"gallery_link\" href=\"https:\/\/www.justcolor.net\/ninos\/coloracion-tematica\/dia-de-los-muertos\/\" title=\"P\u00e1ginas de D\u00eda de los Muertos para imprimir para ni\u00f1os\">\n                <img class=\"Thumb\"\n                     alt=\"P\u00e1ginas de D\u00eda de los Muertos para imprimir para ni\u00f1os\"\n                     src=\"https:\/\/www.justcolor.net\/ninos\/wp-content\/uploads\/sites\/25\/nggallery\/dia-de-los-muertos\/cache\/dibujos-para-colorear-para-ninos-de-dia-de-los-muertos-12052.jpg-nggid046022-ngg0dyn-182x136-00f0w010c011r110f110r010t010.jpg\"\n                     loading=\"lazy\"\n                     width=\"250\"\n                     height=\"150\" \/>\n            <\/a>\n        <\/div>\n        <h2 class=\"gallery-grid-album-lig1\">\n            <a class=\"ngg-album-desc\"\n               title=\"P\u00e1ginas de D\u00eda de los Muertos  para imprimir\"\n               href=\"https:\/\/www.justcolor.net\/ninos\/coloracion-tematica\/dia-de-los-muertos\/\">\n                D\u00eda de los Muertos            <\/a>\n        <\/h2>\n    <\/div>\n    <div class=\"gallery-grid-item\">\n        <div class=\"ngg-album-link\">\n            <a class=\"gallery_link\" href=\"https:\/\/www.justcolor.net\/ninos\/eventos\/festival-de-los-faroles\/\" title=\"P\u00e1ginas de Festival de los Faroles para imprimir para ni\u00f1os\">\n                <img class=\"Thumb\"\n                     alt=\"P\u00e1ginas de Festival de los Faroles para imprimir para ni\u00f1os\"\n                     src=\"https:\/\/www.justcolor.net\/ninos\/wp-content\/uploads\/sites\/25\/nggallery\/festival-de-los-faroles\/cache\/dibujos-para-colorear-para-ninos-fiesta-de-los-faroles-10960.jpg-nggid0511801-ngg0dyn-182x136-00f0w010c011r110f110r010t010.jpg\"\n                     loading=\"lazy\"\n                     width=\"250\"\n                     height=\"150\" \/>\n            <\/a>\n        <\/div>\n        <h2 class=\"gallery-grid-album-lig1\">\n            <a class=\"ngg-album-desc\"\n               title=\"P\u00e1ginas de Festival de los Faroles  para imprimir\"\n               href=\"https:\/\/www.justcolor.net\/ninos\/eventos\/festival-de-los-faroles\/\">\n                Festival de los Faroles            <\/a>\n        <\/h2>\n    <\/div>\n    <div class=\"gallery-grid-item\">\n        <div class=\"ngg-album-link\">\n            <a class=\"gallery_link\" href=\"https:\/\/www.justcolor.net\/ninos\/eventos\/halloween\/\" title=\"P\u00e1ginas de Halloween para imprimir para ni\u00f1os\">\n                <img class=\"Thumb\"\n                     alt=\"P\u00e1ginas de Halloween para imprimir para ni\u00f1os\"\n                     src=\"https:\/\/www.justcolor.net\/ninos\/wp-content\/uploads\/sites\/25\/nggallery\/halloween\/cache\/dibujos-para-colorear-para-ninos-de-halloween-36156.jpg-nggid0230-ngg0dyn-182x136-00f0w010c011r110f110r010t010.jpg\"\n                     loading=\"lazy\"\n                     width=\"250\"\n                     height=\"150\" \/>\n            <\/a>\n        <\/div>\n        <h2 class=\"gallery-grid-album-lig1\">\n            <a class=\"ngg-album-desc\"\n               title=\"P\u00e1ginas de Halloween  para imprimir\"\n               href=\"https:\/\/www.justcolor.net\/ninos\/eventos\/halloween\/\">\n                Halloween            <\/a>\n        <\/h2>\n    <\/div>\n    <div class=\"gallery-grid-item\">\n        <div class=\"ngg-album-link\">\n            <a class=\"gallery_link\" href=\"https:\/\/www.justcolor.net\/ninos\/eventos\/juegos-olimpicos\/\" title=\"P\u00e1ginas de Juegos Ol\u00edmpicos para imprimir para ni\u00f1os\">\n                <img class=\"Thumb\"\n                     alt=\"P\u00e1ginas de Juegos Ol\u00edmpicos para imprimir para ni\u00f1os\"\n                     src=\"https:\/\/www.justcolor.net\/ninos\/wp-content\/uploads\/sites\/25\/nggallery\/juegos-olimpicos\/cache\/dibujos-para-colorear-para-ninos-de-juegos-olimpicos-32231.jpg-nggid045480-ngg0dyn-182x136-00f0w010c011r110f110r010t010.jpg\"\n                     loading=\"lazy\"\n                     width=\"250\"\n                     height=\"150\" \/>\n            <\/a>\n        <\/div>\n        <h2 class=\"gallery-grid-album-lig1\">\n            <a class=\"ngg-album-desc\"\n               title=\"P\u00e1ginas de Juegos Ol\u00edmpicos  para imprimir\"\n               href=\"https:\/\/www.justcolor.net\/ninos\/eventos\/juegos-olimpicos\/\">\n                Juegos Ol\u00edmpicos            <\/a>\n        <\/h2>\n    <\/div>\n    <div class=\"gallery-grid-item\">\n        <div class=\"ngg-album-link\">\n            <a class=\"gallery_link\" href=\"https:\/\/www.justcolor.net\/ninos\/eventos\/memorial-day\/\" title=\"P\u00e1ginas de Memorial Day para imprimir para ni\u00f1os\">\n                <img class=\"Thumb\"\n                     alt=\"P\u00e1ginas de Memorial Day para imprimir para ni\u00f1os\"\n                     src=\"https:\/\/www.justcolor.net\/ninos\/wp-content\/uploads\/sites\/25\/nggallery\/memorial-day\/cache\/dibujos-para-colorear-para-ninos-memorial-day-26397.jpg-nggid0512029-ngg0dyn-182x136-00f0w010c011r110f110r010t010.jpg\"\n                     loading=\"lazy\"\n                     width=\"250\"\n                     height=\"150\" \/>\n            <\/a>\n        <\/div>\n        <h2 class=\"gallery-grid-album-lig1\">\n            <a class=\"ngg-album-desc\"\n               title=\"P\u00e1ginas de Memorial Day  para imprimir\"\n               href=\"https:\/\/www.justcolor.net\/ninos\/eventos\/memorial-day\/\">\n                Memorial Day            <\/a>\n        <\/h2>\n    <\/div>\n    <div class=\"gallery-grid-item\">\n        <div class=\"ngg-album-link\">\n            <a class=\"gallery_link\" href=\"https:\/\/www.justcolor.net\/ninos\/eventos\/navidad\/\" title=\"P\u00e1ginas de Navidad para imprimir para ni\u00f1os\">\n                <img class=\"Thumb\"\n                     alt=\"P\u00e1ginas de Navidad para imprimir para ni\u00f1os\"\n                     src=\"https:\/\/www.justcolor.net\/ninos\/wp-content\/uploads\/sites\/25\/nggallery\/navidad\/cache\/dibujos-para-colorear-para-ninos-navidad-58481.jpg-nggid048319-ngg0dyn-182x136-00f0w010c011r110f110r010t010.jpg\"\n                     loading=\"lazy\"\n                     width=\"250\"\n                     height=\"150\" \/>\n            <\/a>\n        <\/div>\n        <h2 class=\"gallery-grid-album-lig1\">\n            <a class=\"ngg-album-desc\"\n               title=\"P\u00e1ginas de Navidad  para imprimir\"\n               href=\"https:\/\/www.justcolor.net\/ninos\/eventos\/navidad\/\">\n                Navidad            <\/a>\n        <\/h2>\n    <\/div>\n    <div class=\"gallery-grid-item\">\n        <div class=\"ngg-album-link\">\n            <a class=\"gallery_link\" href=\"https:\/\/www.justcolor.net\/ninos\/eventos\/pascua-de-resurreccion\/\" title=\"P\u00e1ginas de Pascua de Resurrecci\u00f3n para imprimir para ni\u00f1os\">\n                <img class=\"Thumb\"\n                     alt=\"P\u00e1ginas de Pascua de Resurrecci\u00f3n para imprimir para ni\u00f1os\"\n                     src=\"https:\/\/www.justcolor.net\/ninos\/wp-content\/uploads\/sites\/25\/nggallery\/pascua-de-resurreccion\/cache\/dibujos-para-colorear-para-ninos-de-pascua-de-resurreccion-27410.png-nggid03545-ngg0dyn-182x136-00f0w010c011r110f110r010t010.png\"\n                     loading=\"lazy\"\n                     width=\"250\"\n                     height=\"150\" \/>\n            <\/a>\n        <\/div>\n        <h2 class=\"gallery-grid-album-lig1\">\n            <a class=\"ngg-album-desc\"\n               title=\"P\u00e1ginas de Pascua de Resurrecci\u00f3n  para imprimir\"\n               href=\"https:\/\/www.justcolor.net\/ninos\/eventos\/pascua-de-resurreccion\/\">\n                Pascua de Resurrecci\u00f3n            <\/a>\n        <\/h2>\n    <\/div>\n    <div class=\"gallery-grid-item\">\n        <div class=\"ngg-album-link\">\n            <a class=\"gallery_link\" href=\"https:\/\/www.justcolor.net\/ninos\/eventos\/rainy-day\/\" title=\"P\u00e1ginas de Rainy day para imprimir para ni\u00f1os\">\n                <img class=\"Thumb\"\n                     alt=\"P\u00e1ginas de Rainy day para imprimir para ni\u00f1os\"\n                     src=\"https:\/\/www.justcolor.net\/ninos\/wp-content\/uploads\/sites\/25\/nggallery\/rainy-day\/cache\/dibujos-para-colorear-para-ninos-rainy-day-1454.jpg-nggid0512046-ngg0dyn-182x136-00f0w010c011r110f110r010t010.jpg\"\n                     loading=\"lazy\"\n                     width=\"250\"\n                     height=\"150\" \/>\n            <\/a>\n        <\/div>\n        <h2 class=\"gallery-grid-album-lig1\">\n            <a class=\"ngg-album-desc\"\n               title=\"P\u00e1ginas de Rainy day  para imprimir\"\n               href=\"https:\/\/www.justcolor.net\/ninos\/eventos\/rainy-day\/\">\n                Rainy day            <\/a>\n        <\/h2>\n    <\/div>\n    <div class=\"gallery-grid-item\">\n        <div class=\"ngg-album-link\">\n            <a class=\"gallery_link\" href=\"https:\/\/www.justcolor.net\/ninos\/eventos\/vuelta-al-cole\/\" title=\"P\u00e1ginas de Vuelta al cole para imprimir para ni\u00f1os\">\n                <img class=\"Thumb\"\n                     alt=\"P\u00e1ginas de Vuelta al cole para imprimir para ni\u00f1os\"\n                     src=\"https:\/\/www.justcolor.net\/ninos\/wp-content\/uploads\/sites\/25\/nggallery\/vuelta-al-cole\/cache\/dibujos-para-colorear-para-ninos-de-vuelta-al-cole-66203.jpg-nggid041678-ngg0dyn-182x136-00f0w010c011r110f110r010t010.jpg\"\n                     loading=\"lazy\"\n                     width=\"250\"\n                     height=\"150\" \/>\n            <\/a>\n        <\/div>\n        <h2 class=\"gallery-grid-album-lig1\">\n            <a class=\"ngg-album-desc\"\n               title=\"P\u00e1ginas de Vuelta al cole  para imprimir\"\n               href=\"https:\/\/www.justcolor.net\/ninos\/eventos\/vuelta-al-cole\/\">\n                Vuelta al cole            <\/a>\n        <\/h2>\n    <\/div>\n<br class=\"ngg-clear\"\/>\n<div class='ngg-clear'><\/div><\/div>\n\n","protected":false},"excerpt":{"rendered":"<p>Aqu\u00ed hay <b>p\u00e1ginas para colorear imprimibles<\/b> para los principales eventos del a\u00f1o, incluidos <b>Navidad, Halloween y Acci\u00f3n de Gracias<\/b>, as\u00ed como para ocasiones especiales como el <b>D\u00eda de la Madre, el D\u00eda del Padre, y D\u00eda de los Abuelos<\/b>. Estos momentos son perfectos para reunir a las familias para celebrar y divertirse.<\/p>\n<p>Para <b>Navidad<\/b>, explore una variedad de <b>hojas para colorear imprimibles<\/b> con Pap\u00e1 Noel, \u00e1rboles de Navidad y decoraciones festivas. Los ni\u00f1os pueden disfrutar de actividades para colorear que capturan la magia y la alegr\u00eda de la temporada navide\u00f1a. Para <b>Acci\u00f3n de Gracias<\/b>, busque p\u00e1ginas con pavos, calabazas y banquetes familiares que reflejen el esp\u00edritu de la celebraci\u00f3n.<\/p>\n<p>En el <b>D\u00eda de la Madre<\/b> y el <b>D\u00eda del Padre<\/b>, los ni\u00f1os pueden expresar su amor y aprecio creando obras de arte coloridas y personalizadas. Elija entre p\u00e1ginas para colorear con flores, corazones y dise\u00f1os bien pensados, perfectos para estos d\u00edas especiales.<\/p>\n<p>Nuestra colecci\u00f3n tambi\u00e9n incluye <b>hojas para colorear imprimibles<\/b> para eventos como <b>regreso a clases, cumplea\u00f1os, carnaval, a\u00f1o nuevo chino, Pascua y d\u00eda de San Valent\u00edn<\/b>. Cada tema ofrece una variedad de dise\u00f1os divertidos para combinar con el ambiente de la celebraci\u00f3n.<\/p>\n<p>Desde la alegr\u00eda festiva de la Navidad hasta la diversi\u00f3n espeluznante de Halloween y la calidez de las reuniones de Acci\u00f3n de Gracias, encontrar\u00e1s las <b>hojas para colorear imprimibles<\/b> perfectas para alegrar cada celebraci\u00f3n. No importa la ocasi\u00f3n, nuestra colecci\u00f3n est\u00e1 dise\u00f1ada para hacer que cada d\u00eda especial sea a\u00fan m\u00e1s memorable con actividades creativas y atractivas para los ni\u00f1os.<\/p>\n","protected":false},"author":1,"featured_media":0,"parent":0,"menu_order":0,"comment_status":"closed","ping_status":"closed","template":"","meta":{"ngg_post_thumbnail":0,"footnotes":""},"tags":[3423],"class_list":{"0":"post-26298","1":"page","2":"type-page","3":"status-publish","5":"tag-supergallery"},"_links":{"self":[{"href":"https:\/\/www.justcolor.net\/ninos\/wp-json\/wp\/v2\/pages\/26298","targetHints":{"allow":["GET"]}}],"collection":[{"href":"https:\/\/www.justcolor.net\/ninos\/wp-json\/wp\/v2\/pages"}],"about":[{"href":"https:\/\/www.justcolor.net\/ninos\/wp-json\/wp\/v2\/types\/page"}],"author":[{"embeddable":true,"href":"https:\/\/www.justcolor.net\/ninos\/wp-json\/wp\/v2\/users\/1"}],"replies":[{"embeddable":true,"href":"https:\/\/www.justcolor.net\/ninos\/wp-json\/wp\/v2\/comments?post=26298"}],"version-history":[{"count":0,"href":"https:\/\/www.justcolor.net\/ninos\/wp-json\/wp\/v2\/pages\/26298\/revisions"}],"wp:attachment":[{"href":"https:\/\/www.justcolor.net\/ninos\/wp-json\/wp\/v2\/media?parent=26298"}],"wp:term":[{"taxonomy":"post_tag","embeddable":true,"href":"https:\/\/www.justcolor.net\/ninos\/wp-json\/wp\/v2\/tags?post=26298"}],"curies":[{"name":"wp","href":"https:\/\/api.w.org\/{rel}","templated":true}]}}