{"id":27880,"date":"2024-01-02T14:36:03","date_gmt":"2024-01-02T13:36:03","guid":{"rendered":"https:\/\/www.justcolor.net\/ninos\/?page_id=27880"},"modified":"2024-01-02T22:25:18","modified_gmt":"2024-01-02T21:25:18","slug":"religiones","status":"publish","type":"page","link":"https:\/\/www.justcolor.net\/ninos\/religiones\/","title":{"rendered":"Religiones del mundo"},"content":{"rendered":"\n<div class=\"gallery-grid\">\n    <div class=\"gallery-grid-item\">\n        <div class=\"ngg-album-link\">\n            <a class=\"gallery_link\" href=\"https:\/\/www.justcolor.net\/ninos\/religiones\/judaismo\/\" title=\"P\u00e1ginas de Juda\u00edsmo para imprimir para ni\u00f1os\">\n                <img class=\"Thumb\"\n                     alt=\"P\u00e1ginas de Juda\u00edsmo para imprimir para ni\u00f1os\"\n                     src=\"https:\/\/www.justcolor.net\/ninos\/wp-content\/uploads\/sites\/25\/nggallery\/judaismo\/cache\/dibujos-para-colorear-para-ninos-judaismo-62733.jpeg-nggid049071-ngg0dyn-240x160x100-00f0w010c011r110f110r010t010.jpeg\"\n                     loading=\"lazy\"\n                     width=\"250\"\n                     height=\"150\" \/>\n            <\/a>\n        <\/div>\n        <h2 class=\"gallery-grid-album-lig1\">\n            <a class=\"ngg-album-desc\"\n               title=\"P\u00e1ginas de Juda\u00edsmo  para imprimir\"\n               href=\"https:\/\/www.justcolor.net\/ninos\/religiones\/judaismo\/\">\n                Juda\u00edsmo            <\/a>\n        <\/h2>\n    <\/div>\n    <div class=\"gallery-grid-item\">\n        <div class=\"ngg-album-link\">\n            <a class=\"gallery_link\" href=\"https:\/\/www.justcolor.net\/ninos\/religiones\/islam\/\" title=\"P\u00e1ginas de Islam para imprimir para ni\u00f1os\">\n                <img class=\"Thumb\"\n                     alt=\"P\u00e1ginas de Islam para imprimir para ni\u00f1os\"\n                     src=\"https:\/\/www.justcolor.net\/ninos\/wp-content\/uploads\/sites\/25\/nggallery\/islam\/cache\/dibujos-para-colorear-para-ninos-islam-80810.jpeg-nggid049065-ngg0dyn-240x160x100-00f0w010c011r110f110r010t010.jpeg\"\n                     loading=\"lazy\"\n                     width=\"250\"\n                     height=\"150\" \/>\n            <\/a>\n        <\/div>\n        <h2 class=\"gallery-grid-album-lig1\">\n            <a class=\"ngg-album-desc\"\n               title=\"P\u00e1ginas de Islam  para imprimir\"\n               href=\"https:\/\/www.justcolor.net\/ninos\/religiones\/islam\/\">\n                Islam            <\/a>\n        <\/h2>\n    <\/div>\n    <div class=\"gallery-grid-item\">\n        <div class=\"ngg-album-link\">\n            <a class=\"gallery_link\" href=\"https:\/\/www.justcolor.net\/ninos\/religiones\/hinduismo\/\" title=\"P\u00e1ginas de Hinduismo para imprimir para ni\u00f1os\">\n                <img class=\"Thumb\"\n                     alt=\"P\u00e1ginas de Hinduismo para imprimir para ni\u00f1os\"\n                     src=\"https:\/\/www.justcolor.net\/ninos\/wp-content\/uploads\/sites\/25\/nggallery\/hinduismo\/cache\/dibujos-para-colorear-para-ninos-hinduismo-12957.jpeg-nggid049079-ngg0dyn-240x160x100-00f0w010c011r110f110r010t010.jpeg\"\n                     loading=\"lazy\"\n                     width=\"250\"\n                     height=\"150\" \/>\n            <\/a>\n        <\/div>\n        <h2 class=\"gallery-grid-album-lig1\">\n            <a class=\"ngg-album-desc\"\n               title=\"P\u00e1ginas de Hinduismo  para imprimir\"\n               href=\"https:\/\/www.justcolor.net\/ninos\/religiones\/hinduismo\/\">\n                Hinduismo            <\/a>\n        <\/h2>\n    <\/div>\n    <div class=\"gallery-grid-item\">\n        <div class=\"ngg-album-link\">\n            <a class=\"gallery_link\" href=\"https:\/\/www.justcolor.net\/ninos\/religiones\/budismo\/\" title=\"P\u00e1ginas de Budismo para imprimir para ni\u00f1os\">\n                <img class=\"Thumb\"\n                     alt=\"P\u00e1ginas de Budismo para imprimir para ni\u00f1os\"\n                     src=\"https:\/\/www.justcolor.net\/ninos\/wp-content\/uploads\/sites\/25\/nggallery\/budismo\/cache\/dibujos-para-colorear-para-ninos-budismo-28327.jpeg-nggid049081-ngg0dyn-240x160x100-00f0w010c011r110f110r010t010.jpeg\"\n                     loading=\"lazy\"\n                     width=\"250\"\n                     height=\"150\" \/>\n            <\/a>\n        <\/div>\n        <h2 class=\"gallery-grid-album-lig1\">\n            <a class=\"ngg-album-desc\"\n               title=\"P\u00e1ginas de Budismo  para imprimir\"\n               href=\"https:\/\/www.justcolor.net\/ninos\/religiones\/budismo\/\">\n                Budismo            <\/a>\n        <\/h2>\n    <\/div>\n    <div class=\"gallery-grid-item\">\n        <div class=\"ngg-album-link\">\n            <a class=\"gallery_link\" href=\"https:\/\/www.justcolor.net\/ninos\/religiones\/cristiandad\/\" title=\"P\u00e1ginas de Cristiandad para imprimir para ni\u00f1os\">\n                <img class=\"Thumb\"\n                     alt=\"P\u00e1ginas de Cristiandad para imprimir para ni\u00f1os\"\n                     src=\"https:\/\/www.justcolor.net\/ninos\/wp-content\/uploads\/sites\/25\/nggallery\/cristiandad\/cache\/dibujos-para-colorear-para-ninos-cristiandad-79218.jpeg-nggid049058-ngg0dyn-240x160x100-00f0w010c011r110f110r010t010.jpeg\"\n                     loading=\"lazy\"\n                     width=\"250\"\n                     height=\"150\" \/>\n            <\/a>\n        <\/div>\n        <h2 class=\"gallery-grid-album-lig1\">\n            <a class=\"ngg-album-desc\"\n               title=\"P\u00e1ginas de Cristiandad  para imprimir\"\n               href=\"https:\/\/www.justcolor.net\/ninos\/religiones\/cristiandad\/\">\n                Cristiandad            <\/a>\n        <\/h2>\n    <\/div>\n<br class=\"ngg-clear\"\/>\n<div class='ngg-clear'><\/div><\/div>\n\n","protected":false},"excerpt":{"rendered":"<p>Las religiones constituyen un aspecto esencial de la diversidad cultural y espiritual de la humanidad, y moldean las creencias, valores y pr\u00e1cticas de millones de personas a lo largo de la historia. Ofrecen respuestas a las preguntas m\u00e1s profundas de la vida y proporcionan un marco moral y \u00e9tico que gu\u00eda las acciones y elecciones de individuos y comunidades.<\/p>\n<p>En nuestra colecci\u00f3n de <b>p\u00e1ginas para colorear relacionadas con las principales religiones del mundo<\/b>, puedes explorar el rico simbolismo y las tradiciones de religiones como el <b>juda\u00edsmo, islam, hinduismo, budismo<\/b> y <b >Cristianismo<\/b>. Estas p\u00e1ginas no se tratan s\u00f3lo de colorear; son una forma de aprender sobre diferentes pr\u00e1cticas religiosas, s\u00edmbolos sagrados y ense\u00f1anzas espirituales.<\/p>\n<p>Por ejemplo, descubra la Estrella de David y las menor\u00e1s que representan la herencia del <b>juda\u00edsmo<\/b>, o las hermosas mezquitas y la caligraf\u00eda asociada con el <b>Islam<\/b>. Aprenda sobre los intrincados mandalas y deidades del <b>hinduismo<\/b>, las serenas im\u00e1genes del Buda y la flor de loto en el <b>budismo<\/b> y las cruces e iglesias que simbolizan el <b>cristianismo<\/b>. b>.<\/p>\n<p>Estas <b>hojas para colorear imprimibles<\/b> ofrecen una maravillosa oportunidad para apreciar la diversidad de las tradiciones espirituales del mundo e introducir a las mentes j\u00f3venes en los valores de la tolerancia, el respeto y la comprensi\u00f3n. Ya sea que est\u00e9 interesado en explorar su propia fe o aprender sobre los dem\u00e1s, estas p\u00e1ginas lo invitan a embarcarse en un colorido viaje a trav\u00e9s del rico tapiz de creencias del mundo.<\/p>\n","protected":false},"author":1,"featured_media":0,"parent":0,"menu_order":0,"comment_status":"closed","ping_status":"closed","template":"","meta":{"ngg_post_thumbnail":0,"footnotes":""},"tags":[3423],"class_list":{"0":"post-27880","1":"page","2":"type-page","3":"status-publish","5":"tag-supergallery"},"_links":{"self":[{"href":"https:\/\/www.justcolor.net\/ninos\/wp-json\/wp\/v2\/pages\/27880","targetHints":{"allow":["GET"]}}],"collection":[{"href":"https:\/\/www.justcolor.net\/ninos\/wp-json\/wp\/v2\/pages"}],"about":[{"href":"https:\/\/www.justcolor.net\/ninos\/wp-json\/wp\/v2\/types\/page"}],"author":[{"embeddable":true,"href":"https:\/\/www.justcolor.net\/ninos\/wp-json\/wp\/v2\/users\/1"}],"replies":[{"embeddable":true,"href":"https:\/\/www.justcolor.net\/ninos\/wp-json\/wp\/v2\/comments?post=27880"}],"version-history":[{"count":0,"href":"https:\/\/www.justcolor.net\/ninos\/wp-json\/wp\/v2\/pages\/27880\/revisions"}],"wp:attachment":[{"href":"https:\/\/www.justcolor.net\/ninos\/wp-json\/wp\/v2\/media?parent=27880"}],"wp:term":[{"taxonomy":"post_tag","embeddable":true,"href":"https:\/\/www.justcolor.net\/ninos\/wp-json\/wp\/v2\/tags?post=27880"}],"curies":[{"name":"wp","href":"https:\/\/api.w.org\/{rel}","templated":true}]}}