{"id":28504,"date":"2024-01-17T11:17:50","date_gmt":"2024-01-17T10:17:50","guid":{"rendered":"https:\/\/www.justcolor.net\/ninos\/?page_id=28504"},"modified":"2024-01-17T11:36:42","modified_gmt":"2024-01-17T10:36:42","slug":"marvel","status":"publish","type":"page","link":"https:\/\/www.justcolor.net\/ninos\/marvel\/","title":{"rendered":"Dibujos para colorear <b>Marvel<\/b>"},"content":{"rendered":"\n<div class=\"gallery-grid\">\n    <div class=\"gallery-grid-item\">\n        <div class=\"ngg-album-link\">\n            <a class=\"gallery_link\" href=\"https:\/\/www.justcolor.net\/ninos\/colorear-super-heroes\/venom\/\" title=\"P\u00e1ginas de Venom para imprimir para ni\u00f1os\">\n                <img class=\"Thumb\"\n                     alt=\"P\u00e1ginas de Venom para imprimir para ni\u00f1os\"\n                     src=\"https:\/\/www.justcolor.net\/ninos\/wp-content\/uploads\/sites\/25\/nggallery\/venom\/cache\/coloring-children-venom-spiderman-100.jpg-nggid048702-ngg0dyn-240x160x100-00f0w010c011r110f110r010t010.jpg\"\n                     loading=\"lazy\"\n                     width=\"250\"\n                     height=\"150\" \/>\n            <\/a>\n        <\/div>\n        <h2 class=\"gallery-grid-album-lig1\">\n            <a class=\"ngg-album-desc\"\n               title=\"P\u00e1ginas de Venom  para imprimir\"\n               href=\"https:\/\/www.justcolor.net\/ninos\/colorear-super-heroes\/venom\/\">\n                Venom            <\/a>\n        <\/h2>\n    <\/div>\n    <div class=\"gallery-grid-item\">\n        <div class=\"ngg-album-link\">\n            <a class=\"gallery_link\" href=\"https:\/\/www.justcolor.net\/ninos\/animacion\/paginas-para-colorear-de-dreamworks\/spider-man-into-the-spider-verse\/\" title=\"P\u00e1ginas de Spider-Man: Un Nuevo Universo para imprimir para ni\u00f1os\">\n                <img class=\"Thumb\"\n                     alt=\"P\u00e1ginas de Spider-Man: Un Nuevo Universo para imprimir para ni\u00f1os\"\n                     src=\"https:\/\/www.justcolor.net\/ninos\/wp-content\/uploads\/sites\/25\/nggallery\/spider-man-new-generation\/cache\/coloring-child-spiderman-into-the-spiderverse-empire-state.jpg-nggid048584-ngg0dyn-240x160x100-00f0w010c011r110f110r010t010.jpg\"\n                     loading=\"lazy\"\n                     width=\"250\"\n                     height=\"150\" \/>\n            <\/a>\n        <\/div>\n        <h2 class=\"gallery-grid-album-lig1\">\n            <a class=\"ngg-album-desc\"\n               title=\"P\u00e1ginas de Spider-Man: Un Nuevo Universo  para imprimir\"\n               href=\"https:\/\/www.justcolor.net\/ninos\/animacion\/paginas-para-colorear-de-dreamworks\/spider-man-into-the-spider-verse\/\">\n                Spider-Man: Un Nuevo Universo            <\/a>\n        <\/h2>\n    <\/div>\n    <div class=\"gallery-grid-item\">\n        <div class=\"ngg-album-link\">\n            <a class=\"gallery_link\" href=\"https:\/\/www.justcolor.net\/ninos\/animacion\/paginas-para-colorear-de-dreamworks\/spider-man-across-the-spider-verse\/\" title=\"P\u00e1ginas de Spider-Man: A trav\u00e9s del Spider-Verse para imprimir para ni\u00f1os\">\n                <img class=\"Thumb\"\n                     alt=\"P\u00e1ginas de Spider-Man: A trav\u00e9s del Spider-Verse para imprimir para ni\u00f1os\"\n                     src=\"https:\/\/www.justcolor.net\/ninos\/wp-content\/uploads\/sites\/25\/nggallery\/spider-man-across-the-spider-verse\/cache\/coloring-child-spiderman-across-the-spiderverse-mike-gwen.jpg-nggid048600-ngg0dyn-240x160x100-00f0w010c011r110f110r010t010.jpg\"\n                     loading=\"lazy\"\n                     width=\"250\"\n                     height=\"150\" \/>\n            <\/a>\n        <\/div>\n        <h2 class=\"gallery-grid-album-lig1\">\n            <a class=\"ngg-album-desc\"\n               title=\"P\u00e1ginas de Spider-Man: A trav\u00e9s del Spider-Verse  para imprimir\"\n               href=\"https:\/\/www.justcolor.net\/ninos\/animacion\/paginas-para-colorear-de-dreamworks\/spider-man-across-the-spider-verse\/\">\n                Spider-Man: A trav\u00e9s del Spider-Verse            <\/a>\n        <\/h2>\n    <\/div>\n    <div class=\"gallery-grid-item\">\n        <div class=\"ngg-album-link\">\n            <a class=\"gallery_link\" href=\"https:\/\/www.justcolor.net\/ninos\/colorear-super-heroes\/spiderman\/\" title=\"P\u00e1ginas de Spiderman para imprimir para ni\u00f1os\">\n                <img class=\"Thumb\"\n                     alt=\"P\u00e1ginas de Spiderman para imprimir para ni\u00f1os\"\n                     src=\"https:\/\/www.justcolor.net\/ninos\/wp-content\/uploads\/sites\/25\/nggallery\/spiderman\/cache\/dibujos-para-colorear-para-ninos-de-spiderman-25598.gif-nggid03273-ngg0dyn-240x160x100-00f0w010c011r110f110r010t010.gif\"\n                     loading=\"lazy\"\n                     width=\"250\"\n                     height=\"150\" \/>\n            <\/a>\n        <\/div>\n        <h2 class=\"gallery-grid-album-lig1\">\n            <a class=\"ngg-album-desc\"\n               title=\"P\u00e1ginas de Spiderman  para imprimir\"\n               href=\"https:\/\/www.justcolor.net\/ninos\/colorear-super-heroes\/spiderman\/\">\n                Spiderman            <\/a>\n        <\/h2>\n    <\/div>\n    <div class=\"gallery-grid-item\">\n        <div class=\"ngg-album-link\">\n            <a class=\"gallery_link\" href=\"https:\/\/www.justcolor.net\/ninos\/colorear-super-heroes\/x-men\/\" title=\"P\u00e1ginas de X Men para imprimir para ni\u00f1os\">\n                <img class=\"Thumb\"\n                     alt=\"P\u00e1ginas de X Men para imprimir para ni\u00f1os\"\n                     src=\"https:\/\/www.justcolor.net\/ninos\/wp-content\/uploads\/sites\/25\/nggallery\/x-men\/cache\/dibujos-para-colorear-para-ninos-de-x-men-49176.jpg-nggid041282-ngg0dyn-240x160x100-00f0w010c011r110f110r010t010.jpg\"\n                     loading=\"lazy\"\n                     width=\"250\"\n                     height=\"150\" \/>\n            <\/a>\n        <\/div>\n        <h2 class=\"gallery-grid-album-lig1\">\n            <a class=\"ngg-album-desc\"\n               title=\"P\u00e1ginas de X Men  para imprimir\"\n               href=\"https:\/\/www.justcolor.net\/ninos\/colorear-super-heroes\/x-men\/\">\n                X Men            <\/a>\n        <\/h2>\n    <\/div>\n    <div class=\"gallery-grid-item\">\n        <div class=\"ngg-album-link\">\n            <a class=\"gallery_link\" href=\"https:\/\/www.justcolor.net\/ninos\/colorear-super-heroes\/hombre-hormiga\/\" title=\"P\u00e1ginas de Hombre Hormiga para imprimir para ni\u00f1os\">\n                <img class=\"Thumb\"\n                     alt=\"P\u00e1ginas de Hombre Hormiga para imprimir para ni\u00f1os\"\n                     src=\"https:\/\/www.justcolor.net\/ninos\/wp-content\/uploads\/sites\/25\/nggallery\/hombre-hormiga\/cache\/dibujos-para-colorear-para-ninos-de-hombre-hormiga-37142.jpg-nggid046950-ngg0dyn-240x160x100-00f0w010c011r110f110r010t010.jpg\"\n                     loading=\"lazy\"\n                     width=\"250\"\n                     height=\"150\" \/>\n            <\/a>\n        <\/div>\n        <h2 class=\"gallery-grid-album-lig1\">\n            <a class=\"ngg-album-desc\"\n               title=\"P\u00e1ginas de Hombre Hormiga  para imprimir\"\n               href=\"https:\/\/www.justcolor.net\/ninos\/colorear-super-heroes\/hombre-hormiga\/\">\n                Hombre Hormiga            <\/a>\n        <\/h2>\n    <\/div>\n    <div class=\"gallery-grid-item\">\n        <div class=\"ngg-album-link\">\n            <a class=\"gallery_link\" href=\"https:\/\/www.justcolor.net\/ninos\/colorear-super-heroes\/guardianes-de-la-galaxia\/\" title=\"P\u00e1ginas de Guardianes de la Galaxia para imprimir para ni\u00f1os\">\n                <img class=\"Thumb\"\n                     alt=\"P\u00e1ginas de Guardianes de la Galaxia para imprimir para ni\u00f1os\"\n                     src=\"https:\/\/www.justcolor.net\/ninos\/wp-content\/uploads\/sites\/25\/nggallery\/guardianes-de-la-galaxia\/cache\/dibujos-para-colorear-para-ninos-de-guardianes-de-la-galaxia-79788.jpg-nggid047014-ngg0dyn-240x160x100-00f0w010c011r110f110r010t010.jpg\"\n                     loading=\"lazy\"\n                     width=\"250\"\n                     height=\"150\" \/>\n            <\/a>\n        <\/div>\n        <h2 class=\"gallery-grid-album-lig1\">\n            <a class=\"ngg-album-desc\"\n               title=\"P\u00e1ginas de Guardianes de la Galaxia  para imprimir\"\n               href=\"https:\/\/www.justcolor.net\/ninos\/colorear-super-heroes\/guardianes-de-la-galaxia\/\">\n                Guardianes de la Galaxia            <\/a>\n        <\/h2>\n    <\/div>\n    <div class=\"gallery-grid-item\">\n        <div class=\"ngg-album-link\">\n            <a class=\"gallery_link\" href=\"https:\/\/www.justcolor.net\/ninos\/colorear-super-heroes\/deadpool\/\" title=\"P\u00e1ginas de Deadpool para imprimir para ni\u00f1os\">\n                <img class=\"Thumb\"\n                     alt=\"P\u00e1ginas de Deadpool para imprimir para ni\u00f1os\"\n                     src=\"https:\/\/www.justcolor.net\/ninos\/wp-content\/uploads\/sites\/25\/nggallery\/deadpool\/cache\/dibujos-para-colorear-para-ninos-de-deadpool-84437.jpg-nggid046966-ngg0dyn-240x160x100-00f0w010c011r110f110r010t010.jpg\"\n                     loading=\"lazy\"\n                     width=\"250\"\n                     height=\"150\" \/>\n            <\/a>\n        <\/div>\n        <h2 class=\"gallery-grid-album-lig1\">\n            <a class=\"ngg-album-desc\"\n               title=\"P\u00e1ginas de Deadpool  para imprimir\"\n               href=\"https:\/\/www.justcolor.net\/ninos\/colorear-super-heroes\/deadpool\/\">\n                Deadpool            <\/a>\n        <\/h2>\n    <\/div>\n    <div class=\"gallery-grid-item\">\n        <div class=\"ngg-album-link\">\n            <a class=\"gallery_link\" href=\"https:\/\/www.justcolor.net\/ninos\/colorear-super-heroes\/thanos\/\" title=\"P\u00e1ginas de Thanos para imprimir para ni\u00f1os\">\n                <img class=\"Thumb\"\n                     alt=\"P\u00e1ginas de Thanos para imprimir para ni\u00f1os\"\n                     src=\"https:\/\/www.justcolor.net\/ninos\/wp-content\/uploads\/sites\/25\/nggallery\/thanos\/cache\/dibujos-para-colorear-para-ninos-de-thanos-59878.jpg-nggid047030-ngg0dyn-240x160x100-00f0w010c011r110f110r010t010.jpg\"\n                     loading=\"lazy\"\n                     width=\"250\"\n                     height=\"150\" \/>\n            <\/a>\n        <\/div>\n        <h2 class=\"gallery-grid-album-lig1\">\n            <a class=\"ngg-album-desc\"\n               title=\"P\u00e1ginas de Thanos  para imprimir\"\n               href=\"https:\/\/www.justcolor.net\/ninos\/colorear-super-heroes\/thanos\/\">\n                Thanos            <\/a>\n        <\/h2>\n    <\/div>\n    <div class=\"gallery-grid-item\">\n        <div class=\"ngg-album-link\">\n            <a class=\"gallery_link\" href=\"https:\/\/www.justcolor.net\/ninos\/colorear-super-heroes\/hulk\/\" title=\"P\u00e1ginas de Hulk para imprimir para ni\u00f1os\">\n                <img class=\"Thumb\"\n                     alt=\"P\u00e1ginas de Hulk para imprimir para ni\u00f1os\"\n                     src=\"https:\/\/www.justcolor.net\/ninos\/wp-content\/uploads\/sites\/25\/nggallery\/hulk\/cache\/dibujos-para-colorear-para-ninos-de-hulk-70031.jpg-nggid041192-ngg0dyn-240x160x100-00f0w010c011r110f110r010t010.jpg\"\n                     loading=\"lazy\"\n                     width=\"250\"\n                     height=\"150\" \/>\n            <\/a>\n        <\/div>\n        <h2 class=\"gallery-grid-album-lig1\">\n            <a class=\"ngg-album-desc\"\n               title=\"P\u00e1ginas de Hulk  para imprimir\"\n               href=\"https:\/\/www.justcolor.net\/ninos\/colorear-super-heroes\/hulk\/\">\n                Hulk            <\/a>\n        <\/h2>\n    <\/div>\n    <div class=\"gallery-grid-item\">\n        <div class=\"ngg-album-link\">\n            <a class=\"gallery_link\" href=\"https:\/\/www.justcolor.net\/ninos\/colorear-super-heroes\/capitan-marvel\/\" title=\"P\u00e1ginas de Capit\u00e1n Marvel para imprimir para ni\u00f1os\">\n                <img class=\"Thumb\"\n                     alt=\"P\u00e1ginas de Capit\u00e1n Marvel para imprimir para ni\u00f1os\"\n                     src=\"https:\/\/www.justcolor.net\/ninos\/wp-content\/uploads\/sites\/25\/nggallery\/capitan-marvel\/cache\/dibujos-para-colorear-para-ninos-de-capitan-marvel-98649.jpg-nggid046959-ngg0dyn-240x160x100-00f0w010c011r110f110r010t010.jpg\"\n                     loading=\"lazy\"\n                     width=\"250\"\n                     height=\"150\" \/>\n            <\/a>\n        <\/div>\n        <h2 class=\"gallery-grid-album-lig1\">\n            <a class=\"ngg-album-desc\"\n               title=\"P\u00e1ginas de Capit\u00e1n Marvel  para imprimir\"\n               href=\"https:\/\/www.justcolor.net\/ninos\/colorear-super-heroes\/capitan-marvel\/\">\n                Capit\u00e1n Marvel            <\/a>\n        <\/h2>\n    <\/div>\n    <div class=\"gallery-grid-item\">\n        <div class=\"ngg-album-link\">\n            <a class=\"gallery_link\" href=\"https:\/\/www.justcolor.net\/ninos\/colorear-super-heroes\/capitan-america\/\" title=\"P\u00e1ginas de Capitan America para imprimir para ni\u00f1os\">\n                <img class=\"Thumb\"\n                     alt=\"P\u00e1ginas de Capitan America para imprimir para ni\u00f1os\"\n                     src=\"https:\/\/www.justcolor.net\/ninos\/wp-content\/uploads\/sites\/25\/nggallery\/capitan-america\/cache\/dibujos-para-colorear-para-ninos-de-capitan-america-28149.jpg-nggid046977-ngg0dyn-240x160x100-00f0w010c011r110f110r010t010.jpg\"\n                     loading=\"lazy\"\n                     width=\"250\"\n                     height=\"150\" \/>\n            <\/a>\n        <\/div>\n        <h2 class=\"gallery-grid-album-lig1\">\n            <a class=\"ngg-album-desc\"\n               title=\"P\u00e1ginas de Capitan America  para imprimir\"\n               href=\"https:\/\/www.justcolor.net\/ninos\/colorear-super-heroes\/capitan-america\/\">\n                Capitan America            <\/a>\n        <\/h2>\n    <\/div>\n    <div class=\"gallery-grid-item\">\n        <div class=\"ngg-album-link\">\n            <a class=\"gallery_link\" href=\"https:\/\/www.justcolor.net\/ninos\/colorear-super-heroes\/thor\/\" title=\"P\u00e1ginas de Thor para imprimir para ni\u00f1os\">\n                <img class=\"Thumb\"\n                     alt=\"P\u00e1ginas de Thor para imprimir para ni\u00f1os\"\n                     src=\"https:\/\/www.justcolor.net\/ninos\/wp-content\/uploads\/sites\/25\/nggallery\/thor\/cache\/dibujos-para-colorear-para-ninos-de-thor-79065.gif-nggid042421-ngg0dyn-240x160x100-00f0w010c011r110f110r010t010.gif\"\n                     loading=\"lazy\"\n                     width=\"250\"\n                     height=\"150\" \/>\n            <\/a>\n        <\/div>\n        <h2 class=\"gallery-grid-album-lig1\">\n            <a class=\"ngg-album-desc\"\n               title=\"P\u00e1ginas de Thor  para imprimir\"\n               href=\"https:\/\/www.justcolor.net\/ninos\/colorear-super-heroes\/thor\/\">\n                Thor            <\/a>\n        <\/h2>\n    <\/div>\n    <div class=\"gallery-grid-item\">\n        <div class=\"ngg-album-link\">\n            <a class=\"gallery_link\" href=\"https:\/\/www.justcolor.net\/ninos\/colorear-super-heroes\/pantera-negra\/\" title=\"P\u00e1ginas de Pantera negra para imprimir para ni\u00f1os\">\n                <img class=\"Thumb\"\n                     alt=\"P\u00e1ginas de Pantera negra para imprimir para ni\u00f1os\"\n                     src=\"https:\/\/www.justcolor.net\/ninos\/wp-content\/uploads\/sites\/25\/nggallery\/pantera-negra\/cache\/dibujos-para-colorear-para-ninos-pantera-negra-3850.jpeg-nggid049147-ngg0dyn-240x160x100-00f0w010c011r110f110r010t010.jpeg\"\n                     loading=\"lazy\"\n                     width=\"250\"\n                     height=\"150\" \/>\n            <\/a>\n        <\/div>\n        <h2 class=\"gallery-grid-album-lig1\">\n            <a class=\"ngg-album-desc\"\n               title=\"P\u00e1ginas de Pantera negra  para imprimir\"\n               href=\"https:\/\/www.justcolor.net\/ninos\/colorear-super-heroes\/pantera-negra\/\">\n                Pantera negra            <\/a>\n        <\/h2>\n    <\/div>\n    <div class=\"gallery-grid-item\">\n        <div class=\"ngg-album-link\">\n            <a class=\"gallery_link\" href=\"https:\/\/www.justcolor.net\/ninos\/colorear-super-heroes\/iron-man\/\" title=\"P\u00e1ginas de Iron Man para imprimir para ni\u00f1os\">\n                <img class=\"Thumb\"\n                     alt=\"P\u00e1ginas de Iron Man para imprimir para ni\u00f1os\"\n                     src=\"https:\/\/www.justcolor.net\/ninos\/wp-content\/uploads\/sites\/25\/nggallery\/iron-man\/cache\/dibujos-para-colorear-para-ninos-de-iron-man-33873.jpg-nggid03302-ngg0dyn-240x160x100-00f0w010c011r110f110r010t010.jpg\"\n                     loading=\"lazy\"\n                     width=\"250\"\n                     height=\"150\" \/>\n            <\/a>\n        <\/div>\n        <h2 class=\"gallery-grid-album-lig1\">\n            <a class=\"ngg-album-desc\"\n               title=\"P\u00e1ginas de Iron Man  para imprimir\"\n               href=\"https:\/\/www.justcolor.net\/ninos\/colorear-super-heroes\/iron-man\/\">\n                Iron Man            <\/a>\n        <\/h2>\n    <\/div>\n    <div class=\"gallery-grid-item\">\n        <div class=\"ngg-album-link\">\n            <a class=\"gallery_link\" href=\"https:\/\/www.justcolor.net\/ninos\/colorear-super-heroes\/avengers\/\" title=\"P\u00e1ginas de Avengers para imprimir para ni\u00f1os\">\n                <img class=\"Thumb\"\n                     alt=\"P\u00e1ginas de Avengers para imprimir para ni\u00f1os\"\n                     src=\"https:\/\/www.justcolor.net\/ninos\/wp-content\/uploads\/sites\/25\/nggallery\/avengers\/cache\/dibujos-para-colorear-para-ninos-de-avengers-68142.jpg-nggid03319-ngg0dyn-240x160x100-00f0w010c011r110f110r010t010.jpg\"\n                     loading=\"lazy\"\n                     width=\"250\"\n                     height=\"150\" \/>\n            <\/a>\n        <\/div>\n        <h2 class=\"gallery-grid-album-lig1\">\n            <a class=\"ngg-album-desc\"\n               title=\"P\u00e1ginas de Avengers  para imprimir\"\n               href=\"https:\/\/www.justcolor.net\/ninos\/colorear-super-heroes\/avengers\/\">\n                Avengers            <\/a>\n        <\/h2>\n    <\/div>\n<br class=\"ngg-clear\"\/>\n<div class='ngg-clear'><\/div><\/div>\n\n","protected":false},"excerpt":{"rendered":"<p><b>Marvel<\/b> se ha consolidado tanto en el mundo del c\u00f3mic como en el del cine.<br \/>\nDesde su debut en el c\u00f3mic, la franquicia ha presentado personajes ic\u00f3nicos como Spider-Man, Iron Man y X-Men, cautivando a generaciones de lectores con narrativas ricas y complejas. La adaptaci\u00f3n cinematogr\u00e1fica de estos h\u00e9roes impuls\u00f3 a Marvel al escenario global, creando un universo cinematogr\u00e1fico interconectado que redefini\u00f3 el g\u00e9nero de superh\u00e9roes. Las pel\u00edculas de Marvel, caracterizadas por espectaculares efectos especiales y actuaciones cautivadoras, han extendido el legado de los c\u00f3mics a la gran pantalla, asegur\u00e1ndose un lugar innegable en la cultura popular contempor\u00e1nea.<\/p>\n","protected":false},"author":1,"featured_media":0,"parent":0,"menu_order":0,"comment_status":"closed","ping_status":"closed","template":"","meta":{"ngg_post_thumbnail":0,"footnotes":""},"tags":[],"class_list":["post-28504","page","type-page","status-publish"],"_links":{"self":[{"href":"https:\/\/www.justcolor.net\/ninos\/wp-json\/wp\/v2\/pages\/28504","targetHints":{"allow":["GET"]}}],"collection":[{"href":"https:\/\/www.justcolor.net\/ninos\/wp-json\/wp\/v2\/pages"}],"about":[{"href":"https:\/\/www.justcolor.net\/ninos\/wp-json\/wp\/v2\/types\/page"}],"author":[{"embeddable":true,"href":"https:\/\/www.justcolor.net\/ninos\/wp-json\/wp\/v2\/users\/1"}],"replies":[{"embeddable":true,"href":"https:\/\/www.justcolor.net\/ninos\/wp-json\/wp\/v2\/comments?post=28504"}],"version-history":[{"count":0,"href":"https:\/\/www.justcolor.net\/ninos\/wp-json\/wp\/v2\/pages\/28504\/revisions"}],"wp:attachment":[{"href":"https:\/\/www.justcolor.net\/ninos\/wp-json\/wp\/v2\/media?parent=28504"}],"wp:term":[{"taxonomy":"post_tag","embeddable":true,"href":"https:\/\/www.justcolor.net\/ninos\/wp-json\/wp\/v2\/tags?post=28504"}],"curies":[{"name":"wp","href":"https:\/\/api.w.org\/{rel}","templated":true}]}}