{"id":30052,"date":"2025-01-03T17:04:29","date_gmt":"2025-01-03T16:04:29","guid":{"rendered":"https:\/\/www.justcolor.net\/ninos\/kaws\/"},"modified":"2025-01-03T17:22:04","modified_gmt":"2025-01-03T16:22:04","slug":"kaws","status":"publish","type":"page","link":"https:\/\/www.justcolor.net\/ninos\/obras-de-arte\/kaws\/","title":{"rendered":"Kaws"},"content":{"rendered":"<p>no images were found<\/p>\n\n","protected":false},"excerpt":{"rendered":"<p><b>Kaws<\/b>, tambi\u00e9n conocido como Brian Donnelly, es un artista contempor\u00e1neo estadounidense cuyo trabajo est\u00e1 fuertemente influenciado por la cultura pop. Su estilo \u00fanico combina elementos de c\u00f3mics, graffiti y publicidad para crear obras emblem\u00e1ticas.<br \/>\nCon sus personajes emblem\u00e1ticos como Kaws Companion y Kaws BFF, ha ganado fama mundial y se ha establecido como una figura imprescindible en la escena art\u00edstica moderna.<\/p>\n","protected":false},"author":1,"featured_media":0,"parent":2442,"menu_order":0,"comment_status":"closed","ping_status":"closed","template":"","meta":{"ngg_post_thumbnail":0,"footnotes":""},"tags":[993],"class_list":{"0":"post-30052","1":"page","2":"type-page","3":"status-publish","5":"tag-gallery"},"_links":{"self":[{"href":"https:\/\/www.justcolor.net\/ninos\/wp-json\/wp\/v2\/pages\/30052","targetHints":{"allow":["GET"]}}],"collection":[{"href":"https:\/\/www.justcolor.net\/ninos\/wp-json\/wp\/v2\/pages"}],"about":[{"href":"https:\/\/www.justcolor.net\/ninos\/wp-json\/wp\/v2\/types\/page"}],"author":[{"embeddable":true,"href":"https:\/\/www.justcolor.net\/ninos\/wp-json\/wp\/v2\/users\/1"}],"replies":[{"embeddable":true,"href":"https:\/\/www.justcolor.net\/ninos\/wp-json\/wp\/v2\/comments?post=30052"}],"version-history":[{"count":0,"href":"https:\/\/www.justcolor.net\/ninos\/wp-json\/wp\/v2\/pages\/30052\/revisions"}],"up":[{"embeddable":true,"href":"https:\/\/www.justcolor.net\/ninos\/wp-json\/wp\/v2\/pages\/2442"}],"wp:attachment":[{"href":"https:\/\/www.justcolor.net\/ninos\/wp-json\/wp\/v2\/media?parent=30052"}],"wp:term":[{"taxonomy":"post_tag","embeddable":true,"href":"https:\/\/www.justcolor.net\/ninos\/wp-json\/wp\/v2\/tags?post=30052"}],"curies":[{"name":"wp","href":"https:\/\/api.w.org\/{rel}","templated":true}]}}