{"id":30062,"date":"2025-01-03T17:06:15","date_gmt":"2025-01-03T16:06:15","guid":{"rendered":"https:\/\/www.justcolor.net\/ninos\/molang\/"},"modified":"2025-01-03T17:26:01","modified_gmt":"2025-01-03T16:26:01","slug":"molang","status":"publish","type":"page","link":"https:\/\/www.justcolor.net\/ninos\/personajes-de-tv\/molang\/","title":{"rendered":"Molang"},"content":{"rendered":"<p>no images were found<\/p>\n\n","protected":false},"excerpt":{"rendered":"<p><b>Molang<\/b> es un personaje adorable y encantador que ha logrado conquistar el coraz\u00f3n de muchos fans alrededor del mundo. Este peque\u00f1o conejo blanco, acompa\u00f1ado de su amigo Piu Piu, es el h\u00e9roe de una serie animada en idioma fr que destaca valores como la amistad, la bondad y la ayuda mutua.<\/p>\n","protected":false},"author":1,"featured_media":0,"parent":61,"menu_order":0,"comment_status":"closed","ping_status":"closed","template":"","meta":{"ngg_post_thumbnail":0,"footnotes":""},"tags":[993],"class_list":{"0":"post-30062","1":"page","2":"type-page","3":"status-publish","5":"tag-gallery"},"_links":{"self":[{"href":"https:\/\/www.justcolor.net\/ninos\/wp-json\/wp\/v2\/pages\/30062","targetHints":{"allow":["GET"]}}],"collection":[{"href":"https:\/\/www.justcolor.net\/ninos\/wp-json\/wp\/v2\/pages"}],"about":[{"href":"https:\/\/www.justcolor.net\/ninos\/wp-json\/wp\/v2\/types\/page"}],"author":[{"embeddable":true,"href":"https:\/\/www.justcolor.net\/ninos\/wp-json\/wp\/v2\/users\/1"}],"replies":[{"embeddable":true,"href":"https:\/\/www.justcolor.net\/ninos\/wp-json\/wp\/v2\/comments?post=30062"}],"version-history":[{"count":0,"href":"https:\/\/www.justcolor.net\/ninos\/wp-json\/wp\/v2\/pages\/30062\/revisions"}],"up":[{"embeddable":true,"href":"https:\/\/www.justcolor.net\/ninos\/wp-json\/wp\/v2\/pages\/61"}],"wp:attachment":[{"href":"https:\/\/www.justcolor.net\/ninos\/wp-json\/wp\/v2\/media?parent=30062"}],"wp:term":[{"taxonomy":"post_tag","embeddable":true,"href":"https:\/\/www.justcolor.net\/ninos\/wp-json\/wp\/v2\/tags?post=30062"}],"curies":[{"name":"wp","href":"https:\/\/api.w.org\/{rel}","templated":true}]}}