{"id":30067,"date":"2025-01-03T17:07:02","date_gmt":"2025-01-03T16:07:02","guid":{"rendered":"https:\/\/www.justcolor.net\/ninos\/lisa-frank\/"},"modified":"2025-01-03T17:28:25","modified_gmt":"2025-01-03T16:28:25","slug":"lisa-frank","status":"publish","type":"page","link":"https:\/\/www.justcolor.net\/ninos\/obras-de-arte\/lisa-frank\/","title":{"rendered":"Lisa Frank"},"content":{"rendered":"<p>no images were found<\/p>\n\n","protected":false},"excerpt":{"rendered":"<p><b>Lisa Frank Inc.<\/b>, fundada en 1979 por Lisa Frank, es una empresa privada especializada en dise\u00f1os coloridos, especialmente en materiales escolares y pegatinas. Despu\u00e9s de estudiar arte en la Universidad de Arizona, Lisa Frank lanz\u00f3 una l\u00ednea de joyas de pl\u00e1stico llamada Sticky Fingers, que la inspir\u00f3 a crear pegatinas coloridas. Estas, con sus personajes originales, impulsaron la marca. En 1987, la empresa ampli\u00f3 su oferta a materiales escolares, volvi\u00e9ndose extremadamente popular gracias a personajes ic\u00f3nicos como Panda Painter y el lema \u00abYou Gotta Have It.\u00bb<\/p>\n","protected":false},"author":1,"featured_media":0,"parent":2442,"menu_order":0,"comment_status":"closed","ping_status":"closed","template":"","meta":{"ngg_post_thumbnail":0,"footnotes":""},"tags":[993],"class_list":{"0":"post-30067","1":"page","2":"type-page","3":"status-publish","5":"tag-gallery"},"_links":{"self":[{"href":"https:\/\/www.justcolor.net\/ninos\/wp-json\/wp\/v2\/pages\/30067","targetHints":{"allow":["GET"]}}],"collection":[{"href":"https:\/\/www.justcolor.net\/ninos\/wp-json\/wp\/v2\/pages"}],"about":[{"href":"https:\/\/www.justcolor.net\/ninos\/wp-json\/wp\/v2\/types\/page"}],"author":[{"embeddable":true,"href":"https:\/\/www.justcolor.net\/ninos\/wp-json\/wp\/v2\/users\/1"}],"replies":[{"embeddable":true,"href":"https:\/\/www.justcolor.net\/ninos\/wp-json\/wp\/v2\/comments?post=30067"}],"version-history":[{"count":0,"href":"https:\/\/www.justcolor.net\/ninos\/wp-json\/wp\/v2\/pages\/30067\/revisions"}],"up":[{"embeddable":true,"href":"https:\/\/www.justcolor.net\/ninos\/wp-json\/wp\/v2\/pages\/2442"}],"wp:attachment":[{"href":"https:\/\/www.justcolor.net\/ninos\/wp-json\/wp\/v2\/media?parent=30067"}],"wp:term":[{"taxonomy":"post_tag","embeddable":true,"href":"https:\/\/www.justcolor.net\/ninos\/wp-json\/wp\/v2\/tags?post=30067"}],"curies":[{"name":"wp","href":"https:\/\/api.w.org\/{rel}","templated":true}]}}