{"id":31303,"date":"2025-05-02T09:54:21","date_gmt":"2025-05-02T07:54:21","guid":{"rendered":"https:\/\/www.justcolor.net\/ninos\/cochon-dinde\/"},"modified":"2025-05-02T09:54:21","modified_gmt":"2025-05-02T07:54:21","slug":"guinea-pig","status":"publish","type":"page","link":"https:\/\/www.justcolor.net\/ninos\/paginas-para-colorear-de-animales\/guinea-pig\/","title":{"rendered":"Guinea pig"},"content":{"rendered":"<p>no images were found<\/p>\n\n","protected":false},"excerpt":{"rendered":"<p>El <strong>cuy<\/strong> es un peque\u00f1o roedor dom\u00e9stico originario de los Andes, apreciado por su naturaleza sociable y su apariencia adorable. Adem\u00e1s de ser un compa\u00f1ero ideal, el <strong>cuy<\/strong> se utiliza a menudo en la investigaci\u00f3n cient\u00edfica debido a sus caracter\u00edsticas fisiol\u00f3gicas \u00fanicas.<br \/>\nM\u00e1s all\u00e1 de su popularidad como mascota, el <strong>cuy<\/strong> tambi\u00e9n desempe\u00f1a un papel cultural importante en algunas regiones del mundo.<\/p>\n","protected":false},"author":1,"featured_media":0,"parent":60,"menu_order":0,"comment_status":"closed","ping_status":"closed","template":"","meta":{"ngg_post_thumbnail":0,"footnotes":""},"tags":[993],"class_list":{"0":"post-31303","1":"page","2":"type-page","3":"status-publish","5":"tag-gallery"},"_links":{"self":[{"href":"https:\/\/www.justcolor.net\/ninos\/wp-json\/wp\/v2\/pages\/31303","targetHints":{"allow":["GET"]}}],"collection":[{"href":"https:\/\/www.justcolor.net\/ninos\/wp-json\/wp\/v2\/pages"}],"about":[{"href":"https:\/\/www.justcolor.net\/ninos\/wp-json\/wp\/v2\/types\/page"}],"author":[{"embeddable":true,"href":"https:\/\/www.justcolor.net\/ninos\/wp-json\/wp\/v2\/users\/1"}],"replies":[{"embeddable":true,"href":"https:\/\/www.justcolor.net\/ninos\/wp-json\/wp\/v2\/comments?post=31303"}],"version-history":[{"count":1,"href":"https:\/\/www.justcolor.net\/ninos\/wp-json\/wp\/v2\/pages\/31303\/revisions"}],"predecessor-version":[{"id":31314,"href":"https:\/\/www.justcolor.net\/ninos\/wp-json\/wp\/v2\/pages\/31303\/revisions\/31314"}],"up":[{"embeddable":true,"href":"https:\/\/www.justcolor.net\/ninos\/wp-json\/wp\/v2\/pages\/60"}],"wp:attachment":[{"href":"https:\/\/www.justcolor.net\/ninos\/wp-json\/wp\/v2\/media?parent=31303"}],"wp:term":[{"taxonomy":"post_tag","embeddable":true,"href":"https:\/\/www.justcolor.net\/ninos\/wp-json\/wp\/v2\/tags?post=31303"}],"curies":[{"name":"wp","href":"https:\/\/api.w.org\/{rel}","templated":true}]}}