{"id":31307,"date":"2025-05-02T09:54:21","date_gmt":"2025-05-02T07:54:21","guid":{"rendered":"https:\/\/www.justcolor.net\/ninos\/lisa-frank\/"},"modified":"2025-05-02T09:54:21","modified_gmt":"2025-05-02T07:54:21","slug":"lisa-frank","status":"publish","type":"page","link":"https:\/\/www.justcolor.net\/ninos\/coloracion-tematica\/lisa-frank\/","title":{"rendered":"Lisa Frank"},"content":{"rendered":"<p>no images were found<\/p>\n\n","protected":false},"excerpt":{"rendered":"<p>Desde la d\u00e9cada de 1980, <STRONG>Lisa Frank<\/STRONG> es sin\u00f3nimo de un universo colorido y fantasioso que ha marcado la infancia de muchos entusiastas de la papeler\u00eda. La est\u00e9tica vibrante y alegre de <STRONG>Lisa Frank<\/STRONG> se encuentra en una gama de productos que van desde pegatinas hasta \u00fatiles escolares.<br \/>\nHoy en d\u00eda, la influencia de <STRONG>Lisa Frank<\/STRONG> sigue inspirando un sentimiento de nostalgia y creatividad.<\/p>\n","protected":false},"author":1,"featured_media":0,"parent":66,"menu_order":0,"comment_status":"closed","ping_status":"closed","template":"","meta":{"ngg_post_thumbnail":0,"footnotes":""},"tags":[993],"class_list":{"0":"post-31307","1":"page","2":"type-page","3":"status-publish","5":"tag-gallery"},"_links":{"self":[{"href":"https:\/\/www.justcolor.net\/ninos\/wp-json\/wp\/v2\/pages\/31307","targetHints":{"allow":["GET"]}}],"collection":[{"href":"https:\/\/www.justcolor.net\/ninos\/wp-json\/wp\/v2\/pages"}],"about":[{"href":"https:\/\/www.justcolor.net\/ninos\/wp-json\/wp\/v2\/types\/page"}],"author":[{"embeddable":true,"href":"https:\/\/www.justcolor.net\/ninos\/wp-json\/wp\/v2\/users\/1"}],"replies":[{"embeddable":true,"href":"https:\/\/www.justcolor.net\/ninos\/wp-json\/wp\/v2\/comments?post=31307"}],"version-history":[{"count":1,"href":"https:\/\/www.justcolor.net\/ninos\/wp-json\/wp\/v2\/pages\/31307\/revisions"}],"predecessor-version":[{"id":31310,"href":"https:\/\/www.justcolor.net\/ninos\/wp-json\/wp\/v2\/pages\/31307\/revisions\/31310"}],"up":[{"embeddable":true,"href":"https:\/\/www.justcolor.net\/ninos\/wp-json\/wp\/v2\/pages\/66"}],"wp:attachment":[{"href":"https:\/\/www.justcolor.net\/ninos\/wp-json\/wp\/v2\/media?parent=31307"}],"wp:term":[{"taxonomy":"post_tag","embeddable":true,"href":"https:\/\/www.justcolor.net\/ninos\/wp-json\/wp\/v2\/tags?post=31307"}],"curies":[{"name":"wp","href":"https:\/\/api.w.org\/{rel}","templated":true}]}}