{"id":58,"date":"2013-09-25T09:53:44","date_gmt":"2013-09-25T08:53:44","guid":{"rendered":"https:\/\/www.justcolor.net\/ninos\/ninos\/?page_id=58"},"modified":"2017-11-06T16:09:32","modified_gmt":"2017-11-06T15:09:32","slug":"coloracion-educativa","status":"publish","type":"page","link":"https:\/\/www.justcolor.net\/ninos\/coloracion-educativa\/","title":{"rendered":"Educativo"},"content":{"rendered":"<div class=\"gallery-grid\">\n    <div class=\"gallery-grid-item\">\n        <div class=\"ngg-album-link\">\n            <a class=\"gallery_link\" href=\"https:\/\/www.justcolor.net\/ninos\/coloracion-educativa\/alfabeto\/\" title=\"P\u00e1ginas de Alfabeto para imprimir para ni\u00f1os\">\n                <img class=\"Thumb\"\n                     alt=\"P\u00e1ginas de Alfabeto para imprimir para ni\u00f1os\"\n                     src=\"https:\/\/www.justcolor.net\/ninos\/wp-content\/uploads\/sites\/25\/nggallery\/alfabeto\/cache\/dibujos-para-colorear-para-ninos-de-alfabeto-77366.jpg-nggid017-ngg0dyn-182x136-00f0w010c011r110f110r010t010.jpg\"\n                     loading=\"lazy\"\n                     width=\"250\"\n                     height=\"150\" \/>\n            <\/a>\n        <\/div>\n        <h2 class=\"gallery-grid-album-lig1\">\n            <a class=\"ngg-album-desc\"\n               title=\"P\u00e1ginas de Alfabeto  para imprimir\"\n               href=\"https:\/\/www.justcolor.net\/ninos\/coloracion-educativa\/alfabeto\/\">\n                Alfabeto            <\/a>\n        <\/h2>\n    <\/div>\n    <div class=\"gallery-grid-item\">\n        <div class=\"ngg-album-link\">\n            <a class=\"gallery_link\" href=\"https:\/\/www.justcolor.net\/ninos\/coloracion-educativa\/cifras\/\" title=\"P\u00e1ginas de Cifras para imprimir para ni\u00f1os\">\n                <img class=\"Thumb\"\n                     alt=\"P\u00e1ginas de Cifras para imprimir para ni\u00f1os\"\n                     src=\"https:\/\/www.justcolor.net\/ninos\/wp-content\/uploads\/sites\/25\/nggallery\/cifras\/cache\/dibujos-para-colorear-para-ninos-de-cifras-11712.jpg-nggid0272-ngg0dyn-182x136-00f0w010c011r110f110r010t010.jpg\"\n                     loading=\"lazy\"\n                     width=\"250\"\n                     height=\"150\" \/>\n            <\/a>\n        <\/div>\n        <h2 class=\"gallery-grid-album-lig1\">\n            <a class=\"ngg-album-desc\"\n               title=\"P\u00e1ginas de Cifras  para imprimir\"\n               href=\"https:\/\/www.justcolor.net\/ninos\/coloracion-educativa\/cifras\/\">\n                Cifras            <\/a>\n        <\/h2>\n    <\/div>\n    <div class=\"gallery-grid-item\">\n        <div class=\"ngg-album-link\">\n            <a class=\"gallery_link\" href=\"https:\/\/www.justcolor.net\/ninos\/coloracion-educativa\/cities\/\" title=\"P\u00e1ginas de Cities para imprimir para ni\u00f1os\">\n                <img class=\"Thumb\"\n                     alt=\"P\u00e1ginas de Cities para imprimir para ni\u00f1os\"\n                     src=\"https:\/\/www.justcolor.net\/ninos\/wp-content\/uploads\/sites\/25\/nggallery\/cities\/cache\/dibujos-para-colorear-para-ninos-ciudades-20321.jpg-nggid0511857-ngg0dyn-182x136-00f0w010c011r110f110r010t010.jpg\"\n                     loading=\"lazy\"\n                     width=\"250\"\n                     height=\"150\" \/>\n            <\/a>\n        <\/div>\n        <h2 class=\"gallery-grid-album-lig1\">\n            <a class=\"ngg-album-desc\"\n               title=\"P\u00e1ginas de Cities  para imprimir\"\n               href=\"https:\/\/www.justcolor.net\/ninos\/coloracion-educativa\/cities\/\">\n                Cities            <\/a>\n        <\/h2>\n    <\/div>\n    <div class=\"gallery-grid-item\">\n        <div class=\"ngg-album-link\">\n            <a class=\"gallery_link\" href=\"https:\/\/www.justcolor.net\/ninos\/coloracion-educativa\/country\/\" title=\"P\u00e1ginas de Country para imprimir para ni\u00f1os\">\n                <img class=\"Thumb\"\n                     alt=\"P\u00e1ginas de Country para imprimir para ni\u00f1os\"\n                     src=\"https:\/\/www.justcolor.net\/ninos\/wp-content\/uploads\/sites\/25\/nggallery\/country\/cache\/dibujos-para-colorear-para-ninos-pais-97929.jpg-nggid0511860-ngg0dyn-182x136-00f0w010c011r110f110r010t010.jpg\"\n                     loading=\"lazy\"\n                     width=\"250\"\n                     height=\"150\" \/>\n            <\/a>\n        <\/div>\n        <h2 class=\"gallery-grid-album-lig1\">\n            <a class=\"ngg-album-desc\"\n               title=\"P\u00e1ginas de Country  para imprimir\"\n               href=\"https:\/\/www.justcolor.net\/ninos\/coloracion-educativa\/country\/\">\n                Country            <\/a>\n        <\/h2>\n    <\/div>\n    <div class=\"gallery-grid-item\">\n        <div class=\"ngg-album-link\">\n            <a class=\"gallery_link\" href=\"https:\/\/www.justcolor.net\/ninos\/coloracion-educativa\/cuerpo-humano\/\" title=\"P\u00e1ginas de Cuerpo humano para imprimir para ni\u00f1os\">\n                <img class=\"Thumb\"\n                     alt=\"P\u00e1ginas de Cuerpo humano para imprimir para ni\u00f1os\"\n                     src=\"https:\/\/www.justcolor.net\/ninos\/wp-content\/uploads\/sites\/25\/nggallery\/cuerpo-humano\/cache\/dibujos-para-colorear-para-ninos-cuerpo-humano-87467.jpg-nggid0511355-ngg0dyn-182x136-00f0w010c011r110f110r010t010.jpg\"\n                     loading=\"lazy\"\n                     width=\"250\"\n                     height=\"150\" \/>\n            <\/a>\n        <\/div>\n        <h2 class=\"gallery-grid-album-lig1\">\n            <a class=\"ngg-album-desc\"\n               title=\"P\u00e1ginas de Cuerpo humano  para imprimir\"\n               href=\"https:\/\/www.justcolor.net\/ninos\/coloracion-educativa\/cuerpo-humano\/\">\n                Cuerpo humano            <\/a>\n        <\/h2>\n    <\/div>\n    <div class=\"gallery-grid-item\">\n        <div class=\"ngg-album-link\">\n            <a class=\"gallery_link\" href=\"https:\/\/www.justcolor.net\/ninos\/coloracion-educativa\/doodle-art\/\" title=\"P\u00e1ginas de Doodle Art para imprimir para ni\u00f1os\">\n                <img class=\"Thumb\"\n                     alt=\"P\u00e1ginas de Doodle Art para imprimir para ni\u00f1os\"\n                     src=\"https:\/\/www.justcolor.net\/ninos\/wp-content\/uploads\/sites\/25\/nggallery\/doodle-art\/cache\/dibujos-para-colorear-para-ninos-de-doodle-art-20614.jpg-nggid045401-ngg0dyn-182x136-00f0w010c011r110f110r010t010.jpg\"\n                     loading=\"lazy\"\n                     width=\"250\"\n                     height=\"150\" \/>\n            <\/a>\n        <\/div>\n        <h2 class=\"gallery-grid-album-lig1\">\n            <a class=\"ngg-album-desc\"\n               title=\"P\u00e1ginas de Doodle Art  para imprimir\"\n               href=\"https:\/\/www.justcolor.net\/ninos\/coloracion-educativa\/doodle-art\/\">\n                Doodle Art            <\/a>\n        <\/h2>\n    <\/div>\n    <div class=\"gallery-grid-item\">\n        <div class=\"ngg-album-link\">\n            <a class=\"gallery_link\" href=\"https:\/\/www.justcolor.net\/ninos\/coloracion-educativa\/formas\/\" title=\"P\u00e1ginas de Formas para imprimir para ni\u00f1os\">\n                <img class=\"Thumb\"\n                     alt=\"P\u00e1ginas de Formas para imprimir para ni\u00f1os\"\n                     src=\"https:\/\/www.justcolor.net\/ninos\/wp-content\/uploads\/sites\/25\/nggallery\/formas\/cache\/dibujos-para-colorear-para-ninos-de-formas-35145.gif-nggid0268-ngg0dyn-182x136-00f0w010c011r110f110r010t010.gif\"\n                     loading=\"lazy\"\n                     width=\"250\"\n                     height=\"150\" \/>\n            <\/a>\n        <\/div>\n        <h2 class=\"gallery-grid-album-lig1\">\n            <a class=\"ngg-album-desc\"\n               title=\"P\u00e1ginas de Formas  para imprimir\"\n               href=\"https:\/\/www.justcolor.net\/ninos\/coloracion-educativa\/formas\/\">\n                Formas            <\/a>\n        <\/h2>\n    <\/div>\n    <div class=\"gallery-grid-item\">\n        <div class=\"ngg-album-link\">\n            <a class=\"gallery_link\" href=\"https:\/\/www.justcolor.net\/ninos\/coloracion-educativa\/frutas-y-verduras\/\" title=\"P\u00e1ginas de Frutas y verduras para imprimir para ni\u00f1os\">\n                <img class=\"Thumb\"\n                     alt=\"P\u00e1ginas de Frutas y verduras para imprimir para ni\u00f1os\"\n                     src=\"https:\/\/www.justcolor.net\/ninos\/wp-content\/uploads\/sites\/25\/nggallery\/frutas-y-verduras\/cache\/dibujos-para-colorear-para-ninos-de-frutas-y-verduras-74883.gif-nggid041132-ngg0dyn-182x136-00f0w010c011r110f110r010t010.gif\"\n                     loading=\"lazy\"\n                     width=\"250\"\n                     height=\"150\" \/>\n            <\/a>\n        <\/div>\n        <h2 class=\"gallery-grid-album-lig1\">\n            <a class=\"ngg-album-desc\"\n               title=\"P\u00e1ginas de Frutas y verduras  para imprimir\"\n               href=\"https:\/\/www.justcolor.net\/ninos\/coloracion-educativa\/frutas-y-verduras\/\">\n                Frutas y verduras            <\/a>\n        <\/h2>\n    <\/div>\n    <div class=\"gallery-grid-item\">\n        <div class=\"ngg-album-link\">\n            <a class=\"gallery_link\" href=\"https:\/\/www.justcolor.net\/ninos\/coloracion-educativa\/juegos-de-palabras\/\" title=\"P\u00e1ginas de Juegos de palabras para imprimir para ni\u00f1os\">\n                <img class=\"Thumb\"\n                     alt=\"P\u00e1ginas de Juegos de palabras para imprimir para ni\u00f1os\"\n                     src=\"https:\/\/www.justcolor.net\/ninos\/wp-content\/uploads\/sites\/25\/nggallery\/juegos-de-palabras\/cache\/dibujos-para-colorear-para-ninos-de-juegos-de-palabras-53353.jpg-nggid03186-ngg0dyn-182x136-00f0w010c011r110f110r010t010.jpg\"\n                     loading=\"lazy\"\n                     width=\"250\"\n                     height=\"150\" \/>\n            <\/a>\n        <\/div>\n        <h2 class=\"gallery-grid-album-lig1\">\n            <a class=\"ngg-album-desc\"\n               title=\"P\u00e1ginas de Juegos de palabras  para imprimir\"\n               href=\"https:\/\/www.justcolor.net\/ninos\/coloracion-educativa\/juegos-de-palabras\/\">\n                Juegos de palabras            <\/a>\n        <\/h2>\n    <\/div>\n    <div class=\"gallery-grid-item\">\n        <div class=\"ngg-album-link\">\n            <a class=\"gallery_link\" href=\"https:\/\/www.justcolor.net\/ninos\/coloracion-educativa\/laberintos\/\" title=\"P\u00e1ginas de Laberintos para imprimir para ni\u00f1os\">\n                <img class=\"Thumb\"\n                     alt=\"P\u00e1ginas de Laberintos para imprimir para ni\u00f1os\"\n                     src=\"https:\/\/www.justcolor.net\/ninos\/wp-content\/uploads\/sites\/25\/nggallery\/laberintos\/cache\/dibujos-para-colorear-para-ninos-de-laberintos-70787.jpg-nggid0276-ngg0dyn-182x136-00f0w010c011r110f110r010t010.jpg\"\n                     loading=\"lazy\"\n                     width=\"250\"\n                     height=\"150\" \/>\n            <\/a>\n        <\/div>\n        <h2 class=\"gallery-grid-album-lig1\">\n            <a class=\"ngg-album-desc\"\n               title=\"P\u00e1ginas de Laberintos  para imprimir\"\n               href=\"https:\/\/www.justcolor.net\/ninos\/coloracion-educativa\/laberintos\/\">\n                Laberintos            <\/a>\n        <\/h2>\n    <\/div>\n    <div class=\"gallery-grid-item\">\n        <div class=\"ngg-album-link\">\n            <a class=\"gallery_link\" href=\"https:\/\/www.justcolor.net\/ninos\/coloracion-educativa\/mandalas\/\" title=\"P\u00e1ginas de Mandalas para imprimir para ni\u00f1os\">\n                <img class=\"Thumb\"\n                     alt=\"P\u00e1ginas de Mandalas para imprimir para ni\u00f1os\"\n                     src=\"https:\/\/www.justcolor.net\/ninos\/wp-content\/uploads\/sites\/25\/nggallery\/mandalas\/cache\/dibujos-para-colorear-para-ninos-de-mandalas-31334.gif-nggid03246-ngg0dyn-182x136-00f0w010c011r110f110r010t010.gif\"\n                     loading=\"lazy\"\n                     width=\"250\"\n                     height=\"150\" \/>\n            <\/a>\n        <\/div>\n        <h2 class=\"gallery-grid-album-lig1\">\n            <a class=\"ngg-album-desc\"\n               title=\"P\u00e1ginas de Mandalas  para imprimir\"\n               href=\"https:\/\/www.justcolor.net\/ninos\/coloracion-educativa\/mandalas\/\">\n                Mandalas            <\/a>\n        <\/h2>\n    <\/div>\n    <div class=\"gallery-grid-item\">\n        <div class=\"ngg-album-link\">\n            <a class=\"gallery_link\" href=\"https:\/\/www.justcolor.net\/ninos\/coloracion-educativa\/oficios\/\" title=\"P\u00e1ginas de Oficios para imprimir para ni\u00f1os\">\n                <img class=\"Thumb\"\n                     alt=\"P\u00e1ginas de Oficios para imprimir para ni\u00f1os\"\n                     src=\"https:\/\/www.justcolor.net\/ninos\/wp-content\/uploads\/sites\/25\/nggallery\/oficios\/cache\/dibujos-para-colorear-para-ninos-oficios-50907.jpg-nggid0511542-ngg0dyn-182x136-00f0w010c011r110f110r010t010.jpg\"\n                     loading=\"lazy\"\n                     width=\"250\"\n                     height=\"150\" \/>\n            <\/a>\n        <\/div>\n        <h2 class=\"gallery-grid-album-lig1\">\n            <a class=\"ngg-album-desc\"\n               title=\"P\u00e1ginas de Oficios  para imprimir\"\n               href=\"https:\/\/www.justcolor.net\/ninos\/coloracion-educativa\/oficios\/\">\n                Oficios            <\/a>\n        <\/h2>\n    <\/div>\n    <div class=\"gallery-grid-item\">\n        <div class=\"ngg-album-link\">\n            <a class=\"gallery_link\" href=\"https:\/\/www.justcolor.net\/ninos\/coloracion-educativa\/otono\/\" title=\"P\u00e1ginas de Oto\u00f1o para imprimir para ni\u00f1os\">\n                <img class=\"Thumb\"\n                     alt=\"P\u00e1ginas de Oto\u00f1o para imprimir para ni\u00f1os\"\n                     src=\"https:\/\/www.justcolor.net\/ninos\/wp-content\/uploads\/sites\/25\/nggallery\/otono\/cache\/dibujos-para-colorear-para-ninos-otono-60102.jpg-nggid0511756-ngg0dyn-182x136-00f0w010c011r110f110r010t010.jpg\"\n                     loading=\"lazy\"\n                     width=\"250\"\n                     height=\"150\" \/>\n            <\/a>\n        <\/div>\n        <h2 class=\"gallery-grid-album-lig1\">\n            <a class=\"ngg-album-desc\"\n               title=\"P\u00e1ginas de Oto\u00f1o  para imprimir\"\n               href=\"https:\/\/www.justcolor.net\/ninos\/coloracion-educativa\/otono\/\">\n                Oto\u00f1o            <\/a>\n        <\/h2>\n    <\/div>\n    <div class=\"gallery-grid-item\">\n        <div class=\"ngg-album-link\">\n            <a class=\"gallery_link\" href=\"https:\/\/www.justcolor.net\/ninos\/coloracion-educativa\/colorante-magico\/\" title=\"P\u00e1ginas de P\u00e1ginas para colorear m\u00e1gico para imprimir para ni\u00f1os\">\n                <img class=\"Thumb\"\n                     alt=\"P\u00e1ginas de P\u00e1ginas para colorear m\u00e1gico para imprimir para ni\u00f1os\"\n                     src=\"https:\/\/www.justcolor.net\/ninos\/wp-content\/uploads\/sites\/25\/nggallery\/colorante-magico\/cache\/coloring-magic-7.jpg-nggid03180-ngg0dyn-182x136-00f0w010c011r110f110r010t010.jpg\"\n                     loading=\"lazy\"\n                     width=\"250\"\n                     height=\"150\" \/>\n            <\/a>\n        <\/div>\n        <h2 class=\"gallery-grid-album-lig1\">\n            <a class=\"ngg-album-desc\"\n               title=\"P\u00e1ginas de P\u00e1ginas para colorear m\u00e1gico  para imprimir\"\n               href=\"https:\/\/www.justcolor.net\/ninos\/coloracion-educativa\/colorante-magico\/\">\n                P\u00e1ginas para colorear m\u00e1gico            <\/a>\n        <\/h2>\n    <\/div>\n    <div class=\"gallery-grid-item\">\n        <div class=\"ngg-album-link\">\n            <a class=\"gallery_link\" href=\"https:\/\/www.justcolor.net\/ninos\/coloracion-educativa\/rosetas\/\" title=\"P\u00e1ginas de Rosetas para imprimir para ni\u00f1os\">\n                <img class=\"Thumb\"\n                     alt=\"P\u00e1ginas de Rosetas para imprimir para ni\u00f1os\"\n                     src=\"https:\/\/www.justcolor.net\/ninos\/wp-content\/uploads\/sites\/25\/nggallery\/rosetas\/cache\/dibujos-para-colorear-para-ninos-de-rosetas-93767.png-nggid042644-ngg0dyn-182x136-00f0w010c011r110f110r010t010.png\"\n                     loading=\"lazy\"\n                     width=\"250\"\n                     height=\"150\" \/>\n            <\/a>\n        <\/div>\n        <h2 class=\"gallery-grid-album-lig1\">\n            <a class=\"ngg-album-desc\"\n               title=\"P\u00e1ginas de Rosetas  para imprimir\"\n               href=\"https:\/\/www.justcolor.net\/ninos\/coloracion-educativa\/rosetas\/\">\n                Rosetas            <\/a>\n        <\/h2>\n    <\/div>\n    <div class=\"gallery-grid-item\">\n        <div class=\"ngg-album-link\">\n            <a class=\"gallery_link\" href=\"https:\/\/www.justcolor.net\/ninos\/coloracion-educativa\/dias-de-semina\/\" title=\"P\u00e1ginas de Semana de los d\u00edas para imprimir para ni\u00f1os\">\n                <img class=\"Thumb\"\n                     alt=\"P\u00e1ginas de Semana de los d\u00edas para imprimir para ni\u00f1os\"\n                     src=\"https:\/\/www.justcolor.net\/ninos\/wp-content\/uploads\/sites\/25\/nggallery\/dias-de-semina\/cache\/dibujos-para-colorear-para-ninos-de-semana-de-los-dias-17136.jpg-nggid041146-ngg0dyn-182x136-00f0w010c011r110f110r010t010.jpg\"\n                     loading=\"lazy\"\n                     width=\"250\"\n                     height=\"150\" \/>\n            <\/a>\n        <\/div>\n        <h2 class=\"gallery-grid-album-lig1\">\n            <a class=\"ngg-album-desc\"\n               title=\"P\u00e1ginas de Semana de los d\u00edas  para imprimir\"\n               href=\"https:\/\/www.justcolor.net\/ninos\/coloracion-educativa\/dias-de-semina\/\">\n                Semana de los d\u00edas            <\/a>\n        <\/h2>\n    <\/div>\n    <div class=\"gallery-grid-item\">\n        <div class=\"ngg-album-link\">\n            <a class=\"gallery_link\" href=\"https:\/\/www.justcolor.net\/ninos\/coloracion-educativa\/spring\/\" title=\"P\u00e1ginas de Spring para imprimir para ni\u00f1os\">\n                <img class=\"Thumb\"\n                     alt=\"P\u00e1ginas de Spring para imprimir para ni\u00f1os\"\n                     src=\"https:\/\/www.justcolor.net\/ninos\/wp-content\/uploads\/sites\/25\/nggallery\/spring\/cache\/dibujos-para-colorear-para-ninos-primavera-44670.jpg-nggid0511901-ngg0dyn-182x136-00f0w010c011r110f110r010t010.jpg\"\n                     loading=\"lazy\"\n                     width=\"250\"\n                     height=\"150\" \/>\n            <\/a>\n        <\/div>\n        <h2 class=\"gallery-grid-album-lig1\">\n            <a class=\"ngg-album-desc\"\n               title=\"P\u00e1ginas de Spring  para imprimir\"\n               href=\"https:\/\/www.justcolor.net\/ninos\/coloracion-educativa\/spring\/\">\n                Spring            <\/a>\n        <\/h2>\n    <\/div>\n    <div class=\"gallery-grid-item\">\n        <div class=\"ngg-album-link\">\n            <a class=\"gallery_link\" href=\"https:\/\/www.justcolor.net\/ninos\/coloracion-educativa\/summer\/\" title=\"P\u00e1ginas de Summer para imprimir para ni\u00f1os\">\n                <img class=\"Thumb\"\n                     alt=\"P\u00e1ginas de Summer para imprimir para ni\u00f1os\"\n                     src=\"https:\/\/www.justcolor.net\/ninos\/wp-content\/uploads\/sites\/25\/nggallery\/summer\/cache\/dibujos-para-colorear-para-ninos-verano-33058.jpg-nggid0511919-ngg0dyn-182x136-00f0w010c011r110f110r010t010.jpg\"\n                     loading=\"lazy\"\n                     width=\"250\"\n                     height=\"150\" \/>\n            <\/a>\n        <\/div>\n        <h2 class=\"gallery-grid-album-lig1\">\n            <a class=\"ngg-album-desc\"\n               title=\"P\u00e1ginas de Summer  para imprimir\"\n               href=\"https:\/\/www.justcolor.net\/ninos\/coloracion-educativa\/summer\/\">\n                Summer            <\/a>\n        <\/h2>\n    <\/div>\n    <div class=\"gallery-grid-item\">\n        <div class=\"ngg-album-link\">\n            <a class=\"gallery_link\" href=\"https:\/\/www.justcolor.net\/ninos\/coloracion-educativa\/winter\/\" title=\"P\u00e1ginas de Winter para imprimir para ni\u00f1os\">\n                <img class=\"Thumb\"\n                     alt=\"P\u00e1ginas de Winter para imprimir para ni\u00f1os\"\n                     src=\"https:\/\/www.justcolor.net\/ninos\/wp-content\/uploads\/sites\/25\/nggallery\/winter\/cache\/dibujos-para-colorear-para-ninos-winter-65329.jpg-nggid0511923-ngg0dyn-182x136-00f0w010c011r110f110r010t010.jpg\"\n                     loading=\"lazy\"\n                     width=\"250\"\n                     height=\"150\" \/>\n            <\/a>\n        <\/div>\n        <h2 class=\"gallery-grid-album-lig1\">\n            <a class=\"ngg-album-desc\"\n               title=\"P\u00e1ginas de Winter  para imprimir\"\n               href=\"https:\/\/www.justcolor.net\/ninos\/coloracion-educativa\/winter\/\">\n                Winter            <\/a>\n        <\/h2>\n    <\/div>\n    <div class=\"gallery-grid-item\">\n        <div class=\"ngg-album-link\">\n            <a class=\"gallery_link\" href=\"https:\/\/www.justcolor.net\/ninos\/coloracion-educativa\/zentangle\/\" title=\"P\u00e1ginas de Zentangle para imprimir para ni\u00f1os\">\n                <img class=\"Thumb\"\n                     alt=\"P\u00e1ginas de Zentangle para imprimir para ni\u00f1os\"\n                     src=\"https:\/\/www.justcolor.net\/ninos\/wp-content\/uploads\/sites\/25\/nggallery\/zentangle\/cache\/coloring-zentangle-meggichka-whale.jpg-nggid045417-ngg0dyn-182x136-00f0w010c011r110f110r010t010.jpg\"\n                     loading=\"lazy\"\n                     width=\"250\"\n                     height=\"150\" \/>\n            <\/a>\n        <\/div>\n        <h2 class=\"gallery-grid-album-lig1\">\n            <a class=\"ngg-album-desc\"\n               title=\"P\u00e1ginas de Zentangle  para imprimir\"\n               href=\"https:\/\/www.justcolor.net\/ninos\/coloracion-educativa\/zentangle\/\">\n                Zentangle            <\/a>\n        <\/h2>\n    <\/div>\n<br class=\"ngg-clear\"\/>\n<div class='ngg-clear'><\/div><\/div>\n\n","protected":false},"excerpt":{"rendered":"<p>Descubre una amplia gama de <b>hojas para colorear imprimibles<\/b> dise\u00f1adas para ayudar a tus hijos a aprender todo tipo de conceptos como <b>formas, n\u00fameros, letras y d\u00edas de la semana<\/b>.<br \/>\nNuestra colecci\u00f3n tambi\u00e9n incluye <b>p\u00e1ginas m\u00e1gicas para colorear<\/b> donde su hijo puede unir colores con los n\u00fameros en cada \u00e1rea, haciendo que el aprendizaje sea divertido e interactivo.<\/p>\n<p>Explora nuestra selecci\u00f3n de complejos <b>dibujos Zentangle y Doodle<\/b>: perfectos para ni\u00f1os mayores y adultos a quienes les encanta relajarse mediante la expresi\u00f3n creativa.<br \/>\nYa sea que est\u00e9s buscando <b>dibujos imprimibles<\/b> educativos o relajantes, \u00a1seguro que encontrar\u00e1s algo que te encantar\u00e1!<\/p>\n","protected":false},"author":1,"featured_media":0,"parent":0,"menu_order":0,"comment_status":"closed","ping_status":"closed","template":"","meta":{"ngg_post_thumbnail":0,"footnotes":""},"tags":[26,54,136,212,215,255,319,338,348,360,375,3423],"class_list":{"0":"post-58","1":"page","2":"type-page","3":"status-publish","5":"tag-alphabet","6":"tag-artistique","7":"tag-chiffres","8":"tag-educatif","9":"tag-enfants","10":"tag-formes","11":"tag-jeux","12":"tag-lettres","13":"tag-ludique","14":"tag-mandalas","15":"tag-maternelle","16":"tag-supergallery"},"_links":{"self":[{"href":"https:\/\/www.justcolor.net\/ninos\/wp-json\/wp\/v2\/pages\/58","targetHints":{"allow":["GET"]}}],"collection":[{"href":"https:\/\/www.justcolor.net\/ninos\/wp-json\/wp\/v2\/pages"}],"about":[{"href":"https:\/\/www.justcolor.net\/ninos\/wp-json\/wp\/v2\/types\/page"}],"author":[{"embeddable":true,"href":"https:\/\/www.justcolor.net\/ninos\/wp-json\/wp\/v2\/users\/1"}],"replies":[{"embeddable":true,"href":"https:\/\/www.justcolor.net\/ninos\/wp-json\/wp\/v2\/comments?post=58"}],"version-history":[{"count":0,"href":"https:\/\/www.justcolor.net\/ninos\/wp-json\/wp\/v2\/pages\/58\/revisions"}],"wp:attachment":[{"href":"https:\/\/www.justcolor.net\/ninos\/wp-json\/wp\/v2\/media?parent=58"}],"wp:term":[{"taxonomy":"post_tag","embeddable":true,"href":"https:\/\/www.justcolor.net\/ninos\/wp-json\/wp\/v2\/tags?post=58"}],"curies":[{"name":"wp","href":"https:\/\/api.w.org\/{rel}","templated":true}]}}