{"id":988,"date":"2013-10-25T10:05:33","date_gmt":"2013-10-25T09:05:33","guid":{"rendered":"https:\/\/www.justcolor.net\/ninos\/ninos\/?page_id=988"},"modified":"2017-11-06T16:11:37","modified_gmt":"2017-11-06T15:11:37","slug":"libros-comics","status":"publish","type":"page","link":"https:\/\/www.justcolor.net\/ninos\/libros-comics\/","title":{"rendered":"Personajes de libros y c\u00f3mics"},"content":{"rendered":"<div class=\"gallery-grid\">\n    <div class=\"gallery-grid-item\">\n        <div class=\"ngg-album-link\">\n            <a class=\"gallery_link\" href=\"https:\/\/www.justcolor.net\/ninos\/libros-comics\/asterix\/\" title=\"P\u00e1ginas de Asterix para imprimir para ni\u00f1os\">\n                <img class=\"Thumb\"\n                     alt=\"P\u00e1ginas de Asterix para imprimir para ni\u00f1os\"\n                     src=\"https:\/\/www.justcolor.net\/ninos\/wp-content\/uploads\/sites\/25\/nggallery\/asterix\/cache\/dibujos-para-colorear-para-ninos-asterix-12658.jpg-nggid0512130-ngg0dyn-182x136-00f0w010c011r110f110r010t010.jpg\"\n                     loading=\"lazy\"\n                     width=\"250\"\n                     height=\"150\" \/>\n            <\/a>\n        <\/div>\n        <h2 class=\"gallery-grid-album-lig1\">\n            <a class=\"ngg-album-desc\"\n               title=\"P\u00e1ginas de Asterix  para imprimir\"\n               href=\"https:\/\/www.justcolor.net\/ninos\/libros-comics\/asterix\/\">\n                Asterix            <\/a>\n        <\/h2>\n    <\/div>\n    <div class=\"gallery-grid-item\">\n        <div class=\"ngg-album-link\">\n            <a class=\"gallery_link\" href=\"https:\/\/www.justcolor.net\/ninos\/libros-comics\/cedric\/\" title=\"P\u00e1ginas de Cedric para imprimir para ni\u00f1os\">\n                <img class=\"Thumb\"\n                     alt=\"P\u00e1ginas de Cedric para imprimir para ni\u00f1os\"\n                     src=\"https:\/\/www.justcolor.net\/ninos\/wp-content\/uploads\/sites\/25\/nggallery\/cedric\/cache\/dibujos-para-colorear-para-ninos-de-cedric-23549.jpg-nggid041477-ngg0dyn-182x136-00f0w010c011r110f110r010t010.jpg\"\n                     loading=\"lazy\"\n                     width=\"250\"\n                     height=\"150\" \/>\n            <\/a>\n        <\/div>\n        <h2 class=\"gallery-grid-album-lig1\">\n            <a class=\"ngg-album-desc\"\n               title=\"P\u00e1ginas de Cedric  para imprimir\"\n               href=\"https:\/\/www.justcolor.net\/ninos\/libros-comics\/cedric\/\">\n                Cedric            <\/a>\n        <\/h2>\n    <\/div>\n    <div class=\"gallery-grid-item\">\n        <div class=\"ngg-album-link\">\n            <a class=\"gallery_link\" href=\"https:\/\/www.justcolor.net\/ninos\/libros-comics\/diddl\/\" title=\"P\u00e1ginas de Diddl para imprimir para ni\u00f1os\">\n                <img class=\"Thumb\"\n                     alt=\"P\u00e1ginas de Diddl para imprimir para ni\u00f1os\"\n                     src=\"https:\/\/www.justcolor.net\/ninos\/wp-content\/uploads\/sites\/25\/nggallery\/diddl\/cache\/dibujos-para-colorear-para-ninos-de-diddl-73279.gif-nggid041473-ngg0dyn-182x136-00f0w010c011r110f110r010t010.gif\"\n                     loading=\"lazy\"\n                     width=\"250\"\n                     height=\"150\" \/>\n            <\/a>\n        <\/div>\n        <h2 class=\"gallery-grid-album-lig1\">\n            <a class=\"ngg-album-desc\"\n               title=\"P\u00e1ginas de Diddl  para imprimir\"\n               href=\"https:\/\/www.justcolor.net\/ninos\/libros-comics\/diddl\/\">\n                Diddl            <\/a>\n        <\/h2>\n    <\/div>\n    <div class=\"gallery-grid-item\">\n        <div class=\"ngg-album-link\">\n            <a class=\"gallery_link\" href=\"https:\/\/www.justcolor.net\/ninos\/libros-comics\/ducobu\/\" title=\"P\u00e1ginas de Ducobu para imprimir para ni\u00f1os\">\n                <img class=\"Thumb\"\n                     alt=\"P\u00e1ginas de Ducobu para imprimir para ni\u00f1os\"\n                     src=\"https:\/\/www.justcolor.net\/ninos\/wp-content\/uploads\/sites\/25\/nggallery\/ducobu\/cache\/dibujos-para-colorear-para-ninos-de-ducobu-72503.jpg-nggid041488-ngg0dyn-182x136-00f0w010c011r110f110r010t010.jpg\"\n                     loading=\"lazy\"\n                     width=\"250\"\n                     height=\"150\" \/>\n            <\/a>\n        <\/div>\n        <h2 class=\"gallery-grid-album-lig1\">\n            <a class=\"ngg-album-desc\"\n               title=\"P\u00e1ginas de Ducobu  para imprimir\"\n               href=\"https:\/\/www.justcolor.net\/ninos\/libros-comics\/ducobu\/\">\n                Ducobu            <\/a>\n        <\/h2>\n    <\/div>\n    <div class=\"gallery-grid-item\">\n        <div class=\"ngg-album-link\">\n            <a class=\"gallery_link\" href=\"https:\/\/www.justcolor.net\/ninos\/libros-comics\/el-principito\/\" title=\"P\u00e1ginas de El Principito para imprimir para ni\u00f1os\">\n                <img class=\"Thumb\"\n                     alt=\"P\u00e1ginas de El Principito para imprimir para ni\u00f1os\"\n                     src=\"https:\/\/www.justcolor.net\/ninos\/wp-content\/uploads\/sites\/25\/nggallery\/el-principito\/cache\/dibujos-para-colorear-para-ninos-de-el-principito-43229.jpg-nggid041567-ngg0dyn-182x136-00f0w010c011r110f110r010t010.jpg\"\n                     loading=\"lazy\"\n                     width=\"250\"\n                     height=\"150\" \/>\n            <\/a>\n        <\/div>\n        <h2 class=\"gallery-grid-album-lig1\">\n            <a class=\"ngg-album-desc\"\n               title=\"P\u00e1ginas de El Principito  para imprimir\"\n               href=\"https:\/\/www.justcolor.net\/ninos\/libros-comics\/el-principito\/\">\n                El Principito            <\/a>\n        <\/h2>\n    <\/div>\n    <div class=\"gallery-grid-item\">\n        <div class=\"ngg-album-link\">\n            <a class=\"gallery_link\" href=\"https:\/\/www.justcolor.net\/ninos\/libros-comics\/el-gato-en-el-sombrero\/\" title=\"P\u00e1ginas de El gato en el sombrero para imprimir para ni\u00f1os\">\n                <img class=\"Thumb\"\n                     alt=\"P\u00e1ginas de El gato en el sombrero para imprimir para ni\u00f1os\"\n                     src=\"https:\/\/www.justcolor.net\/ninos\/wp-content\/uploads\/sites\/25\/nggallery\/el-gato-en-el-sombrero\/cache\/dibujos-para-colorear-para-ninos-el-gato-en-el-sombrero-91952.jpg-nggid0512026-ngg0dyn-182x136-00f0w010c011r110f110r010t010.jpg\"\n                     loading=\"lazy\"\n                     width=\"250\"\n                     height=\"150\" \/>\n            <\/a>\n        <\/div>\n        <h2 class=\"gallery-grid-album-lig1\">\n            <a class=\"ngg-album-desc\"\n               title=\"P\u00e1ginas de El gato en el sombrero  para imprimir\"\n               href=\"https:\/\/www.justcolor.net\/ninos\/libros-comics\/el-gato-en-el-sombrero\/\">\n                El gato en el sombrero            <\/a>\n        <\/h2>\n    <\/div>\n    <div class=\"gallery-grid-item\">\n        <div class=\"ngg-album-link\">\n            <a class=\"gallery_link\" href=\"https:\/\/www.justcolor.net\/ninos\/libros-comics\/harry-potter\/\" title=\"P\u00e1ginas de Harry Potter para imprimir para ni\u00f1os\">\n                <img class=\"Thumb\"\n                     alt=\"P\u00e1ginas de Harry Potter para imprimir para ni\u00f1os\"\n                     src=\"https:\/\/www.justcolor.net\/ninos\/wp-content\/uploads\/sites\/25\/nggallery\/harry-potter\/cache\/dibujos-para-colorear-para-ninos-de-harry-potter-87659.gif-nggid03716-ngg0dyn-182x136-00f0w010c011r110f110r010t010.gif\"\n                     loading=\"lazy\"\n                     width=\"250\"\n                     height=\"150\" \/>\n            <\/a>\n        <\/div>\n        <h2 class=\"gallery-grid-album-lig1\">\n            <a class=\"ngg-album-desc\"\n               title=\"P\u00e1ginas de Harry Potter  para imprimir\"\n               href=\"https:\/\/www.justcolor.net\/ninos\/libros-comics\/harry-potter\/\">\n                Harry Potter            <\/a>\n        <\/h2>\n    <\/div>\n    <div class=\"gallery-grid-item\">\n        <div class=\"ngg-album-link\">\n            <a class=\"gallery_link\" href=\"https:\/\/www.justcolor.net\/ninos\/libros-comics\/kid-paddle\/\" title=\"P\u00e1ginas de Kid Paddle para imprimir para ni\u00f1os\">\n                <img class=\"Thumb\"\n                     alt=\"P\u00e1ginas de Kid Paddle para imprimir para ni\u00f1os\"\n                     src=\"https:\/\/www.justcolor.net\/ninos\/wp-content\/uploads\/sites\/25\/nggallery\/kid-paddle\/cache\/dibujos-para-colorear-para-ninos-de-kid-paddle-97701.gif-nggid041578-ngg0dyn-182x136-00f0w010c011r110f110r010t010.gif\"\n                     loading=\"lazy\"\n                     width=\"250\"\n                     height=\"150\" \/>\n            <\/a>\n        <\/div>\n        <h2 class=\"gallery-grid-album-lig1\">\n            <a class=\"ngg-album-desc\"\n               title=\"P\u00e1ginas de Kid Paddle  para imprimir\"\n               href=\"https:\/\/www.justcolor.net\/ninos\/libros-comics\/kid-paddle\/\">\n                Kid Paddle            <\/a>\n        <\/h2>\n    <\/div>\n    <div class=\"gallery-grid-item\">\n        <div class=\"ngg-album-link\">\n            <a class=\"gallery_link\" href=\"https:\/\/www.justcolor.net\/ninos\/libros-comics\/los-pitufos\/\" title=\"P\u00e1ginas de Los Pitufos para imprimir para ni\u00f1os\">\n                <img class=\"Thumb\"\n                     alt=\"P\u00e1ginas de Los Pitufos para imprimir para ni\u00f1os\"\n                     src=\"https:\/\/www.justcolor.net\/ninos\/wp-content\/uploads\/sites\/25\/nggallery\/los-pitufos\/cache\/dibujos-para-colorear-para-ninos-de-los-pitufos-87297.jpg-nggid03552-ngg0dyn-182x136-00f0w010c011r110f110r010t010.jpg\"\n                     loading=\"lazy\"\n                     width=\"250\"\n                     height=\"150\" \/>\n            <\/a>\n        <\/div>\n        <h2 class=\"gallery-grid-album-lig1\">\n            <a class=\"ngg-album-desc\"\n               title=\"P\u00e1ginas de Los Pitufos  para imprimir\"\n               href=\"https:\/\/www.justcolor.net\/ninos\/libros-comics\/los-pitufos\/\">\n                Los Pitufos            <\/a>\n        <\/h2>\n    <\/div>\n    <div class=\"gallery-grid-item\">\n        <div class=\"ngg-album-link\">\n            <a class=\"gallery_link\" href=\"https:\/\/www.justcolor.net\/ninos\/libros-comics\/los-profes\/\" title=\"P\u00e1ginas de Los profes para imprimir para ni\u00f1os\">\n                <img class=\"Thumb\"\n                     alt=\"P\u00e1ginas de Los profes para imprimir para ni\u00f1os\"\n                     src=\"https:\/\/www.justcolor.net\/ninos\/wp-content\/uploads\/sites\/25\/nggallery\/los-profes\/cache\/dibujos-para-colorear-para-ninos-de-los-profes-49414.jpg-nggid041576-ngg0dyn-182x136-00f0w010c011r110f110r010t010.jpg\"\n                     loading=\"lazy\"\n                     width=\"250\"\n                     height=\"150\" \/>\n            <\/a>\n        <\/div>\n        <h2 class=\"gallery-grid-album-lig1\">\n            <a class=\"ngg-album-desc\"\n               title=\"P\u00e1ginas de Los profes  para imprimir\"\n               href=\"https:\/\/www.justcolor.net\/ninos\/libros-comics\/los-profes\/\">\n                Los profes            <\/a>\n        <\/h2>\n    <\/div>\n    <div class=\"gallery-grid-item\">\n        <div class=\"ngg-album-link\">\n            <a class=\"gallery_link\" href=\"https:\/\/www.justcolor.net\/ninos\/libros-comics\/luck-luke\/\" title=\"P\u00e1ginas de Luck Luke para imprimir para ni\u00f1os\">\n                <img class=\"Thumb\"\n                     alt=\"P\u00e1ginas de Luck Luke para imprimir para ni\u00f1os\"\n                     src=\"https:\/\/www.justcolor.net\/ninos\/wp-content\/uploads\/sites\/25\/nggallery\/luck-luke\/cache\/dibujos-para-colorear-para-ninos-de-luck-luke-5926.jpg-nggid041353-ngg0dyn-182x136-00f0w010c011r110f110r010t010.jpg\"\n                     loading=\"lazy\"\n                     width=\"250\"\n                     height=\"150\" \/>\n            <\/a>\n        <\/div>\n        <h2 class=\"gallery-grid-album-lig1\">\n            <a class=\"ngg-album-desc\"\n               title=\"P\u00e1ginas de Luck Luke  para imprimir\"\n               href=\"https:\/\/www.justcolor.net\/ninos\/libros-comics\/luck-luke\/\">\n                Luck Luke            <\/a>\n        <\/h2>\n    <\/div>\n    <div class=\"gallery-grid-item\">\n        <div class=\"ngg-album-link\">\n            <a class=\"gallery_link\" href=\"https:\/\/www.justcolor.net\/ninos\/libros-comics\/marsupilami\/\" title=\"P\u00e1ginas de Marsupilami para imprimir para ni\u00f1os\">\n                <img class=\"Thumb\"\n                     alt=\"P\u00e1ginas de Marsupilami para imprimir para ni\u00f1os\"\n                     src=\"https:\/\/www.justcolor.net\/ninos\/wp-content\/uploads\/sites\/25\/nggallery\/marsupilami\/cache\/dibujos-para-colorear-para-ninos-de-marsupilami-24593.jpg-nggid041604-ngg0dyn-182x136-00f0w010c011r110f110r010t010.jpg\"\n                     loading=\"lazy\"\n                     width=\"250\"\n                     height=\"150\" \/>\n            <\/a>\n        <\/div>\n        <h2 class=\"gallery-grid-album-lig1\">\n            <a class=\"ngg-album-desc\"\n               title=\"P\u00e1ginas de Marsupilami  para imprimir\"\n               href=\"https:\/\/www.justcolor.net\/ninos\/libros-comics\/marsupilami\/\">\n                Marsupilami            <\/a>\n        <\/h2>\n    <\/div>\n    <div class=\"gallery-grid-item\">\n        <div class=\"ngg-album-link\">\n            <a class=\"gallery_link\" href=\"https:\/\/www.justcolor.net\/ninos\/libros-comics\/oso-paddington\/\" title=\"P\u00e1ginas de Oso Paddington para imprimir para ni\u00f1os\">\n                <img class=\"Thumb\"\n                     alt=\"P\u00e1ginas de Oso Paddington para imprimir para ni\u00f1os\"\n                     src=\"https:\/\/www.justcolor.net\/ninos\/wp-content\/uploads\/sites\/25\/nggallery\/oso-paddington\/cache\/dibujos-para-colorear-para-ninos-oso-paddington-3116.jpeg-nggid0510637-ngg0dyn-182x136-00f0w010c011r110f110r010t010.jpeg\"\n                     loading=\"lazy\"\n                     width=\"250\"\n                     height=\"150\" \/>\n            <\/a>\n        <\/div>\n        <h2 class=\"gallery-grid-album-lig1\">\n            <a class=\"ngg-album-desc\"\n               title=\"P\u00e1ginas de Oso Paddington  para imprimir\"\n               href=\"https:\/\/www.justcolor.net\/ninos\/libros-comics\/oso-paddington\/\">\n                Oso Paddington            <\/a>\n        <\/h2>\n    <\/div>\n    <div class=\"gallery-grid-item\">\n        <div class=\"ngg-album-link\">\n            <a class=\"gallery_link\" href=\"https:\/\/www.justcolor.net\/ninos\/libros-comics\/pedro-conejo\/\" title=\"P\u00e1ginas de Pedro Conejo para imprimir para ni\u00f1os\">\n                <img class=\"Thumb\"\n                     alt=\"P\u00e1ginas de Pedro Conejo para imprimir para ni\u00f1os\"\n                     src=\"https:\/\/www.justcolor.net\/ninos\/wp-content\/uploads\/sites\/25\/nggallery\/pedro-conejo\/thumbs\/thumbs_dibujos-para-colorear-para-ninos-pedro-conejo-45169.jpg\"\n                     loading=\"lazy\"\n                     width=\"250\"\n                     height=\"150\" \/>\n            <\/a>\n        <\/div>\n        <h2 class=\"gallery-grid-album-lig1\">\n            <a class=\"ngg-album-desc\"\n               title=\"P\u00e1ginas de Pedro Conejo  para imprimir\"\n               href=\"https:\/\/www.justcolor.net\/ninos\/libros-comics\/pedro-conejo\/\">\n                Pedro Conejo            <\/a>\n        <\/h2>\n    <\/div>\n    <div class=\"gallery-grid-item\">\n        <div class=\"ngg-album-link\">\n            <a class=\"gallery_link\" href=\"https:\/\/www.justcolor.net\/ninos\/libros-comics\/pete-el-gato\/\" title=\"P\u00e1ginas de Pete el gato para imprimir para ni\u00f1os\">\n                <img class=\"Thumb\"\n                     alt=\"P\u00e1ginas de Pete el gato para imprimir para ni\u00f1os\"\n                     src=\"https:\/\/www.justcolor.net\/ninos\/wp-content\/uploads\/sites\/25\/nggallery\/pete-el-gato\/cache\/dibujos-para-colorear-para-ninos-pete-el-gato-16149.jpg-nggid0512033-ngg0dyn-182x136-00f0w010c011r110f110r010t010.jpg\"\n                     loading=\"lazy\"\n                     width=\"250\"\n                     height=\"150\" \/>\n            <\/a>\n        <\/div>\n        <h2 class=\"gallery-grid-album-lig1\">\n            <a class=\"ngg-album-desc\"\n               title=\"P\u00e1ginas de Pete el gato  para imprimir\"\n               href=\"https:\/\/www.justcolor.net\/ninos\/libros-comics\/pete-el-gato\/\">\n                Pete el gato            <\/a>\n        <\/h2>\n    <\/div>\n    <div class=\"gallery-grid-item\">\n        <div class=\"ngg-album-link\">\n            <a class=\"gallery_link\" href=\"https:\/\/www.justcolor.net\/ninos\/libros-comics\/petit-nicolas\/\" title=\"P\u00e1ginas de Petit Nicolas para imprimir para ni\u00f1os\">\n                <img class=\"Thumb\"\n                     alt=\"P\u00e1ginas de Petit Nicolas para imprimir para ni\u00f1os\"\n                     src=\"https:\/\/www.justcolor.net\/ninos\/wp-content\/uploads\/sites\/25\/nggallery\/petit-nicolas\/cache\/dibujos-para-colorear-para-ninos-de-petit-nicolas-29670.jpg-nggid041837-ngg0dyn-182x136-00f0w010c011r110f110r010t010.jpg\"\n                     loading=\"lazy\"\n                     width=\"250\"\n                     height=\"150\" \/>\n            <\/a>\n        <\/div>\n        <h2 class=\"gallery-grid-album-lig1\">\n            <a class=\"ngg-album-desc\"\n               title=\"P\u00e1ginas de Petit Nicolas  para imprimir\"\n               href=\"https:\/\/www.justcolor.net\/ninos\/libros-comics\/petit-nicolas\/\">\n                Petit Nicolas            <\/a>\n        <\/h2>\n    <\/div>\n    <div class=\"gallery-grid-item\">\n        <div class=\"ngg-album-link\">\n            <a class=\"gallery_link\" href=\"https:\/\/www.justcolor.net\/ninos\/libros-comics\/quique-y-lucio\/\" title=\"P\u00e1ginas de Quique y Lucio para imprimir para ni\u00f1os\">\n                <img class=\"Thumb\"\n                     alt=\"P\u00e1ginas de Quique y Lucio para imprimir para ni\u00f1os\"\n                     src=\"https:\/\/www.justcolor.net\/ninos\/wp-content\/uploads\/sites\/25\/nggallery\/quique-y-lucio\/cache\/dibujos-para-colorear-para-ninos-de-quique-y-lucio-26503.jpg-nggid041445-ngg0dyn-182x136-00f0w010c011r110f110r010t010.jpg\"\n                     loading=\"lazy\"\n                     width=\"250\"\n                     height=\"150\" \/>\n            <\/a>\n        <\/div>\n        <h2 class=\"gallery-grid-album-lig1\">\n            <a class=\"ngg-album-desc\"\n               title=\"P\u00e1ginas de Quique y Lucio  para imprimir\"\n               href=\"https:\/\/www.justcolor.net\/ninos\/libros-comics\/quique-y-lucio\/\">\n                Quique y Lucio            <\/a>\n        <\/h2>\n    <\/div>\n    <div class=\"gallery-grid-item\">\n        <div class=\"ngg-album-link\">\n            <a class=\"gallery_link\" href=\"https:\/\/www.justcolor.net\/ninos\/libros-comics\/snoopy\/\" title=\"P\u00e1ginas de Snoopy para imprimir para ni\u00f1os\">\n                <img class=\"Thumb\"\n                     alt=\"P\u00e1ginas de Snoopy para imprimir para ni\u00f1os\"\n                     src=\"https:\/\/www.justcolor.net\/ninos\/wp-content\/uploads\/sites\/25\/nggallery\/snoopy\/cache\/dibujos-para-colorear-para-ninos-snoopy-18404.jpeg-nggid049221-ngg0dyn-182x136-00f0w010c011r110f110r010t010.jpeg\"\n                     loading=\"lazy\"\n                     width=\"250\"\n                     height=\"150\" \/>\n            <\/a>\n        <\/div>\n        <h2 class=\"gallery-grid-album-lig1\">\n            <a class=\"ngg-album-desc\"\n               title=\"P\u00e1ginas de Snoopy  para imprimir\"\n               href=\"https:\/\/www.justcolor.net\/ninos\/libros-comics\/snoopy\/\">\n                Snoopy            <\/a>\n        <\/h2>\n    <\/div>\n    <div class=\"gallery-grid-item\">\n        <div class=\"ngg-album-link\">\n            <a class=\"gallery_link\" href=\"https:\/\/www.justcolor.net\/ninos\/libros-comics\/tintin\/\" title=\"P\u00e1ginas de Tintin para imprimir para ni\u00f1os\">\n                <img class=\"Thumb\"\n                     alt=\"P\u00e1ginas de Tintin para imprimir para ni\u00f1os\"\n                     src=\"https:\/\/www.justcolor.net\/ninos\/wp-content\/uploads\/sites\/25\/nggallery\/tintin\/cache\/dibujos-para-colorear-para-ninos-de-tintin-81715.jpg-nggid03852-ngg0dyn-182x136-00f0w010c011r110f110r010t010.jpg\"\n                     loading=\"lazy\"\n                     width=\"250\"\n                     height=\"150\" \/>\n            <\/a>\n        <\/div>\n        <h2 class=\"gallery-grid-album-lig1\">\n            <a class=\"ngg-album-desc\"\n               title=\"P\u00e1ginas de Tintin  para imprimir\"\n               href=\"https:\/\/www.justcolor.net\/ninos\/libros-comics\/tintin\/\">\n                Tintin            <\/a>\n        <\/h2>\n    <\/div>\n    <div class=\"gallery-grid-item\">\n        <div class=\"ngg-album-link\">\n            <a class=\"gallery_link\" href=\"https:\/\/www.justcolor.net\/ninos\/libros-comics\/titeuf\/\" title=\"P\u00e1ginas de Titeuf para imprimir para ni\u00f1os\">\n                <img class=\"Thumb\"\n                     alt=\"P\u00e1ginas de Titeuf para imprimir para ni\u00f1os\"\n                     src=\"https:\/\/www.justcolor.net\/ninos\/wp-content\/uploads\/sites\/25\/nggallery\/titeuf\/cache\/dibujos-para-colorear-para-ninos-de-titeuf-72267.gif-nggid03858-ngg0dyn-182x136-00f0w010c011r110f110r010t010.gif\"\n                     loading=\"lazy\"\n                     width=\"250\"\n                     height=\"150\" \/>\n            <\/a>\n        <\/div>\n        <h2 class=\"gallery-grid-album-lig1\">\n            <a class=\"ngg-album-desc\"\n               title=\"P\u00e1ginas de Titeuf  para imprimir\"\n               href=\"https:\/\/www.justcolor.net\/ninos\/libros-comics\/titeuf\/\">\n                Titeuf            <\/a>\n        <\/h2>\n    <\/div>\n    <div class=\"gallery-grid-item\">\n        <div class=\"ngg-album-link\">\n            <a class=\"gallery_link\" href=\"https:\/\/www.justcolor.net\/ninos\/libros-comics\/wings-of-fire\/\" title=\"P\u00e1ginas de Wings Of Fire para imprimir para ni\u00f1os\">\n                <img class=\"Thumb\"\n                     alt=\"P\u00e1ginas de Wings Of Fire para imprimir para ni\u00f1os\"\n                     src=\"https:\/\/www.justcolor.net\/ninos\/wp-content\/uploads\/sites\/25\/nggallery\/wings-of-fire\/cache\/dibujos-para-colorear-para-ninos-wings-of-fire-85162.jpg-nggid0511874-ngg0dyn-182x136-00f0w010c011r110f110r010t010.jpg\"\n                     loading=\"lazy\"\n                     width=\"250\"\n                     height=\"150\" \/>\n            <\/a>\n        <\/div>\n        <h2 class=\"gallery-grid-album-lig1\">\n            <a class=\"ngg-album-desc\"\n               title=\"P\u00e1ginas de Wings Of Fire  para imprimir\"\n               href=\"https:\/\/www.justcolor.net\/ninos\/libros-comics\/wings-of-fire\/\">\n                Wings Of Fire            <\/a>\n        <\/h2>\n    <\/div>\n<br class=\"ngg-clear\"\/>\n<div class='ngg-clear'><\/div><\/div>\n\n","protected":false},"excerpt":{"rendered":"<p>\u00a1Descubre nuestra colecci\u00f3n de <b>p\u00e1ginas para colorear de personajes<\/b> inspiradas en queridos libros y c\u00f3mics! Desde el mundo m\u00e1gico de <b>Harry Potter<\/b> hasta las aventuras de <b>Ast\u00e9rix<\/b> y los entra\u00f1ables cuentos de <b>Le Petit Prince<\/b>, estas hojas para colorear dan vida a personajes que han capturado la imaginaci\u00f3n de los lectores durante generaciones.<\/p>\n<p>Los c\u00f3mics europeos (Francia y B\u00e9lgica en particular) tienen una rica tradici\u00f3n, con personajes ic\u00f3nicos como <b>Tintin<\/b> y <b>Lucky Luke<\/b> cuyas emocionantes aventuras han deleitado al p\u00fablico durante d\u00e9cadas. El fant\u00e1stico mundo de los <b>Schtroumpfs (Pitufos)<\/b> y las divertidas travesuras de <b>Le Petit Nicolas<\/b> ofrecen infinitas oportunidades para la diversi\u00f3n creativa.<\/p>\n<p>Tambi\u00e9n puedes explorar las divertidas desventuras de personajes como <b>Ducobu<\/b>, <b>C\u00e9dric<\/b> y <b>Titeuf<\/b>, o disfrutar del encanto l\u00fadico de <b>Boule et Bill. <\/b> y el universo fant\u00e1stico de <b>Marsupilami<\/b>. Para aquellos que disfrutan de un toque de nostalgia, personajes como <b>Snoopy<\/b> y <b>Diddl<\/b> seguramente les traer\u00e1n buenos recuerdos.<\/p>\n","protected":false},"author":1,"featured_media":0,"parent":0,"menu_order":0,"comment_status":"closed","ping_status":"closed","template":"","meta":{"ngg_post_thumbnail":0,"footnotes":""},"tags":[3423],"class_list":{"0":"post-988","1":"page","2":"type-page","3":"status-publish","5":"tag-supergallery"},"_links":{"self":[{"href":"https:\/\/www.justcolor.net\/ninos\/wp-json\/wp\/v2\/pages\/988","targetHints":{"allow":["GET"]}}],"collection":[{"href":"https:\/\/www.justcolor.net\/ninos\/wp-json\/wp\/v2\/pages"}],"about":[{"href":"https:\/\/www.justcolor.net\/ninos\/wp-json\/wp\/v2\/types\/page"}],"author":[{"embeddable":true,"href":"https:\/\/www.justcolor.net\/ninos\/wp-json\/wp\/v2\/users\/1"}],"replies":[{"embeddable":true,"href":"https:\/\/www.justcolor.net\/ninos\/wp-json\/wp\/v2\/comments?post=988"}],"version-history":[{"count":0,"href":"https:\/\/www.justcolor.net\/ninos\/wp-json\/wp\/v2\/pages\/988\/revisions"}],"wp:attachment":[{"href":"https:\/\/www.justcolor.net\/ninos\/wp-json\/wp\/v2\/media?parent=988"}],"wp:term":[{"taxonomy":"post_tag","embeddable":true,"href":"https:\/\/www.justcolor.net\/ninos\/wp-json\/wp\/v2\/tags?post=988"}],"curies":[{"name":"wp","href":"https:\/\/api.w.org\/{rel}","templated":true}]}}