{"id":19523,"date":"2019-06-24T17:12:22","date_gmt":"2019-06-24T15:12:22","guid":{"rendered":"https:\/\/www.justcolor.net\/pt\/pt\/pt\/pt\/pt\/pt\/pt\/pt\/pt\/pt\/pt\/pt\/pt\/pt\/pt\/pt\/pt\/pt\/pt\/pt\/pt\/pt\/pt\/pt\/pt\/pt\/pt\/pt\/pt\/pt\/pt\/pt\/pt\/pt\/pt\/pt\/pt\/pt\/pt\/pt\/pt\/pt\/pt\/?page_id=19523"},"modified":"2019-07-25T16:52:37","modified_gmt":"2019-07-25T14:52:37","slug":"artfacts","status":"publish","type":"page","link":"https:\/\/www.justcolor.net\/pt\/artistas\/artfacts\/","title":{"rendered":"Art &amp; Facts"},"content":{"rendered":"<p>no images were found<\/p>\n\n","protected":false},"excerpt":{"rendered":"<p>Nossa artista parceira se apresenta: &#8220;<i>apaixonada pelo desenho, busco minhas inspira\u00e7\u00f5es no mundo ao meu redor, sem nunca permanecer muito tempo na realidade. Meus desenhos s\u00e3o uma mistura de real e fic\u00e7\u00e3o cient\u00edfica, com uma passagem que me inspira muito: o mundo da inf\u00e2ncia, que gosto de aterrorizar de forma divertida. Desenho desde que me entendo por gente, e sempre gostei de interpretar o mundo que me rodeia com minhas ideias e coloc\u00e1-las no papel.<\/i>&#8221;<\/p>\n<p>Descubra todas as suas belas cria\u00e7\u00f5es em sua p\u00e1gina de artista e em sua <a href=\"https:\/\/www.facebook.com\/Art-facts-1682751212021627\/\" target=\"_blank\" rel=\"noopener noreferrer\">p\u00e1gina do Facebook<\/a>!<\/p>\n","protected":false},"author":4,"featured_media":19524,"parent":6155,"menu_order":0,"comment_status":"closed","ping_status":"closed","template":"","meta":{"ngg_post_thumbnail":0,"footnotes":""},"tags":[382],"class_list":{"0":"post-19523","1":"page","2":"type-page","3":"status-publish","4":"has-post-thumbnail","6":"tag-pgartist"},"_links":{"self":[{"href":"https:\/\/www.justcolor.net\/pt\/wp-json\/wp\/v2\/pages\/19523","targetHints":{"allow":["GET"]}}],"collection":[{"href":"https:\/\/www.justcolor.net\/pt\/wp-json\/wp\/v2\/pages"}],"about":[{"href":"https:\/\/www.justcolor.net\/pt\/wp-json\/wp\/v2\/types\/page"}],"author":[{"embeddable":true,"href":"https:\/\/www.justcolor.net\/pt\/wp-json\/wp\/v2\/users\/4"}],"replies":[{"embeddable":true,"href":"https:\/\/www.justcolor.net\/pt\/wp-json\/wp\/v2\/comments?post=19523"}],"version-history":[{"count":0,"href":"https:\/\/www.justcolor.net\/pt\/wp-json\/wp\/v2\/pages\/19523\/revisions"}],"up":[{"embeddable":true,"href":"https:\/\/www.justcolor.net\/pt\/wp-json\/wp\/v2\/pages\/6155"}],"wp:featuredmedia":[{"embeddable":true,"href":"https:\/\/www.justcolor.net\/pt\/wp-json\/wp\/v2\/media\/19524"}],"wp:attachment":[{"href":"https:\/\/www.justcolor.net\/pt\/wp-json\/wp\/v2\/media?parent=19523"}],"wp:term":[{"taxonomy":"post_tag","embeddable":true,"href":"https:\/\/www.justcolor.net\/pt\/wp-json\/wp\/v2\/tags?post=19523"}],"curies":[{"name":"wp","href":"https:\/\/api.w.org\/{rel}","templated":true}]}}