{"id":6177,"date":"2016-04-07T17:14:00","date_gmt":"2016-04-07T16:14:00","guid":{"rendered":"https\/\/www.justcolor.net\/?page_id=6177"},"modified":"2016-06-07T11:29:03","modified_gmt":"2016-06-07T10:29:03","slug":"miwah","status":"publish","type":"page","link":"https:\/\/www.justcolor.net\/pt\/artistas\/miwah\/","title":{"rendered":"Miwah"},"content":{"rendered":"\n\n<div style=\"clear:left;\"><\/div>\n<div class=\"gallery-grid\" style=\"padding-top:10px\">\n\n<div style=\"grid-column:span 2;\" class=\"gallery-grid-item gallery-grid-ad-min\"><!-- NEW BLOC MASONRY -->\n           <ins class=\"adsbygoogle\"\n               style=\"display:inline-block;width:410px;height:320px\"\n               data-ad-client=\"ca-pub-8022697607824667\"\n               data-ad-slot=\"2319092879\"><\/ins>\n           <script>\n               (adsbygoogle = window.adsbygoogle || []).push({});\n           <\/script><\/div>\n    <div class=\"gallery-grid-item\">\n        <p>\n                        <a href=\"https:\/\/www.justcolor.net\/pt\/wp-json\/wp\/v2\/pages\/?image=cats__desenhos-para-colorir-de-gatos-20977__3\" title=\"Desenhos gr\u00e1tis para colorir de Gatos para baixar\">\n                <img\n                    alt=\"Desenhos para colorir gratuitos de Gatos para imprimir\"\n                    src=\"https:\/\/www.justcolor.net\/pt\/wp-content\/uploads\/sites\/6\/nggallery\/cats\/thumbs\/thumbs_desenhos-para-colorir-de-gatos-20977.png\"\n                    width=\"215\"\n                    height=\"300\"\n                \/>\n            <\/a>\n        <\/p>\n        <h3 class=\"ngg-thumb-title\">Desenhos gr\u00e1tis para colorir de Gatos para baixar<\/h3>\n\n            <\/div>\n    <div class=\"gallery-grid-item\">\n        <p>\n                        <a href=\"https:\/\/www.justcolor.net\/pt\/wp-json\/wp\/v2\/pages\/?image=anti-stress__desenhos-para-colorir-de-anti-stress-zen-32814__1\" title=\"Mulher Flor, um desenho para colorir com um estilo simples mas cativante\">\n                <img\n                    alt=\"Mulher flor\"\n                    src=\"https:\/\/www.justcolor.net\/pt\/wp-content\/uploads\/sites\/6\/nggallery\/anti-stress\/thumbs\/thumbs_desenhos-para-colorir-de-anti-stress-zen-32814.jpg\"\n                    width=\"141\"\n                    height=\"200\"\n                \/>\n            <\/a>\n        <\/p>\n        <h3 class=\"ngg-thumb-title\">Mulher Flor, um desenho para colorir com um estilo simples mas cativante<\/h3>\n\n            <\/div>\n<div style=\"grid-column:span 2;\" class=\"gallery-grid-item gallery-grid-ad-min-mobile\"><!--  -->\n    <ins class=\"adsbygoogle\"\n        style=\"display:block;\"\n        data-ad-client=\"ca-pub-8022697607824667\"\n        data-ad-slot=\"6390767005\"\n        data-ad-format=\"auto\"\n        data-full-width-responsive=\"true\"><\/ins>\n    <script>\n    (adsbygoogle = window.adsbygoogle || []).push({});\n    <\/script><\/div>    <div class=\"gallery-grid-item\">\n        <p>\n                        <a href=\"https:\/\/www.justcolor.net\/pt\/wp-json\/wp\/v2\/pages\/?image=animals__desenhos-para-colorir-de-animais-30273__3\" title=\"Desenhos gr\u00e1tis para colorir de Animais para baixar\">\n                <img\n                    alt=\"Desenhos simples para colorir gratuitos de Animais para baixar\"\n                    src=\"https:\/\/www.justcolor.net\/pt\/wp-content\/uploads\/sites\/6\/nggallery\/animals\/thumbs\/thumbs_desenhos-para-colorir-de-animais-30273.png\"\n                    width=\"142\"\n                    height=\"200\"\n                \/>\n            <\/a>\n        <\/p>\n        <h3 class=\"ngg-thumb-title\">Desenhos gr\u00e1tis para colorir de Animais para baixar<\/h3>\n\n            <\/div>\n    <div class=\"gallery-grid-item\">\n        <p>\n                        <a href=\"https:\/\/www.justcolor.net\/pt\/wp-json\/wp\/v2\/pages\/?image=animals__desenhos-para-colorir-de-animais-31516__3\" title=\"Desenhos gr\u00e1tis para colorir de Animais para imprimir e colorir\">\n                <img\n                    alt=\"Desenhos para colorir gratuitos de Animais para baixar\"\n                    src=\"https:\/\/www.justcolor.net\/pt\/wp-content\/uploads\/sites\/6\/nggallery\/animals\/thumbs\/thumbs_desenhos-para-colorir-de-animais-31516.png\"\n                    width=\"200\"\n                    height=\"142\"\n                \/>\n            <\/a>\n        <\/p>\n        <h3 class=\"ngg-thumb-title\">Desenhos gr\u00e1tis para colorir de Animais para imprimir e colorir<\/h3>\n\n            <\/div>\n    <div class=\"gallery-grid-item\">\n        <p>\n                        <a href=\"https:\/\/www.justcolor.net\/pt\/wp-json\/wp\/v2\/pages\/?image=cats__desenhos-para-colorir-de-gatos-51825__3\" title=\"Desenhos gr\u00e1tis para colorir de Gatos para imprimir e colorir, para crian\u00e7as\">\n                <img\n                    alt=\"Desenhos para colorir de Gatos para crian\u00e7as\"\n                    src=\"https:\/\/www.justcolor.net\/pt\/wp-content\/uploads\/sites\/6\/nggallery\/cats\/thumbs\/thumbs_desenhos-para-colorir-de-gatos-51825.png\"\n                    width=\"300\"\n                    height=\"213\"\n                \/>\n            <\/a>\n        <\/p>\n        <h3 class=\"ngg-thumb-title\">Desenhos gr\u00e1tis para colorir de Gatos para imprimir e colorir, para crian\u00e7as<\/h3>\n\n            <\/div>\n<\/div>\n\n\n<script>\n(function() {\n    function jcGetLineClamp(el) {\n        var cs = window.getComputedStyle(el);\n        var clamp = parseInt(cs.getPropertyValue('-webkit-line-clamp') || cs.webkitLineClamp || '', 10);\n        return Number.isFinite(clamp) && clamp > 0 ? clamp : 6;\n    }\n\n    function jcGetLineHeight(el) {\n        var cs = window.getComputedStyle(el);\n        var lh = parseFloat(cs.lineHeight);\n        if (Number.isFinite(lh) && lh > 0) {\n            return lh;\n        }\n        var fs = parseFloat(cs.fontSize);\n        return (Number.isFinite(fs) && fs > 0) ? (fs * 1.35) : 18;\n    }\n\n    function jcClampTitleByWords(el) {\n        if (!el) return;\n\n        var original = (el.dataset.jcClampOriginal || el.textContent || '').trim();\n        if (!original) return;\n        el.dataset.jcClampOriginal = original;\n\n        \/\/ Reset first so we recompute correctly after resize.\n        el.textContent = original;\n\n        var lineHeight = jcGetLineHeight(el);\n        var maxLines = jcGetLineClamp(el);\n        var maxHeight = Math.ceil(lineHeight * maxLines) + 1;\n\n        if (el.scrollHeight <= maxHeight) {\n            return;\n        }\n\n        var words = original.split(\/\\s+\/).filter(Boolean);\n        if (!words.length) {\n            return;\n        }\n\n        var lo = 1;\n        var hi = words.length;\n        var best = 1;\n\n        while (lo <= hi) {\n            var mid = (lo + hi) >> 1;\n            var candidate = words.slice(0, mid).join(' ');\n            if (mid < words.length) {\n                candidate += '...';\n            }\n            el.textContent = candidate;\n\n            if (el.scrollHeight <= maxHeight) {\n                best = mid;\n                lo = mid + 1;\n            } else {\n                hi = mid - 1;\n            }\n        }\n\n        var finalText = words.slice(0, best).join(' ');\n        if (best < words.length) {\n            finalText += '...';\n        }\n        el.textContent = finalText;\n\n        \/\/ Safety pass for edge rounding (fonts \/ subpixel).\n        while (best > 1 && el.scrollHeight > maxHeight) {\n            best -= 1;\n            el.textContent = words.slice(0, best).join(' ') + '...';\n        }\n    }\n\n    function jcClampNggThumbTitles(root) {\n        var scope = root && root.querySelectorAll ? root : document;\n        var nodes = scope.querySelectorAll('.gallery-grid-item > h3.ngg-thumb-title, .grid-item > h3.ngg-thumb-title');\n        for (var i = 0; i < nodes.length; i++) {\n            jcClampTitleByWords(nodes[i]);\n        }\n    }\n\n    if (!window.__jcNggWordClampBound) {\n        window.__jcNggWordClampBound = true;\n\n        var resizeTimer = null;\n        window.addEventListener('resize', function() {\n            if (resizeTimer) {\n                window.clearTimeout(resizeTimer);\n            }\n            resizeTimer = window.setTimeout(function() {\n                jcClampNggThumbTitles(document);\n            }, 120);\n        });\n\n        if (document.fonts && document.fonts.ready && typeof document.fonts.ready.then === 'function') {\n            document.fonts.ready.then(function() {\n                jcClampNggThumbTitles(document);\n            });\n        }\n    }\n\n    jcClampNggThumbTitles(document);\n})();\n<\/script>\n\n    <div class='ngg-clear'><\/div>\n<div class=\"ngg-clear\" style=\"padding-bottom:50px\"><\/div>\n\n","protected":false},"excerpt":{"rendered":"<p><b>Miwah<\/b> n\u00e3o \u00e9 ningu\u00e9m menos que a filha de Leen Margot, uma de nossas principais artistas parceiras.<\/p>\n<p>Seus desenhos s\u00e3o a prova de que o talento \u00e9 heredit\u00e1rio!<\/p>\n<p>Eles v\u00e3o te levar direto para um mundo m\u00e1gico que far\u00e1 voc\u00ea voltar \u00e0 inf\u00e2ncia.<\/p>\n<p>No entanto, as ilustra\u00e7\u00f5es de Miwah est\u00e3o longe de serem p\u00e1ginas de colorir para crian\u00e7as!<br \/>\nSuas p\u00e1ginas para colorir cont\u00eam detalhes suficientes&#8230; perfeitas para <b>medita\u00e7\u00e3o e aten\u00e7\u00e3o plena<\/b>.<\/p>\n<p>N\u00e3o hesite em seguir esta jovem artista em sua <a href=\"https:\/\/www.facebook.com\/Miwah-174606186221796\/\" target=\"_blank\">p\u00e1gina do Facebook<\/a>.<\/p>\n","protected":false},"author":1,"featured_media":6290,"parent":6155,"menu_order":0,"comment_status":"closed","ping_status":"closed","template":"","meta":{"ngg_post_thumbnail":0,"footnotes":""},"tags":[382],"class_list":{"0":"post-6177","1":"page","2":"type-page","3":"status-publish","4":"has-post-thumbnail","6":"tag-pgartist"},"_links":{"self":[{"href":"https:\/\/www.justcolor.net\/pt\/wp-json\/wp\/v2\/pages\/6177","targetHints":{"allow":["GET"]}}],"collection":[{"href":"https:\/\/www.justcolor.net\/pt\/wp-json\/wp\/v2\/pages"}],"about":[{"href":"https:\/\/www.justcolor.net\/pt\/wp-json\/wp\/v2\/types\/page"}],"author":[{"embeddable":true,"href":"https:\/\/www.justcolor.net\/pt\/wp-json\/wp\/v2\/users\/1"}],"replies":[{"embeddable":true,"href":"https:\/\/www.justcolor.net\/pt\/wp-json\/wp\/v2\/comments?post=6177"}],"version-history":[{"count":0,"href":"https:\/\/www.justcolor.net\/pt\/wp-json\/wp\/v2\/pages\/6177\/revisions"}],"up":[{"embeddable":true,"href":"https:\/\/www.justcolor.net\/pt\/wp-json\/wp\/v2\/pages\/6155"}],"wp:featuredmedia":[{"embeddable":true,"href":"https:\/\/www.justcolor.net\/pt\/wp-json\/wp\/v2\/media\/6290"}],"wp:attachment":[{"href":"https:\/\/www.justcolor.net\/pt\/wp-json\/wp\/v2\/media?parent=6177"}],"wp:term":[{"taxonomy":"post_tag","embeddable":true,"href":"https:\/\/www.justcolor.net\/pt\/wp-json\/wp\/v2\/tags?post=6177"}],"curies":[{"name":"wp","href":"https:\/\/api.w.org\/{rel}","templated":true}]}}