{"id":6179,"date":"2016-04-07T17:14:29","date_gmt":"2016-04-07T16:14:29","guid":{"rendered":"http:\/\/https\/\/www.justcolor.net\/?page_id=6179"},"modified":"2019-06-17T14:53:39","modified_gmt":"2019-06-17T12:53:39","slug":"zenfeerie","status":"publish","type":"page","link":"https:\/\/www.justcolor.net\/pt\/artistas\/zenfeerie\/","title":{"rendered":"Zen F\u00e9\u00e9rie"},"content":{"rendered":"<p>no images were found<\/p>\n\n","protected":false},"excerpt":{"rendered":"<p>O credo da <b>Zenfeerie<\/b> s\u00e3o os Zentangles! Seus desenhos seguem um m\u00e9todo inventado por dois ilustradores americanos nos \u00faltimos anos. Consiste em desenhos simples, mas repetitivos, que juntos formam padr\u00f5es abstratos.<\/p>\n<p>Colorir, mas tamb\u00e9m desenhar, as p\u00e1ginas para colorir Zentangle trar\u00e3o <b>medita\u00e7\u00e3o, relaxamento e aten\u00e7\u00e3o plena<\/b>! Testado e aprovado \ud83d\ude42<\/p>\n<p>Com a Zenfeerie, voc\u00ea pode at\u00e9 aprender a criar seus pr\u00f3prios desenhos Zentangle.<br \/>\nBasta visitar sua p\u00e1gina no Facebook, que al\u00e9m de exibir suas muitas ilustra\u00e7\u00f5es, oferece tutoriais e exemplos gratuitos de Zentangle.<\/p>\n","protected":false},"author":1,"featured_media":6303,"parent":6155,"menu_order":0,"comment_status":"closed","ping_status":"closed","template":"","meta":{"ngg_post_thumbnail":0,"footnotes":""},"tags":[382],"class_list":{"0":"post-6179","1":"page","2":"type-page","3":"status-publish","4":"has-post-thumbnail","6":"tag-pgartist"},"_links":{"self":[{"href":"https:\/\/www.justcolor.net\/pt\/wp-json\/wp\/v2\/pages\/6179","targetHints":{"allow":["GET"]}}],"collection":[{"href":"https:\/\/www.justcolor.net\/pt\/wp-json\/wp\/v2\/pages"}],"about":[{"href":"https:\/\/www.justcolor.net\/pt\/wp-json\/wp\/v2\/types\/page"}],"author":[{"embeddable":true,"href":"https:\/\/www.justcolor.net\/pt\/wp-json\/wp\/v2\/users\/1"}],"replies":[{"embeddable":true,"href":"https:\/\/www.justcolor.net\/pt\/wp-json\/wp\/v2\/comments?post=6179"}],"version-history":[{"count":0,"href":"https:\/\/www.justcolor.net\/pt\/wp-json\/wp\/v2\/pages\/6179\/revisions"}],"up":[{"embeddable":true,"href":"https:\/\/www.justcolor.net\/pt\/wp-json\/wp\/v2\/pages\/6155"}],"wp:featuredmedia":[{"embeddable":true,"href":"https:\/\/www.justcolor.net\/pt\/wp-json\/wp\/v2\/media\/6303"}],"wp:attachment":[{"href":"https:\/\/www.justcolor.net\/pt\/wp-json\/wp\/v2\/media?parent=6179"}],"wp:term":[{"taxonomy":"post_tag","embeddable":true,"href":"https:\/\/www.justcolor.net\/pt\/wp-json\/wp\/v2\/tags?post=6179"}],"curies":[{"name":"wp","href":"https:\/\/api.w.org\/{rel}","templated":true}]}}