{"id":6484,"date":"2016-04-28T17:32:11","date_gmt":"2016-04-28T16:32:11","guid":{"rendered":"http:\/\/https\/\/www.justcolor.net\/?page_id=6484"},"modified":"2018-02-08T14:32:44","modified_gmt":"2018-02-08T13:32:44","slug":"arte","status":"publish","type":"page","link":"https:\/\/www.justcolor.net\/pt\/arte\/","title":{"rendered":"Arte"},"content":{"rendered":"<div class=\"gallery-grid\">\n    <div class=\"gallery-grid-item\">\n        <div class=\"ngg-album-link\">\n            <a class=\"gallery_link\" href=\"https:\/\/www.justcolor.net\/pt\/arte\/arquitetura\/\" title=\"P\u00e1ginas de Architecture para colorir e imprimir para adultos\">\n                <img class=\"Thumb\"\n                     alt=\"P\u00e1ginas de Architecture para colorir e imprimir para adultos\"\n                     src=\"https:\/\/www.justcolor.net\/pt\/wp-content\/uploads\/sites\/6\/nggallery\/architecture\/thumbs\/thumbs_desenhos-para-colorir-para-adultos-architecture-5555.jpg\"\n                     loading=\"lazy\"\n                     width=\"250\"\n                     height=\"150\" \/>\n            <\/a>\n        <\/div>\n        <h2 class=\"gallery-grid-album-lig1\">\n            <a class=\"ngg-album-desc\"\n               title=\"P\u00e1ginas de Architecture para colorir\"\n               href=\"https:\/\/www.justcolor.net\/pt\/arte\/arquitetura\/\">\n                Architecture            <\/a>\n        <\/h2>\n    <\/div>\n    <div class=\"gallery-grid-item\">\n        <div class=\"ngg-album-link\">\n            <a class=\"gallery_link\" href=\"https:\/\/www.justcolor.net\/pt\/arte\/art-deco\/\" title=\"P\u00e1ginas de Art Deco para colorir e imprimir para adultos\">\n                <img class=\"Thumb\"\n                     alt=\"P\u00e1ginas de Art Deco para colorir e imprimir para adultos\"\n                     src=\"https:\/\/www.justcolor.net\/pt\/wp-content\/uploads\/sites\/6\/nggallery\/art-deco\/cache\/desenhos-para-colorir-para-adultos-art-deco-84532.jpg-nggid047060-ngg0dyn-182x136-00f0w010c011r110f110r010t010.jpg\"\n                     loading=\"lazy\"\n                     width=\"250\"\n                     height=\"150\" \/>\n            <\/a>\n        <\/div>\n        <h2 class=\"gallery-grid-album-lig1\">\n            <a class=\"ngg-album-desc\"\n               title=\"P\u00e1ginas de Art Deco para colorir\"\n               href=\"https:\/\/www.justcolor.net\/pt\/arte\/art-deco\/\">\n                Art Deco            <\/a>\n        <\/h2>\n    <\/div>\n    <div class=\"gallery-grid-item\">\n        <div class=\"ngg-album-link\">\n            <a class=\"gallery_link\" href=\"https:\/\/www.justcolor.net\/pt\/arte\/art-brut\/\" title=\"P\u00e1ginas de Art brut para colorir e imprimir para adultos\">\n                <img class=\"Thumb\"\n                     alt=\"P\u00e1ginas de Art brut para colorir e imprimir para adultos\"\n                     src=\"https:\/\/www.justcolor.net\/pt\/wp-content\/uploads\/sites\/6\/nggallery\/art-brut\/cache\/desenhos-para-colorir-de-art-brut-53186.jpg-nggid03547-ngg0dyn-182x136-00f0w010c011r110f110r010t010.jpg\"\n                     loading=\"lazy\"\n                     width=\"250\"\n                     height=\"150\" \/>\n            <\/a>\n        <\/div>\n        <h2 class=\"gallery-grid-album-lig1\">\n            <a class=\"ngg-album-desc\"\n               title=\"P\u00e1ginas de Art brut para colorir\"\n               href=\"https:\/\/www.justcolor.net\/pt\/arte\/art-brut\/\">\n                Art brut            <\/a>\n        <\/h2>\n    <\/div>\n    <div class=\"gallery-grid-item\">\n        <div class=\"ngg-album-link\">\n            <a class=\"gallery_link\" href=\"https:\/\/www.justcolor.net\/pt\/arte\/art-nouveau\/\" title=\"P\u00e1ginas de Art nouveau para colorir e imprimir para adultos\">\n                <img class=\"Thumb\"\n                     alt=\"P\u00e1ginas de Art nouveau para colorir e imprimir para adultos\"\n                     src=\"https:\/\/www.justcolor.net\/pt\/wp-content\/uploads\/sites\/6\/nggallery\/art-nouveau\/cache\/desenhos-para-colorir-de-art-nouveau-19180.jpg-nggid03415-ngg0dyn-182x136-00f0w010c011r110f110r010t010.jpg\"\n                     loading=\"lazy\"\n                     width=\"250\"\n                     height=\"150\" \/>\n            <\/a>\n        <\/div>\n        <h2 class=\"gallery-grid-album-lig1\">\n            <a class=\"ngg-album-desc\"\n               title=\"P\u00e1ginas de Art nouveau para colorir\"\n               href=\"https:\/\/www.justcolor.net\/pt\/arte\/art-nouveau\/\">\n                Art nouveau            <\/a>\n        <\/h2>\n    <\/div>\n    <div class=\"gallery-grid-item\">\n        <div class=\"ngg-album-link\">\n            <a class=\"gallery_link\" href=\"https:\/\/www.justcolor.net\/pt\/arte\/arte-celta\/\" title=\"P\u00e1ginas de Arte celta para colorir e imprimir para adultos\">\n                <img class=\"Thumb\"\n                     alt=\"P\u00e1ginas de Arte celta para colorir e imprimir para adultos\"\n                     src=\"https:\/\/www.justcolor.net\/pt\/wp-content\/uploads\/sites\/6\/nggallery\/celtic-art\/cache\/desenhos-para-colorir-de-arte-celta-93144.jpg-nggid043263-ngg0dyn-182x136-00f0w010c011r110f110r010t010.jpg\"\n                     loading=\"lazy\"\n                     width=\"250\"\n                     height=\"150\" \/>\n            <\/a>\n        <\/div>\n        <h2 class=\"gallery-grid-album-lig1\">\n            <a class=\"ngg-album-desc\"\n               title=\"P\u00e1ginas de Arte celta para colorir\"\n               href=\"https:\/\/www.justcolor.net\/pt\/arte\/arte-celta\/\">\n                Arte celta            <\/a>\n        <\/h2>\n    <\/div>\n    <div class=\"gallery-grid-item\">\n        <div class=\"ngg-album-link\">\n            <a class=\"gallery_link\" href=\"https:\/\/www.justcolor.net\/pt\/arte\/arte-pop\/\" title=\"P\u00e1ginas de Arte pop para colorir e imprimir para adultos\">\n                <img class=\"Thumb\"\n                     alt=\"P\u00e1ginas de Arte pop para colorir e imprimir para adultos\"\n                     src=\"https:\/\/www.justcolor.net\/pt\/wp-content\/uploads\/sites\/6\/nggallery\/pop-art\/cache\/desenhos-para-colorir-de-arte-pop-40513.jpg-nggid043828-ngg0dyn-182x136-00f0w010c011r110f110r010t010.jpg\"\n                     loading=\"lazy\"\n                     width=\"250\"\n                     height=\"150\" \/>\n            <\/a>\n        <\/div>\n        <h2 class=\"gallery-grid-album-lig1\">\n            <a class=\"ngg-album-desc\"\n               title=\"P\u00e1ginas de Arte pop para colorir\"\n               href=\"https:\/\/www.justcolor.net\/pt\/arte\/arte-pop\/\">\n                Arte pop            <\/a>\n        <\/h2>\n    <\/div>\n    <div class=\"gallery-grid-item\">\n        <div class=\"ngg-album-link\">\n            <a class=\"gallery_link\" href=\"https:\/\/www.justcolor.net\/pt\/arte\/arts-and-crafts\/\" title=\"P\u00e1ginas de Arts and Crafts para colorir e imprimir para adultos\">\n                <img class=\"Thumb\"\n                     alt=\"P\u00e1ginas de Arts and Crafts para colorir e imprimir para adultos\"\n                     src=\"https:\/\/www.justcolor.net\/pt\/wp-content\/uploads\/sites\/6\/nggallery\/arts-and-crafts-movement\/cache\/desenhos-para-colorir-de-arts-and-crafts-movement-79774.jpg-nggid044843-ngg0dyn-182x136-00f0w010c011r110f110r010t010.jpg\"\n                     loading=\"lazy\"\n                     width=\"250\"\n                     height=\"150\" \/>\n            <\/a>\n        <\/div>\n        <h2 class=\"gallery-grid-album-lig1\">\n            <a class=\"ngg-album-desc\"\n               title=\"P\u00e1ginas de Arts and Crafts para colorir\"\n               href=\"https:\/\/www.justcolor.net\/pt\/arte\/arts-and-crafts\/\">\n                Arts and Crafts            <\/a>\n        <\/h2>\n    <\/div>\n    <div class=\"gallery-grid-item\">\n        <div class=\"ngg-album-link\">\n            <a class=\"gallery_link\" href=\"https:\/\/www.justcolor.net\/pt\/arte\/azulejos\/\" title=\"P\u00e1ginas de Azulejos para colorir e imprimir para adultos\">\n                <img class=\"Thumb\"\n                     alt=\"P\u00e1ginas de Azulejos para colorir e imprimir para adultos\"\n                     src=\"https:\/\/www.justcolor.net\/pt\/wp-content\/uploads\/sites\/6\/nggallery\/azulejos\/thumbs\/thumbs_p\u00e1ginas-para-colorir-para-adultos-azulejos-79870.jpg\"\n                     loading=\"lazy\"\n                     width=\"250\"\n                     height=\"150\" \/>\n            <\/a>\n        <\/div>\n        <h2 class=\"gallery-grid-album-lig1\">\n            <a class=\"ngg-album-desc\"\n               title=\"P\u00e1ginas de Azulejos para colorir\"\n               href=\"https:\/\/www.justcolor.net\/pt\/arte\/azulejos\/\">\n                Azulejos            <\/a>\n        <\/h2>\n    <\/div>\n    <div class=\"gallery-grid-item\">\n        <div class=\"ngg-album-link\">\n            <a class=\"gallery_link\" href=\"https:\/\/www.justcolor.net\/pt\/arte\/graffiti-arte-de-rua\/\" title=\"P\u00e1ginas de Graffiti \/ arte de rua para colorir e imprimir para adultos\">\n                <img class=\"Thumb\"\n                     alt=\"P\u00e1ginas de Graffiti \/ arte de rua para colorir e imprimir para adultos\"\n                     src=\"https:\/\/www.justcolor.net\/pt\/wp-content\/uploads\/sites\/6\/nggallery\/tags-et-graffitis\/cache\/desenhos-para-colorir-de-graffiti-arte-de-rua-6468.jpg-nggid041244-ngg0dyn-182x136-00f0w010c011r110f110r010t010.jpg\"\n                     loading=\"lazy\"\n                     width=\"250\"\n                     height=\"150\" \/>\n            <\/a>\n        <\/div>\n        <h2 class=\"gallery-grid-album-lig1\">\n            <a class=\"ngg-album-desc\"\n               title=\"P\u00e1ginas de Graffiti \/ arte de rua para colorir\"\n               href=\"https:\/\/www.justcolor.net\/pt\/arte\/graffiti-arte-de-rua\/\">\n                Graffiti \/ arte de rua            <\/a>\n        <\/h2>\n    <\/div>\n    <div class=\"gallery-grid-item\">\n        <div class=\"ngg-album-link\">\n            <a class=\"gallery_link\" href=\"https:\/\/www.justcolor.net\/pt\/arte\/gravacao\/\" title=\"P\u00e1ginas de Grava\u00e7\u00e3o para colorir e imprimir para adultos\">\n                <img class=\"Thumb\"\n                     alt=\"P\u00e1ginas de Grava\u00e7\u00e3o para colorir e imprimir para adultos\"\n                     src=\"https:\/\/www.justcolor.net\/pt\/wp-content\/uploads\/sites\/6\/nggallery\/engraving\/cache\/desenhos-para-colorir-de-gravacao-99711.jpg-nggid041374-ngg0dyn-182x136-00f0w010c011r110f110r010t010.jpg\"\n                     loading=\"lazy\"\n                     width=\"250\"\n                     height=\"150\" \/>\n            <\/a>\n        <\/div>\n        <h2 class=\"gallery-grid-album-lig1\">\n            <a class=\"ngg-album-desc\"\n               title=\"P\u00e1ginas de Grava\u00e7\u00e3o para colorir\"\n               href=\"https:\/\/www.justcolor.net\/pt\/arte\/gravacao\/\">\n                Grava\u00e7\u00e3o            <\/a>\n        <\/h2>\n    <\/div>\n    <div class=\"gallery-grid-item\">\n        <div class=\"ngg-album-link\">\n            <a class=\"gallery_link\" href=\"https:\/\/www.justcolor.net\/pt\/arte\/moorish-art\/\" title=\"P\u00e1ginas de Moorish art para colorir e imprimir para adultos\">\n                <img class=\"Thumb\"\n                     alt=\"P\u00e1ginas de Moorish art para colorir e imprimir para adultos\"\n                     src=\"https:\/\/www.justcolor.net\/pt\/wp-content\/uploads\/sites\/6\/nggallery\/moorish-art\/thumbs\/thumbs_p\u00e1ginas-para-colorir-para-adultos-moorish-art-9232.jpg\"\n                     loading=\"lazy\"\n                     width=\"250\"\n                     height=\"150\" \/>\n            <\/a>\n        <\/div>\n        <h2 class=\"gallery-grid-album-lig1\">\n            <a class=\"ngg-album-desc\"\n               title=\"P\u00e1ginas de Moorish art para colorir\"\n               href=\"https:\/\/www.justcolor.net\/pt\/arte\/moorish-art\/\">\n                Moorish art            <\/a>\n        <\/h2>\n    <\/div>\n    <div class=\"gallery-grid-item\">\n        <div class=\"ngg-album-link\">\n            <a class=\"gallery_link\" href=\"https:\/\/www.justcolor.net\/pt\/arte\/obras-de-arte\/\" title=\"P\u00e1ginas de Obras de arte para colorir e imprimir para adultos\">\n                <img class=\"Thumb\"\n                     alt=\"P\u00e1ginas de Obras de arte para colorir e imprimir para adultos\"\n                     src=\"https:\/\/www.justcolor.net\/pt\/wp-content\/uploads\/sites\/6\/nggallery\/art\/thumbs\/thumbs_desenhos-para-colorir-para-adultos-obras-de-arte-55101.jpg\"\n                     loading=\"lazy\"\n                     width=\"250\"\n                     height=\"150\" \/>\n            <\/a>\n        <\/div>\n        <h2 class=\"gallery-grid-album-lig1\">\n            <a class=\"ngg-album-desc\"\n               title=\"P\u00e1ginas de Obras de arte para colorir\"\n               href=\"https:\/\/www.justcolor.net\/pt\/arte\/obras-de-arte\/\">\n                Obras de arte            <\/a>\n        <\/h2>\n    <\/div>\n    <div class=\"gallery-grid-item\">\n        <div class=\"ngg-album-link\">\n            <a class=\"gallery_link\" href=\"https:\/\/www.justcolor.net\/pt\/arte\/op-art\/\" title=\"P\u00e1ginas de Op Art para colorir e imprimir para adultos\">\n                <img class=\"Thumb\"\n                     alt=\"P\u00e1ginas de Op Art para colorir e imprimir para adultos\"\n                     src=\"https:\/\/www.justcolor.net\/pt\/wp-content\/uploads\/sites\/6\/nggallery\/op-art\/cache\/desenhos-para-colorir-de-op-art-79454.jpg-nggid03441-ngg0dyn-182x136-00f0w010c011r110f110r010t010.jpg\"\n                     loading=\"lazy\"\n                     width=\"250\"\n                     height=\"150\" \/>\n            <\/a>\n        <\/div>\n        <h2 class=\"gallery-grid-album-lig1\">\n            <a class=\"ngg-album-desc\"\n               title=\"P\u00e1ginas de Op Art para colorir\"\n               href=\"https:\/\/www.justcolor.net\/pt\/arte\/op-art\/\">\n                Op Art            <\/a>\n        <\/h2>\n    <\/div>\n    <div class=\"gallery-grid-item\">\n        <div class=\"ngg-album-link\">\n            <a class=\"gallery_link\" href=\"https:\/\/www.justcolor.net\/pt\/arte\/ropa-y-moda\/\" title=\"P\u00e1ginas de Ropa y moda para colorir e imprimir para adultos\">\n                <img class=\"Thumb\"\n                     alt=\"P\u00e1ginas de Ropa y moda para colorir e imprimir para adultos\"\n                     src=\"https:\/\/www.justcolor.net\/pt\/wp-content\/uploads\/sites\/6\/nggallery\/fashion-clothing\/cache\/desenhos-para-colorir-de-ropa-y-moda-69532.jpg-nggid03459-ngg0dyn-182x136-00f0w010c011r110f110r010t010.jpg\"\n                     loading=\"lazy\"\n                     width=\"250\"\n                     height=\"150\" \/>\n            <\/a>\n        <\/div>\n        <h2 class=\"gallery-grid-album-lig1\">\n            <a class=\"ngg-album-desc\"\n               title=\"P\u00e1ginas de Ropa y moda para colorir\"\n               href=\"https:\/\/www.justcolor.net\/pt\/arte\/ropa-y-moda\/\">\n                Ropa y moda            <\/a>\n        <\/h2>\n    <\/div>\n    <div class=\"gallery-grid-item\">\n        <div class=\"ngg-album-link\">\n            <a class=\"gallery_link\" href=\"https:\/\/www.justcolor.net\/pt\/arte\/steampunk\/\" title=\"P\u00e1ginas de Steampunk para colorir e imprimir para adultos\">\n                <img class=\"Thumb\"\n                     alt=\"P\u00e1ginas de Steampunk para colorir e imprimir para adultos\"\n                     src=\"https:\/\/www.justcolor.net\/pt\/wp-content\/uploads\/sites\/6\/nggallery\/steampunk\/thumbs\/thumbs_desenhos-para-colorir-para-adultos-steampunk-25459.jpg\"\n                     loading=\"lazy\"\n                     width=\"250\"\n                     height=\"150\" \/>\n            <\/a>\n        <\/div>\n        <h2 class=\"gallery-grid-album-lig1\">\n            <a class=\"ngg-album-desc\"\n               title=\"P\u00e1ginas de Steampunk para colorir\"\n               href=\"https:\/\/www.justcolor.net\/pt\/arte\/steampunk\/\">\n                Steampunk            <\/a>\n        <\/h2>\n    <\/div>\n    <div class=\"gallery-grid-item\">\n        <div class=\"ngg-album-link\">\n            <a class=\"gallery_link\" href=\"https:\/\/www.justcolor.net\/pt\/arte\/tatoos\/\" title=\"P\u00e1ginas de Tatoos para colorir e imprimir para adultos\">\n                <img class=\"Thumb\"\n                     alt=\"P\u00e1ginas de Tatoos para colorir e imprimir para adultos\"\n                     src=\"https:\/\/www.justcolor.net\/pt\/wp-content\/uploads\/sites\/6\/nggallery\/tatoo\/cache\/desenhos-para-colorir-de-tatoos-31418.jpg-nggid03247-ngg0dyn-182x136-00f0w010c011r110f110r010t010.jpg\"\n                     loading=\"lazy\"\n                     width=\"250\"\n                     height=\"150\" \/>\n            <\/a>\n        <\/div>\n        <h2 class=\"gallery-grid-album-lig1\">\n            <a class=\"ngg-album-desc\"\n               title=\"P\u00e1ginas de Tatoos para colorir\"\n               href=\"https:\/\/www.justcolor.net\/pt\/arte\/tatoos\/\">\n                Tatoos            <\/a>\n        <\/h2>\n    <\/div>\n<br class=\"ngg-clear\"\/>\n<div class='ngg-clear'><\/div><\/div>\n\n","protected":false},"excerpt":{"rendered":"","protected":false},"author":1,"featured_media":6802,"parent":0,"menu_order":4,"comment_status":"closed","ping_status":"closed","template":"","meta":{"ngg_post_thumbnail":0,"footnotes":""},"tags":[402],"class_list":{"0":"post-6484","1":"page","2":"type-page","3":"status-publish","4":"has-post-thumbnail","6":"tag-supergallery"},"_links":{"self":[{"href":"https:\/\/www.justcolor.net\/pt\/wp-json\/wp\/v2\/pages\/6484","targetHints":{"allow":["GET"]}}],"collection":[{"href":"https:\/\/www.justcolor.net\/pt\/wp-json\/wp\/v2\/pages"}],"about":[{"href":"https:\/\/www.justcolor.net\/pt\/wp-json\/wp\/v2\/types\/page"}],"author":[{"embeddable":true,"href":"https:\/\/www.justcolor.net\/pt\/wp-json\/wp\/v2\/users\/1"}],"replies":[{"embeddable":true,"href":"https:\/\/www.justcolor.net\/pt\/wp-json\/wp\/v2\/comments?post=6484"}],"version-history":[{"count":0,"href":"https:\/\/www.justcolor.net\/pt\/wp-json\/wp\/v2\/pages\/6484\/revisions"}],"wp:featuredmedia":[{"embeddable":true,"href":"https:\/\/www.justcolor.net\/pt\/wp-json\/wp\/v2\/media\/6802"}],"wp:attachment":[{"href":"https:\/\/www.justcolor.net\/pt\/wp-json\/wp\/v2\/media?parent=6484"}],"wp:term":[{"taxonomy":"post_tag","embeddable":true,"href":"https:\/\/www.justcolor.net\/pt\/wp-json\/wp\/v2\/tags?post=6484"}],"curies":[{"name":"wp","href":"https:\/\/api.w.org\/{rel}","templated":true}]}}