{"id":6485,"date":"2016-04-28T17:34:03","date_gmt":"2016-04-28T16:34:03","guid":{"rendered":"http:\/\/https\/\/www.justcolor.net\/?page_id=6485"},"modified":"2018-02-08T14:32:37","modified_gmt":"2018-02-08T13:32:37","slug":"natureza","status":"publish","type":"page","link":"https:\/\/www.justcolor.net\/pt\/natureza\/","title":{"rendered":"Natureza"},"content":{"rendered":"<div class=\"gallery-grid\">\n    <div class=\"gallery-grid-item\">\n        <div class=\"ngg-album-link\">\n            <a class=\"gallery_link\" href=\"https:\/\/www.justcolor.net\/pt\/natureza\/flores-e-vegetacao\/\" title=\"P\u00e1ginas de Flores e vegeta\u00e7\u00e3o para colorir e imprimir para adultos\">\n                <img class=\"Thumb\"\n                     alt=\"P\u00e1ginas de Flores e vegeta\u00e7\u00e3o para colorir e imprimir para adultos\"\n                     src=\"https:\/\/www.justcolor.net\/pt\/wp-content\/uploads\/sites\/6\/nggallery\/fleurs-et-vegetation\/cache\/desenhos-para-colorir-de-flores-e-vegetacao-18336.jpg-nggid044169-ngg0dyn-182x136-00f0w010c011r110f110r010t010.jpg\"\n                     loading=\"lazy\"\n                     width=\"250\"\n                     height=\"150\" \/>\n            <\/a>\n        <\/div>\n        <h2 class=\"gallery-grid-album-lig1\">\n            <a class=\"ngg-album-desc\"\n               title=\"P\u00e1ginas de Flores e vegeta\u00e7\u00e3o para colorir\"\n               href=\"https:\/\/www.justcolor.net\/pt\/natureza\/flores-e-vegetacao\/\">\n                Flores e vegeta\u00e7\u00e3o            <\/a>\n        <\/h2>\n    <\/div>\n    <div class=\"gallery-grid-item\">\n        <div class=\"ngg-album-link\">\n            <a class=\"gallery_link\" href=\"https:\/\/www.justcolor.net\/pt\/natureza\/borboletas-e-insetos\/\" title=\"P\u00e1ginas de Borboletas e insetos para colorir e imprimir para adultos\">\n                <img class=\"Thumb\"\n                     alt=\"P\u00e1ginas de Borboletas e insetos para colorir e imprimir para adultos\"\n                     src=\"https:\/\/www.justcolor.net\/pt\/wp-content\/uploads\/sites\/6\/nggallery\/insectes\/cache\/desenhos-para-colorir-de-borboletas-e-insetos-99680.jpg-nggid044772-ngg0dyn-182x136-00f0w010c011r110f110r010t010.jpg\"\n                     loading=\"lazy\"\n                     width=\"250\"\n                     height=\"150\" \/>\n            <\/a>\n        <\/div>\n        <h2 class=\"gallery-grid-album-lig1\">\n            <a class=\"ngg-album-desc\"\n               title=\"P\u00e1ginas de Borboletas e insetos para colorir\"\n               href=\"https:\/\/www.justcolor.net\/pt\/natureza\/borboletas-e-insetos\/\">\n                Borboletas e insetos            <\/a>\n        <\/h2>\n    <\/div>\n    <div class=\"gallery-grid-item\">\n        <div class=\"ngg-album-link\">\n            <a class=\"gallery_link\" href=\"https:\/\/www.justcolor.net\/pt\/dinossauros\/\" title=\"P\u00e1ginas de Dinossauros para colorir e imprimir para adultos\">\n                <img class=\"Thumb\"\n                     alt=\"P\u00e1ginas de Dinossauros para colorir e imprimir para adultos\"\n                     src=\"https:\/\/www.justcolor.net\/pt\/wp-content\/uploads\/sites\/6\/nggallery\/dinosaurs\/cache\/desenhos-para-colorir-para-adultos-dinossauros-39560.jpeg-nggid046148-ngg0dyn-182x136-00f0w010c011r110f110r010t010.jpeg\"\n                     loading=\"lazy\"\n                     width=\"250\"\n                     height=\"150\" \/>\n            <\/a>\n        <\/div>\n        <h2 class=\"gallery-grid-album-lig1\">\n            <a class=\"ngg-album-desc\"\n               title=\"P\u00e1ginas de Dinossauros para colorir\"\n               href=\"https:\/\/www.justcolor.net\/pt\/dinossauros\/\">\n                Dinossauros            <\/a>\n        <\/h2>\n    <\/div>\n    <div class=\"gallery-grid-item\">\n        <div class=\"ngg-album-link\">\n            <a class=\"gallery_link\" href=\"https:\/\/www.justcolor.net\/pt\/natureza\/selva-foresta\/\" title=\"P\u00e1ginas de Selva e Floresta para colorir e imprimir para adultos\">\n                <img class=\"Thumb\"\n                     alt=\"P\u00e1ginas de Selva e Floresta para colorir e imprimir para adultos\"\n                     src=\"https:\/\/www.justcolor.net\/pt\/wp-content\/uploads\/sites\/6\/nggallery\/selva-floresta\/cache\/desenhos-para-colorir-de-jungle-forest-86515.jpg-nggid042171-ngg0dyn-182x136-00f0w010c011r110f110r010t010.jpg\"\n                     loading=\"lazy\"\n                     width=\"250\"\n                     height=\"150\" \/>\n            <\/a>\n        <\/div>\n        <h2 class=\"gallery-grid-album-lig1\">\n            <a class=\"ngg-album-desc\"\n               title=\"P\u00e1ginas de Selva e Floresta para colorir\"\n               href=\"https:\/\/www.justcolor.net\/pt\/natureza\/selva-foresta\/\">\n                Selva e Floresta            <\/a>\n        <\/h2>\n    <\/div>\n    <div class=\"gallery-grid-item\">\n        <div class=\"ngg-album-link\">\n            <a class=\"gallery_link\" href=\"https:\/\/www.justcolor.net\/pt\/natureza\/mundos-da-agua\/\" title=\"P\u00e1ginas de Mundos da \u00e1gua para colorir e imprimir para adultos\">\n                <img class=\"Thumb\"\n                     alt=\"P\u00e1ginas de Mundos da \u00e1gua para colorir e imprimir para adultos\"\n                     src=\"https:\/\/www.justcolor.net\/pt\/wp-content\/uploads\/sites\/6\/nggallery\/water-worlds\/cache\/desenhos-para-colorir-de-mundos-da-agua-79399.jpg-nggid041441-ngg0dyn-182x136-00f0w010c011r110f110r010t010.jpg\"\n                     loading=\"lazy\"\n                     width=\"250\"\n                     height=\"150\" \/>\n            <\/a>\n        <\/div>\n        <h2 class=\"gallery-grid-album-lig1\">\n            <a class=\"ngg-album-desc\"\n               title=\"P\u00e1ginas de Mundos da \u00e1gua para colorir\"\n               href=\"https:\/\/www.justcolor.net\/pt\/natureza\/mundos-da-agua\/\">\n                Mundos da \u00e1gua            <\/a>\n        <\/h2>\n    <\/div>\n    <div class=\"gallery-grid-item\">\n        <div class=\"ngg-album-link\">\n            <a class=\"gallery_link\" href=\"https:\/\/www.justcolor.net\/pt\/natureza\/paisagens\/\" title=\"P\u00e1ginas de Paisagens para colorir e imprimir para adultos\">\n                <img class=\"Thumb\"\n                     alt=\"P\u00e1ginas de Paisagens para colorir e imprimir para adultos\"\n                     src=\"https:\/\/www.justcolor.net\/pt\/wp-content\/uploads\/sites\/6\/nggallery\/landscapes\/cache\/desenhos-para-colorir-de-paisagens-38189.jpg-nggid044091-ngg0dyn-182x136-00f0w010c011r110f110r010t010.jpg\"\n                     loading=\"lazy\"\n                     width=\"250\"\n                     height=\"150\" \/>\n            <\/a>\n        <\/div>\n        <h2 class=\"gallery-grid-album-lig1\">\n            <a class=\"ngg-album-desc\"\n               title=\"P\u00e1ginas de Paisagens para colorir\"\n               href=\"https:\/\/www.justcolor.net\/pt\/natureza\/paisagens\/\">\n                Paisagens            <\/a>\n        <\/h2>\n    <\/div>\n<br class=\"ngg-clear\"\/>\n<div class='ngg-clear'><\/div><\/div>\n\n","protected":false},"excerpt":{"rendered":"","protected":false},"author":1,"featured_media":6801,"parent":0,"menu_order":2,"comment_status":"closed","ping_status":"closed","template":"","meta":{"ngg_post_thumbnail":0,"footnotes":""},"tags":[402],"class_list":{"0":"post-6485","1":"page","2":"type-page","3":"status-publish","4":"has-post-thumbnail","6":"tag-supergallery"},"_links":{"self":[{"href":"https:\/\/www.justcolor.net\/pt\/wp-json\/wp\/v2\/pages\/6485","targetHints":{"allow":["GET"]}}],"collection":[{"href":"https:\/\/www.justcolor.net\/pt\/wp-json\/wp\/v2\/pages"}],"about":[{"href":"https:\/\/www.justcolor.net\/pt\/wp-json\/wp\/v2\/types\/page"}],"author":[{"embeddable":true,"href":"https:\/\/www.justcolor.net\/pt\/wp-json\/wp\/v2\/users\/1"}],"replies":[{"embeddable":true,"href":"https:\/\/www.justcolor.net\/pt\/wp-json\/wp\/v2\/comments?post=6485"}],"version-history":[{"count":0,"href":"https:\/\/www.justcolor.net\/pt\/wp-json\/wp\/v2\/pages\/6485\/revisions"}],"wp:featuredmedia":[{"embeddable":true,"href":"https:\/\/www.justcolor.net\/pt\/wp-json\/wp\/v2\/media\/6801"}],"wp:attachment":[{"href":"https:\/\/www.justcolor.net\/pt\/wp-json\/wp\/v2\/media?parent=6485"}],"wp:term":[{"taxonomy":"post_tag","embeddable":true,"href":"https:\/\/www.justcolor.net\/pt\/wp-json\/wp\/v2\/tags?post=6485"}],"curies":[{"name":"wp","href":"https:\/\/api.w.org\/{rel}","templated":true}]}}