{"id":6487,"date":"2016-04-28T17:31:06","date_gmt":"2016-04-28T16:31:06","guid":{"rendered":"http:\/\/https\/\/www.justcolor.net\/?page_id=6487"},"modified":"2019-01-24T11:20:51","modified_gmt":"2019-01-24T10:20:51","slug":"relaxamento","status":"publish","type":"page","link":"https:\/\/www.justcolor.net\/pt\/relaxamento\/","title":{"rendered":"Relaxamento"},"content":{"rendered":"<div class=\"gallery-grid\">\n    <div class=\"gallery-grid-item\">\n        <div class=\"ngg-album-link\">\n            <a class=\"gallery_link\" href=\"https:\/\/www.justcolor.net\/pt\/relaxamento\/anti-stress-zen\/\" title=\"P\u00e1ginas Anti-Stress \/ Zen para colorir e imprimir para adultos\">\n                <img class=\"Thumb\"\n                     alt=\"P\u00e1ginas Anti-Stress \/ Zen para colorir e imprimir para adultos\"\n                     src=\"https:\/\/www.justcolor.net\/pt\/wp-content\/uploads\/sites\/6\/nggallery\/anti-stress\/cache\/desenhos-para-colorir-de-anti-stress-zen-44144.jpg-nggid0249-ngg0dyn-182x136-00f0w010c011r110f110r010t010.jpg\"\n                     loading=\"lazy\"\n                     width=\"250\"\n                     height=\"150\" \/>\n            <\/a>\n        <\/div>\n        <h2 class=\"gallery-grid-album-lig1\">\n            <a class=\"ngg-album-desc\"\n               title=\"P\u00e1ginas Anti-Stress \/ Zen para colorir\"\n               href=\"https:\/\/www.justcolor.net\/pt\/relaxamento\/anti-stress-zen\/\">\n                Anti-Stress \/ Zen            <\/a>\n        <\/h2>\n    <\/div>\n    <div class=\"gallery-grid-item\">\n        <div class=\"ngg-album-link\">\n            <a class=\"gallery_link\" href=\"https:\/\/www.justcolor.net\/pt\/relaxamento\/dreamcatchers\/\" title=\"P\u00e1ginas de Dreamcatchers para colorir e imprimir para adultos\">\n                <img class=\"Thumb\"\n                     alt=\"P\u00e1ginas de Dreamcatchers para colorir e imprimir para adultos\"\n                     src=\"https:\/\/www.justcolor.net\/pt\/wp-content\/uploads\/sites\/6\/nggallery\/dreamcatchers\/cache\/desenhos-para-colorir-de-dreamcatchers-79380.jpg-nggid044760-ngg0dyn-182x136-00f0w010c011r110f110r010t010.jpg\"\n                     loading=\"lazy\"\n                     width=\"250\"\n                     height=\"150\" \/>\n            <\/a>\n        <\/div>\n        <h2 class=\"gallery-grid-album-lig1\">\n            <a class=\"ngg-album-desc\"\n               title=\"P\u00e1ginas de Dreamcatchers para colorir\"\n               href=\"https:\/\/www.justcolor.net\/pt\/relaxamento\/dreamcatchers\/\">\n                Dreamcatchers            <\/a>\n        <\/h2>\n    <\/div>\n    <div class=\"gallery-grid-item\">\n        <div class=\"ngg-album-link\">\n            <a class=\"gallery_link\" href=\"https:\/\/www.justcolor.net\/pt\/relaxamento\/zentangle\/\" title=\"P\u00e1ginas de Zentangle para colorir e imprimir para adultos\">\n                <img class=\"Thumb\"\n                     alt=\"P\u00e1ginas de Zentangle para colorir e imprimir para adultos\"\n                     src=\"https:\/\/www.justcolor.net\/pt\/wp-content\/uploads\/sites\/6\/nggallery\/zentangle\/thumbs\/thumbs_desenhos-para-colorir-de-zentangle-61744.jpg\"\n                     loading=\"lazy\"\n                     width=\"250\"\n                     height=\"150\" \/>\n            <\/a>\n        <\/div>\n        <h2 class=\"gallery-grid-album-lig1\">\n            <a class=\"ngg-album-desc\"\n               title=\"P\u00e1ginas de Zentangle para colorir\"\n               href=\"https:\/\/www.justcolor.net\/pt\/relaxamento\/zentangle\/\">\n                Zentangle            <\/a>\n        <\/h2>\n    <\/div>\n    <div class=\"gallery-grid-item\">\n        <div class=\"ngg-album-link\">\n            <a class=\"gallery_link\" href=\"https:\/\/www.justcolor.net\/pt\/relaxamento\/doodle-art-doodling\/\" title=\"P\u00e1ginas de Doodle Art \/ Doodling para colorir e imprimir para adultos\">\n                <img class=\"Thumb\"\n                     alt=\"P\u00e1ginas de Doodle Art \/ Doodling para colorir e imprimir para adultos\"\n                     src=\"https:\/\/www.justcolor.net\/pt\/wp-content\/uploads\/sites\/6\/nggallery\/doodle-art-doodling\/cache\/desenhos-para-colorir-de-doodle-art-doodling-25788.jpg-nggid03923-ngg0dyn-182x136-00f0w010c011r110f110r010t010.jpg\"\n                     loading=\"lazy\"\n                     width=\"250\"\n                     height=\"150\" \/>\n            <\/a>\n        <\/div>\n        <h2 class=\"gallery-grid-album-lig1\">\n            <a class=\"ngg-album-desc\"\n               title=\"P\u00e1ginas de Doodle Art \/ Doodling para colorir\"\n               href=\"https:\/\/www.justcolor.net\/pt\/relaxamento\/doodle-art-doodling\/\">\n                Doodle Art \/ Doodling            <\/a>\n        <\/h2>\n    <\/div>\n    <div class=\"gallery-grid-item\">\n        <div class=\"ngg-album-link\">\n            <a class=\"gallery_link\" href=\"https:\/\/www.justcolor.net\/pt\/relaxamento\/bolos-de-copo\/\" title=\"P\u00e1ginas de Bolos de copo para colorir e imprimir para adultos\">\n                <img class=\"Thumb\"\n                     alt=\"P\u00e1ginas de Bolos de copo para colorir e imprimir para adultos\"\n                     src=\"https:\/\/www.justcolor.net\/pt\/wp-content\/uploads\/sites\/6\/nggallery\/cup-cakes\/cache\/desenhos-para-colorir-de-bolos-de-copo-44951.jpg-nggid03321-ngg0dyn-182x136-00f0w010c011r110f110r010t010.jpg\"\n                     loading=\"lazy\"\n                     width=\"250\"\n                     height=\"150\" \/>\n            <\/a>\n        <\/div>\n        <h2 class=\"gallery-grid-album-lig1\">\n            <a class=\"ngg-album-desc\"\n               title=\"P\u00e1ginas de Bolos de copo para colorir\"\n               href=\"https:\/\/www.justcolor.net\/pt\/relaxamento\/bolos-de-copo\/\">\n                Bolos de copo            <\/a>\n        <\/h2>\n    <\/div>\n    <div class=\"gallery-grid-item\">\n        <div class=\"ngg-album-link\">\n            <a class=\"gallery_link\" href=\"https:\/\/www.justcolor.net\/pt\/relaxamento\/psicodelico\/\" title=\"P\u00e1ginas Psicod\u00e9lico para colorir e imprimir para adultos\">\n                <img class=\"Thumb\"\n                     alt=\"P\u00e1ginas Psicod\u00e9lico para colorir e imprimir para adultos\"\n                     src=\"https:\/\/www.justcolor.net\/pt\/wp-content\/uploads\/sites\/6\/nggallery\/psychedelic\/cache\/desenhos-para-colorir-de-psicodelico-68528.jpg-nggid03535-ngg0dyn-182x136-00f0w010c011r110f110r010t010.jpg\"\n                     loading=\"lazy\"\n                     width=\"250\"\n                     height=\"150\" \/>\n            <\/a>\n        <\/div>\n        <h2 class=\"gallery-grid-album-lig1\">\n            <a class=\"ngg-album-desc\"\n               title=\"P\u00e1ginas Psicod\u00e9lico para colorir\"\n               href=\"https:\/\/www.justcolor.net\/pt\/relaxamento\/psicodelico\/\">\n                Psicod\u00e9lico            <\/a>\n        <\/h2>\n    <\/div>\n    <div class=\"gallery-grid-item\">\n        <div class=\"ngg-album-link\">\n            <a class=\"gallery_link\" href=\"https:\/\/www.justcolor.net\/pt\/relaxamento\/1950s-pin-up\/\" title=\"P\u00e1ginas de Pin-up dos anos 50 para colorir e imprimir para adultos\">\n                <img class=\"Thumb\"\n                     alt=\"P\u00e1ginas de Pin-up dos anos 50 para colorir e imprimir para adultos\"\n                     src=\"https:\/\/www.justcolor.net\/pt\/wp-content\/uploads\/sites\/6\/nggallery\/pin-up-50s\/thumbs\/thumbs_desenhos-para-colorir-para-adultos-pin-up-dos-anos-50-45551.jpg\"\n                     loading=\"lazy\"\n                     width=\"250\"\n                     height=\"150\" \/>\n            <\/a>\n        <\/div>\n        <h2 class=\"gallery-grid-album-lig1\">\n            <a class=\"ngg-album-desc\"\n               title=\"P\u00e1ginas de Pin-up dos anos 50 para colorir\"\n               href=\"https:\/\/www.justcolor.net\/pt\/relaxamento\/1950s-pin-up\/\">\n                Pin-up dos anos 50            <\/a>\n        <\/h2>\n    <\/div>\n    <div class=\"gallery-grid-item\">\n        <div class=\"ngg-album-link\">\n            <a class=\"gallery_link\" href=\"https:\/\/www.justcolor.net\/pt\/relaxamento\/bonecas-russas\/\" title=\"P\u00e1ginas de Bonecas russas para colorir e imprimir para adultos\">\n                <img class=\"Thumb\"\n                     alt=\"P\u00e1ginas de Bonecas russas para colorir e imprimir para adultos\"\n                     src=\"https:\/\/www.justcolor.net\/pt\/wp-content\/uploads\/sites\/6\/nggallery\/russian-dolls\/cache\/desenhos-para-colorir-de-bonecas-russas-23301.jpg-nggid041200-ngg0dyn-182x136-00f0w010c011r110f110r010t010.jpg\"\n                     loading=\"lazy\"\n                     width=\"250\"\n                     height=\"150\" \/>\n            <\/a>\n        <\/div>\n        <h2 class=\"gallery-grid-album-lig1\">\n            <a class=\"ngg-album-desc\"\n               title=\"P\u00e1ginas de Bonecas russas para colorir\"\n               href=\"https:\/\/www.justcolor.net\/pt\/relaxamento\/bonecas-russas\/\">\n                Bonecas russas            <\/a>\n        <\/h2>\n    <\/div>\n    <div class=\"gallery-grid-item\">\n        <div class=\"ngg-album-link\">\n            <a class=\"gallery_link\" href=\"https:\/\/www.justcolor.net\/pt\/relaxamento\/retornar-a-infancia\/\" title=\"P\u00e1ginas de Retornar \u00e0 inf\u00e2ncia para colorir e imprimir para adultos\">\n                <img class=\"Thumb\"\n                     alt=\"P\u00e1ginas de Retornar \u00e0 inf\u00e2ncia para colorir e imprimir para adultos\"\n                     src=\"https:\/\/www.justcolor.net\/pt\/wp-content\/uploads\/sites\/6\/nggallery\/back-to-childhood\/cache\/desenhos-para-colorir-de-retornar-a-infancia-49687.jpg-nggid041187-ngg0dyn-182x136-00f0w010c011r110f110r010t010.jpg\"\n                     loading=\"lazy\"\n                     width=\"250\"\n                     height=\"150\" \/>\n            <\/a>\n        <\/div>\n        <h2 class=\"gallery-grid-album-lig1\">\n            <a class=\"ngg-album-desc\"\n               title=\"P\u00e1ginas de Retornar \u00e0 inf\u00e2ncia para colorir\"\n               href=\"https:\/\/www.justcolor.net\/pt\/relaxamento\/retornar-a-infancia\/\">\n                Retornar \u00e0 inf\u00e2ncia            <\/a>\n        <\/h2>\n    <\/div>\n    <div class=\"gallery-grid-item\">\n        <div class=\"ngg-album-link\">\n            <a class=\"gallery_link\" href=\"https:\/\/www.justcolor.net\/pt\/relaxamento\/jardins-maravilhosos\/\" title=\"P\u00e1ginas de Jardins maravilhosos para colorir e imprimir para adultos\">\n                <img class=\"Thumb\"\n                     alt=\"P\u00e1ginas de Jardins maravilhosos para colorir e imprimir para adultos\"\n                     src=\"https:\/\/www.justcolor.net\/pt\/wp-content\/uploads\/sites\/6\/nggallery\/wonderful-gardens\/cache\/desenhos-para-colorir-para-adultos-jardins-maravilhosos-24856.jpg-nggid047502-ngg0dyn-182x136-00f0w010c011r110f110r010t010.jpg\"\n                     loading=\"lazy\"\n                     width=\"250\"\n                     height=\"150\" \/>\n            <\/a>\n        <\/div>\n        <h2 class=\"gallery-grid-album-lig1\">\n            <a class=\"ngg-album-desc\"\n               title=\"P\u00e1ginas de Jardins maravilhosos para colorir\"\n               href=\"https:\/\/www.justcolor.net\/pt\/relaxamento\/jardins-maravilhosos\/\">\n                Jardins maravilhosos            <\/a>\n        <\/h2>\n    <\/div>\n    <div class=\"gallery-grid-item\">\n        <div class=\"ngg-album-link\">\n            <a class=\"gallery_link\" href=\"https:\/\/www.justcolor.net\/pt\/relaxamento\/vintage\/\" title=\"P\u00e1ginas Vintage para colorir e imprimir para adultos\">\n                <img class=\"Thumb\"\n                     alt=\"P\u00e1ginas Vintage para colorir e imprimir para adultos\"\n                     src=\"https:\/\/www.justcolor.net\/pt\/wp-content\/uploads\/sites\/6\/nggallery\/vintage\/cache\/desenhos-para-colorir-de-vintage-96493.jpg-nggid03262-ngg0dyn-182x136-00f0w010c011r110f110r010t010.jpg\"\n                     loading=\"lazy\"\n                     width=\"250\"\n                     height=\"150\" \/>\n            <\/a>\n        <\/div>\n        <h2 class=\"gallery-grid-album-lig1\">\n            <a class=\"ngg-album-desc\"\n               title=\"P\u00e1ginas Vintage para colorir\"\n               href=\"https:\/\/www.justcolor.net\/pt\/relaxamento\/vintage\/\">\n                Vintage            <\/a>\n        <\/h2>\n    <\/div>\n    <div class=\"gallery-grid-item\">\n        <div class=\"ngg-album-link\">\n            <a class=\"gallery_link\" href=\"https:\/\/www.justcolor.net\/pt\/relaxamento\/nao-classificavel\/\" title=\"P\u00e1ginas N\u00e3o classific\u00e1vel para colorir e imprimir para adultos\">\n                <img class=\"Thumb\"\n                     alt=\"P\u00e1ginas N\u00e3o classific\u00e1vel para colorir e imprimir para adultos\"\n                     src=\"https:\/\/www.justcolor.net\/pt\/wp-content\/uploads\/sites\/6\/nggallery\/inclassables\/cache\/desenhos-para-colorir-de-nao-classificavel-92158.jpg-nggid03303-ngg0dyn-182x136-00f0w010c011r110f110r010t010.jpg\"\n                     loading=\"lazy\"\n                     width=\"250\"\n                     height=\"150\" \/>\n            <\/a>\n        <\/div>\n        <h2 class=\"gallery-grid-album-lig1\">\n            <a class=\"ngg-album-desc\"\n               title=\"P\u00e1ginas N\u00e3o classific\u00e1vel para colorir\"\n               href=\"https:\/\/www.justcolor.net\/pt\/relaxamento\/nao-classificavel\/\">\n                N\u00e3o classific\u00e1vel            <\/a>\n        <\/h2>\n    <\/div>\n    <div class=\"gallery-grid-item\">\n        <div class=\"ngg-album-link\">\n            <a class=\"gallery_link\" href=\"https:\/\/www.justcolor.net\/pt\/relaxamento\/colorzen\/\" title=\"P\u00e1ginas de Colorzen para colorir e imprimir para adultos\">\n                <img class=\"Thumb\"\n                     alt=\"P\u00e1ginas de Colorzen para colorir e imprimir para adultos\"\n                     src=\"https:\/\/www.justcolor.net\/pt\/wp-content\/uploads\/sites\/6\/nggallery\/colorzen\/cache\/desenhos-para-colorir-de-colorzen-15562.jpg-nggid042133-ngg0dyn-182x136-00f0w010c011r110f110r010t010.jpg\"\n                     loading=\"lazy\"\n                     width=\"250\"\n                     height=\"150\" \/>\n            <\/a>\n        <\/div>\n        <h2 class=\"gallery-grid-album-lig1\">\n            <a class=\"ngg-album-desc\"\n               title=\"P\u00e1ginas de Colorzen para colorir\"\n               href=\"https:\/\/www.justcolor.net\/pt\/relaxamento\/colorzen\/\">\n                Colorzen            <\/a>\n        <\/h2>\n    <\/div>\n    <div class=\"gallery-grid-item\">\n        <div class=\"ngg-album-link\">\n            <a class=\"gallery_link\" href=\"https:\/\/www.justcolor.net\/pt\/relaxamento\/keep-calm-and\/\" title=\"P\u00e1ginas Keep Calm and \u2026 para colorir e imprimir para adultos\">\n                <img class=\"Thumb\"\n                     alt=\"P\u00e1ginas Keep Calm and \u2026 para colorir e imprimir para adultos\"\n                     src=\"https:\/\/www.justcolor.net\/pt\/wp-content\/uploads\/sites\/6\/nggallery\/keep-calm-and\/thumbs\/thumbs_desenhos-para-colorir-de-mantenha-calma-e-\u2026-97808.jpg\"\n                     loading=\"lazy\"\n                     width=\"250\"\n                     height=\"150\" \/>\n            <\/a>\n        <\/div>\n        <h2 class=\"gallery-grid-album-lig1\">\n            <a class=\"ngg-album-desc\"\n               title=\"P\u00e1ginas Keep Calm and \u2026 para colorir\"\n               href=\"https:\/\/www.justcolor.net\/pt\/relaxamento\/keep-calm-and\/\">\n                Keep Calm and \u2026            <\/a>\n        <\/h2>\n    <\/div>\n    <div class=\"gallery-grid-item\">\n        <div class=\"ngg-album-link\">\n            <a class=\"gallery_link\" href=\"https:\/\/www.justcolor.net\/pt\/relaxamento\/\" title=\"P\u00e1ginas de Cita\u00e7\u00f5es para colorir e imprimir para adultos\">\n                <img class=\"Thumb\"\n                     alt=\"P\u00e1ginas de Cita\u00e7\u00f5es para colorir e imprimir para adultos\"\n                     src=\"https:\/\/www.justcolor.net\/pt\/wp-content\/uploads\/sites\/6\/nggallery\/quotes\/cache\/desenhos-para-colorir-de-citacoes-26159.jpg-nggid042535-ngg0dyn-182x136-00f0w010c011r110f110r010t010.jpg\"\n                     loading=\"lazy\"\n                     width=\"250\"\n                     height=\"150\" \/>\n            <\/a>\n        <\/div>\n        <h2 class=\"gallery-grid-album-lig1\">\n            <a class=\"ngg-album-desc\"\n               title=\"P\u00e1ginas de Cita\u00e7\u00f5es para colorir\"\n               href=\"https:\/\/www.justcolor.net\/pt\/relaxamento\/\">\n                Cita\u00e7\u00f5es            <\/a>\n        <\/h2>\n    <\/div>\n    <div class=\"gallery-grid-item\">\n        <div class=\"ngg-album-link\">\n            <a class=\"gallery_link\" href=\"https:\/\/www.justcolor.net\/pt\/relaxamento\/palavroes\/\" title=\"P\u00e1ginas de Palavr\u00f5es para colorir e imprimir para adultos\">\n                <img class=\"Thumb\"\n                     alt=\"P\u00e1ginas de Palavr\u00f5es para colorir e imprimir para adultos\"\n                     src=\"https:\/\/www.justcolor.net\/pt\/wp-content\/uploads\/sites\/6\/nggallery\/swear-words\/cache\/desenhos-para-colorir-de-palavroes-3156.jpg-nggid044518-ngg0dyn-182x136-00f0w010c011r110f110r010t010.jpg\"\n                     loading=\"lazy\"\n                     width=\"250\"\n                     height=\"150\" \/>\n            <\/a>\n        <\/div>\n        <h2 class=\"gallery-grid-album-lig1\">\n            <a class=\"ngg-album-desc\"\n               title=\"P\u00e1ginas de Palavr\u00f5es para colorir\"\n               href=\"https:\/\/www.justcolor.net\/pt\/relaxamento\/palavroes\/\">\n                Palavr\u00f5es            <\/a>\n        <\/h2>\n    <\/div>\n<br class=\"ngg-clear\"\/>\n<div class='ngg-clear'><\/div><\/div>\n\n","protected":false},"excerpt":{"rendered":"","protected":false},"author":1,"featured_media":6794,"parent":0,"menu_order":1,"comment_status":"closed","ping_status":"closed","template":"","meta":{"ngg_post_thumbnail":0,"footnotes":""},"tags":[402],"class_list":{"0":"post-6487","1":"page","2":"type-page","3":"status-publish","4":"has-post-thumbnail","6":"tag-supergallery"},"_links":{"self":[{"href":"https:\/\/www.justcolor.net\/pt\/wp-json\/wp\/v2\/pages\/6487","targetHints":{"allow":["GET"]}}],"collection":[{"href":"https:\/\/www.justcolor.net\/pt\/wp-json\/wp\/v2\/pages"}],"about":[{"href":"https:\/\/www.justcolor.net\/pt\/wp-json\/wp\/v2\/types\/page"}],"author":[{"embeddable":true,"href":"https:\/\/www.justcolor.net\/pt\/wp-json\/wp\/v2\/users\/1"}],"replies":[{"embeddable":true,"href":"https:\/\/www.justcolor.net\/pt\/wp-json\/wp\/v2\/comments?post=6487"}],"version-history":[{"count":0,"href":"https:\/\/www.justcolor.net\/pt\/wp-json\/wp\/v2\/pages\/6487\/revisions"}],"wp:featuredmedia":[{"embeddable":true,"href":"https:\/\/www.justcolor.net\/pt\/wp-json\/wp\/v2\/media\/6794"}],"wp:attachment":[{"href":"https:\/\/www.justcolor.net\/pt\/wp-json\/wp\/v2\/media?parent=6487"}],"wp:term":[{"taxonomy":"post_tag","embeddable":true,"href":"https:\/\/www.justcolor.net\/pt\/wp-json\/wp\/v2\/tags?post=6487"}],"curies":[{"name":"wp","href":"https:\/\/api.w.org\/{rel}","templated":true}]}}