{"id":7086,"date":"2016-06-06T12:04:26","date_gmt":"2016-06-06T11:04:26","guid":{"rendered":"http:\/\/https\/\/www.justcolor.net\/?page_id=7086"},"modified":"2024-08-29T15:20:16","modified_gmt":"2024-08-29T13:20:16","slug":"adult-coloring-pages-free-to-download-in-pdf-print","status":"publish","type":"page","link":"https:\/\/www.justcolor.net\/pt\/","title":{"rendered":"P\u00e1ginas para colorir para adultos: gr\u00e1tis para baixar em PDF e imprimir"},"content":{"rendered":"","protected":false},"excerpt":{"rendered":"<div class='no-ads'>\n<div class='supgal no-ads'>\n<div class='supgalimgtxt'><a href='https:\/\/www.justcolor.net\/pt\/mandalas\/' title='P\u00e1ginas Mandalas para colorir e imprimir para adultos'><img src='\/wp-content\/common\/images\/supergalleries\/relax_w.webp' alt='P\u00e1ginas Mandalas para colorir e imprimir para adultos' class='supgalimg' width='354' height='159'><\/a><\/p>\n<h2 class='supgaltxt' style='font-size:22px'><a href='https:\/\/www.justcolor.net\/pt\/mandalas\/' title='P\u00e1ginas Mandalas para colorir e imprimir para adultos' style='color:white'>Mandalas<\/a><\/h2>\n<\/div>\n<div class='linkhp'>\n<div style='color:gray;padding-top:5px;'><a href='https:\/\/www.justcolor.net\/pt\/mandalas\/' title='P\u00e1ginas Mandalas para colorir e imprimir para adultos'>P\u00e1ginas para colorir de Mandalas complexos em v\u00e1rios estilos<\/a><\/div>\n<\/div>\n<\/div>\n<div class='supgal no-ads'>\n<div class='supgalimgtxt'><a href='https:\/\/www.justcolor.net\/pt\/relaxamento\/' title='P\u00e1ginas Arte Terapia para colorir e imprimir para adultos'><img src='\/wp-content\/common\/images\/supergalleries\/arttherapy_w.webp' alt='P\u00e1ginas Arte Terapia para colorir e imprimir para adultos' class='supgalimg' width='354' height='159'><\/a><\/p>\n<h2 class='supgaltxt' style='font-size:22px'><a href='https:\/\/www.justcolor.net\/pt\/relaxamento\/' title='P\u00e1ginas Arte Terapia para colorir e imprimir para adultos' style='color:white'>Arte Terapia<\/a><\/h2>\n<\/div>\n<div class='linkhp'><a href='https:\/\/www.justcolor.net\/pt\/relaxamento\/anti-stress-zen\/' title='P\u00e1ginas Anti-Stress \/ Zen para colorir e imprimir para adultos'>Anti-Stress \/ Zen<\/a>, <a href='https:\/\/www.justcolor.net\/pt\/relaxamento\/bolos-de-copo\/' title='P\u00e1ginas Bolos de copo para colorir e imprimir para adultos'>Bolos de copo<\/a>, <a href='https:\/\/www.justcolor.net\/pt\/relaxamento\/bonecas-russas\/' title='P\u00e1ginas Bonecas russas para colorir e imprimir para adultos'>Bonecas russas<\/a>, <a href='https:\/\/www.justcolor.net\/pt\/relaxamento\/doodle-art-doodling\/' title='P\u00e1ginas Doodle Art \/ Doodling para colorir e imprimir para adultos'>Doodle Art \/ Doodling<\/a>, <a href='https:\/\/www.justcolor.net\/pt\/relaxamento\/dreamcatchers\/' title='P\u00e1ginas Dreamcatchers para colorir e imprimir para adultos'>Dreamcatchers<\/a>, <a href='https:\/\/www.justcolor.net\/pt\/relaxamento\/jardins-maravilhosos\/' title='P\u00e1ginas Jardins maravilhosos para colorir e imprimir para adultos'>Jardins maravilhosos<\/a>, <a href='https:\/\/www.justcolor.net\/pt\/relaxamento\/keep-calm-and\/' title='P\u00e1ginas Keep Calm and \u2026 para colorir e imprimir para adultos'>Keep Calm and \u2026<\/a>, <a href='https:\/\/www.justcolor.net\/pt\/relaxamento\/nao-classificavel\/' title='P\u00e1ginas N\u00e3o classific\u00e1vel para colorir e imprimir para adultos'>N\u00e3o classific\u00e1vel<\/a>, <a href='https:\/\/www.justcolor.net\/pt\/relaxamento\/palavroes\/' title='P\u00e1ginas Palavr\u00f5es para colorir e imprimir para adultos'>Palavr\u00f5es<\/a>, <a href='https:\/\/www.justcolor.net\/pt\/relaxamento\/1950s-pin-up\/' title='P\u00e1ginas Pin-up dos anos 50 para colorir e imprimir para adultos'>Pin-up dos anos 50<\/a>, <a href='https:\/\/www.justcolor.net\/pt\/relaxamento\/quotes\/' title='P\u00e1ginas Positive and inspiring quotes para colorir e imprimir para adultos'>Positive and inspiring quotes<\/a>, <a href='https:\/\/www.justcolor.net\/pt\/relaxamento\/psicodelico\/' title='P\u00e1ginas Psicod\u00e9lico para colorir e imprimir para adultos'>Psicod\u00e9lico<\/a>, <a href='https:\/\/www.justcolor.net\/pt\/relaxamento\/retornar-a-infancia\/' title='P\u00e1ginas Retornar \u00e0 inf\u00e2ncia para colorir e imprimir para adultos'>Retornar \u00e0 inf\u00e2ncia<\/a> &#8230;<\/div>\n<\/div>\n<div class='supgal no-ads'>\n<div class='supgalimgtxt'><a href='https:\/\/www.justcolor.net\/pt\/eventos-especiais\/' title='P\u00e1ginas Eventos especiais para colorir e imprimir para adultos'><img src='\/wp-content\/common\/images\/supergalleries\/events_w.webp' alt='P\u00e1ginas Eventos especiais para colorir e imprimir para adultos' class='supgalimg' width='354' height='159'><\/a><\/p>\n<h2 class='supgaltxt' style='font-size:22px'><a href='https:\/\/www.justcolor.net\/pt\/eventos-especiais\/' title='P\u00e1ginas Eventos especiais para colorir e imprimir para adultos' style='color:white'>Eventos especiais<\/a><\/h2>\n<\/div>\n<div class='linkhp'><a href='https:\/\/www.justcolor.net\/pt\/eventos-especiais\/acao-de-gracas\/' title='P\u00e1ginas A\u00e7\u00e3o de gra\u00e7as para colorir e imprimir para adultos'>A\u00e7\u00e3o de gra\u00e7as<\/a>, <a href='https:\/\/www.justcolor.net\/pt\/eventos-especiais\/ano-novo-chines\/' title='P\u00e1ginas Ano Novo Chin\u00eas para colorir e imprimir para adultos'>Ano Novo Chin\u00eas<\/a>, <a href='https:\/\/www.justcolor.net\/pt\/eventos-especiais\/carnaval\/' title='P\u00e1ginas Carnaval para colorir e imprimir para adultos'>Carnaval<\/a>, <a href='https:\/\/www.justcolor.net\/pt\/eventos-especiais\/dia-da-terra\/' title='P\u00e1ginas Dia da Terra para colorir e imprimir para adultos'>Dia da Terra<\/a>, <a href='https:\/\/www.justcolor.net\/pt\/eventos-especiais\/dia-das-bruxas\/' title='P\u00e1ginas Dia das Bruxas para colorir e imprimir para adultos'>Dia das Bruxas<\/a>, <a href='https:\/\/www.justcolor.net\/pt\/eventos-especiais\/dia-de-sao-patricio\/' title='P\u00e1ginas Dia de S\u00e3o Patricio para colorir e imprimir para adultos'>Dia de S\u00e3o Patricio<\/a>, <a href='https:\/\/www.justcolor.net\/pt\/eventos-especiais\/dia-dos-namorados\/' title='P\u00e1ginas Dia dos Namorados para colorir e imprimir para adultos'>Dia dos Namorados<\/a>, <a href='https:\/\/www.justcolor.net\/pt\/eventos-especiais\/el-dia-de-los-muertos\/' title='P\u00e1ginas El Dia de los Muertos para colorir e imprimir para adultos'>El Dia de los Muertos<\/a>, <a href='https:\/\/www.justcolor.net\/pt\/eventos-especiais\/esporte-olimpiadas\/' title='P\u00e1ginas Esporte \/ Olimp\u00edadas para colorir e imprimir para adultos'>Esporte \/ Olimp\u00edadas<\/a>, <a href='https:\/\/www.justcolor.net\/pt\/eventos-especiais\/happpy-ano-novo\/' title='P\u00e1ginas Happpy Ano Novo para colorir e imprimir para adultos'>Happpy Ano Novo<\/a>, <a href='https:\/\/www.justcolor.net\/pt\/eventos-especiais\/natal\/' title='P\u00e1ginas Natal para colorir e imprimir para adultos'>Natal<\/a>, <a href='https:\/\/www.justcolor.net\/pt\/eventos-especiais\/pascoa\/' title='P\u00e1ginas P\u00e1scoa para colorir e imprimir para adultos'>P\u00e1scoa<\/a><\/div>\n<\/div>\n<div class='supgal no-ads'>\n<div class='supgalimgtxt'><a href='https:\/\/www.justcolor.net\/pt\/animais\/' title='P\u00e1ginas Animais para colorir e imprimir para adultos'><img src='\/wp-content\/common\/images\/supergalleries\/animals_w.webp' alt='P\u00e1ginas Animais para colorir e imprimir para adultos' class='supgalimg' width='354' height='159'><\/a><\/p>\n<h2 class='supgaltxt' style='font-size:22px'><a href='https:\/\/www.justcolor.net\/pt\/animais\/' title='P\u00e1ginas Animais para colorir e imprimir para adultos' style='color:white'>Animais<\/a><\/h2>\n<\/div>\n<div class='linkhp'><a href='https:\/\/www.justcolor.net\/pt\/natureza\/animais\/caes\/' title='P\u00e1ginas C\u00e3es para colorir e imprimir para adultos'>C\u00e3es<\/a>, <a href='https:\/\/www.justcolor.net\/pt\/natureza\/animais\/camaleoes-e-lagartos\/' title='P\u00e1ginas Camale\u00f5es e lagartos para colorir e imprimir para adultos'>Camale\u00f5es e lagartos<\/a>, <a href='https:\/\/www.justcolor.net\/pt\/natureza\/animais\/camelos-e-dromedarios\/' title='P\u00e1ginas Camelos e dromed\u00e1rios para colorir e imprimir para adultos'>Camelos e dromed\u00e1rios<\/a>, <a href='https:\/\/www.justcolor.net\/pt\/natureza\/animais\/cavalos\/' title='P\u00e1ginas Cavalos para colorir e imprimir para adultos'>Cavalos<\/a>, <a href='https:\/\/www.justcolor.net\/pt\/natureza\/animais\/cobras\/' title='P\u00e1ginas Cobras para colorir e imprimir para adultos'>Cobras<\/a>, <a href='https:\/\/www.justcolor.net\/pt\/natureza\/animais\/coelhos\/' title='P\u00e1ginas Coelhos para colorir e imprimir para adultos'>Coelhos<\/a>, <a href='https:\/\/www.justcolor.net\/pt\/natureza\/animais\/corujas\/' title='P\u00e1ginas Corujas para colorir e imprimir para adultos'>Corujas<\/a>, <a href='https:\/\/www.justcolor.net\/pt\/natureza\/animais\/crocodile\/' title='P\u00e1ginas Crocodile para colorir e imprimir para adultos'>Crocodile<\/a>, <a href='https:\/\/www.justcolor.net\/pt\/natureza\/animais\/elefantes\/' title='P\u00e1ginas Elefantes para colorir e imprimir para adultos'>Elefantes<\/a>, <a href='https:\/\/www.justcolor.net\/pt\/natureza\/animais\/esquilos-e-marmotas\/' title='P\u00e1ginas Esquilos e marmotas para colorir e imprimir para adultos'>Esquilos e marmotas<\/a>, <a href='https:\/\/www.justcolor.net\/pt\/natureza\/animais\/filhotes\/' title='P\u00e1ginas Filhotes para colorir e imprimir para adultos'>Filhotes<\/a>, <a href='https:\/\/www.justcolor.net\/pt\/natureza\/animais\/flamingos\/' title='P\u00e1ginas Flamingos para colorir e imprimir para adultos'>Flamingos<\/a>, <a href='https:\/\/www.justcolor.net\/pt\/natureza\/animais\/gatos\/' title='P\u00e1ginas Gatos para colorir e imprimir para adultos'>Gatos<\/a>, <a href='https:\/\/www.justcolor.net\/pt\/natureza\/animais\/girafas\/' title='P\u00e1ginas Girafas para colorir e imprimir para adultos'>Girafas<\/a>, <a href='https:\/\/www.justcolor.net\/pt\/natureza\/animais\/golfinhos\/' title='P\u00e1ginas Golfinhos para colorir e imprimir para adultos'>Golfinhos<\/a>, <a href='https:\/\/www.justcolor.net\/pt\/natureza\/animais\/guaxinim\/' title='P\u00e1ginas Guaxinim para colorir e imprimir para adultos'>Guaxinim<\/a>, <a href='https:\/\/www.justcolor.net\/pt\/natureza\/animais\/leoes\/' title='P\u00e1ginas Le\u00f5es para colorir e imprimir para adultos'>Le\u00f5es<\/a>, <a href='https:\/\/www.justcolor.net\/pt\/natureza\/animais\/lhamas\/' title='P\u00e1ginas Lhamas para colorir e imprimir para adultos'>Lhamas<\/a>, <a href='https:\/\/www.justcolor.net\/pt\/natureza\/animais\/lobos\/' title='P\u00e1ginas Lobos para colorir e imprimir para adultos'>Lobos<\/a>, <a href='https:\/\/www.justcolor.net\/pt\/natureza\/animais\/macacos\/' title='P\u00e1ginas Macacos para colorir e imprimir para adultos'>Macacos<\/a>, <a href='https:\/\/www.justcolor.net\/pt\/natureza\/animais\/mouses\/' title='P\u00e1ginas Mouses para colorir e imprimir para adultos'>Mouses<\/a>, <a href='https:\/\/www.justcolor.net\/pt\/natureza\/animais\/pandas\/' title='P\u00e1ginas Pandas para colorir e imprimir para adultos'>Pandas<\/a>, <a href='https:\/\/www.justcolor.net\/pt\/natureza\/animais\/passaros\/' title='P\u00e1ginas P\u00e1ssaros para colorir e imprimir para adultos'>P\u00e1ssaros<\/a> &#8230;<\/div>\n<\/div>\n<div class='supgal no-ads'>\n<div class='supgalimgtxt'><a href='https:\/\/www.justcolor.net\/pt\/natureza\/' title='P\u00e1ginas Natureza para colorir e imprimir para adultos'><img src='\/wp-content\/common\/images\/supergalleries\/nature_w.webp' alt='P\u00e1ginas Natureza para colorir e imprimir para adultos' class='supgalimg' width='354' height='159'><\/a><\/p>\n<h2 class='supgaltxt' style='font-size:22px'><a href='https:\/\/www.justcolor.net\/pt\/natureza\/' title='P\u00e1ginas Natureza para colorir e imprimir para adultos' style='color:white'>Natureza<\/a><\/h2>\n<\/div>\n<div class='linkhp'><a href='https:\/\/www.justcolor.net\/pt\/natureza\/borboletas-e-insetos\/' title='P\u00e1ginas Borboletas e insetos para colorir e imprimir para adultos'>Borboletas e insetos<\/a>, <a href='https:\/\/www.justcolor.net\/pt\/natureza\/dinossauros\/' title='P\u00e1ginas Dinossauros para colorir e imprimir para adultos'>Dinossauros<\/a>, <a href='https:\/\/www.justcolor.net\/pt\/natureza\/flores-e-vegetacao\/' title='P\u00e1ginas Flores e vegeta\u00e7\u00e3o para colorir e imprimir para adultos'>Flores e vegeta\u00e7\u00e3o<\/a>, <a href='https:\/\/www.justcolor.net\/pt\/natureza\/mundos-da-agua\/' title='P\u00e1ginas Mundos da \u00e1gua para colorir e imprimir para adultos'>Mundos da \u00e1gua<\/a>, <a href='https:\/\/www.justcolor.net\/pt\/natureza\/paisagens\/' title='P\u00e1ginas Paisagens para colorir e imprimir para adultos'>Paisagens<\/a>, <a href='https:\/\/www.justcolor.net\/pt\/natureza\/selva-foresta\/' title='P\u00e1ginas Selva e Floresta para colorir e imprimir para adultos'>Selva e Floresta<\/a><\/div>\n<\/div>\n<div class='supgal no-ads'>\n<div class='supgalimgtxt'><a href='https:\/\/www.justcolor.net\/pt\/viaja\/' title='P\u00e1ginas Viagens para colorir e imprimir para adultos'><img src='\/wp-content\/common\/images\/supergalleries\/travel_w.webp' alt='P\u00e1ginas Viagens para colorir e imprimir para adultos' class='supgalimg' width='354' height='159'><\/a><\/p>\n<h2 class='supgaltxt' style='font-size:22px'><a href='https:\/\/www.justcolor.net\/pt\/viaja\/' title='P\u00e1ginas Viagens para colorir e imprimir para adultos' style='color:white'>Viagens<\/a><\/h2>\n<\/div>\n<div class='linkhp'><a href='https:\/\/www.justcolor.net\/pt\/viaja\/africa\/' title='P\u00e1ginas \u00c1frica para colorir e imprimir para adultos'>\u00c1frica<\/a>, <a href='https:\/\/www.justcolor.net\/pt\/viaja\/arquitetura-e-casa\/' title='P\u00e1ginas Arquitetura, pa\u00edses e cidades para colorir e imprimir para adultos'>Arquitetura, pa\u00edses e cidades<\/a>, <a href='https:\/\/www.justcolor.net\/pt\/viaja\/china-e-asia\/' title='P\u00e1ginas China e \u00c1sia para colorir e imprimir para adultos'>China e \u00c1sia<\/a>, <a href='https:\/\/www.justcolor.net\/pt\/viaja\/egito-e-hieroglifos\/' title='P\u00e1ginas Egito e hier\u00f3glifos para colorir e imprimir para adultos'>Egito e hier\u00f3glifos<\/a>, <a href='https:\/\/www.justcolor.net\/pt\/viaja\/grecia-antiga\/' title='P\u00e1ginas Gr\u00e9cia antiga para colorir e imprimir para adultos'>Gr\u00e9cia antiga<\/a>, <a href='https:\/\/www.justcolor.net\/pt\/viaja\/india-e-bollywoood\/' title='P\u00e1ginas \u00cdndia e Bollywoood para colorir e imprimir para adultos'>\u00cdndia e Bollywoood<\/a>, <a href='https:\/\/www.justcolor.net\/pt\/viaja\/indonesia\/' title='P\u00e1ginas Indonesia para colorir e imprimir para adultos'>Indonesia<\/a>, <a href='https:\/\/www.justcolor.net\/pt\/viaja\/japao\/' title='P\u00e1ginas Jap\u00e3o para colorir e imprimir para adultos'>Jap\u00e3o<\/a>, <a href='https:\/\/www.justcolor.net\/pt\/viaja\/maias-astecas-e-incas\/' title='P\u00e1ginas Maias, astecas e incas para colorir e imprimir para adultos'>Maias, astecas e incas<\/a>, <a href='https:\/\/www.justcolor.net\/pt\/viaja\/nativos-americanos\/' title='P\u00e1ginas Nativos americanos para colorir e imprimir para adultos'>Nativos americanos<\/a>, <a href='https:\/\/www.justcolor.net\/pt\/viaja\/new-york\/' title='P\u00e1ginas New York para colorir e imprimir para adultos'>New York<\/a>, <a href='https:\/\/www.justcolor.net\/pt\/viaja\/oriental\/' title='P\u00e1ginas Oriental para colorir e imprimir para adultos'>Oriental<\/a>, <a href='https:\/\/www.justcolor.net\/pt\/viaja\/paris\/' title='P\u00e1ginas Paris para colorir e imprimir para adultos'>Paris<\/a>, <a href='https:\/\/www.justcolor.net\/pt\/viaja\/tibete\/' title='P\u00e1ginas Tibete para colorir e imprimir para adultos'>Tibete<\/a><\/div>\n<\/div>\n<div class='supgal no-ads'>\n<div class='supgalimgtxt'><a href='https:\/\/www.justcolor.net\/pt\/arte\/' title='P\u00e1ginas Arte para colorir e imprimir para adultos'><img src='\/wp-content\/common\/images\/supergalleries\/art_w.webp' alt='P\u00e1ginas Arte para colorir e imprimir para adultos' class='supgalimg' width='354' height='159'><\/a><\/p>\n<h2 class='supgaltxt' style='font-size:22px'><a href='https:\/\/www.justcolor.net\/pt\/arte\/' title='P\u00e1ginas Arte para colorir e imprimir para adultos' style='color:white'>Arte<\/a><\/h2>\n<\/div>\n<div class='linkhp'><a href='https:\/\/www.justcolor.net\/pt\/arte\/art-brut\/' title='P\u00e1ginas Art brut para colorir e imprimir para adultos'>Art brut<\/a>, <a href='https:\/\/www.justcolor.net\/pt\/arte\/art-deco\/' title='P\u00e1ginas Art Deco para colorir e imprimir para adultos'>Art Deco<\/a>, <a href='https:\/\/www.justcolor.net\/pt\/arte\/art-nouveau\/' title='P\u00e1ginas Art Nouveau para colorir e imprimir para adultos'>Art Nouveau<\/a>, <a href='https:\/\/www.justcolor.net\/pt\/arte\/arte-celta\/' title='P\u00e1ginas Arte celta para colorir e imprimir para adultos'>Arte celta<\/a>, <a href='https:\/\/www.justcolor.net\/pt\/arte\/moorish-art\/' title='P\u00e1ginas Arte Mourisca para colorir e imprimir para adultos'>Arte Mourisca<\/a>, <a href='https:\/\/www.justcolor.net\/pt\/arte\/arte-pop\/' title='P\u00e1ginas Arte pop para colorir e imprimir para adultos'>Arte pop<\/a>, <a href='https:\/\/www.justcolor.net\/pt\/arte\/arts-and-crafts\/' title='P\u00e1ginas Arts and Crafts para colorir e imprimir para adultos'>Arts and Crafts<\/a>, <a href='https:\/\/www.justcolor.net\/pt\/arte\/azulejos\/' title='P\u00e1ginas Azulejos para colorir e imprimir para adultos'>Azulejos<\/a>, <a href='https:\/\/www.justcolor.net\/pt\/arte\/graffiti-arte-de-rua\/' title='P\u00e1ginas Graffiti \/ arte de rua para colorir e imprimir para adultos'>Graffiti \/ arte de rua<\/a>, <a href='https:\/\/www.justcolor.net\/pt\/arte\/gravacao\/' title='P\u00e1ginas Grava\u00e7\u00e3o para colorir e imprimir para adultos'>Grava\u00e7\u00e3o<\/a>, <a href='https:\/\/www.justcolor.net\/pt\/arte\/obras-de-arte\/' title='P\u00e1ginas Obras de arte para colorir e imprimir para adultos'>Obras de arte<\/a>, <a href='https:\/\/www.justcolor.net\/pt\/arte\/op-art\/' title='P\u00e1ginas Op Art para colorir e imprimir para adultos'>Op Art<\/a>, <a href='https:\/\/www.justcolor.net\/pt\/arte\/ropa-y-moda\/' title='P\u00e1ginas Ropa y moda para colorir e imprimir para adultos'>Ropa y moda<\/a>, <a href='https:\/\/www.justcolor.net\/pt\/arte\/tatoos\/' title='P\u00e1ginas Tatoos para colorir e imprimir para adultos'>Tatoos<\/a><\/div>\n<\/div>\n<div class='supgal no-ads'>\n<div class='supgalimgtxt'><a href='https:\/\/www.justcolor.net\/pt\/historia\/' title='P\u00e1ginas Hist\u00f3ria e lendas para colorir e imprimir para adultos'><img src='\/wp-content\/common\/images\/supergalleries\/history_w.webp' alt='P\u00e1ginas Hist\u00f3ria e lendas para colorir e imprimir para adultos' class='supgalimg' width='354' height='159'><\/a><\/p>\n<h2 class='supgaltxt' style='font-size:22px'><a href='https:\/\/www.justcolor.net\/pt\/historia\/' title='P\u00e1ginas Hist\u00f3ria e lendas para colorir e imprimir para adultos' style='color:white'>Hist\u00f3ria e lendas<\/a><\/h2>\n<\/div>\n<div class='linkhp'><a href='https:\/\/www.justcolor.net\/pt\/historia\/contos-de-fadas\/' title='P\u00e1ginas Contos de fadas para colorir e imprimir para adultos'>Contos de fadas<\/a>, <a href='https:\/\/www.justcolor.net\/pt\/historia\/dragoes\/' title='P\u00e1ginas Drag\u00f5es para colorir e imprimir para adultos'>Drag\u00f5es<\/a>, <a href='https:\/\/www.justcolor.net\/pt\/historia\/idade-media\/' title='P\u00e1ginas Idade M\u00e9dia para colorir e imprimir para adultos'>Idade M\u00e9dia<\/a>, <a href='https:\/\/www.justcolor.net\/pt\/historia\/livros-e-quadrinhos\/' title='P\u00e1ginas Livros e quadrinhos para colorir e imprimir para adultos'>Livros e quadrinhos<\/a>, <a href='https:\/\/www.justcolor.net\/pt\/historia\/mangas\/' title='P\u00e1ginas Mangas para colorir e imprimir para adultos'>Mangas<\/a>, <a href='https:\/\/www.justcolor.net\/pt\/historia\/mitos-e-lendas\/' title='P\u00e1ginas Mitos e lendas para colorir e imprimir para adultos'>Mitos e lendas<\/a>, <a href='https:\/\/www.justcolor.net\/pt\/historia\/posteres-de-filmes\/' title='P\u00e1ginas P\u00f4steres de filmes para colorir e imprimir para adultos'>P\u00f4steres de filmes<\/a>, <a href='https:\/\/www.justcolor.net\/pt\/historia\/reis-e-rainhas\/' title='P\u00e1ginas Reis e rainhas para colorir e imprimir para adultos'>Reis e rainhas<\/a>, <a href='https:\/\/www.justcolor.net\/pt\/historia\/sereias\/' title='P\u00e1ginas Sereias para colorir e imprimir para adultos'>Sereias<\/a>, <a href='https:\/\/www.justcolor.net\/pt\/historia\/serie-de-tv\/' title='P\u00e1ginas S\u00e9rie de TV para colorir e imprimir para adultos'>S\u00e9rie de TV<\/a>, <a href='https:\/\/www.justcolor.net\/pt\/historia\/unicornios\/' title='P\u00e1ginas Unic\u00f3rnios para colorir e imprimir para adultos'>Unic\u00f3rnios<\/a>, <a href='https:\/\/www.justcolor.net\/pt\/historia\/vitral\/' title='P\u00e1ginas Vitral para colorir e imprimir para adultos'>Vitral<\/a><\/div>\n<\/div>\n<\/div>\n","protected":false},"author":1,"featured_media":0,"parent":0,"menu_order":0,"comment_status":"closed","ping_status":"closed","template":"page-hp2.php","meta":{"ngg_post_thumbnail":0,"footnotes":""},"tags":[],"class_list":["post-7086","page","type-page","status-publish"],"_links":{"self":[{"href":"https:\/\/www.justcolor.net\/pt\/wp-json\/wp\/v2\/pages\/7086","targetHints":{"allow":["GET"]}}],"collection":[{"href":"https:\/\/www.justcolor.net\/pt\/wp-json\/wp\/v2\/pages"}],"about":[{"href":"https:\/\/www.justcolor.net\/pt\/wp-json\/wp\/v2\/types\/page"}],"author":[{"embeddable":true,"href":"https:\/\/www.justcolor.net\/pt\/wp-json\/wp\/v2\/users\/1"}],"replies":[{"embeddable":true,"href":"https:\/\/www.justcolor.net\/pt\/wp-json\/wp\/v2\/comments?post=7086"}],"version-history":[{"count":0,"href":"https:\/\/www.justcolor.net\/pt\/wp-json\/wp\/v2\/pages\/7086\/revisions"}],"wp:attachment":[{"href":"https:\/\/www.justcolor.net\/pt\/wp-json\/wp\/v2\/media?parent=7086"}],"wp:term":[{"taxonomy":"post_tag","embeddable":true,"href":"https:\/\/www.justcolor.net\/pt\/wp-json\/wp\/v2\/tags?post=7086"}],"curies":[{"name":"wp","href":"https:\/\/api.w.org\/{rel}","templated":true}]}}