{"id":7410,"date":"2016-06-14T15:40:07","date_gmt":"2016-06-14T14:40:07","guid":{"rendered":"http:\/\/https\/\/www.justcolor.net\/?page_id=7410"},"modified":"2019-06-11T09:44:01","modified_gmt":"2019-06-11T07:44:01","slug":"artbe","status":"publish","type":"page","link":"https:\/\/www.justcolor.net\/pt\/artistas\/artbe\/","title":{"rendered":"Art&amp;Be"},"content":{"rendered":"<p>no images were found<\/p>\n\n","protected":false},"excerpt":{"rendered":"<p><b>Art &amp; Be<\/b> \u00e9 o seu \u00ab\u00a0nome art\u00edstico\u00a0\u00bb. \u00c9 um anagrama do seu sobrenome BERETTA, que significa \u00ab\u00a0Arte e Bem-estar\u00a0\u00bb. <b>Uma defini\u00e7\u00e3o da sua filosofia de vida: Arte de ser e ser Arte.<\/b><\/p>\n<p>Titular de uma licenciatura em Arte Multim\u00e9dia e Digital, ela come\u00e7ou como <b>Designer de Computa\u00e7\u00e3o Gr\u00e1fica<\/b>. Aprendeu <b>desenho e ilustra\u00e7\u00e3o no seu tempo livre<\/b>. Apaixonada pelas artes, tem trabalhado nesta \u00e1rea nos \u00faltimos anos. Gosta de usar <b>formas geom\u00e9tricas e detalhes cuidadosos nas suas cria\u00e7\u00f5es inspiradas no seu quotidiano. <\/b><\/p>\n<p>Ela gosta de mudar frequentemente o suporte de trabalho: telas de pintura, desenhos, ilustra\u00e7\u00f5es digitais.<\/p>\n","protected":false},"author":1,"featured_media":7851,"parent":6155,"menu_order":0,"comment_status":"closed","ping_status":"closed","template":"","meta":{"ngg_post_thumbnail":0,"footnotes":""},"tags":[383,382],"class_list":{"0":"post-7410","1":"page","2":"type-page","3":"status-publish","4":"has-post-thumbnail","6":"tag-hpartist","7":"tag-pgartist"},"_links":{"self":[{"href":"https:\/\/www.justcolor.net\/pt\/wp-json\/wp\/v2\/pages\/7410","targetHints":{"allow":["GET"]}}],"collection":[{"href":"https:\/\/www.justcolor.net\/pt\/wp-json\/wp\/v2\/pages"}],"about":[{"href":"https:\/\/www.justcolor.net\/pt\/wp-json\/wp\/v2\/types\/page"}],"author":[{"embeddable":true,"href":"https:\/\/www.justcolor.net\/pt\/wp-json\/wp\/v2\/users\/1"}],"replies":[{"embeddable":true,"href":"https:\/\/www.justcolor.net\/pt\/wp-json\/wp\/v2\/comments?post=7410"}],"version-history":[{"count":0,"href":"https:\/\/www.justcolor.net\/pt\/wp-json\/wp\/v2\/pages\/7410\/revisions"}],"up":[{"embeddable":true,"href":"https:\/\/www.justcolor.net\/pt\/wp-json\/wp\/v2\/pages\/6155"}],"wp:featuredmedia":[{"embeddable":true,"href":"https:\/\/www.justcolor.net\/pt\/wp-json\/wp\/v2\/media\/7851"}],"wp:attachment":[{"href":"https:\/\/www.justcolor.net\/pt\/wp-json\/wp\/v2\/media?parent=7410"}],"wp:term":[{"taxonomy":"post_tag","embeddable":true,"href":"https:\/\/www.justcolor.net\/pt\/wp-json\/wp\/v2\/tags?post=7410"}],"curies":[{"name":"wp","href":"https:\/\/api.w.org\/{rel}","templated":true}]}}