{"id":7921,"date":"2016-08-29T17:16:30","date_gmt":"2016-08-29T16:16:30","guid":{"rendered":"http:\/\/https\/\/www.justcolor.net\/?page_id=7921"},"modified":"2019-06-06T15:35:34","modified_gmt":"2019-06-06T13:35:34","slug":"eventos-especiais","status":"publish","type":"page","link":"https:\/\/www.justcolor.net\/pt\/eventos-especiais\/","title":{"rendered":"Eventos especiais"},"content":{"rendered":"<div class=\"gallery-grid\">\n    <div class=\"gallery-grid-item\">\n        <div class=\"ngg-album-link\">\n            <a class=\"gallery_link\" href=\"https:\/\/www.justcolor.net\/pt\/eventos-especiais\/natal\/\" title=\"P\u00e1ginas de Natal para colorir e imprimir para adultos\">\n                <img class=\"Thumb\"\n                     alt=\"P\u00e1ginas de Natal para colorir e imprimir para adultos\"\n                     src=\"https:\/\/www.justcolor.net\/pt\/wp-content\/uploads\/sites\/6\/nggallery\/events-christmas\/cache\/desenhos-para-colorir-para-adultos-natal-5728.jpeg-nggid046111-ngg0dyn-182x136-00f0w010c011r110f110r010t010.jpeg\"\n                     loading=\"lazy\"\n                     width=\"250\"\n                     height=\"150\" \/>\n            <\/a>\n        <\/div>\n        <h2 class=\"gallery-grid-album-lig1\">\n            <a class=\"ngg-album-desc\"\n               title=\"P\u00e1ginas de Natal para colorir\"\n               href=\"https:\/\/www.justcolor.net\/pt\/eventos-especiais\/natal\/\">\n                Natal            <\/a>\n        <\/h2>\n    <\/div>\n    <div class=\"gallery-grid-item\">\n        <div class=\"ngg-album-link\">\n            <a class=\"gallery_link\" href=\"https:\/\/www.justcolor.net\/pt\/eventos-especiais\/dia-das-bruxas\/\" title=\"P\u00e1ginas de Dia das Bruxas para colorir e imprimir para adultos\">\n                <img class=\"Thumb\"\n                     alt=\"P\u00e1ginas de Dia das Bruxas para colorir e imprimir para adultos\"\n                     src=\"https:\/\/www.justcolor.net\/pt\/wp-content\/uploads\/sites\/6\/nggallery\/events-halloween\/thumbs\/thumbs_desenhos-para-colorir-de-dia-das-bruxas-61437.jpg\"\n                     loading=\"lazy\"\n                     width=\"250\"\n                     height=\"150\" \/>\n            <\/a>\n        <\/div>\n        <h2 class=\"gallery-grid-album-lig1\">\n            <a class=\"ngg-album-desc\"\n               title=\"P\u00e1ginas de Dia das Bruxas para colorir\"\n               href=\"https:\/\/www.justcolor.net\/pt\/eventos-especiais\/dia-das-bruxas\/\">\n                Dia das Bruxas            <\/a>\n        <\/h2>\n    <\/div>\n    <div class=\"gallery-grid-item\">\n        <div class=\"ngg-album-link\">\n            <a class=\"gallery_link\" href=\"https:\/\/www.justcolor.net\/pt\/eventos-especiais\/acao-de-gracas\/\" title=\"P\u00e1ginas de A\u00e7\u00e3o de gra\u00e7as (Thanksgiving) para colorir e imprimir para adultos\">\n                <img class=\"Thumb\"\n                     alt=\"P\u00e1ginas de A\u00e7\u00e3o de gra\u00e7as (Thanksgiving) para colorir e imprimir para adultos\"\n                     src=\"https:\/\/www.justcolor.net\/pt\/wp-content\/uploads\/sites\/6\/nggallery\/events-thanksgiving\/cache\/desenhos-para-colorir-de-acao-de-gracas-24868.jpg-nggid042260-ngg0dyn-182x136-00f0w010c011r110f110r010t010.jpg\"\n                     loading=\"lazy\"\n                     width=\"250\"\n                     height=\"150\" \/>\n            <\/a>\n        <\/div>\n        <h2 class=\"gallery-grid-album-lig1\">\n            <a class=\"ngg-album-desc\"\n               title=\"P\u00e1ginas de A\u00e7\u00e3o de gra\u00e7as (Thanksgiving) para colorir\"\n               href=\"https:\/\/www.justcolor.net\/pt\/eventos-especiais\/acao-de-gracas\/\">\n                A\u00e7\u00e3o de gra\u00e7as (Thanksgiving)            <\/a>\n        <\/h2>\n    <\/div>\n    <div class=\"gallery-grid-item\">\n        <div class=\"ngg-album-link\">\n            <a class=\"gallery_link\" href=\"https:\/\/www.justcolor.net\/pt\/eventos-especiais\/pascoa\/\" title=\"P\u00e1ginas de P\u00e1scoa para colorir e imprimir para adultos\">\n                <img class=\"Thumb\"\n                     alt=\"P\u00e1ginas de P\u00e1scoa para colorir e imprimir para adultos\"\n                     src=\"https:\/\/www.justcolor.net\/pt\/wp-content\/uploads\/sites\/6\/nggallery\/events-easter\/cache\/desenhos-para-colorir-de-pascoa-9912.jpg-nggid042294-ngg0dyn-182x136-00f0w010c011r110f110r010t010.jpg\"\n                     loading=\"lazy\"\n                     width=\"250\"\n                     height=\"150\" \/>\n            <\/a>\n        <\/div>\n        <h2 class=\"gallery-grid-album-lig1\">\n            <a class=\"ngg-album-desc\"\n               title=\"P\u00e1ginas de P\u00e1scoa para colorir\"\n               href=\"https:\/\/www.justcolor.net\/pt\/eventos-especiais\/pascoa\/\">\n                P\u00e1scoa            <\/a>\n        <\/h2>\n    <\/div>\n    <div class=\"gallery-grid-item\">\n        <div class=\"ngg-album-link\">\n            <a class=\"gallery_link\" href=\"https:\/\/www.justcolor.net\/pt\/eventos-especiais\/happpy-ano-novo\/\" title=\"P\u00e1ginas de Happpy Ano Novo para colorir e imprimir para adultos\">\n                <img class=\"Thumb\"\n                     alt=\"P\u00e1ginas de Happpy Ano Novo para colorir e imprimir para adultos\"\n                     src=\"https:\/\/www.justcolor.net\/pt\/wp-content\/uploads\/sites\/6\/nggallery\/events-happpy-new-year\/cache\/desenhos-para-colorir-de-happpy-ano-novo-19204.jpg-nggid044190-ngg0dyn-182x136-00f0w010c011r110f110r010t010.jpg\"\n                     loading=\"lazy\"\n                     width=\"250\"\n                     height=\"150\" \/>\n            <\/a>\n        <\/div>\n        <h2 class=\"gallery-grid-album-lig1\">\n            <a class=\"ngg-album-desc\"\n               title=\"P\u00e1ginas de Happpy Ano Novo para colorir\"\n               href=\"https:\/\/www.justcolor.net\/pt\/eventos-especiais\/happpy-ano-novo\/\">\n                Happpy Ano Novo            <\/a>\n        <\/h2>\n    <\/div>\n    <div class=\"gallery-grid-item\">\n        <div class=\"ngg-album-link\">\n            <a class=\"gallery_link\" href=\"https:\/\/www.justcolor.net\/pt\/eventos-especiais\/esporte-olimpiadas\/\" title=\"P\u00e1ginas de Esporte \/ Olimp\u00edadas para colorir e imprimir para adultos\">\n                <img class=\"Thumb\"\n                     alt=\"P\u00e1ginas de Esporte \/ Olimp\u00edadas para colorir e imprimir para adultos\"\n                     src=\"https:\/\/www.justcolor.net\/pt\/wp-content\/uploads\/sites\/6\/nggallery\/events-olympics\/cache\/desenhos-para-colorir-de-esporte-olimpiadas-68224.jpg-nggid042277-ngg0dyn-182x136-00f0w010c011r110f110r010t010.jpg\"\n                     loading=\"lazy\"\n                     width=\"250\"\n                     height=\"150\" \/>\n            <\/a>\n        <\/div>\n        <h2 class=\"gallery-grid-album-lig1\">\n            <a class=\"ngg-album-desc\"\n               title=\"P\u00e1ginas de Esporte \/ Olimp\u00edadas para colorir\"\n               href=\"https:\/\/www.justcolor.net\/pt\/eventos-especiais\/esporte-olimpiadas\/\">\n                Esporte \/ Olimp\u00edadas            <\/a>\n        <\/h2>\n    <\/div>\n    <div class=\"gallery-grid-item\">\n        <div class=\"ngg-album-link\">\n            <a class=\"gallery_link\" href=\"https:\/\/www.justcolor.net\/pt\/eventos-especiais\/dia-dos-namorados\/\" title=\"P\u00e1ginas de Dia dos Namorados para colorir e imprimir para adultos\">\n                <img class=\"Thumb\"\n                     alt=\"P\u00e1ginas de Dia dos Namorados para colorir e imprimir para adultos\"\n                     src=\"https:\/\/www.justcolor.net\/pt\/wp-content\/uploads\/sites\/6\/nggallery\/st-valentines-day\/cache\/desenhos-para-colorir-de-dia-dos-namorados-59328.jpg-nggid043636-ngg0dyn-182x136-00f0w010c011r110f110r010t010.jpg\"\n                     loading=\"lazy\"\n                     width=\"250\"\n                     height=\"150\" \/>\n            <\/a>\n        <\/div>\n        <h2 class=\"gallery-grid-album-lig1\">\n            <a class=\"ngg-album-desc\"\n               title=\"P\u00e1ginas de Dia dos Namorados para colorir\"\n               href=\"https:\/\/www.justcolor.net\/pt\/eventos-especiais\/dia-dos-namorados\/\">\n                Dia dos Namorados            <\/a>\n        <\/h2>\n    <\/div>\n    <div class=\"gallery-grid-item\">\n        <div class=\"ngg-album-link\">\n            <a class=\"gallery_link\" href=\"https:\/\/www.justcolor.net\/pt\/eventos-especiais\/dia-de-sao-patricio\/\" title=\"P\u00e1ginas de Dia de S\u00e3o Patricio para colorir e imprimir para adultos\">\n                <img class=\"Thumb\"\n                     alt=\"P\u00e1ginas de Dia de S\u00e3o Patricio para colorir e imprimir para adultos\"\n                     src=\"https:\/\/www.justcolor.net\/pt\/wp-content\/uploads\/sites\/6\/nggallery\/st-patricks-day\/cache\/desenhos-para-colorir-de-dia-de-sao-patricio-47783.jpg-nggid043642-ngg0dyn-182x136-00f0w010c011r110f110r010t010.jpg\"\n                     loading=\"lazy\"\n                     width=\"250\"\n                     height=\"150\" \/>\n            <\/a>\n        <\/div>\n        <h2 class=\"gallery-grid-album-lig1\">\n            <a class=\"ngg-album-desc\"\n               title=\"P\u00e1ginas de Dia de S\u00e3o Patricio para colorir\"\n               href=\"https:\/\/www.justcolor.net\/pt\/eventos-especiais\/dia-de-sao-patricio\/\">\n                Dia de S\u00e3o Patricio            <\/a>\n        <\/h2>\n    <\/div>\n    <div class=\"gallery-grid-item\">\n        <div class=\"ngg-album-link\">\n            <a class=\"gallery_link\" href=\"https:\/\/www.justcolor.net\/pt\/eventos-especiais\/ano-novo-chines\/\" title=\"P\u00e1ginas de Ano Novo Chin\u00eas para colorir e imprimir para adultos\">\n                <img class=\"Thumb\"\n                     alt=\"P\u00e1ginas de Ano Novo Chin\u00eas para colorir e imprimir para adultos\"\n                     src=\"https:\/\/www.justcolor.net\/pt\/wp-content\/uploads\/sites\/6\/nggallery\/chinese-new-year\/cache\/desenhos-para-colorir-de-ano-novo-chines-42959.jpg-nggid043678-ngg0dyn-182x136-00f0w010c011r110f110r010t010.jpg\"\n                     loading=\"lazy\"\n                     width=\"250\"\n                     height=\"150\" \/>\n            <\/a>\n        <\/div>\n        <h2 class=\"gallery-grid-album-lig1\">\n            <a class=\"ngg-album-desc\"\n               title=\"P\u00e1ginas de Ano Novo Chin\u00eas para colorir\"\n               href=\"https:\/\/www.justcolor.net\/pt\/eventos-especiais\/ano-novo-chines\/\">\n                Ano Novo Chin\u00eas            <\/a>\n        <\/h2>\n    <\/div>\n    <div class=\"gallery-grid-item\">\n        <div class=\"ngg-album-link\">\n            <a class=\"gallery_link\" href=\"https:\/\/www.justcolor.net\/pt\/eventos-especiais\/dia-da-terra\/\" title=\"P\u00e1ginas de Dia da Terra para colorir e imprimir para adultos\">\n                <img class=\"Thumb\"\n                     alt=\"P\u00e1ginas de Dia da Terra para colorir e imprimir para adultos\"\n                     src=\"https:\/\/www.justcolor.net\/pt\/wp-content\/uploads\/sites\/6\/nggallery\/earth-day\/cache\/desenhos-para-colorir-de-dia-da-terra-49870.jpg-nggid043651-ngg0dyn-182x136-00f0w010c011r110f110r010t010.jpg\"\n                     loading=\"lazy\"\n                     width=\"250\"\n                     height=\"150\" \/>\n            <\/a>\n        <\/div>\n        <h2 class=\"gallery-grid-album-lig1\">\n            <a class=\"ngg-album-desc\"\n               title=\"P\u00e1ginas de Dia da Terra para colorir\"\n               href=\"https:\/\/www.justcolor.net\/pt\/eventos-especiais\/dia-da-terra\/\">\n                Dia da Terra            <\/a>\n        <\/h2>\n    <\/div>\n    <div class=\"gallery-grid-item\">\n        <div class=\"ngg-album-link\">\n            <a class=\"gallery_link\" href=\"https:\/\/www.justcolor.net\/pt\/eventos-especiais\/el-dia-de-los-muertos\/\" title=\"P\u00e1ginas de El Dia de Los Muertos para colorir e imprimir para adultos\">\n                <img class=\"Thumb\"\n                     alt=\"P\u00e1ginas de El Dia de Los Muertos para colorir e imprimir para adultos\"\n                     src=\"https:\/\/www.justcolor.net\/pt\/wp-content\/uploads\/sites\/6\/nggallery\/el-dia-de-los-muertos\/cache\/desenhos-para-colorir-de-el-dia-de-los-muertos-76319.jpg-nggid043654-ngg0dyn-182x136-00f0w010c011r110f110r010t010.jpg\"\n                     loading=\"lazy\"\n                     width=\"250\"\n                     height=\"150\" \/>\n            <\/a>\n        <\/div>\n        <h2 class=\"gallery-grid-album-lig1\">\n            <a class=\"ngg-album-desc\"\n               title=\"P\u00e1ginas de El Dia de Los Muertos para colorir\"\n               href=\"https:\/\/www.justcolor.net\/pt\/eventos-especiais\/el-dia-de-los-muertos\/\">\n                El Dia de Los Muertos            <\/a>\n        <\/h2>\n    <\/div>\n    <div class=\"gallery-grid-item\">\n        <div class=\"ngg-album-link\">\n            <a class=\"gallery_link\" href=\"https:\/\/www.justcolor.net\/pt\/eventos-especiais\/carnaval\/\" title=\"P\u00e1ginas de Carnaval para colorir e imprimir para adultos\">\n                <img class=\"Thumb\"\n                     alt=\"P\u00e1ginas de Carnaval para colorir e imprimir para adultos\"\n                     src=\"https:\/\/www.justcolor.net\/pt\/wp-content\/uploads\/sites\/6\/nggallery\/carnival\/cache\/desenhos-para-colorir-de-carnaval-6318.jpg-nggid043656-ngg0dyn-182x136-00f0w010c011r110f110r010t010.jpg\"\n                     loading=\"lazy\"\n                     width=\"250\"\n                     height=\"150\" \/>\n            <\/a>\n        <\/div>\n        <h2 class=\"gallery-grid-album-lig1\">\n            <a class=\"ngg-album-desc\"\n               title=\"P\u00e1ginas de Carnaval para colorir\"\n               href=\"https:\/\/www.justcolor.net\/pt\/eventos-especiais\/carnaval\/\">\n                Carnaval            <\/a>\n        <\/h2>\n    <\/div>\n<br class=\"ngg-clear\"\/>\n<div class='ngg-clear'><\/div><\/div>\n\n","protected":false},"excerpt":{"rendered":"","protected":false},"author":1,"featured_media":0,"parent":0,"menu_order":10,"comment_status":"closed","ping_status":"closed","template":"","meta":{"ngg_post_thumbnail":0,"footnotes":""},"tags":[402],"class_list":{"0":"post-7921","1":"page","2":"type-page","3":"status-publish","5":"tag-supergallery"},"_links":{"self":[{"href":"https:\/\/www.justcolor.net\/pt\/wp-json\/wp\/v2\/pages\/7921","targetHints":{"allow":["GET"]}}],"collection":[{"href":"https:\/\/www.justcolor.net\/pt\/wp-json\/wp\/v2\/pages"}],"about":[{"href":"https:\/\/www.justcolor.net\/pt\/wp-json\/wp\/v2\/types\/page"}],"author":[{"embeddable":true,"href":"https:\/\/www.justcolor.net\/pt\/wp-json\/wp\/v2\/users\/1"}],"replies":[{"embeddable":true,"href":"https:\/\/www.justcolor.net\/pt\/wp-json\/wp\/v2\/comments?post=7921"}],"version-history":[{"count":0,"href":"https:\/\/www.justcolor.net\/pt\/wp-json\/wp\/v2\/pages\/7921\/revisions"}],"wp:attachment":[{"href":"https:\/\/www.justcolor.net\/pt\/wp-json\/wp\/v2\/media?parent=7921"}],"wp:term":[{"taxonomy":"post_tag","embeddable":true,"href":"https:\/\/www.justcolor.net\/pt\/wp-json\/wp\/v2\/tags?post=7921"}],"curies":[{"name":"wp","href":"https:\/\/api.w.org\/{rel}","templated":true}]}}