{"id":9236,"date":"2017-02-09T11:42:21","date_gmt":"2017-02-09T10:42:21","guid":{"rendered":"http:\/\/https\/\/www.justcolor.net\/?page_id=9236"},"modified":"2018-04-27T16:57:47","modified_gmt":"2018-04-27T14:57:47","slug":"fredericbrogard","status":"publish","type":"page","link":"https:\/\/www.justcolor.net\/pt\/artistas\/fredericbrogard\/","title":{"rendered":"Fr\u00e9d\u00e9ric Brogard"},"content":{"rendered":"<p>no images were found<\/p>\n\n","protected":false},"excerpt":{"rendered":"<p>Fr\u00e9d\u00e9ric Brogard desenha desde sua <strong>inf\u00e2ncia<\/strong>, e recentemente criou seu &#8216;auto-neg\u00f3cio&#8217; BROGARD Design, como <strong>ilustrador<\/strong>.<\/p>\n<p>Ele sempre foi atra\u00eddo por <strong>desenhos desordenados<\/strong>, os livros <strong>\u00abOnde est\u00e1 Wally?\u00bb<\/strong> eram seus livros favoritos e podem ser uma inspira\u00e7\u00e3o para seus desenhos.<\/p>\n<p>Se voc\u00ea quiser ver mais sobre Fr\u00e9d\u00e9ric, pode ir e verificar sua <strong><a href=\"http:\/\/www.facebook.com\/brogarddesign\">conta no Facebook<\/a><\/strong>, ou o <strong><a href=\"http:\/\/www.brogard-design.fr\">site da sua empresa<\/a><\/strong>.<\/p>\n","protected":false},"author":229,"featured_media":9243,"parent":6155,"menu_order":0,"comment_status":"closed","ping_status":"closed","template":"","meta":{"ngg_post_thumbnail":0,"footnotes":""},"tags":[383,382],"class_list":{"0":"post-9236","1":"page","2":"type-page","3":"status-publish","4":"has-post-thumbnail","6":"tag-hpartist","7":"tag-pgartist"},"_links":{"self":[{"href":"https:\/\/www.justcolor.net\/pt\/wp-json\/wp\/v2\/pages\/9236","targetHints":{"allow":["GET"]}}],"collection":[{"href":"https:\/\/www.justcolor.net\/pt\/wp-json\/wp\/v2\/pages"}],"about":[{"href":"https:\/\/www.justcolor.net\/pt\/wp-json\/wp\/v2\/types\/page"}],"author":[{"embeddable":true,"href":"https:\/\/www.justcolor.net\/pt\/wp-json\/wp\/v2\/users\/229"}],"replies":[{"embeddable":true,"href":"https:\/\/www.justcolor.net\/pt\/wp-json\/wp\/v2\/comments?post=9236"}],"version-history":[{"count":0,"href":"https:\/\/www.justcolor.net\/pt\/wp-json\/wp\/v2\/pages\/9236\/revisions"}],"up":[{"embeddable":true,"href":"https:\/\/www.justcolor.net\/pt\/wp-json\/wp\/v2\/pages\/6155"}],"wp:featuredmedia":[{"embeddable":true,"href":"https:\/\/www.justcolor.net\/pt\/wp-json\/wp\/v2\/media\/9243"}],"wp:attachment":[{"href":"https:\/\/www.justcolor.net\/pt\/wp-json\/wp\/v2\/media?parent=9236"}],"wp:term":[{"taxonomy":"post_tag","embeddable":true,"href":"https:\/\/www.justcolor.net\/pt\/wp-json\/wp\/v2\/tags?post=9236"}],"curies":[{"name":"wp","href":"https:\/\/api.w.org\/{rel}","templated":true}]}}